{"id":5496,"date":"2024-05-22T11:59:31","date_gmt":"2024-05-22T11:59:31","guid":{"rendered":"https:\/\/23b13e8ab3.nxcli.io\/netherlands\/?post_type=product&#038;p=5496"},"modified":"2024-08-22T06:26:55","modified_gmt":"2024-08-22T06:26:55","slug":"energizer-auto-emergency-pack-300-headlight","status":"publish","type":"product","link":"https:\/\/energizer.com\/eu\/belgium_dutch\/product\/energizer-auto-emergency-pack-300-headlight\/","title":{"rendered":"Energizer  AUTO EMERGENCY PACK 300 Headlight"},"content":{"rendered":"<ul>\n<li>Energizer Auto Light Kit bevat \u00e9\u00e9n (1) Energizer Vision HD-hoofdlamp en \u00e9\u00e9n (1) Energizer 2-in-1 handlamp<\/li>\n<li>Ideaal voor verlichting langs de weg, buitengebruik of wanneer je een noodverlichting nodig hebt<\/li>\n<li>LED-koplamp produceert tot 300 lumen op de hoogste stand en noodzaklamp produceert tot 90 lumen<\/li>\n<li>De led-hoofdlamp en led-zaklamp zijn IPX4-waterbestendig<\/li>\n<li>Noodzaklamp heeft reflecterende panelen voor zichtbaarheid en de hoofdlamp heeft een verstelbare hoofdband voor een comfortabele pasvorm<\/li>\n<li>Vertrouw op Energizer voor betrouwbare prestaties in elke situatie<\/li>\n<\/ul>\n","protected":false},"excerpt":{"rendered":"<p>Wees voorbereid op noodsituaties langs de weg met de Energizer Auto Lights Safety Kit. Deze lichtset bevat de Energizer Vision HD-hoofdlamp voor handsfree verlichting en de Energizer 2-in-1 handzaklamp voor langdurig, betrouwbaar gebruik. Samen hebben deze buitenlampen je gedekt als er iets onverwachts gebeurt. De compacte zaklamp werkt zelfs als er water op spat, waardoor u bij slecht weer betrouwbaar LED-licht krijgt. De lichtgewicht LED-zaklamp heeft reflecterende panelen voor zichtbaarheid en drijft in water. De LED-hoofdlamp heeft een draaibare kop en gepatenteerde optiek voor uitzonderlijk zicht, zowel direct als perifeer. Het beschikt ook over Energizer Smart Dimming Technology, zodat u de lichtintensiteit kunt aanpassen van 10 tot 100%. Met een looptijd tot 35 uur op laag functioneert het veelzijdige hoofdlampontwerp zowel als buitenlamp als als LED-werklamp. Voor betrouwbare prestaties in elke situatie kunt u vertrouwen op Energizer.<\/p>\n","protected":false},"featured_media":0,"template":"","meta":{"_acf_changed":false},"product_brand":[],"product_cat":[43],"product_tag":[],"class_list":{"0":"post-5496","1":"product","2":"type-product","3":"status-publish","5":"product_cat-hands-free","7":"first","8":"instock","9":"shipping-taxable","10":"product-type-simple"},"acf":[],"_links":{"self":[{"href":"https:\/\/energizer.com\/eu\/belgium_dutch\/wp-json\/wp\/v2\/product\/5496","targetHints":{"allow":["GET"]}}],"collection":[{"href":"https:\/\/energizer.com\/eu\/belgium_dutch\/wp-json\/wp\/v2\/product"}],"about":[{"href":"https:\/\/energizer.com\/eu\/belgium_dutch\/wp-json\/wp\/v2\/types\/product"}],"version-history":[{"count":6,"href":"https:\/\/energizer.com\/eu\/belgium_dutch\/wp-json\/wp\/v2\/product\/5496\/revisions"}],"predecessor-version":[{"id":9369,"href":"https:\/\/energizer.com\/eu\/belgium_dutch\/wp-json\/wp\/v2\/product\/5496\/revisions\/9369"}],"wp:attachment":[{"href":"https:\/\/energizer.com\/eu\/belgium_dutch\/wp-json\/wp\/v2\/media?parent=5496"}],"wp:term":[{"taxonomy":"product_brand","embeddable":true,"href":"https:\/\/energizer.com\/eu\/belgium_dutch\/wp-json\/wp\/v2\/product_brand?post=5496"},{"taxonomy":"product_cat","embeddable":true,"href":"https:\/\/energizer.com\/eu\/belgium_dutch\/wp-json\/wp\/v2\/product_cat?post=5496"},{"taxonomy":"product_tag","embeddable":true,"href":"https:\/\/energizer.com\/eu\/belgium_dutch\/wp-json\/wp\/v2\/product_tag?post=5496"}],"curies":[{"name":"wp","href":"https:\/\/api.w.org\/{rel}","templated":true}]}}