{"id":5741,"date":"2024-05-23T12:22:04","date_gmt":"2024-05-23T12:22:04","guid":{"rendered":"https:\/\/23b13e8ab3.nxcli.io\/belgium-french\/?page_id=5741"},"modified":"2024-08-01T09:24:24","modified_gmt":"2024-08-01T09:24:24","slug":"top-5-ways-to-prepare-for-a-power-outage","status":"publish","type":"page","link":"https:\/\/energizer.com\/eu\/belgium_french\/responsibility\/top-5-ways-to-prepare-for-a-power-outage\/","title":{"rendered":"Top 5 Ways to Prepare for a Power Outage"},"content":{"rendered":"\t\t<div data-elementor-type=\"wp-page\" data-elementor-id=\"5741\" class=\"elementor elementor-5741\" data-elementor-post-type=\"page\">\n\t\t\t\t<div class=\"elementor-element elementor-element-9b5c823 e-flex e-con-boxed e-con e-parent\" data-id=\"9b5c823\" data-element_type=\"container\" data-e-type=\"container\">\n\t\t\t\t\t<div class=\"e-con-inner\">\n\t\t\t\t<div class=\"elementor-element elementor-element-7fe5857 elementor-widget elementor-widget-heading\" data-id=\"7fe5857\" data-element_type=\"widget\" data-e-type=\"widget\" data-widget_type=\"heading.default\">\n\t\t\t\t<div class=\"elementor-widget-container\">\n\t\t\t\t\t<h1 class=\"elementor-heading-title elementor-size-default\">Les cinq erreurs les plus courantes en cas de panne de courant<\/h1>\t\t\t\t<\/div>\n\t\t\t\t<\/div>\n\t\t\t\t<div class=\"elementor-element elementor-element-7d72013 elementor-widget-divider--view-line elementor-widget elementor-widget-divider\" data-id=\"7d72013\" data-element_type=\"widget\" data-e-type=\"widget\" data-widget_type=\"divider.default\">\n\t\t\t\t<div class=\"elementor-widget-container\">\n\t\t\t\t\t\t\t<div class=\"elementor-divider\">\n\t\t\t<span class=\"elementor-divider-separator\">\n\t\t\t\t\t\t<\/span>\n\t\t<\/div>\n\t\t\t\t\t\t<\/div>\n\t\t\t\t<\/div>\n\t\t\t\t\t<\/div>\n\t\t\t\t<\/div>\n\t\t<div class=\"elementor-element elementor-element-071971a e-flex e-con-boxed e-con e-parent\" data-id=\"071971a\" data-element_type=\"container\" data-e-type=\"container\">\n\t\t\t\t\t<div class=\"e-con-inner\">\n\t\t<div class=\"elementor-element elementor-element-679043e e-con-full e-flex e-con e-child\" data-id=\"679043e\" data-element_type=\"container\" data-e-type=\"container\">\n\t\t\t\t<div class=\"elementor-element elementor-element-a5c88d5 elementor-widget elementor-widget-text-editor\" data-id=\"a5c88d5\" data-element_type=\"widget\" data-e-type=\"widget\" data-widget_type=\"text-editor.default\">\n\t\t\t\t<div class=\"elementor-widget-container\">\n\t\t\t\t\t\t\t\t\t<p>Les temp\u00eates, les ouragans, les inondations et les tornades entra\u00eenent des pannes de courant. Et il semble qu\u2019aujourd\u2019hui, cela se produise plus que jamais. D\u00e9couvrez quelques-unes des erreurs les plus courantes commises en d\u00e9but de saison, afin de pouvoir les \u00e9viter facilement et mieux vous pr\u00e9parer en cas de catastrophe\u00a0:<\/p>\t\t\t\t\t\t\t\t<\/div>\n\t\t\t\t<\/div>\n\t\t\t\t<div class=\"elementor-element elementor-element-7739ae2 elementor-widget__width-inherit elementor-widget elementor-widget-text-editor\" data-id=\"7739ae2\" data-element_type=\"widget\" data-e-type=\"widget\" data-widget_type=\"text-editor.default\">\n\t\t\t\t<div class=\"elementor-widget-container\">\n\t\t\t\t\t\t\t\t\t<h2>1. Ne pas stocker suffisamment d\u2019eau<\/h2>\nPensez au nombre de litres d\u2019eau que vous ach\u00e8teriez pour vous pr\u00e9parer \u00e0 un ouragan. Maintenant, multipliez cela par 4\u00a0! L\u2019eau est vitale et elle est facilement sous-estim\u00e9e. M\u00eame si la gravit\u00e9 des temp\u00eates varie et que les services comme l\u2019eau et l\u2019\u00e9lectricit\u00e9 peuvent parfois reprendre rapidement, on ne peut jamais \u00eatre trop pr\u00e9par\u00e9 \u00e0 des perturbations majeures. Qu\u2019il s\u2019agisse de besoins simples comme boire et cuisiner, ou de choses moins \u00e9videntes comme prendre un bain ou nettoyer vos v\u00eatements, vous devez pr\u00e9voir une r\u00e9serve d\u2019eau d\u2019urgence en pr\u00e9vision d\u2019une temp\u00eate.\t\t\t\t\t\t\t\t<\/div>\n\t\t\t\t<\/div>\n\t\t\t\t<div class=\"elementor-element elementor-element-0363891 elementor-widget__width-inherit elementor-widget elementor-widget-text-editor\" data-id=\"0363891\" data-element_type=\"widget\" data-e-type=\"widget\" data-widget_type=\"text-editor.default\">\n\t\t\t\t<div class=\"elementor-widget-container\">\n\t\t\t\t\t\t\t\t\t<h2>2. Oublier les aliments d\u2019urgence<\/h2>\nLorsqu\u2019une panne de courant survient, il est facile d\u2019oublier que votre pizza habituelle au micro-ondes n\u00e9cessite, eh bien, un micro-ondes. C\u2019est pourquoi il est important de toujours disposer d\u2019un stock d\u2019aliments longue conservation pour vous et votre famille. Et ce n\u2019est pas parce que conserver les produits est un d\u00e9fi que vous devez faire des compromis sur une alimentation saine. Essayez des vari\u00e9t\u00e9s biologiques de soupes emball\u00e9es, de viande s\u00e9ch\u00e9e, de fruits d\u00e9shydrat\u00e9s, de noix et de graines.\t\t\t\t\t\t\t\t<\/div>\n\t\t\t\t<\/div>\n\t\t\t\t<div class=\"elementor-element elementor-element-b2da0a8 elementor-widget__width-inherit elementor-widget elementor-widget-text-editor\" data-id=\"b2da0a8\" data-element_type=\"widget\" data-e-type=\"widget\" data-widget_type=\"text-editor.default\">\n\t\t\t\t<div class=\"elementor-widget-container\">\n\t\t\t\t\t\t\t\t\t<h2>3. Sous-estimer vos besoins en lumi\u00e8re vive<\/h2>\nLa LED\u00a0compacte rechargeable\u00a0<em>Energizer<\/em><sub>\u00ae<\/sub>\u00a0Weatherready<sub>\u00ae<\/sub>\u00a0reste branch\u00e9e et passe sur une alimentation par batterie en cas de panne de courant, elle est donc toujours pr\u00eate \u00e0 \u00eatre utilis\u00e9e et dispose d\u2019une autonomie de 3,5\u00a0heures. Avec ses 25\u00a0lumens, elle saura \u00e9clairer votre chemin en toute s\u00e9curit\u00e9.\nSi vous avez besoin d\u2019\u00e9clairer toute une zone, la lanterne de secours pliante de 500\u00a0lumens\u00a0<em>Energizer<\/em><sub>\u00ae<\/sub>\u00a0Weatheready<sub>\u00ae<\/sub>\u00a0pivote pour fournir un \u00e9clairage \u00e0 360\u00b0 si puissant qu\u2019elle peut \u00e9clairer une pi\u00e8ce enti\u00e8re.\nPour un \u00e9clairage mains libres, la lampe frontale LED\u00a0<em>Energizer<\/em><sub>\u00ae<\/sub>\u00a0Vision test\u00e9e contre les chutes et r\u00e9sistante \u00e0 l\u2019eau est parfaite pour transporter des affaires, pr\u00e9parer la maison ou m\u00eame tenir la main de votre tout-petit en cas de coupure de courant inattendue. Son faisceau pivotant de 35\u00a0m\u00e8tres est 4\u00a0fois plus lumineux que la technologie LED standard.\t\t\t\t\t\t\t\t<\/div>\n\t\t\t\t<\/div>\n\t\t\t\t<div class=\"elementor-element elementor-element-8b9b732 elementor-widget__width-inherit elementor-widget elementor-widget-text-editor\" data-id=\"8b9b732\" data-element_type=\"widget\" data-e-type=\"widget\" data-widget_type=\"text-editor.default\">\n\t\t\t\t<div class=\"elementor-widget-container\">\n\t\t\t\t\t\t\t\t\t<h2>4. Mal se pr\u00e9parer aux pannes de courant<\/h2>\nCertaines pannes de courant durent plus longtemps que pr\u00e9vu, alors pr\u00e9voyez toujours un bon stock de piles de secours. Optez pour une marque fiable comme\u00a0<em>Energizer<\/em><sub>\u00ae<\/sub>\u00a0Ultimate Lithium\u2122 qui assure une dur\u00e9e de conservation de 20\u00a0ans*. Nos piles sont r\u00e9sistantes aux fuites** et fonctionnent \u00e0 des temp\u00e9ratures extr\u00eames\u00a0; vous serez donc toujours pr\u00eat. Procurez-vous plusieurs packs de diff\u00e9rentes vari\u00e9t\u00e9s pour assurer le fonctionnement de tous vos appareils en cas de panne plus longue.\t\t\t\t\t\t\t\t<\/div>\n\t\t\t\t<\/div>\n\t\t\t\t<div class=\"elementor-element elementor-element-7e75c35 elementor-widget__width-inherit elementor-widget elementor-widget-text-editor\" data-id=\"7e75c35\" data-element_type=\"widget\" data-e-type=\"widget\" data-widget_type=\"text-editor.default\">\n\t\t\t\t<div class=\"elementor-widget-container\">\n\t\t\t\t\t\t\t\t\t<h2>5. Oublier la radio<\/h2>\nLa pr\u00e9paration aux situations d\u2019urgence implique de rester connect\u00e9, mais une batterie de t\u00e9l\u00e9phone d\u00e9charg\u00e9e et la perte d\u2019une connexion Wi-Fi peuvent compliquer cette t\u00e2che. C\u2019est pourquoi il est sage de conserver une radio aliment\u00e9e par pile comme source d\u2019informations suppl\u00e9mentaire. Et bien s\u00fbr, n\u2019oubliez pas de choisir les piles Energizer\u00ae longue dur\u00e9e.\nQu\u2019il s\u2019agisse d\u2019ouragans, d\u2019inondations ou m\u00eame d\u2019une tornade, ces choses \u00e0 faire et \u00e0 ne pas faire, gr\u00e2ce aux produits fiables, durables et innovants d\u2019Energizer\u00ae, vous assureront de faire face \u00e0 n\u2019importe quelle situation m\u00e9t\u00e9orologique. Restez en s\u00e9curit\u00e9, au sec et \u00e9clair\u00e9s\u00a0!\t\t\t\t\t\t\t\t<\/div>\n\t\t\t\t<\/div>\n\t\t\t\t<div class=\"elementor-element elementor-element-8273855 elementor-widget__width-inherit elementor-widget elementor-widget-text-editor\" data-id=\"8273855\" data-element_type=\"widget\" data-e-type=\"widget\" data-widget_type=\"text-editor.default\">\n\t\t\t\t<div class=\"elementor-widget-container\">\n\t\t\t\t\t\t\t\t\t<p>*La dur\u00e9e de conservation de 20 ans s\u2019applique uniquement aux piles AA et AAA<br \/>**La conception r\u00e9sistante aux fuites s\u2019applique aux piles AA, AAA et 9 V<br \/>Sources : FEMA, CNN, Croix-Rouge<\/p>\t\t\t\t\t\t\t\t<\/div>\n\t\t\t\t<\/div>\n\t\t\t\t<\/div>\n\t\t\t\t\t<\/div>\n\t\t\t\t<\/div>\n\t\t\t\t<\/div>\n\t\t","protected":false},"excerpt":{"rendered":"<p>Les cinq erreurs les plus courantes en cas de panne de courant Les temp\u00eates, les ouragans, les inondations et les tornades entra\u00eenent des pannes de courant. Et il semble qu\u2019aujourd\u2019hui, cela se produise plus que jamais. D\u00e9couvrez quelques-unes des erreurs les plus courantes commises en d\u00e9but de saison, afin de pouvoir les \u00e9viter facilement et [&hellip;]<\/p>\n","protected":false},"author":1,"featured_media":0,"parent":4680,"menu_order":0,"comment_status":"closed","ping_status":"closed","template":"elementor_header_footer","meta":{"_acf_changed":false,"footnotes":""},"class_list":["post-5741","page","type-page","status-publish","hentry"],"acf":[],"yoast_head":"<!-- This site is optimized with the Yoast SEO plugin v27.2 - https:\/\/yoast.com\/product\/yoast-seo-wordpress\/ -->\n<title>Top 5 Ways to Prepare for a Power Outage - Belgium French<\/title>\n<meta name=\"robots\" content=\"index, follow, max-snippet:-1, max-image-preview:large, max-video-preview:-1\" \/>\n<link rel=\"canonical\" href=\"https:\/\/energizer.com\/eu\/belgium_french\/responsibility\/top-5-ways-to-prepare-for-a-power-outage\/\" \/>\n<meta property=\"og:locale\" content=\"en_US\" \/>\n<meta property=\"og:type\" content=\"article\" \/>\n<meta property=\"og:title\" content=\"Top 5 Ways to Prepare for a Power Outage - Belgium French\" \/>\n<meta property=\"og:description\" content=\"Les cinq erreurs les plus courantes en cas de panne de courant Les temp\u00eates, les ouragans, les inondations et les tornades entra\u00eenent des pannes de courant. Et il semble qu\u2019aujourd\u2019hui, cela se produise plus que jamais. D\u00e9couvrez quelques-unes des erreurs les plus courantes commises en d\u00e9but de saison, afin de pouvoir les \u00e9viter facilement et [&hellip;]\" \/>\n<meta property=\"og:url\" content=\"https:\/\/energizer.com\/eu\/belgium_french\/responsibility\/top-5-ways-to-prepare-for-a-power-outage\/\" \/>\n<meta property=\"og:site_name\" content=\"Belgium French\" \/>\n<meta property=\"article:modified_time\" content=\"2024-08-01T09:24:24+00:00\" \/>\n<meta name=\"twitter:card\" content=\"summary_large_image\" \/>\n<script type=\"application\/ld+json\" class=\"yoast-schema-graph\">{\"@context\":\"https:\/\/schema.org\",\"@graph\":[{\"@type\":\"WebPage\",\"@id\":\"https:\/\/energizer.com\/eu\/belgium_french\/responsibility\/top-5-ways-to-prepare-for-a-power-outage\/\",\"url\":\"https:\/\/energizer.com\/eu\/belgium_french\/responsibility\/top-5-ways-to-prepare-for-a-power-outage\/\",\"name\":\"Top 5 Ways to Prepare for a Power Outage - Belgium French\",\"isPartOf\":{\"@id\":\"https:\/\/energizer.com\/eu\/belgium_french\/#website\"},\"datePublished\":\"2024-05-23T12:22:04+00:00\",\"dateModified\":\"2024-08-01T09:24:24+00:00\",\"breadcrumb\":{\"@id\":\"https:\/\/energizer.com\/eu\/belgium_french\/responsibility\/top-5-ways-to-prepare-for-a-power-outage\/#breadcrumb\"},\"inLanguage\":\"en-US\",\"potentialAction\":[{\"@type\":\"ReadAction\",\"target\":[\"https:\/\/energizer.com\/eu\/belgium_french\/responsibility\/top-5-ways-to-prepare-for-a-power-outage\/\"]}]},{\"@type\":\"BreadcrumbList\",\"@id\":\"https:\/\/energizer.com\/eu\/belgium_french\/responsibility\/top-5-ways-to-prepare-for-a-power-outage\/#breadcrumb\",\"itemListElement\":[{\"@type\":\"ListItem\",\"position\":1,\"name\":\"Home\",\"item\":\"https:\/\/energizer.com\/eu\/belgium_french\/\"},{\"@type\":\"ListItem\",\"position\":2,\"name\":\"Responsibility\",\"item\":\"https:\/\/energizer.com\/eu\/belgium_french\/responsibility\/\"},{\"@type\":\"ListItem\",\"position\":3,\"name\":\"Top 5 Ways to Prepare for a Power Outage\"}]},{\"@type\":\"WebSite\",\"@id\":\"https:\/\/energizer.com\/eu\/belgium_french\/#website\",\"url\":\"https:\/\/energizer.com\/eu\/belgium_french\/\",\"name\":\"Energizer Belgium French\",\"description\":\"\",\"publisher\":{\"@id\":\"https:\/\/energizer.com\/eu\/belgium_french\/#organization\"},\"potentialAction\":[{\"@type\":\"SearchAction\",\"target\":{\"@type\":\"EntryPoint\",\"urlTemplate\":\"https:\/\/energizer.com\/eu\/belgium_french\/?s={search_term_string}\"},\"query-input\":{\"@type\":\"PropertyValueSpecification\",\"valueRequired\":true,\"valueName\":\"search_term_string\"}}],\"inLanguage\":\"en-US\"},{\"@type\":\"Organization\",\"@id\":\"https:\/\/energizer.com\/eu\/belgium_french\/#organization\",\"name\":\"Energizer Belgium French\",\"url\":\"https:\/\/energizer.com\/eu\/belgium_french\/\",\"logo\":{\"@type\":\"ImageObject\",\"inLanguage\":\"en-US\",\"@id\":\"https:\/\/energizer.com\/eu\/belgium_french\/#\/schema\/logo\/image\/\",\"url\":\"https:\/\/energizer.com\/eu\/belgium_french\/wp-content\/uploads\/sites\/56\/2024\/04\/Energizer_brand.png\",\"contentUrl\":\"https:\/\/energizer.com\/eu\/belgium_french\/wp-content\/uploads\/sites\/56\/2024\/04\/Energizer_brand.png\",\"width\":267,\"height\":100,\"caption\":\"Energizer Belgium French\"},\"image\":{\"@id\":\"https:\/\/energizer.com\/eu\/belgium_french\/#\/schema\/logo\/image\/\"}}]}<\/script>\n<!-- \/ Yoast SEO plugin. -->","yoast_head_json":{"title":"Top 5 Ways to Prepare for a Power Outage - Belgium French","robots":{"index":"index","follow":"follow","max-snippet":"max-snippet:-1","max-image-preview":"max-image-preview:large","max-video-preview":"max-video-preview:-1"},"canonical":"https:\/\/energizer.com\/eu\/belgium_french\/responsibility\/top-5-ways-to-prepare-for-a-power-outage\/","og_locale":"en_US","og_type":"article","og_title":"Top 5 Ways to Prepare for a Power Outage - Belgium French","og_description":"Les cinq erreurs les plus courantes en cas de panne de courant Les temp\u00eates, les ouragans, les inondations et les tornades entra\u00eenent des pannes de courant. Et il semble qu\u2019aujourd\u2019hui, cela se produise plus que jamais. D\u00e9couvrez quelques-unes des erreurs les plus courantes commises en d\u00e9but de saison, afin de pouvoir les \u00e9viter facilement et [&hellip;]","og_url":"https:\/\/energizer.com\/eu\/belgium_french\/responsibility\/top-5-ways-to-prepare-for-a-power-outage\/","og_site_name":"Belgium French","article_modified_time":"2024-08-01T09:24:24+00:00","twitter_card":"summary_large_image","schema":{"@context":"https:\/\/schema.org","@graph":[{"@type":"WebPage","@id":"https:\/\/energizer.com\/eu\/belgium_french\/responsibility\/top-5-ways-to-prepare-for-a-power-outage\/","url":"https:\/\/energizer.com\/eu\/belgium_french\/responsibility\/top-5-ways-to-prepare-for-a-power-outage\/","name":"Top 5 Ways to Prepare for a Power Outage - Belgium French","isPartOf":{"@id":"https:\/\/energizer.com\/eu\/belgium_french\/#website"},"datePublished":"2024-05-23T12:22:04+00:00","dateModified":"2024-08-01T09:24:24+00:00","breadcrumb":{"@id":"https:\/\/energizer.com\/eu\/belgium_french\/responsibility\/top-5-ways-to-prepare-for-a-power-outage\/#breadcrumb"},"inLanguage":"en-US","potentialAction":[{"@type":"ReadAction","target":["https:\/\/energizer.com\/eu\/belgium_french\/responsibility\/top-5-ways-to-prepare-for-a-power-outage\/"]}]},{"@type":"BreadcrumbList","@id":"https:\/\/energizer.com\/eu\/belgium_french\/responsibility\/top-5-ways-to-prepare-for-a-power-outage\/#breadcrumb","itemListElement":[{"@type":"ListItem","position":1,"name":"Home","item":"https:\/\/energizer.com\/eu\/belgium_french\/"},{"@type":"ListItem","position":2,"name":"Responsibility","item":"https:\/\/energizer.com\/eu\/belgium_french\/responsibility\/"},{"@type":"ListItem","position":3,"name":"Top 5 Ways to Prepare for a Power Outage"}]},{"@type":"WebSite","@id":"https:\/\/energizer.com\/eu\/belgium_french\/#website","url":"https:\/\/energizer.com\/eu\/belgium_french\/","name":"Energizer Belgium French","description":"","publisher":{"@id":"https:\/\/energizer.com\/eu\/belgium_french\/#organization"},"potentialAction":[{"@type":"SearchAction","target":{"@type":"EntryPoint","urlTemplate":"https:\/\/energizer.com\/eu\/belgium_french\/?s={search_term_string}"},"query-input":{"@type":"PropertyValueSpecification","valueRequired":true,"valueName":"search_term_string"}}],"inLanguage":"en-US"},{"@type":"Organization","@id":"https:\/\/energizer.com\/eu\/belgium_french\/#organization","name":"Energizer Belgium French","url":"https:\/\/energizer.com\/eu\/belgium_french\/","logo":{"@type":"ImageObject","inLanguage":"en-US","@id":"https:\/\/energizer.com\/eu\/belgium_french\/#\/schema\/logo\/image\/","url":"https:\/\/energizer.com\/eu\/belgium_french\/wp-content\/uploads\/sites\/56\/2024\/04\/Energizer_brand.png","contentUrl":"https:\/\/energizer.com\/eu\/belgium_french\/wp-content\/uploads\/sites\/56\/2024\/04\/Energizer_brand.png","width":267,"height":100,"caption":"Energizer Belgium French"},"image":{"@id":"https:\/\/energizer.com\/eu\/belgium_french\/#\/schema\/logo\/image\/"}}]}},"_links":{"self":[{"href":"https:\/\/energizer.com\/eu\/belgium_french\/wp-json\/wp\/v2\/pages\/5741","targetHints":{"allow":["GET"]}}],"collection":[{"href":"https:\/\/energizer.com\/eu\/belgium_french\/wp-json\/wp\/v2\/pages"}],"about":[{"href":"https:\/\/energizer.com\/eu\/belgium_french\/wp-json\/wp\/v2\/types\/page"}],"author":[{"embeddable":true,"href":"https:\/\/energizer.com\/eu\/belgium_french\/wp-json\/wp\/v2\/users\/1"}],"replies":[{"embeddable":true,"href":"https:\/\/energizer.com\/eu\/belgium_french\/wp-json\/wp\/v2\/comments?post=5741"}],"version-history":[{"count":49,"href":"https:\/\/energizer.com\/eu\/belgium_french\/wp-json\/wp\/v2\/pages\/5741\/revisions"}],"predecessor-version":[{"id":9054,"href":"https:\/\/energizer.com\/eu\/belgium_french\/wp-json\/wp\/v2\/pages\/5741\/revisions\/9054"}],"up":[{"embeddable":true,"href":"https:\/\/energizer.com\/eu\/belgium_french\/wp-json\/wp\/v2\/pages\/4680"}],"wp:attachment":[{"href":"https:\/\/energizer.com\/eu\/belgium_french\/wp-json\/wp\/v2\/media?parent=5741"}],"curies":[{"name":"wp","href":"https:\/\/api.w.org\/{rel}","templated":true}]}}