{"id":7195,"date":"2024-06-03T05:16:26","date_gmt":"2024-06-03T05:16:26","guid":{"rendered":"https:\/\/23b13e8ab3.nxcli.io\/belgium-french\/?post_type=product&#038;p=7195"},"modified":"2025-01-08T09:56:27","modified_gmt":"2025-01-08T09:56:27","slug":"energizer-max-aa","status":"publish","type":"product","link":"https:\/\/energizer.com\/eu\/belgium_french\/product\/energizer-max-aa\/","title":{"rendered":"ENERGIZER\u00ae MAX &#8211; AA"},"content":{"rendered":"<ul>\n<li>Pack de 4 piles alcalines AA Energizer Max<\/li>\n<li>Une \u00e9nergie fiable : piles LR6 pour appareils photo, sonnettes, t\u00e9l\u00e9commandes, horloges et d\u2019autres appareils du quotidien<\/li>\n<li>Technologie anti-coulures : les piles AA sont con\u00e7ues pour prot\u00e9ger vos appareils contre les coulures, qui peuvent endommager les appareils<\/li>\n<li>Qualit\u00e9: les piles alcalines Energizer Max AA se conservent jusqu\u2019\u00e0 10 ans dans leur emballage, pour pouvoir les utiliser d\u00e8s que vous en avez besoin<\/li>\n<li>Les piles Energizer Max AA sont fabriqu\u00e9es \u00e0 partir de mat\u00e9riaux recycl\u00e9s, jusqu\u2019\u00e0 10%.<\/li>\n<li>Emballage 100% recyclable: cet emballage est fabriqu\u00e9 \u00e0 partir de carton 100% recyclable<\/li>\n<\/ul>\n","protected":false},"excerpt":{"rendered":"<div class=\"elementor-element elementor-element-178731d e-con-full e-flex e-con e-child\" data-id=\"178731d\" data-element_type=\"container\">\n<div class=\"elementor-element elementor-element-627a8a7 elementor-widget elementor-widget-woocommerce-product-short-description\" data-id=\"627a8a7\" data-element_type=\"widget\" data-widget_type=\"woocommerce-product-short-description.default\">\n<div class=\"elementor-widget-container\">\n<div class=\"woocommerce-product-details__short-description\">\n<p>Tirez le meilleur parti de vos appareils gr\u00e2ce \u00e0 l\u2019\u00e9nergie fiable et longue dur\u00e9e \u00e9nergie fiable et longue dur\u00e9e des piles Energizer Maxz de piles Energizer. Faites le plein de piles AA pour t\u00e9l\u00e9commandes et pour montres, ainsi que de piles alcalines AA pour lampes et lampes torches. Ce pack est \u00e9galement un excellent choix si vous avez besoin de piles pour jouets ou appareils photo. Les packs de piles Energizer Max AA conservent leur autonomie jusqu\u2019\u00e0 12 ans si elles sont entrepos\u00e9es, et leur r\u00e9sistance aux fuites prot\u00e8gent vos appareils des fuites. Avec Energizer, l\u2019\u00e9nergie est pr\u00eate quand vous l\u2019\u00eates. La gamme Energizer Max comprend \u00e9galement des piles AAA, C, D et 9V. Il est donc facile de trouver une \u00e9nergie fiable dans le format dont vous avez besoin. Pour les piles rechargeables, choisissez la gamme Energizer Recharge, id\u00e9ale pour les appareils haute technologie. Depuis qu\u2019elle a cr\u00e9\u00e9 la premi\u00e8re pile grand public en 1896, Energizer est \u00e0 l\u2019avant-garde de l\u2019innovation industrielle et peut se targuer d\u2019\u00eatre \u00e0 l\u2019origine de nombreuses premi\u00e8res, notamment en brevetant les toutes premi\u00e8res piles alcalines grand public en 1959. La marque applique \u00e9galement cette vision avant-gardiste aux initiatives environnementales, en d\u00e9veloppant le tout premier syst\u00e8me de piles rechargeables en 1958 et en introduisant la premi\u00e8re pile sans mercure en 1989. Les piles Energizer Recharge ont \u00e9galement \u00e9t\u00e9 les premi\u00e8res piles rechargeables \u00e0 contenir des piles recycl\u00e9es. La soci\u00e9t\u00e9 est en partenariat avec des entreprises qui encouragent, informent et responsabilisent les consommateurs pour qu\u2019ils recyclent les piles non rechargeables, ainsi que les emballages de piles. Faites confiance \u00e0 la puissance des piles Energizer.<\/p>\n<\/div>\n<\/div>\n<\/div>\n<\/div>\n","protected":false},"featured_media":0,"comment_status":"open","ping_status":"closed","template":"","meta":{"_acf_changed":false},"product_brand":[],"product_cat":[26],"product_tag":[],"class_list":{"0":"post-7195","1":"product","2":"type-product","3":"status-publish","5":"product_cat-energizer-max","7":"first","8":"instock","9":"shipping-taxable","10":"product-type-simple"},"acf":[],"yoast_head":"<!-- This site is optimized with the Yoast SEO plugin v27.2 - https:\/\/yoast.com\/product\/yoast-seo-wordpress\/ -->\n<title>ENERGIZER\u00ae MAX - AA - Belgium French<\/title>\n<meta name=\"robots\" content=\"index, follow, max-snippet:-1, max-image-preview:large, max-video-preview:-1\" \/>\n<link rel=\"canonical\" href=\"https:\/\/energizer.com\/eu\/belgium_french\/product\/energizer-max-aa\/\" \/>\n<meta property=\"og:locale\" content=\"en_US\" \/>\n<meta property=\"og:type\" content=\"article\" \/>\n<meta property=\"og:title\" content=\"ENERGIZER\u00ae MAX - AA - Belgium French\" \/>\n<meta property=\"og:description\" content=\"Tirez le meilleur parti de vos appareils gr\u00e2ce \u00e0 l\u2019\u00e9nergie fiable et longue dur\u00e9e \u00e9nergie fiable et longue dur\u00e9e des piles Energizer Maxz de piles Energizer. Faites le plein de piles AA pour t\u00e9l\u00e9commandes et pour montres, ainsi que de piles alcalines AA pour lampes et lampes torches. Ce pack est \u00e9galement un excellent choix si vous avez besoin de piles pour jouets ou appareils photo. Les packs de piles Energizer Max AA conservent leur autonomie jusqu\u2019\u00e0 12 ans si elles sont entrepos\u00e9es, et leur r\u00e9sistance aux fuites prot\u00e8gent vos appareils des fuites. Avec Energizer, l\u2019\u00e9nergie est pr\u00eate quand vous l\u2019\u00eates. La gamme Energizer Max comprend \u00e9galement des piles AAA, C, D et 9V. Il est donc facile de trouver une \u00e9nergie fiable dans le format dont vous avez besoin. Pour les piles rechargeables, choisissez la gamme Energizer Recharge, id\u00e9ale pour les appareils haute technologie. Depuis qu\u2019elle a cr\u00e9\u00e9 la premi\u00e8re pile grand public en 1896, Energizer est \u00e0 l\u2019avant-garde de l\u2019innovation industrielle et peut se targuer d\u2019\u00eatre \u00e0 l\u2019origine de nombreuses premi\u00e8res, notamment en brevetant les toutes premi\u00e8res piles alcalines grand public en 1959. La marque applique \u00e9galement cette vision avant-gardiste aux initiatives environnementales, en d\u00e9veloppant le tout premier syst\u00e8me de piles rechargeables en 1958 et en introduisant la premi\u00e8re pile sans mercure en 1989. Les piles Energizer Recharge ont \u00e9galement \u00e9t\u00e9 les premi\u00e8res piles rechargeables \u00e0 contenir des piles recycl\u00e9es. La soci\u00e9t\u00e9 est en partenariat avec des entreprises qui encouragent, informent et responsabilisent les consommateurs pour qu\u2019ils recyclent les piles non rechargeables, ainsi que les emballages de piles. Faites confiance \u00e0 la puissance des piles Energizer.\" \/>\n<meta property=\"og:url\" content=\"https:\/\/energizer.com\/eu\/belgium_french\/product\/energizer-max-aa\/\" \/>\n<meta property=\"og:site_name\" content=\"Belgium French\" \/>\n<meta property=\"article:modified_time\" content=\"2025-01-08T09:56:27+00:00\" \/>\n<meta name=\"twitter:card\" content=\"summary_large_image\" \/>\n<script type=\"application\/ld+json\" class=\"yoast-schema-graph\">{\"@context\":\"https:\/\/schema.org\",\"@graph\":[{\"@type\":\"WebPage\",\"@id\":\"https:\/\/energizer.com\/eu\/belgium_french\/product\/energizer-max-aa\/\",\"url\":\"https:\/\/energizer.com\/eu\/belgium_french\/product\/energizer-max-aa\/\",\"name\":\"ENERGIZER\u00ae MAX - AA - Belgium French\",\"isPartOf\":{\"@id\":\"https:\/\/energizer.com\/eu\/belgium_french\/#website\"},\"datePublished\":\"2024-06-03T05:16:26+00:00\",\"dateModified\":\"2025-01-08T09:56:27+00:00\",\"breadcrumb\":{\"@id\":\"https:\/\/energizer.com\/eu\/belgium_french\/product\/energizer-max-aa\/#breadcrumb\"},\"inLanguage\":\"en-US\",\"potentialAction\":[{\"@type\":\"ReadAction\",\"target\":[\"https:\/\/energizer.com\/eu\/belgium_french\/product\/energizer-max-aa\/\"]}]},{\"@type\":\"BreadcrumbList\",\"@id\":\"https:\/\/energizer.com\/eu\/belgium_french\/product\/energizer-max-aa\/#breadcrumb\",\"itemListElement\":[{\"@type\":\"ListItem\",\"position\":1,\"name\":\"Home\",\"item\":\"https:\/\/energizer.com\/eu\/belgium_french\/\"},{\"@type\":\"ListItem\",\"position\":2,\"name\":\"ENERGIZER\u00ae MAX &#8211; AA\"}]},{\"@type\":\"WebSite\",\"@id\":\"https:\/\/energizer.com\/eu\/belgium_french\/#website\",\"url\":\"https:\/\/energizer.com\/eu\/belgium_french\/\",\"name\":\"Energizer Belgium French\",\"description\":\"\",\"publisher\":{\"@id\":\"https:\/\/energizer.com\/eu\/belgium_french\/#organization\"},\"potentialAction\":[{\"@type\":\"SearchAction\",\"target\":{\"@type\":\"EntryPoint\",\"urlTemplate\":\"https:\/\/energizer.com\/eu\/belgium_french\/?s={search_term_string}\"},\"query-input\":{\"@type\":\"PropertyValueSpecification\",\"valueRequired\":true,\"valueName\":\"search_term_string\"}}],\"inLanguage\":\"en-US\"},{\"@type\":\"Organization\",\"@id\":\"https:\/\/energizer.com\/eu\/belgium_french\/#organization\",\"name\":\"Energizer Belgium French\",\"url\":\"https:\/\/energizer.com\/eu\/belgium_french\/\",\"logo\":{\"@type\":\"ImageObject\",\"inLanguage\":\"en-US\",\"@id\":\"https:\/\/energizer.com\/eu\/belgium_french\/#\/schema\/logo\/image\/\",\"url\":\"https:\/\/energizer.com\/eu\/belgium_french\/wp-content\/uploads\/sites\/56\/2024\/04\/Energizer_brand.png\",\"contentUrl\":\"https:\/\/energizer.com\/eu\/belgium_french\/wp-content\/uploads\/sites\/56\/2024\/04\/Energizer_brand.png\",\"width\":267,\"height\":100,\"caption\":\"Energizer Belgium French\"},\"image\":{\"@id\":\"https:\/\/energizer.com\/eu\/belgium_french\/#\/schema\/logo\/image\/\"}}]}<\/script>\n<!-- \/ Yoast SEO plugin. -->","yoast_head_json":{"title":"ENERGIZER\u00ae MAX - AA - Belgium French","robots":{"index":"index","follow":"follow","max-snippet":"max-snippet:-1","max-image-preview":"max-image-preview:large","max-video-preview":"max-video-preview:-1"},"canonical":"https:\/\/energizer.com\/eu\/belgium_french\/product\/energizer-max-aa\/","og_locale":"en_US","og_type":"article","og_title":"ENERGIZER\u00ae MAX - AA - Belgium French","og_description":"Tirez le meilleur parti de vos appareils gr\u00e2ce \u00e0 l\u2019\u00e9nergie fiable et longue dur\u00e9e \u00e9nergie fiable et longue dur\u00e9e des piles Energizer Maxz de piles Energizer. Faites le plein de piles AA pour t\u00e9l\u00e9commandes et pour montres, ainsi que de piles alcalines AA pour lampes et lampes torches. Ce pack est \u00e9galement un excellent choix si vous avez besoin de piles pour jouets ou appareils photo. Les packs de piles Energizer Max AA conservent leur autonomie jusqu\u2019\u00e0 12 ans si elles sont entrepos\u00e9es, et leur r\u00e9sistance aux fuites prot\u00e8gent vos appareils des fuites. Avec Energizer, l\u2019\u00e9nergie est pr\u00eate quand vous l\u2019\u00eates. La gamme Energizer Max comprend \u00e9galement des piles AAA, C, D et 9V. Il est donc facile de trouver une \u00e9nergie fiable dans le format dont vous avez besoin. Pour les piles rechargeables, choisissez la gamme Energizer Recharge, id\u00e9ale pour les appareils haute technologie. Depuis qu\u2019elle a cr\u00e9\u00e9 la premi\u00e8re pile grand public en 1896, Energizer est \u00e0 l\u2019avant-garde de l\u2019innovation industrielle et peut se targuer d\u2019\u00eatre \u00e0 l\u2019origine de nombreuses premi\u00e8res, notamment en brevetant les toutes premi\u00e8res piles alcalines grand public en 1959. La marque applique \u00e9galement cette vision avant-gardiste aux initiatives environnementales, en d\u00e9veloppant le tout premier syst\u00e8me de piles rechargeables en 1958 et en introduisant la premi\u00e8re pile sans mercure en 1989. Les piles Energizer Recharge ont \u00e9galement \u00e9t\u00e9 les premi\u00e8res piles rechargeables \u00e0 contenir des piles recycl\u00e9es. La soci\u00e9t\u00e9 est en partenariat avec des entreprises qui encouragent, informent et responsabilisent les consommateurs pour qu\u2019ils recyclent les piles non rechargeables, ainsi que les emballages de piles. Faites confiance \u00e0 la puissance des piles Energizer.","og_url":"https:\/\/energizer.com\/eu\/belgium_french\/product\/energizer-max-aa\/","og_site_name":"Belgium French","article_modified_time":"2025-01-08T09:56:27+00:00","twitter_card":"summary_large_image","schema":{"@context":"https:\/\/schema.org","@graph":[{"@type":"WebPage","@id":"https:\/\/energizer.com\/eu\/belgium_french\/product\/energizer-max-aa\/","url":"https:\/\/energizer.com\/eu\/belgium_french\/product\/energizer-max-aa\/","name":"ENERGIZER\u00ae MAX - AA - Belgium French","isPartOf":{"@id":"https:\/\/energizer.com\/eu\/belgium_french\/#website"},"datePublished":"2024-06-03T05:16:26+00:00","dateModified":"2025-01-08T09:56:27+00:00","breadcrumb":{"@id":"https:\/\/energizer.com\/eu\/belgium_french\/product\/energizer-max-aa\/#breadcrumb"},"inLanguage":"en-US","potentialAction":[{"@type":"ReadAction","target":["https:\/\/energizer.com\/eu\/belgium_french\/product\/energizer-max-aa\/"]}]},{"@type":"BreadcrumbList","@id":"https:\/\/energizer.com\/eu\/belgium_french\/product\/energizer-max-aa\/#breadcrumb","itemListElement":[{"@type":"ListItem","position":1,"name":"Home","item":"https:\/\/energizer.com\/eu\/belgium_french\/"},{"@type":"ListItem","position":2,"name":"ENERGIZER\u00ae MAX &#8211; AA"}]},{"@type":"WebSite","@id":"https:\/\/energizer.com\/eu\/belgium_french\/#website","url":"https:\/\/energizer.com\/eu\/belgium_french\/","name":"Energizer Belgium French","description":"","publisher":{"@id":"https:\/\/energizer.com\/eu\/belgium_french\/#organization"},"potentialAction":[{"@type":"SearchAction","target":{"@type":"EntryPoint","urlTemplate":"https:\/\/energizer.com\/eu\/belgium_french\/?s={search_term_string}"},"query-input":{"@type":"PropertyValueSpecification","valueRequired":true,"valueName":"search_term_string"}}],"inLanguage":"en-US"},{"@type":"Organization","@id":"https:\/\/energizer.com\/eu\/belgium_french\/#organization","name":"Energizer Belgium French","url":"https:\/\/energizer.com\/eu\/belgium_french\/","logo":{"@type":"ImageObject","inLanguage":"en-US","@id":"https:\/\/energizer.com\/eu\/belgium_french\/#\/schema\/logo\/image\/","url":"https:\/\/energizer.com\/eu\/belgium_french\/wp-content\/uploads\/sites\/56\/2024\/04\/Energizer_brand.png","contentUrl":"https:\/\/energizer.com\/eu\/belgium_french\/wp-content\/uploads\/sites\/56\/2024\/04\/Energizer_brand.png","width":267,"height":100,"caption":"Energizer Belgium French"},"image":{"@id":"https:\/\/energizer.com\/eu\/belgium_french\/#\/schema\/logo\/image\/"}}]}},"_links":{"self":[{"href":"https:\/\/energizer.com\/eu\/belgium_french\/wp-json\/wp\/v2\/product\/7195","targetHints":{"allow":["GET"]}}],"collection":[{"href":"https:\/\/energizer.com\/eu\/belgium_french\/wp-json\/wp\/v2\/product"}],"about":[{"href":"https:\/\/energizer.com\/eu\/belgium_french\/wp-json\/wp\/v2\/types\/product"}],"replies":[{"embeddable":true,"href":"https:\/\/energizer.com\/eu\/belgium_french\/wp-json\/wp\/v2\/comments?post=7195"}],"version-history":[{"count":10,"href":"https:\/\/energizer.com\/eu\/belgium_french\/wp-json\/wp\/v2\/product\/7195\/revisions"}],"predecessor-version":[{"id":10094,"href":"https:\/\/energizer.com\/eu\/belgium_french\/wp-json\/wp\/v2\/product\/7195\/revisions\/10094"}],"wp:attachment":[{"href":"https:\/\/energizer.com\/eu\/belgium_french\/wp-json\/wp\/v2\/media?parent=7195"}],"wp:term":[{"taxonomy":"product_brand","embeddable":true,"href":"https:\/\/energizer.com\/eu\/belgium_french\/wp-json\/wp\/v2\/product_brand?post=7195"},{"taxonomy":"product_cat","embeddable":true,"href":"https:\/\/energizer.com\/eu\/belgium_french\/wp-json\/wp\/v2\/product_cat?post=7195"},{"taxonomy":"product_tag","embeddable":true,"href":"https:\/\/energizer.com\/eu\/belgium_french\/wp-json\/wp\/v2\/product_tag?post=7195"}],"curies":[{"name":"wp","href":"https:\/\/api.w.org\/{rel}","templated":true}]}}