{"id":7198,"date":"2024-06-03T05:16:27","date_gmt":"2024-06-03T05:16:27","guid":{"rendered":"https:\/\/23b13e8ab3.nxcli.io\/belgium-french\/?post_type=product&#038;p=7198"},"modified":"2025-01-08T09:56:25","modified_gmt":"2025-01-08T09:56:25","slug":"energizer-max-aaa","status":"publish","type":"product","link":"https:\/\/energizer.com\/eu\/belgium_french\/product\/energizer-max-aaa\/","title":{"rendered":"ENERGIZER\u00ae MAX &#8211; AAA"},"content":{"rendered":"<ul>\n<li>Pack de 4 piles alcalines AAA Energizer Max<\/li>\n<li>Une \u00e9nergie fiable : piles LR3 pour appareils photo, sonnettes, t\u00e9l\u00e9commandes, horloges et d\u2019autres appareils du quotidien de tous les jours<\/li>\n<li>Technologie anti-coulures : les piles AAA sont con\u00e7ues pour prot\u00e9ger vos appareils contre les coulures, qui peuvent endommager les appareils<\/li>\n<li>Qualit\u00e9: les piles alcalines Energizer Max AAA se conservent jusqu\u2019\u00e0 10 ans dans leur emballage, pour pouvoir les utiliser d\u00e8s que vous en avez besoin<\/li>\n<li>Les piles Energizer Max AA sont fabriqu\u00e9es \u00e0 partir de mat\u00e9riaux recycl\u00e9s, jusqu\u2019\u00e0 10%.<\/li>\n<li>Emballage 100% recyclable: cet emballage est fabriqu\u00e9 \u00e0 partir de carton 100% recyclable<\/li>\n<\/ul>\n","protected":false},"excerpt":{"rendered":"<p>Tirez le meilleur parti de vos appareils indispensables gr\u00e2ce \u00e0 l&#8217;\u00e9nergie fiable et longue dur\u00e9e que vous exigez de piles Energizer. Faites le plein de piles AAA pour appareils photo, lampes, t\u00e9l\u00e9commandes et montres. Ce pack est \u00e9galement un excellent choix si vous avez besoin de pile pour lampe solaire. Les piles Energizer Max AAA conservent leur autonomie jusqu&#8217;\u00e0 10 ans et leur r\u00e9sistance aux fuites prot\u00e8ge vos appareils des fuites. Avec Energizer, l&#8217;\u00e9nergie est pr\u00eate quand vous l&#8217;\u00eates. La gamme Energizer Max comprend \u00e9galement des piles alcalines AA, 9V, C et D. Il est donc facile de trouver une \u00e9nergie fiable dans le format dont vous avez besoin. Pour les piles rechargeables, choisissez la gamme Energizer Recharge, id\u00e9ale pour les appareils haute technologie.<\/p>\n<p>Energizer sait \u00e0 quel point il est important de prendre soin de notre plan\u00e8te et de ses espaces verts. C&#8217;est pourquoi ces batteries sont vendues dans des emballages 100 % recyclables et sans plastique* qui soutiennent une sylviculture responsable.<br \/>\nVeuillez noter que l&#8217;emballage de la batterie Energizer que vous recevez peut diff\u00e9rer de l&#8217;emballage illustr\u00e9, selon le stock. Merci de votre patience pendant notre p\u00e9riode de transition vers les emballages recyclables.<\/p>\n<p>* \u00c0 l&#8217;exception des scell\u00e9s de certains emballages<\/p>\n","protected":false},"featured_media":0,"comment_status":"open","ping_status":"closed","template":"","meta":{"_acf_changed":false},"product_brand":[],"product_cat":[26],"product_tag":[],"class_list":{"0":"post-7198","1":"product","2":"type-product","3":"status-publish","5":"product_cat-energizer-max","7":"first","8":"instock","9":"shipping-taxable","10":"product-type-simple"},"acf":[],"yoast_head":"<!-- This site is optimized with the Yoast SEO plugin v27.2 - https:\/\/yoast.com\/product\/yoast-seo-wordpress\/ -->\n<title>ENERGIZER\u00ae MAX - AAA - Belgium French<\/title>\n<meta name=\"robots\" content=\"index, follow, max-snippet:-1, max-image-preview:large, max-video-preview:-1\" \/>\n<link rel=\"canonical\" href=\"https:\/\/energizer.com\/eu\/belgium_french\/product\/energizer-max-aaa\/\" \/>\n<meta property=\"og:locale\" content=\"en_US\" \/>\n<meta property=\"og:type\" content=\"article\" \/>\n<meta property=\"og:title\" content=\"ENERGIZER\u00ae MAX - AAA - Belgium French\" \/>\n<meta property=\"og:description\" content=\"Tirez le meilleur parti de vos appareils indispensables gr\u00e2ce \u00e0 l&#039;\u00e9nergie fiable et longue dur\u00e9e que vous exigez de piles Energizer. Faites le plein de piles AAA pour appareils photo, lampes, t\u00e9l\u00e9commandes et montres. Ce pack est \u00e9galement un excellent choix si vous avez besoin de pile pour lampe solaire. Les piles Energizer Max AAA conservent leur autonomie jusqu&#039;\u00e0 10 ans et leur r\u00e9sistance aux fuites prot\u00e8ge vos appareils des fuites. Avec Energizer, l&#039;\u00e9nergie est pr\u00eate quand vous l&#039;\u00eates. La gamme Energizer Max comprend \u00e9galement des piles alcalines AA, 9V, C et D. Il est donc facile de trouver une \u00e9nergie fiable dans le format dont vous avez besoin. Pour les piles rechargeables, choisissez la gamme Energizer Recharge, id\u00e9ale pour les appareils haute technologie.  Energizer sait \u00e0 quel point il est important de prendre soin de notre plan\u00e8te et de ses espaces verts. C&#039;est pourquoi ces batteries sont vendues dans des emballages 100 % recyclables et sans plastique* qui soutiennent une sylviculture responsable. Veuillez noter que l&#039;emballage de la batterie Energizer que vous recevez peut diff\u00e9rer de l&#039;emballage illustr\u00e9, selon le stock. Merci de votre patience pendant notre p\u00e9riode de transition vers les emballages recyclables.  * \u00c0 l&#039;exception des scell\u00e9s de certains emballages\" \/>\n<meta property=\"og:url\" content=\"https:\/\/energizer.com\/eu\/belgium_french\/product\/energizer-max-aaa\/\" \/>\n<meta property=\"og:site_name\" content=\"Belgium French\" \/>\n<meta property=\"article:modified_time\" content=\"2025-01-08T09:56:25+00:00\" \/>\n<meta name=\"twitter:card\" content=\"summary_large_image\" \/>\n<script type=\"application\/ld+json\" class=\"yoast-schema-graph\">{\"@context\":\"https:\/\/schema.org\",\"@graph\":[{\"@type\":\"WebPage\",\"@id\":\"https:\/\/energizer.com\/eu\/belgium_french\/product\/energizer-max-aaa\/\",\"url\":\"https:\/\/energizer.com\/eu\/belgium_french\/product\/energizer-max-aaa\/\",\"name\":\"ENERGIZER\u00ae MAX - AAA - Belgium French\",\"isPartOf\":{\"@id\":\"https:\/\/energizer.com\/eu\/belgium_french\/#website\"},\"datePublished\":\"2024-06-03T05:16:27+00:00\",\"dateModified\":\"2025-01-08T09:56:25+00:00\",\"breadcrumb\":{\"@id\":\"https:\/\/energizer.com\/eu\/belgium_french\/product\/energizer-max-aaa\/#breadcrumb\"},\"inLanguage\":\"en-US\",\"potentialAction\":[{\"@type\":\"ReadAction\",\"target\":[\"https:\/\/energizer.com\/eu\/belgium_french\/product\/energizer-max-aaa\/\"]}]},{\"@type\":\"BreadcrumbList\",\"@id\":\"https:\/\/energizer.com\/eu\/belgium_french\/product\/energizer-max-aaa\/#breadcrumb\",\"itemListElement\":[{\"@type\":\"ListItem\",\"position\":1,\"name\":\"Home\",\"item\":\"https:\/\/energizer.com\/eu\/belgium_french\/\"},{\"@type\":\"ListItem\",\"position\":2,\"name\":\"ENERGIZER\u00ae MAX &#8211; AAA\"}]},{\"@type\":\"WebSite\",\"@id\":\"https:\/\/energizer.com\/eu\/belgium_french\/#website\",\"url\":\"https:\/\/energizer.com\/eu\/belgium_french\/\",\"name\":\"Energizer Belgium French\",\"description\":\"\",\"publisher\":{\"@id\":\"https:\/\/energizer.com\/eu\/belgium_french\/#organization\"},\"potentialAction\":[{\"@type\":\"SearchAction\",\"target\":{\"@type\":\"EntryPoint\",\"urlTemplate\":\"https:\/\/energizer.com\/eu\/belgium_french\/?s={search_term_string}\"},\"query-input\":{\"@type\":\"PropertyValueSpecification\",\"valueRequired\":true,\"valueName\":\"search_term_string\"}}],\"inLanguage\":\"en-US\"},{\"@type\":\"Organization\",\"@id\":\"https:\/\/energizer.com\/eu\/belgium_french\/#organization\",\"name\":\"Energizer Belgium French\",\"url\":\"https:\/\/energizer.com\/eu\/belgium_french\/\",\"logo\":{\"@type\":\"ImageObject\",\"inLanguage\":\"en-US\",\"@id\":\"https:\/\/energizer.com\/eu\/belgium_french\/#\/schema\/logo\/image\/\",\"url\":\"https:\/\/energizer.com\/eu\/belgium_french\/wp-content\/uploads\/sites\/56\/2024\/04\/Energizer_brand.png\",\"contentUrl\":\"https:\/\/energizer.com\/eu\/belgium_french\/wp-content\/uploads\/sites\/56\/2024\/04\/Energizer_brand.png\",\"width\":267,\"height\":100,\"caption\":\"Energizer Belgium French\"},\"image\":{\"@id\":\"https:\/\/energizer.com\/eu\/belgium_french\/#\/schema\/logo\/image\/\"}}]}<\/script>\n<!-- \/ Yoast SEO plugin. -->","yoast_head_json":{"title":"ENERGIZER\u00ae MAX - AAA - Belgium French","robots":{"index":"index","follow":"follow","max-snippet":"max-snippet:-1","max-image-preview":"max-image-preview:large","max-video-preview":"max-video-preview:-1"},"canonical":"https:\/\/energizer.com\/eu\/belgium_french\/product\/energizer-max-aaa\/","og_locale":"en_US","og_type":"article","og_title":"ENERGIZER\u00ae MAX - AAA - Belgium French","og_description":"Tirez le meilleur parti de vos appareils indispensables gr\u00e2ce \u00e0 l'\u00e9nergie fiable et longue dur\u00e9e que vous exigez de piles Energizer. Faites le plein de piles AAA pour appareils photo, lampes, t\u00e9l\u00e9commandes et montres. Ce pack est \u00e9galement un excellent choix si vous avez besoin de pile pour lampe solaire. Les piles Energizer Max AAA conservent leur autonomie jusqu'\u00e0 10 ans et leur r\u00e9sistance aux fuites prot\u00e8ge vos appareils des fuites. Avec Energizer, l'\u00e9nergie est pr\u00eate quand vous l'\u00eates. La gamme Energizer Max comprend \u00e9galement des piles alcalines AA, 9V, C et D. Il est donc facile de trouver une \u00e9nergie fiable dans le format dont vous avez besoin. Pour les piles rechargeables, choisissez la gamme Energizer Recharge, id\u00e9ale pour les appareils haute technologie.  Energizer sait \u00e0 quel point il est important de prendre soin de notre plan\u00e8te et de ses espaces verts. C'est pourquoi ces batteries sont vendues dans des emballages 100 % recyclables et sans plastique* qui soutiennent une sylviculture responsable. Veuillez noter que l'emballage de la batterie Energizer que vous recevez peut diff\u00e9rer de l'emballage illustr\u00e9, selon le stock. Merci de votre patience pendant notre p\u00e9riode de transition vers les emballages recyclables.  * \u00c0 l'exception des scell\u00e9s de certains emballages","og_url":"https:\/\/energizer.com\/eu\/belgium_french\/product\/energizer-max-aaa\/","og_site_name":"Belgium French","article_modified_time":"2025-01-08T09:56:25+00:00","twitter_card":"summary_large_image","schema":{"@context":"https:\/\/schema.org","@graph":[{"@type":"WebPage","@id":"https:\/\/energizer.com\/eu\/belgium_french\/product\/energizer-max-aaa\/","url":"https:\/\/energizer.com\/eu\/belgium_french\/product\/energizer-max-aaa\/","name":"ENERGIZER\u00ae MAX - AAA - Belgium French","isPartOf":{"@id":"https:\/\/energizer.com\/eu\/belgium_french\/#website"},"datePublished":"2024-06-03T05:16:27+00:00","dateModified":"2025-01-08T09:56:25+00:00","breadcrumb":{"@id":"https:\/\/energizer.com\/eu\/belgium_french\/product\/energizer-max-aaa\/#breadcrumb"},"inLanguage":"en-US","potentialAction":[{"@type":"ReadAction","target":["https:\/\/energizer.com\/eu\/belgium_french\/product\/energizer-max-aaa\/"]}]},{"@type":"BreadcrumbList","@id":"https:\/\/energizer.com\/eu\/belgium_french\/product\/energizer-max-aaa\/#breadcrumb","itemListElement":[{"@type":"ListItem","position":1,"name":"Home","item":"https:\/\/energizer.com\/eu\/belgium_french\/"},{"@type":"ListItem","position":2,"name":"ENERGIZER\u00ae MAX &#8211; AAA"}]},{"@type":"WebSite","@id":"https:\/\/energizer.com\/eu\/belgium_french\/#website","url":"https:\/\/energizer.com\/eu\/belgium_french\/","name":"Energizer Belgium French","description":"","publisher":{"@id":"https:\/\/energizer.com\/eu\/belgium_french\/#organization"},"potentialAction":[{"@type":"SearchAction","target":{"@type":"EntryPoint","urlTemplate":"https:\/\/energizer.com\/eu\/belgium_french\/?s={search_term_string}"},"query-input":{"@type":"PropertyValueSpecification","valueRequired":true,"valueName":"search_term_string"}}],"inLanguage":"en-US"},{"@type":"Organization","@id":"https:\/\/energizer.com\/eu\/belgium_french\/#organization","name":"Energizer Belgium French","url":"https:\/\/energizer.com\/eu\/belgium_french\/","logo":{"@type":"ImageObject","inLanguage":"en-US","@id":"https:\/\/energizer.com\/eu\/belgium_french\/#\/schema\/logo\/image\/","url":"https:\/\/energizer.com\/eu\/belgium_french\/wp-content\/uploads\/sites\/56\/2024\/04\/Energizer_brand.png","contentUrl":"https:\/\/energizer.com\/eu\/belgium_french\/wp-content\/uploads\/sites\/56\/2024\/04\/Energizer_brand.png","width":267,"height":100,"caption":"Energizer Belgium French"},"image":{"@id":"https:\/\/energizer.com\/eu\/belgium_french\/#\/schema\/logo\/image\/"}}]}},"_links":{"self":[{"href":"https:\/\/energizer.com\/eu\/belgium_french\/wp-json\/wp\/v2\/product\/7198","targetHints":{"allow":["GET"]}}],"collection":[{"href":"https:\/\/energizer.com\/eu\/belgium_french\/wp-json\/wp\/v2\/product"}],"about":[{"href":"https:\/\/energizer.com\/eu\/belgium_french\/wp-json\/wp\/v2\/types\/product"}],"replies":[{"embeddable":true,"href":"https:\/\/energizer.com\/eu\/belgium_french\/wp-json\/wp\/v2\/comments?post=7198"}],"version-history":[{"count":7,"href":"https:\/\/energizer.com\/eu\/belgium_french\/wp-json\/wp\/v2\/product\/7198\/revisions"}],"predecessor-version":[{"id":10095,"href":"https:\/\/energizer.com\/eu\/belgium_french\/wp-json\/wp\/v2\/product\/7198\/revisions\/10095"}],"wp:attachment":[{"href":"https:\/\/energizer.com\/eu\/belgium_french\/wp-json\/wp\/v2\/media?parent=7198"}],"wp:term":[{"taxonomy":"product_brand","embeddable":true,"href":"https:\/\/energizer.com\/eu\/belgium_french\/wp-json\/wp\/v2\/product_brand?post=7198"},{"taxonomy":"product_cat","embeddable":true,"href":"https:\/\/energizer.com\/eu\/belgium_french\/wp-json\/wp\/v2\/product_cat?post=7198"},{"taxonomy":"product_tag","embeddable":true,"href":"https:\/\/energizer.com\/eu\/belgium_french\/wp-json\/wp\/v2\/product_tag?post=7198"}],"curies":[{"name":"wp","href":"https:\/\/api.w.org\/{rel}","templated":true}]}}