{"id":7200,"date":"2024-06-03T05:16:27","date_gmt":"2024-06-03T05:16:27","guid":{"rendered":"https:\/\/23b13e8ab3.nxcli.io\/belgium-french\/?post_type=product&#038;p=7200"},"modified":"2025-01-08T10:06:44","modified_gmt":"2025-01-08T10:06:44","slug":"energizer-ultimate-lithium-aaa","status":"publish","type":"product","link":"https:\/\/energizer.com\/eu\/belgium_french\/product\/energizer-ultimate-lithium-aaa\/","title":{"rendered":"ENERGIZER\u00ae ULTIMATE LITHIUM &#8211; AAA"},"content":{"rendered":"<ul>\n<li>Pack 4 de piles Energizer Ultimate Lithium AAA<\/li>\n<li>Une \u00e9nergie fiable : Piles au lithium pour les appareils domestiques intelligents, les syst\u00e8mes de surveillance ext\u00e9rieure et les torches, et piles pour appareils photo, montres et autres appareils quotidiens<\/li>\n<li>Protection contre les fuites : Les piles AAA sont garanties \u00e9tanches, sur la base d\u2019une utilisation standard<\/li>\n<li>Fiabilit\u00e9 : Ces piles au lithium AAA offrent jusqu\u2019\u00e0 25 ans de dur\u00e9e de conservation si elles sont entrepos\u00e9es et tol\u00e8rent des temp\u00e9ratures extr\u00eames, de -40 \u00b0C \u00e0 60 \u00b0C, pour une utilisation en int\u00e9rieur et en ext\u00e9rieur toute l\u2019ann\u00e9e<\/li>\n<li>Les piles Energizer Ultimate Lithium AAA sont fabriqu\u00e9es \u00e0 partir de mat\u00e9riaux recycl\u00e9s, jusqu\u2019\u00e0 10%<\/li>\n<li>Emballage 100% recyclable: cet emballage est fabriqu\u00e9 \u00e0 partir de carton 100% recyclable<\/li>\n<\/ul>\n","protected":false},"excerpt":{"rendered":"<p>Tirez le meilleur parti de vos appareils hautes technologies avec l&#8217;\u00e9nergie fiable de la pile AAA la plus durable au monde pour les appareils high-tech : AAA lithium Energizer Ultimate. Faites le plein de piles lithium AAA pour lampes et syst\u00e8mes de surveillance, ainsi que de piles pour t\u00e9l\u00e9commandes et pour appareils photo. Les piles au lithium AAA Energizer conservent leur autonomie jusqu&#8217;\u00e0 25 ans si elles sont entrepos\u00e9es. Ainsi, elles sont toujours pr\u00eates quand vous l&#8217;\u00eates. Chaque pile est garantie \u00e9tanche, sur la base d&#8217;une utilisation standard. Et les piles Energizer Ultimate Lithium fonctionnent \u00e0 des temp\u00e9ratures extr\u00eames \u2013 de -40 \u00baC \u00e0 60 \u00baC. Une \u00e9nergie fiable quand vous en avez le plus besoin. La gamme Energizer Ultimate Lithium comprend \u00e9galement des piles AA et 9V. Il est donc facile de trouver une \u00e9nergie fiable dans le format dont vous avez besoin. Pour les piles rechargeables, choisissez la gamme Energizer Recharge, id\u00e9ale pour les appareils les plus sollicit\u00e9s.<\/p>\n","protected":false},"featured_media":0,"comment_status":"open","ping_status":"closed","template":"","meta":{"_acf_changed":false},"product_brand":[],"product_cat":[30],"product_tag":[],"class_list":{"0":"post-7200","1":"product","2":"type-product","3":"status-publish","5":"product_cat-energizer-ultimate-lithium","7":"first","8":"instock","9":"shipping-taxable","10":"product-type-simple"},"acf":[],"yoast_head":"<!-- This site is optimized with the Yoast SEO plugin v27.2 - https:\/\/yoast.com\/product\/yoast-seo-wordpress\/ -->\n<title>ENERGIZER\u00ae ULTIMATE LITHIUM - AAA - Belgium French<\/title>\n<meta name=\"robots\" content=\"index, follow, max-snippet:-1, max-image-preview:large, max-video-preview:-1\" \/>\n<link rel=\"canonical\" href=\"https:\/\/energizer.com\/eu\/belgium_french\/product\/energizer-ultimate-lithium-aaa\/\" \/>\n<meta property=\"og:locale\" content=\"en_US\" \/>\n<meta property=\"og:type\" content=\"article\" \/>\n<meta property=\"og:title\" content=\"ENERGIZER\u00ae ULTIMATE LITHIUM - AAA - Belgium French\" \/>\n<meta property=\"og:description\" content=\"Tirez le meilleur parti de vos appareils hautes technologies avec l&#039;\u00e9nergie fiable de la pile AAA la plus durable au monde pour les appareils high-tech : AAA lithium Energizer Ultimate. Faites le plein de piles lithium AAA pour lampes et syst\u00e8mes de surveillance, ainsi que de piles pour t\u00e9l\u00e9commandes et pour appareils photo. Les piles au lithium AAA Energizer conservent leur autonomie jusqu&#039;\u00e0 25 ans si elles sont entrepos\u00e9es. Ainsi, elles sont toujours pr\u00eates quand vous l&#039;\u00eates. Chaque pile est garantie \u00e9tanche, sur la base d&#039;une utilisation standard. Et les piles Energizer Ultimate Lithium fonctionnent \u00e0 des temp\u00e9ratures extr\u00eames \u2013 de -40 \u00baC \u00e0 60 \u00baC. Une \u00e9nergie fiable quand vous en avez le plus besoin. La gamme Energizer Ultimate Lithium comprend \u00e9galement des piles AA et 9V. Il est donc facile de trouver une \u00e9nergie fiable dans le format dont vous avez besoin. Pour les piles rechargeables, choisissez la gamme Energizer Recharge, id\u00e9ale pour les appareils les plus sollicit\u00e9s.\" \/>\n<meta property=\"og:url\" content=\"https:\/\/energizer.com\/eu\/belgium_french\/product\/energizer-ultimate-lithium-aaa\/\" \/>\n<meta property=\"og:site_name\" content=\"Belgium French\" \/>\n<meta property=\"article:modified_time\" content=\"2025-01-08T10:06:44+00:00\" \/>\n<meta name=\"twitter:card\" content=\"summary_large_image\" \/>\n<script type=\"application\/ld+json\" class=\"yoast-schema-graph\">{\"@context\":\"https:\/\/schema.org\",\"@graph\":[{\"@type\":\"WebPage\",\"@id\":\"https:\/\/energizer.com\/eu\/belgium_french\/product\/energizer-ultimate-lithium-aaa\/\",\"url\":\"https:\/\/energizer.com\/eu\/belgium_french\/product\/energizer-ultimate-lithium-aaa\/\",\"name\":\"ENERGIZER\u00ae ULTIMATE LITHIUM - AAA - Belgium French\",\"isPartOf\":{\"@id\":\"https:\/\/energizer.com\/eu\/belgium_french\/#website\"},\"datePublished\":\"2024-06-03T05:16:27+00:00\",\"dateModified\":\"2025-01-08T10:06:44+00:00\",\"breadcrumb\":{\"@id\":\"https:\/\/energizer.com\/eu\/belgium_french\/product\/energizer-ultimate-lithium-aaa\/#breadcrumb\"},\"inLanguage\":\"en-US\",\"potentialAction\":[{\"@type\":\"ReadAction\",\"target\":[\"https:\/\/energizer.com\/eu\/belgium_french\/product\/energizer-ultimate-lithium-aaa\/\"]}]},{\"@type\":\"BreadcrumbList\",\"@id\":\"https:\/\/energizer.com\/eu\/belgium_french\/product\/energizer-ultimate-lithium-aaa\/#breadcrumb\",\"itemListElement\":[{\"@type\":\"ListItem\",\"position\":1,\"name\":\"Home\",\"item\":\"https:\/\/energizer.com\/eu\/belgium_french\/\"},{\"@type\":\"ListItem\",\"position\":2,\"name\":\"ENERGIZER\u00ae ULTIMATE LITHIUM &#8211; AAA\"}]},{\"@type\":\"WebSite\",\"@id\":\"https:\/\/energizer.com\/eu\/belgium_french\/#website\",\"url\":\"https:\/\/energizer.com\/eu\/belgium_french\/\",\"name\":\"Energizer Belgium French\",\"description\":\"\",\"publisher\":{\"@id\":\"https:\/\/energizer.com\/eu\/belgium_french\/#organization\"},\"potentialAction\":[{\"@type\":\"SearchAction\",\"target\":{\"@type\":\"EntryPoint\",\"urlTemplate\":\"https:\/\/energizer.com\/eu\/belgium_french\/?s={search_term_string}\"},\"query-input\":{\"@type\":\"PropertyValueSpecification\",\"valueRequired\":true,\"valueName\":\"search_term_string\"}}],\"inLanguage\":\"en-US\"},{\"@type\":\"Organization\",\"@id\":\"https:\/\/energizer.com\/eu\/belgium_french\/#organization\",\"name\":\"Energizer Belgium French\",\"url\":\"https:\/\/energizer.com\/eu\/belgium_french\/\",\"logo\":{\"@type\":\"ImageObject\",\"inLanguage\":\"en-US\",\"@id\":\"https:\/\/energizer.com\/eu\/belgium_french\/#\/schema\/logo\/image\/\",\"url\":\"https:\/\/energizer.com\/eu\/belgium_french\/wp-content\/uploads\/sites\/56\/2024\/04\/Energizer_brand.png\",\"contentUrl\":\"https:\/\/energizer.com\/eu\/belgium_french\/wp-content\/uploads\/sites\/56\/2024\/04\/Energizer_brand.png\",\"width\":267,\"height\":100,\"caption\":\"Energizer Belgium French\"},\"image\":{\"@id\":\"https:\/\/energizer.com\/eu\/belgium_french\/#\/schema\/logo\/image\/\"}}]}<\/script>\n<!-- \/ Yoast SEO plugin. -->","yoast_head_json":{"title":"ENERGIZER\u00ae ULTIMATE LITHIUM - AAA - Belgium French","robots":{"index":"index","follow":"follow","max-snippet":"max-snippet:-1","max-image-preview":"max-image-preview:large","max-video-preview":"max-video-preview:-1"},"canonical":"https:\/\/energizer.com\/eu\/belgium_french\/product\/energizer-ultimate-lithium-aaa\/","og_locale":"en_US","og_type":"article","og_title":"ENERGIZER\u00ae ULTIMATE LITHIUM - AAA - Belgium French","og_description":"Tirez le meilleur parti de vos appareils hautes technologies avec l'\u00e9nergie fiable de la pile AAA la plus durable au monde pour les appareils high-tech : AAA lithium Energizer Ultimate. Faites le plein de piles lithium AAA pour lampes et syst\u00e8mes de surveillance, ainsi que de piles pour t\u00e9l\u00e9commandes et pour appareils photo. Les piles au lithium AAA Energizer conservent leur autonomie jusqu'\u00e0 25 ans si elles sont entrepos\u00e9es. Ainsi, elles sont toujours pr\u00eates quand vous l'\u00eates. Chaque pile est garantie \u00e9tanche, sur la base d'une utilisation standard. Et les piles Energizer Ultimate Lithium fonctionnent \u00e0 des temp\u00e9ratures extr\u00eames \u2013 de -40 \u00baC \u00e0 60 \u00baC. Une \u00e9nergie fiable quand vous en avez le plus besoin. La gamme Energizer Ultimate Lithium comprend \u00e9galement des piles AA et 9V. Il est donc facile de trouver une \u00e9nergie fiable dans le format dont vous avez besoin. Pour les piles rechargeables, choisissez la gamme Energizer Recharge, id\u00e9ale pour les appareils les plus sollicit\u00e9s.","og_url":"https:\/\/energizer.com\/eu\/belgium_french\/product\/energizer-ultimate-lithium-aaa\/","og_site_name":"Belgium French","article_modified_time":"2025-01-08T10:06:44+00:00","twitter_card":"summary_large_image","schema":{"@context":"https:\/\/schema.org","@graph":[{"@type":"WebPage","@id":"https:\/\/energizer.com\/eu\/belgium_french\/product\/energizer-ultimate-lithium-aaa\/","url":"https:\/\/energizer.com\/eu\/belgium_french\/product\/energizer-ultimate-lithium-aaa\/","name":"ENERGIZER\u00ae ULTIMATE LITHIUM - AAA - Belgium French","isPartOf":{"@id":"https:\/\/energizer.com\/eu\/belgium_french\/#website"},"datePublished":"2024-06-03T05:16:27+00:00","dateModified":"2025-01-08T10:06:44+00:00","breadcrumb":{"@id":"https:\/\/energizer.com\/eu\/belgium_french\/product\/energizer-ultimate-lithium-aaa\/#breadcrumb"},"inLanguage":"en-US","potentialAction":[{"@type":"ReadAction","target":["https:\/\/energizer.com\/eu\/belgium_french\/product\/energizer-ultimate-lithium-aaa\/"]}]},{"@type":"BreadcrumbList","@id":"https:\/\/energizer.com\/eu\/belgium_french\/product\/energizer-ultimate-lithium-aaa\/#breadcrumb","itemListElement":[{"@type":"ListItem","position":1,"name":"Home","item":"https:\/\/energizer.com\/eu\/belgium_french\/"},{"@type":"ListItem","position":2,"name":"ENERGIZER\u00ae ULTIMATE LITHIUM &#8211; AAA"}]},{"@type":"WebSite","@id":"https:\/\/energizer.com\/eu\/belgium_french\/#website","url":"https:\/\/energizer.com\/eu\/belgium_french\/","name":"Energizer Belgium French","description":"","publisher":{"@id":"https:\/\/energizer.com\/eu\/belgium_french\/#organization"},"potentialAction":[{"@type":"SearchAction","target":{"@type":"EntryPoint","urlTemplate":"https:\/\/energizer.com\/eu\/belgium_french\/?s={search_term_string}"},"query-input":{"@type":"PropertyValueSpecification","valueRequired":true,"valueName":"search_term_string"}}],"inLanguage":"en-US"},{"@type":"Organization","@id":"https:\/\/energizer.com\/eu\/belgium_french\/#organization","name":"Energizer Belgium French","url":"https:\/\/energizer.com\/eu\/belgium_french\/","logo":{"@type":"ImageObject","inLanguage":"en-US","@id":"https:\/\/energizer.com\/eu\/belgium_french\/#\/schema\/logo\/image\/","url":"https:\/\/energizer.com\/eu\/belgium_french\/wp-content\/uploads\/sites\/56\/2024\/04\/Energizer_brand.png","contentUrl":"https:\/\/energizer.com\/eu\/belgium_french\/wp-content\/uploads\/sites\/56\/2024\/04\/Energizer_brand.png","width":267,"height":100,"caption":"Energizer Belgium French"},"image":{"@id":"https:\/\/energizer.com\/eu\/belgium_french\/#\/schema\/logo\/image\/"}}]}},"_links":{"self":[{"href":"https:\/\/energizer.com\/eu\/belgium_french\/wp-json\/wp\/v2\/product\/7200","targetHints":{"allow":["GET"]}}],"collection":[{"href":"https:\/\/energizer.com\/eu\/belgium_french\/wp-json\/wp\/v2\/product"}],"about":[{"href":"https:\/\/energizer.com\/eu\/belgium_french\/wp-json\/wp\/v2\/types\/product"}],"replies":[{"embeddable":true,"href":"https:\/\/energizer.com\/eu\/belgium_french\/wp-json\/wp\/v2\/comments?post=7200"}],"version-history":[{"count":11,"href":"https:\/\/energizer.com\/eu\/belgium_french\/wp-json\/wp\/v2\/product\/7200\/revisions"}],"predecessor-version":[{"id":10099,"href":"https:\/\/energizer.com\/eu\/belgium_french\/wp-json\/wp\/v2\/product\/7200\/revisions\/10099"}],"wp:attachment":[{"href":"https:\/\/energizer.com\/eu\/belgium_french\/wp-json\/wp\/v2\/media?parent=7200"}],"wp:term":[{"taxonomy":"product_brand","embeddable":true,"href":"https:\/\/energizer.com\/eu\/belgium_french\/wp-json\/wp\/v2\/product_brand?post=7200"},{"taxonomy":"product_cat","embeddable":true,"href":"https:\/\/energizer.com\/eu\/belgium_french\/wp-json\/wp\/v2\/product_cat?post=7200"},{"taxonomy":"product_tag","embeddable":true,"href":"https:\/\/energizer.com\/eu\/belgium_french\/wp-json\/wp\/v2\/product_tag?post=7200"}],"curies":[{"name":"wp","href":"https:\/\/api.w.org\/{rel}","templated":true}]}}