{"id":7256,"date":"2024-06-03T05:16:31","date_gmt":"2024-06-03T05:16:31","guid":{"rendered":"https:\/\/23b13e8ab3.nxcli.io\/belgium-french\/?post_type=product&#038;p=7256"},"modified":"2024-08-23T13:10:45","modified_gmt":"2024-08-23T13:10:45","slug":"energizer-electronic-batteries-a27","status":"publish","type":"product","link":"https:\/\/energizer.com\/eu\/belgium_french\/product\/energizer-electronic-batteries-a27\/","title":{"rendered":"ENERGIZER\u00ae ELECTRONIC BATTERIES \u2013 A27"},"content":{"rendered":"<ul>\n<li>Piles alcalines miniatures Energizer A27 12V, pour une alimentation durable et fiable de vos gadgets<\/li>\n<li>Compatible avec une grande vari\u00e9t\u00e9 d&#8217;appareils, y compris votre appareil photo, les contr\u00f4leurs de jeux vid\u00e9o, les casques Bluetooth et les moniteurs de glucose et de sang<\/li>\n<li>Taille des piles : A27 ; Type : Alcaline miniature ; Voltage : 12<\/li>\n<li>Remplacement pour : 27A, A27BP, G27A, GP27A, L828, MN27<\/li>\n<li>Ces piles alcalines Energizer sans mercure alimentent les appareils de mani\u00e8re responsable, avec un impact moindre sur l&#8217;environnement<\/li>\n<li>Puissantes : Les piles sp\u00e9cialis\u00e9es Energizer sont con\u00e7ues pour r\u00e9pondre aux exigences des appareils puissants d&#8217;aujourd&#8217;hui<\/li>\n<\/ul>\n","protected":false},"excerpt":{"rendered":"<p>Les appareils sp\u00e9ciaux n\u00e9cessitent un niveau d&#8217;\u00e9nergie particulier : C&#8217;est pourquoi nos piles sp\u00e9ciales Energizer A27 sans mercure fournissent une \u00e9nergie fiable \u00e0 tous vos gadgets. Que ce soit pour vos \u00e9couteurs Bluetooth, vos manettes de jeu, vos appareils photo ou vos appareils m\u00e9dicaux, vous serez s\u00fbr de faire le bon choix de piles alcalines miniatures A27 avec Energizer. Essayez-les et vous verrez que ces piles miniatures sont tr\u00e8s performantes et durables.<\/p>\n","protected":false},"featured_media":0,"comment_status":"open","ping_status":"closed","template":"","meta":{"_acf_changed":false},"product_brand":[],"product_cat":[58],"product_tag":[],"class_list":{"0":"post-7256","1":"product","2":"type-product","3":"status-publish","5":"product_cat-speciality","7":"first","8":"instock","9":"shipping-taxable","10":"product-type-simple"},"acf":[],"yoast_head":"<!-- This site is optimized with the Yoast SEO plugin v27.2 - https:\/\/yoast.com\/product\/yoast-seo-wordpress\/ -->\n<title>ENERGIZER\u00ae ELECTRONIC BATTERIES \u2013 A27 - Belgium French<\/title>\n<meta name=\"robots\" content=\"index, follow, max-snippet:-1, max-image-preview:large, max-video-preview:-1\" \/>\n<link rel=\"canonical\" href=\"https:\/\/energizer.com\/eu\/belgium_french\/product\/energizer-electronic-batteries-a27\/\" \/>\n<meta property=\"og:locale\" content=\"en_US\" \/>\n<meta property=\"og:type\" content=\"article\" \/>\n<meta property=\"og:title\" content=\"ENERGIZER\u00ae ELECTRONIC BATTERIES \u2013 A27 - Belgium French\" \/>\n<meta property=\"og:description\" content=\"Les appareils sp\u00e9ciaux n\u00e9cessitent un niveau d&#039;\u00e9nergie particulier : C&#039;est pourquoi nos piles sp\u00e9ciales Energizer A27 sans mercure fournissent une \u00e9nergie fiable \u00e0 tous vos gadgets. Que ce soit pour vos \u00e9couteurs Bluetooth, vos manettes de jeu, vos appareils photo ou vos appareils m\u00e9dicaux, vous serez s\u00fbr de faire le bon choix de piles alcalines miniatures A27 avec Energizer. Essayez-les et vous verrez que ces piles miniatures sont tr\u00e8s performantes et durables.\" \/>\n<meta property=\"og:url\" content=\"https:\/\/energizer.com\/eu\/belgium_french\/product\/energizer-electronic-batteries-a27\/\" \/>\n<meta property=\"og:site_name\" content=\"Belgium French\" \/>\n<meta property=\"article:modified_time\" content=\"2024-08-23T13:10:45+00:00\" \/>\n<meta name=\"twitter:card\" content=\"summary_large_image\" \/>\n<script type=\"application\/ld+json\" class=\"yoast-schema-graph\">{\"@context\":\"https:\/\/schema.org\",\"@graph\":[{\"@type\":\"WebPage\",\"@id\":\"https:\/\/energizer.com\/eu\/belgium_french\/product\/energizer-electronic-batteries-a27\/\",\"url\":\"https:\/\/energizer.com\/eu\/belgium_french\/product\/energizer-electronic-batteries-a27\/\",\"name\":\"ENERGIZER\u00ae ELECTRONIC BATTERIES \u2013 A27 - Belgium French\",\"isPartOf\":{\"@id\":\"https:\/\/energizer.com\/eu\/belgium_french\/#website\"},\"datePublished\":\"2024-06-03T05:16:31+00:00\",\"dateModified\":\"2024-08-23T13:10:45+00:00\",\"breadcrumb\":{\"@id\":\"https:\/\/energizer.com\/eu\/belgium_french\/product\/energizer-electronic-batteries-a27\/#breadcrumb\"},\"inLanguage\":\"en-US\",\"potentialAction\":[{\"@type\":\"ReadAction\",\"target\":[\"https:\/\/energizer.com\/eu\/belgium_french\/product\/energizer-electronic-batteries-a27\/\"]}]},{\"@type\":\"BreadcrumbList\",\"@id\":\"https:\/\/energizer.com\/eu\/belgium_french\/product\/energizer-electronic-batteries-a27\/#breadcrumb\",\"itemListElement\":[{\"@type\":\"ListItem\",\"position\":1,\"name\":\"Home\",\"item\":\"https:\/\/energizer.com\/eu\/belgium_french\/\"},{\"@type\":\"ListItem\",\"position\":2,\"name\":\"ENERGIZER\u00ae ELECTRONIC BATTERIES \u2013 A27\"}]},{\"@type\":\"WebSite\",\"@id\":\"https:\/\/energizer.com\/eu\/belgium_french\/#website\",\"url\":\"https:\/\/energizer.com\/eu\/belgium_french\/\",\"name\":\"Energizer Belgium French\",\"description\":\"\",\"publisher\":{\"@id\":\"https:\/\/energizer.com\/eu\/belgium_french\/#organization\"},\"potentialAction\":[{\"@type\":\"SearchAction\",\"target\":{\"@type\":\"EntryPoint\",\"urlTemplate\":\"https:\/\/energizer.com\/eu\/belgium_french\/?s={search_term_string}\"},\"query-input\":{\"@type\":\"PropertyValueSpecification\",\"valueRequired\":true,\"valueName\":\"search_term_string\"}}],\"inLanguage\":\"en-US\"},{\"@type\":\"Organization\",\"@id\":\"https:\/\/energizer.com\/eu\/belgium_french\/#organization\",\"name\":\"Energizer Belgium French\",\"url\":\"https:\/\/energizer.com\/eu\/belgium_french\/\",\"logo\":{\"@type\":\"ImageObject\",\"inLanguage\":\"en-US\",\"@id\":\"https:\/\/energizer.com\/eu\/belgium_french\/#\/schema\/logo\/image\/\",\"url\":\"https:\/\/energizer.com\/eu\/belgium_french\/wp-content\/uploads\/sites\/56\/2024\/04\/Energizer_brand.png\",\"contentUrl\":\"https:\/\/energizer.com\/eu\/belgium_french\/wp-content\/uploads\/sites\/56\/2024\/04\/Energizer_brand.png\",\"width\":267,\"height\":100,\"caption\":\"Energizer Belgium French\"},\"image\":{\"@id\":\"https:\/\/energizer.com\/eu\/belgium_french\/#\/schema\/logo\/image\/\"}}]}<\/script>\n<!-- \/ Yoast SEO plugin. -->","yoast_head_json":{"title":"ENERGIZER\u00ae ELECTRONIC BATTERIES \u2013 A27 - Belgium French","robots":{"index":"index","follow":"follow","max-snippet":"max-snippet:-1","max-image-preview":"max-image-preview:large","max-video-preview":"max-video-preview:-1"},"canonical":"https:\/\/energizer.com\/eu\/belgium_french\/product\/energizer-electronic-batteries-a27\/","og_locale":"en_US","og_type":"article","og_title":"ENERGIZER\u00ae ELECTRONIC BATTERIES \u2013 A27 - Belgium French","og_description":"Les appareils sp\u00e9ciaux n\u00e9cessitent un niveau d'\u00e9nergie particulier : C'est pourquoi nos piles sp\u00e9ciales Energizer A27 sans mercure fournissent une \u00e9nergie fiable \u00e0 tous vos gadgets. Que ce soit pour vos \u00e9couteurs Bluetooth, vos manettes de jeu, vos appareils photo ou vos appareils m\u00e9dicaux, vous serez s\u00fbr de faire le bon choix de piles alcalines miniatures A27 avec Energizer. Essayez-les et vous verrez que ces piles miniatures sont tr\u00e8s performantes et durables.","og_url":"https:\/\/energizer.com\/eu\/belgium_french\/product\/energizer-electronic-batteries-a27\/","og_site_name":"Belgium French","article_modified_time":"2024-08-23T13:10:45+00:00","twitter_card":"summary_large_image","schema":{"@context":"https:\/\/schema.org","@graph":[{"@type":"WebPage","@id":"https:\/\/energizer.com\/eu\/belgium_french\/product\/energizer-electronic-batteries-a27\/","url":"https:\/\/energizer.com\/eu\/belgium_french\/product\/energizer-electronic-batteries-a27\/","name":"ENERGIZER\u00ae ELECTRONIC BATTERIES \u2013 A27 - Belgium French","isPartOf":{"@id":"https:\/\/energizer.com\/eu\/belgium_french\/#website"},"datePublished":"2024-06-03T05:16:31+00:00","dateModified":"2024-08-23T13:10:45+00:00","breadcrumb":{"@id":"https:\/\/energizer.com\/eu\/belgium_french\/product\/energizer-electronic-batteries-a27\/#breadcrumb"},"inLanguage":"en-US","potentialAction":[{"@type":"ReadAction","target":["https:\/\/energizer.com\/eu\/belgium_french\/product\/energizer-electronic-batteries-a27\/"]}]},{"@type":"BreadcrumbList","@id":"https:\/\/energizer.com\/eu\/belgium_french\/product\/energizer-electronic-batteries-a27\/#breadcrumb","itemListElement":[{"@type":"ListItem","position":1,"name":"Home","item":"https:\/\/energizer.com\/eu\/belgium_french\/"},{"@type":"ListItem","position":2,"name":"ENERGIZER\u00ae ELECTRONIC BATTERIES \u2013 A27"}]},{"@type":"WebSite","@id":"https:\/\/energizer.com\/eu\/belgium_french\/#website","url":"https:\/\/energizer.com\/eu\/belgium_french\/","name":"Energizer Belgium French","description":"","publisher":{"@id":"https:\/\/energizer.com\/eu\/belgium_french\/#organization"},"potentialAction":[{"@type":"SearchAction","target":{"@type":"EntryPoint","urlTemplate":"https:\/\/energizer.com\/eu\/belgium_french\/?s={search_term_string}"},"query-input":{"@type":"PropertyValueSpecification","valueRequired":true,"valueName":"search_term_string"}}],"inLanguage":"en-US"},{"@type":"Organization","@id":"https:\/\/energizer.com\/eu\/belgium_french\/#organization","name":"Energizer Belgium French","url":"https:\/\/energizer.com\/eu\/belgium_french\/","logo":{"@type":"ImageObject","inLanguage":"en-US","@id":"https:\/\/energizer.com\/eu\/belgium_french\/#\/schema\/logo\/image\/","url":"https:\/\/energizer.com\/eu\/belgium_french\/wp-content\/uploads\/sites\/56\/2024\/04\/Energizer_brand.png","contentUrl":"https:\/\/energizer.com\/eu\/belgium_french\/wp-content\/uploads\/sites\/56\/2024\/04\/Energizer_brand.png","width":267,"height":100,"caption":"Energizer Belgium French"},"image":{"@id":"https:\/\/energizer.com\/eu\/belgium_french\/#\/schema\/logo\/image\/"}}]}},"_links":{"self":[{"href":"https:\/\/energizer.com\/eu\/belgium_french\/wp-json\/wp\/v2\/product\/7256","targetHints":{"allow":["GET"]}}],"collection":[{"href":"https:\/\/energizer.com\/eu\/belgium_french\/wp-json\/wp\/v2\/product"}],"about":[{"href":"https:\/\/energizer.com\/eu\/belgium_french\/wp-json\/wp\/v2\/types\/product"}],"replies":[{"embeddable":true,"href":"https:\/\/energizer.com\/eu\/belgium_french\/wp-json\/wp\/v2\/comments?post=7256"}],"version-history":[{"count":4,"href":"https:\/\/energizer.com\/eu\/belgium_french\/wp-json\/wp\/v2\/product\/7256\/revisions"}],"predecessor-version":[{"id":9501,"href":"https:\/\/energizer.com\/eu\/belgium_french\/wp-json\/wp\/v2\/product\/7256\/revisions\/9501"}],"wp:attachment":[{"href":"https:\/\/energizer.com\/eu\/belgium_french\/wp-json\/wp\/v2\/media?parent=7256"}],"wp:term":[{"taxonomy":"product_brand","embeddable":true,"href":"https:\/\/energizer.com\/eu\/belgium_french\/wp-json\/wp\/v2\/product_brand?post=7256"},{"taxonomy":"product_cat","embeddable":true,"href":"https:\/\/energizer.com\/eu\/belgium_french\/wp-json\/wp\/v2\/product_cat?post=7256"},{"taxonomy":"product_tag","embeddable":true,"href":"https:\/\/energizer.com\/eu\/belgium_french\/wp-json\/wp\/v2\/product_tag?post=7256"}],"curies":[{"name":"wp","href":"https:\/\/api.w.org\/{rel}","templated":true}]}}