{"id":7257,"date":"2024-06-03T05:16:31","date_gmt":"2024-06-03T05:16:31","guid":{"rendered":"https:\/\/23b13e8ab3.nxcli.io\/belgium-french\/?post_type=product&#038;p=7257"},"modified":"2024-08-23T09:21:22","modified_gmt":"2024-08-23T09:21:22","slug":"energizer-electronic-batteries-cr2430","status":"publish","type":"product","link":"https:\/\/energizer.com\/eu\/belgium_french\/product\/energizer-electronic-batteries-cr2430\/","title":{"rendered":"ENERGIZER\u00ae ELECTRONIC BATTERIES \u2013 CR2430"},"content":{"rendered":"<ul>\n<li>Contient 2- pile bouton au lithium Energizer 2430<\/li>\n<li>Offre des performances fiables et longue dur\u00e9e pour tous vos appareils sp\u00e9ciaux, tels que les moniteurs de fr\u00e9quence cardiaque, les t\u00e9l\u00e9commandes, les syst\u00e8mes de d\u00e9verrouillage sans cl\u00e9, les glucom\u00e8tres, les jouets et les jeux<\/li>\n<li>Conservent leur \u00e9nergie dans leur emballage pendant 10 ans, ce qui vous garantit que vos piles bouton au lithium seront l\u00e0 quand vous en aurez besoin<\/li>\n<li>Taille des piles : 2430 ; CEI : CR2430 ; Type : bouton lithium ; Tension : 3 V<\/li>\n<li>Remplace les piles : L20, DL2430, LF12W et 5011LC<\/li>\n<li>Ces piles au lithium supportent les temp\u00e9ratures les plus extr\u00eames, de -30 \u00e0 60 \u00baC<\/li>\n<\/ul>\n","protected":false},"excerpt":{"rendered":"<p>Ne vous fiez pas \u00e0 sa petite taille : la pile au lithium Energizer 2430 3 volts garantit une alimentation fiable et longue dur\u00e9e pour tous vos appareils fonctionnant sur pile bouton. Des moniteurs de fr\u00e9quence cardiaque et glucom\u00e8tres aux t\u00e9l\u00e9commandes, syst\u00e8mes de d\u00e9verrouillage sans cl\u00e9, cl\u00e9s \u00e9lectroniques, montres, jouets et jeux (et m\u00eame des dispositifs encore plus sp\u00e9cialis\u00e9s), nos piles bouton sont compatibles avec les appareils qui font votre quotidien, pour vous permettre d\u2019avancer.<\/p>\n","protected":false},"featured_media":0,"comment_status":"open","ping_status":"closed","template":"","meta":{"_acf_changed":false},"product_brand":[],"product_cat":[58],"product_tag":[],"class_list":{"0":"post-7257","1":"product","2":"type-product","3":"status-publish","5":"product_cat-speciality","7":"first","8":"instock","9":"shipping-taxable","10":"product-type-simple"},"acf":[],"yoast_head":"<!-- This site is optimized with the Yoast SEO plugin v27.2 - https:\/\/yoast.com\/product\/yoast-seo-wordpress\/ -->\n<title>ENERGIZER\u00ae ELECTRONIC BATTERIES \u2013 CR2430 - Belgium French<\/title>\n<meta name=\"robots\" content=\"index, follow, max-snippet:-1, max-image-preview:large, max-video-preview:-1\" \/>\n<link rel=\"canonical\" href=\"https:\/\/energizer.com\/eu\/belgium_french\/product\/energizer-electronic-batteries-cr2430\/\" \/>\n<meta property=\"og:locale\" content=\"en_US\" \/>\n<meta property=\"og:type\" content=\"article\" \/>\n<meta property=\"og:title\" content=\"ENERGIZER\u00ae ELECTRONIC BATTERIES \u2013 CR2430 - Belgium French\" \/>\n<meta property=\"og:description\" content=\"Ne vous fiez pas \u00e0 sa petite taille : la pile au lithium Energizer 2430 3 volts garantit une alimentation fiable et longue dur\u00e9e pour tous vos appareils fonctionnant sur pile bouton. Des moniteurs de fr\u00e9quence cardiaque et glucom\u00e8tres aux t\u00e9l\u00e9commandes, syst\u00e8mes de d\u00e9verrouillage sans cl\u00e9, cl\u00e9s \u00e9lectroniques, montres, jouets et jeux (et m\u00eame des dispositifs encore plus sp\u00e9cialis\u00e9s), nos piles bouton sont compatibles avec les appareils qui font votre quotidien, pour vous permettre d\u2019avancer.\" \/>\n<meta property=\"og:url\" content=\"https:\/\/energizer.com\/eu\/belgium_french\/product\/energizer-electronic-batteries-cr2430\/\" \/>\n<meta property=\"og:site_name\" content=\"Belgium French\" \/>\n<meta property=\"article:modified_time\" content=\"2024-08-23T09:21:22+00:00\" \/>\n<meta name=\"twitter:card\" content=\"summary_large_image\" \/>\n<script type=\"application\/ld+json\" class=\"yoast-schema-graph\">{\"@context\":\"https:\/\/schema.org\",\"@graph\":[{\"@type\":\"WebPage\",\"@id\":\"https:\/\/energizer.com\/eu\/belgium_french\/product\/energizer-electronic-batteries-cr2430\/\",\"url\":\"https:\/\/energizer.com\/eu\/belgium_french\/product\/energizer-electronic-batteries-cr2430\/\",\"name\":\"ENERGIZER\u00ae ELECTRONIC BATTERIES \u2013 CR2430 - Belgium French\",\"isPartOf\":{\"@id\":\"https:\/\/energizer.com\/eu\/belgium_french\/#website\"},\"datePublished\":\"2024-06-03T05:16:31+00:00\",\"dateModified\":\"2024-08-23T09:21:22+00:00\",\"breadcrumb\":{\"@id\":\"https:\/\/energizer.com\/eu\/belgium_french\/product\/energizer-electronic-batteries-cr2430\/#breadcrumb\"},\"inLanguage\":\"en-US\",\"potentialAction\":[{\"@type\":\"ReadAction\",\"target\":[\"https:\/\/energizer.com\/eu\/belgium_french\/product\/energizer-electronic-batteries-cr2430\/\"]}]},{\"@type\":\"BreadcrumbList\",\"@id\":\"https:\/\/energizer.com\/eu\/belgium_french\/product\/energizer-electronic-batteries-cr2430\/#breadcrumb\",\"itemListElement\":[{\"@type\":\"ListItem\",\"position\":1,\"name\":\"Home\",\"item\":\"https:\/\/energizer.com\/eu\/belgium_french\/\"},{\"@type\":\"ListItem\",\"position\":2,\"name\":\"ENERGIZER\u00ae ELECTRONIC BATTERIES \u2013 CR2430\"}]},{\"@type\":\"WebSite\",\"@id\":\"https:\/\/energizer.com\/eu\/belgium_french\/#website\",\"url\":\"https:\/\/energizer.com\/eu\/belgium_french\/\",\"name\":\"Energizer Belgium French\",\"description\":\"\",\"publisher\":{\"@id\":\"https:\/\/energizer.com\/eu\/belgium_french\/#organization\"},\"potentialAction\":[{\"@type\":\"SearchAction\",\"target\":{\"@type\":\"EntryPoint\",\"urlTemplate\":\"https:\/\/energizer.com\/eu\/belgium_french\/?s={search_term_string}\"},\"query-input\":{\"@type\":\"PropertyValueSpecification\",\"valueRequired\":true,\"valueName\":\"search_term_string\"}}],\"inLanguage\":\"en-US\"},{\"@type\":\"Organization\",\"@id\":\"https:\/\/energizer.com\/eu\/belgium_french\/#organization\",\"name\":\"Energizer Belgium French\",\"url\":\"https:\/\/energizer.com\/eu\/belgium_french\/\",\"logo\":{\"@type\":\"ImageObject\",\"inLanguage\":\"en-US\",\"@id\":\"https:\/\/energizer.com\/eu\/belgium_french\/#\/schema\/logo\/image\/\",\"url\":\"https:\/\/energizer.com\/eu\/belgium_french\/wp-content\/uploads\/sites\/56\/2024\/04\/Energizer_brand.png\",\"contentUrl\":\"https:\/\/energizer.com\/eu\/belgium_french\/wp-content\/uploads\/sites\/56\/2024\/04\/Energizer_brand.png\",\"width\":267,\"height\":100,\"caption\":\"Energizer Belgium French\"},\"image\":{\"@id\":\"https:\/\/energizer.com\/eu\/belgium_french\/#\/schema\/logo\/image\/\"}}]}<\/script>\n<!-- \/ Yoast SEO plugin. -->","yoast_head_json":{"title":"ENERGIZER\u00ae ELECTRONIC BATTERIES \u2013 CR2430 - Belgium French","robots":{"index":"index","follow":"follow","max-snippet":"max-snippet:-1","max-image-preview":"max-image-preview:large","max-video-preview":"max-video-preview:-1"},"canonical":"https:\/\/energizer.com\/eu\/belgium_french\/product\/energizer-electronic-batteries-cr2430\/","og_locale":"en_US","og_type":"article","og_title":"ENERGIZER\u00ae ELECTRONIC BATTERIES \u2013 CR2430 - Belgium French","og_description":"Ne vous fiez pas \u00e0 sa petite taille : la pile au lithium Energizer 2430 3 volts garantit une alimentation fiable et longue dur\u00e9e pour tous vos appareils fonctionnant sur pile bouton. Des moniteurs de fr\u00e9quence cardiaque et glucom\u00e8tres aux t\u00e9l\u00e9commandes, syst\u00e8mes de d\u00e9verrouillage sans cl\u00e9, cl\u00e9s \u00e9lectroniques, montres, jouets et jeux (et m\u00eame des dispositifs encore plus sp\u00e9cialis\u00e9s), nos piles bouton sont compatibles avec les appareils qui font votre quotidien, pour vous permettre d\u2019avancer.","og_url":"https:\/\/energizer.com\/eu\/belgium_french\/product\/energizer-electronic-batteries-cr2430\/","og_site_name":"Belgium French","article_modified_time":"2024-08-23T09:21:22+00:00","twitter_card":"summary_large_image","schema":{"@context":"https:\/\/schema.org","@graph":[{"@type":"WebPage","@id":"https:\/\/energizer.com\/eu\/belgium_french\/product\/energizer-electronic-batteries-cr2430\/","url":"https:\/\/energizer.com\/eu\/belgium_french\/product\/energizer-electronic-batteries-cr2430\/","name":"ENERGIZER\u00ae ELECTRONIC BATTERIES \u2013 CR2430 - Belgium French","isPartOf":{"@id":"https:\/\/energizer.com\/eu\/belgium_french\/#website"},"datePublished":"2024-06-03T05:16:31+00:00","dateModified":"2024-08-23T09:21:22+00:00","breadcrumb":{"@id":"https:\/\/energizer.com\/eu\/belgium_french\/product\/energizer-electronic-batteries-cr2430\/#breadcrumb"},"inLanguage":"en-US","potentialAction":[{"@type":"ReadAction","target":["https:\/\/energizer.com\/eu\/belgium_french\/product\/energizer-electronic-batteries-cr2430\/"]}]},{"@type":"BreadcrumbList","@id":"https:\/\/energizer.com\/eu\/belgium_french\/product\/energizer-electronic-batteries-cr2430\/#breadcrumb","itemListElement":[{"@type":"ListItem","position":1,"name":"Home","item":"https:\/\/energizer.com\/eu\/belgium_french\/"},{"@type":"ListItem","position":2,"name":"ENERGIZER\u00ae ELECTRONIC BATTERIES \u2013 CR2430"}]},{"@type":"WebSite","@id":"https:\/\/energizer.com\/eu\/belgium_french\/#website","url":"https:\/\/energizer.com\/eu\/belgium_french\/","name":"Energizer Belgium French","description":"","publisher":{"@id":"https:\/\/energizer.com\/eu\/belgium_french\/#organization"},"potentialAction":[{"@type":"SearchAction","target":{"@type":"EntryPoint","urlTemplate":"https:\/\/energizer.com\/eu\/belgium_french\/?s={search_term_string}"},"query-input":{"@type":"PropertyValueSpecification","valueRequired":true,"valueName":"search_term_string"}}],"inLanguage":"en-US"},{"@type":"Organization","@id":"https:\/\/energizer.com\/eu\/belgium_french\/#organization","name":"Energizer Belgium French","url":"https:\/\/energizer.com\/eu\/belgium_french\/","logo":{"@type":"ImageObject","inLanguage":"en-US","@id":"https:\/\/energizer.com\/eu\/belgium_french\/#\/schema\/logo\/image\/","url":"https:\/\/energizer.com\/eu\/belgium_french\/wp-content\/uploads\/sites\/56\/2024\/04\/Energizer_brand.png","contentUrl":"https:\/\/energizer.com\/eu\/belgium_french\/wp-content\/uploads\/sites\/56\/2024\/04\/Energizer_brand.png","width":267,"height":100,"caption":"Energizer Belgium French"},"image":{"@id":"https:\/\/energizer.com\/eu\/belgium_french\/#\/schema\/logo\/image\/"}}]}},"_links":{"self":[{"href":"https:\/\/energizer.com\/eu\/belgium_french\/wp-json\/wp\/v2\/product\/7257","targetHints":{"allow":["GET"]}}],"collection":[{"href":"https:\/\/energizer.com\/eu\/belgium_french\/wp-json\/wp\/v2\/product"}],"about":[{"href":"https:\/\/energizer.com\/eu\/belgium_french\/wp-json\/wp\/v2\/types\/product"}],"replies":[{"embeddable":true,"href":"https:\/\/energizer.com\/eu\/belgium_french\/wp-json\/wp\/v2\/comments?post=7257"}],"version-history":[{"count":3,"href":"https:\/\/energizer.com\/eu\/belgium_french\/wp-json\/wp\/v2\/product\/7257\/revisions"}],"predecessor-version":[{"id":7666,"href":"https:\/\/energizer.com\/eu\/belgium_french\/wp-json\/wp\/v2\/product\/7257\/revisions\/7666"}],"wp:attachment":[{"href":"https:\/\/energizer.com\/eu\/belgium_french\/wp-json\/wp\/v2\/media?parent=7257"}],"wp:term":[{"taxonomy":"product_brand","embeddable":true,"href":"https:\/\/energizer.com\/eu\/belgium_french\/wp-json\/wp\/v2\/product_brand?post=7257"},{"taxonomy":"product_cat","embeddable":true,"href":"https:\/\/energizer.com\/eu\/belgium_french\/wp-json\/wp\/v2\/product_cat?post=7257"},{"taxonomy":"product_tag","embeddable":true,"href":"https:\/\/energizer.com\/eu\/belgium_french\/wp-json\/wp\/v2\/product_tag?post=7257"}],"curies":[{"name":"wp","href":"https:\/\/api.w.org\/{rel}","templated":true}]}}