{"id":7258,"date":"2024-06-03T05:16:31","date_gmt":"2024-06-03T05:16:31","guid":{"rendered":"https:\/\/23b13e8ab3.nxcli.io\/belgium-french\/?post_type=product&#038;p=7258"},"modified":"2024-08-23T09:22:13","modified_gmt":"2024-08-23T09:22:13","slug":"energizer-electronic-batteries-a23-e23a","status":"publish","type":"product","link":"https:\/\/energizer.com\/eu\/belgium_french\/product\/energizer-electronic-batteries-a23-e23a\/","title":{"rendered":"ENERGIZER\u00ae ELECTRONIC BATTERIES \u2013 A23\/E23A"},"content":{"rendered":"<ul>\n<li>Contient 1 pile alcaline miniature Energizer A23<\/li>\n<li>Conservent leur \u00e9nergie dans leur emballage pendant 3 ans, pour \u00eatre pr\u00eates \u00e0 \u00eatre utilis\u00e9es quand vous en aurez besoin<\/li>\n<li>Adapt\u00e9e \u00e0 de nombreux appareils, notamment les appareils photo, les manettes de jeu, les casques sans fil, ou encore les glucom\u00e8tres et tensiom\u00e8tres<\/li>\n<\/ul>\n","protected":false},"excerpt":{"rendered":"<p>Qui dit appareils sp\u00e9ciaux dit aussi besoins sp\u00e9ciaux en \u00e9nergie. C\u2019est pourquoi nos piles miniatures alcalines Energizer A23 fournissent une alimentation fiable pour tous vos appareils fonctionnant sur piles. Que ce soit pour vos casques sans fil, vos manettes de jeu, vos appareils photo ou vos dispositifs m\u00e9dicaux, vous savez que vous faites le bon choix avec les piles alcalines miniatures Energizer A23. Essayez-les : nos piles sont petites en taille, mais grande par la performance. Conservent leur \u00e9nergie dans leur emballage pendant 3 ans, pour \u00eatre pr\u00eates \u00e0 \u00eatre utilis\u00e9es quand vous en aurez besoin<\/p>\n","protected":false},"featured_media":0,"comment_status":"open","ping_status":"closed","template":"","meta":{"_acf_changed":false},"product_brand":[],"product_cat":[58],"product_tag":[],"class_list":{"0":"post-7258","1":"product","2":"type-product","3":"status-publish","5":"product_cat-speciality","7":"first","8":"instock","9":"shipping-taxable","10":"product-type-simple"},"acf":[],"yoast_head":"<!-- This site is optimized with the Yoast SEO plugin v27.2 - https:\/\/yoast.com\/product\/yoast-seo-wordpress\/ -->\n<title>ENERGIZER\u00ae ELECTRONIC BATTERIES \u2013 A23\/E23A - Belgium French<\/title>\n<meta name=\"robots\" content=\"index, follow, max-snippet:-1, max-image-preview:large, max-video-preview:-1\" \/>\n<link rel=\"canonical\" href=\"https:\/\/energizer.com\/eu\/belgium_french\/product\/energizer-electronic-batteries-a23-e23a\/\" \/>\n<meta property=\"og:locale\" content=\"en_US\" \/>\n<meta property=\"og:type\" content=\"article\" \/>\n<meta property=\"og:title\" content=\"ENERGIZER\u00ae ELECTRONIC BATTERIES \u2013 A23\/E23A - Belgium French\" \/>\n<meta property=\"og:description\" content=\"Qui dit appareils sp\u00e9ciaux dit aussi besoins sp\u00e9ciaux en \u00e9nergie. C\u2019est pourquoi nos piles miniatures alcalines Energizer A23 fournissent une alimentation fiable pour tous vos appareils fonctionnant sur piles. Que ce soit pour vos casques sans fil, vos manettes de jeu, vos appareils photo ou vos dispositifs m\u00e9dicaux, vous savez que vous faites le bon choix avec les piles alcalines miniatures Energizer A23. Essayez-les : nos piles sont petites en taille, mais grande par la performance. Conservent leur \u00e9nergie dans leur emballage pendant 3 ans, pour \u00eatre pr\u00eates \u00e0 \u00eatre utilis\u00e9es quand vous en aurez besoin\" \/>\n<meta property=\"og:url\" content=\"https:\/\/energizer.com\/eu\/belgium_french\/product\/energizer-electronic-batteries-a23-e23a\/\" \/>\n<meta property=\"og:site_name\" content=\"Belgium French\" \/>\n<meta property=\"article:modified_time\" content=\"2024-08-23T09:22:13+00:00\" \/>\n<meta name=\"twitter:card\" content=\"summary_large_image\" \/>\n<script type=\"application\/ld+json\" class=\"yoast-schema-graph\">{\"@context\":\"https:\/\/schema.org\",\"@graph\":[{\"@type\":\"WebPage\",\"@id\":\"https:\/\/energizer.com\/eu\/belgium_french\/product\/energizer-electronic-batteries-a23-e23a\/\",\"url\":\"https:\/\/energizer.com\/eu\/belgium_french\/product\/energizer-electronic-batteries-a23-e23a\/\",\"name\":\"ENERGIZER\u00ae ELECTRONIC BATTERIES \u2013 A23\/E23A - Belgium French\",\"isPartOf\":{\"@id\":\"https:\/\/energizer.com\/eu\/belgium_french\/#website\"},\"datePublished\":\"2024-06-03T05:16:31+00:00\",\"dateModified\":\"2024-08-23T09:22:13+00:00\",\"breadcrumb\":{\"@id\":\"https:\/\/energizer.com\/eu\/belgium_french\/product\/energizer-electronic-batteries-a23-e23a\/#breadcrumb\"},\"inLanguage\":\"en-US\",\"potentialAction\":[{\"@type\":\"ReadAction\",\"target\":[\"https:\/\/energizer.com\/eu\/belgium_french\/product\/energizer-electronic-batteries-a23-e23a\/\"]}]},{\"@type\":\"BreadcrumbList\",\"@id\":\"https:\/\/energizer.com\/eu\/belgium_french\/product\/energizer-electronic-batteries-a23-e23a\/#breadcrumb\",\"itemListElement\":[{\"@type\":\"ListItem\",\"position\":1,\"name\":\"Home\",\"item\":\"https:\/\/energizer.com\/eu\/belgium_french\/\"},{\"@type\":\"ListItem\",\"position\":2,\"name\":\"ENERGIZER\u00ae ELECTRONIC BATTERIES \u2013 A23\/E23A\"}]},{\"@type\":\"WebSite\",\"@id\":\"https:\/\/energizer.com\/eu\/belgium_french\/#website\",\"url\":\"https:\/\/energizer.com\/eu\/belgium_french\/\",\"name\":\"Energizer Belgium French\",\"description\":\"\",\"publisher\":{\"@id\":\"https:\/\/energizer.com\/eu\/belgium_french\/#organization\"},\"potentialAction\":[{\"@type\":\"SearchAction\",\"target\":{\"@type\":\"EntryPoint\",\"urlTemplate\":\"https:\/\/energizer.com\/eu\/belgium_french\/?s={search_term_string}\"},\"query-input\":{\"@type\":\"PropertyValueSpecification\",\"valueRequired\":true,\"valueName\":\"search_term_string\"}}],\"inLanguage\":\"en-US\"},{\"@type\":\"Organization\",\"@id\":\"https:\/\/energizer.com\/eu\/belgium_french\/#organization\",\"name\":\"Energizer Belgium French\",\"url\":\"https:\/\/energizer.com\/eu\/belgium_french\/\",\"logo\":{\"@type\":\"ImageObject\",\"inLanguage\":\"en-US\",\"@id\":\"https:\/\/energizer.com\/eu\/belgium_french\/#\/schema\/logo\/image\/\",\"url\":\"https:\/\/energizer.com\/eu\/belgium_french\/wp-content\/uploads\/sites\/56\/2024\/04\/Energizer_brand.png\",\"contentUrl\":\"https:\/\/energizer.com\/eu\/belgium_french\/wp-content\/uploads\/sites\/56\/2024\/04\/Energizer_brand.png\",\"width\":267,\"height\":100,\"caption\":\"Energizer Belgium French\"},\"image\":{\"@id\":\"https:\/\/energizer.com\/eu\/belgium_french\/#\/schema\/logo\/image\/\"}}]}<\/script>\n<!-- \/ Yoast SEO plugin. -->","yoast_head_json":{"title":"ENERGIZER\u00ae ELECTRONIC BATTERIES \u2013 A23\/E23A - Belgium French","robots":{"index":"index","follow":"follow","max-snippet":"max-snippet:-1","max-image-preview":"max-image-preview:large","max-video-preview":"max-video-preview:-1"},"canonical":"https:\/\/energizer.com\/eu\/belgium_french\/product\/energizer-electronic-batteries-a23-e23a\/","og_locale":"en_US","og_type":"article","og_title":"ENERGIZER\u00ae ELECTRONIC BATTERIES \u2013 A23\/E23A - Belgium French","og_description":"Qui dit appareils sp\u00e9ciaux dit aussi besoins sp\u00e9ciaux en \u00e9nergie. C\u2019est pourquoi nos piles miniatures alcalines Energizer A23 fournissent une alimentation fiable pour tous vos appareils fonctionnant sur piles. Que ce soit pour vos casques sans fil, vos manettes de jeu, vos appareils photo ou vos dispositifs m\u00e9dicaux, vous savez que vous faites le bon choix avec les piles alcalines miniatures Energizer A23. Essayez-les : nos piles sont petites en taille, mais grande par la performance. Conservent leur \u00e9nergie dans leur emballage pendant 3 ans, pour \u00eatre pr\u00eates \u00e0 \u00eatre utilis\u00e9es quand vous en aurez besoin","og_url":"https:\/\/energizer.com\/eu\/belgium_french\/product\/energizer-electronic-batteries-a23-e23a\/","og_site_name":"Belgium French","article_modified_time":"2024-08-23T09:22:13+00:00","twitter_card":"summary_large_image","schema":{"@context":"https:\/\/schema.org","@graph":[{"@type":"WebPage","@id":"https:\/\/energizer.com\/eu\/belgium_french\/product\/energizer-electronic-batteries-a23-e23a\/","url":"https:\/\/energizer.com\/eu\/belgium_french\/product\/energizer-electronic-batteries-a23-e23a\/","name":"ENERGIZER\u00ae ELECTRONIC BATTERIES \u2013 A23\/E23A - Belgium French","isPartOf":{"@id":"https:\/\/energizer.com\/eu\/belgium_french\/#website"},"datePublished":"2024-06-03T05:16:31+00:00","dateModified":"2024-08-23T09:22:13+00:00","breadcrumb":{"@id":"https:\/\/energizer.com\/eu\/belgium_french\/product\/energizer-electronic-batteries-a23-e23a\/#breadcrumb"},"inLanguage":"en-US","potentialAction":[{"@type":"ReadAction","target":["https:\/\/energizer.com\/eu\/belgium_french\/product\/energizer-electronic-batteries-a23-e23a\/"]}]},{"@type":"BreadcrumbList","@id":"https:\/\/energizer.com\/eu\/belgium_french\/product\/energizer-electronic-batteries-a23-e23a\/#breadcrumb","itemListElement":[{"@type":"ListItem","position":1,"name":"Home","item":"https:\/\/energizer.com\/eu\/belgium_french\/"},{"@type":"ListItem","position":2,"name":"ENERGIZER\u00ae ELECTRONIC BATTERIES \u2013 A23\/E23A"}]},{"@type":"WebSite","@id":"https:\/\/energizer.com\/eu\/belgium_french\/#website","url":"https:\/\/energizer.com\/eu\/belgium_french\/","name":"Energizer Belgium French","description":"","publisher":{"@id":"https:\/\/energizer.com\/eu\/belgium_french\/#organization"},"potentialAction":[{"@type":"SearchAction","target":{"@type":"EntryPoint","urlTemplate":"https:\/\/energizer.com\/eu\/belgium_french\/?s={search_term_string}"},"query-input":{"@type":"PropertyValueSpecification","valueRequired":true,"valueName":"search_term_string"}}],"inLanguage":"en-US"},{"@type":"Organization","@id":"https:\/\/energizer.com\/eu\/belgium_french\/#organization","name":"Energizer Belgium French","url":"https:\/\/energizer.com\/eu\/belgium_french\/","logo":{"@type":"ImageObject","inLanguage":"en-US","@id":"https:\/\/energizer.com\/eu\/belgium_french\/#\/schema\/logo\/image\/","url":"https:\/\/energizer.com\/eu\/belgium_french\/wp-content\/uploads\/sites\/56\/2024\/04\/Energizer_brand.png","contentUrl":"https:\/\/energizer.com\/eu\/belgium_french\/wp-content\/uploads\/sites\/56\/2024\/04\/Energizer_brand.png","width":267,"height":100,"caption":"Energizer Belgium French"},"image":{"@id":"https:\/\/energizer.com\/eu\/belgium_french\/#\/schema\/logo\/image\/"}}]}},"_links":{"self":[{"href":"https:\/\/energizer.com\/eu\/belgium_french\/wp-json\/wp\/v2\/product\/7258","targetHints":{"allow":["GET"]}}],"collection":[{"href":"https:\/\/energizer.com\/eu\/belgium_french\/wp-json\/wp\/v2\/product"}],"about":[{"href":"https:\/\/energizer.com\/eu\/belgium_french\/wp-json\/wp\/v2\/types\/product"}],"replies":[{"embeddable":true,"href":"https:\/\/energizer.com\/eu\/belgium_french\/wp-json\/wp\/v2\/comments?post=7258"}],"version-history":[{"count":3,"href":"https:\/\/energizer.com\/eu\/belgium_french\/wp-json\/wp\/v2\/product\/7258\/revisions"}],"predecessor-version":[{"id":7668,"href":"https:\/\/energizer.com\/eu\/belgium_french\/wp-json\/wp\/v2\/product\/7258\/revisions\/7668"}],"wp:attachment":[{"href":"https:\/\/energizer.com\/eu\/belgium_french\/wp-json\/wp\/v2\/media?parent=7258"}],"wp:term":[{"taxonomy":"product_brand","embeddable":true,"href":"https:\/\/energizer.com\/eu\/belgium_french\/wp-json\/wp\/v2\/product_brand?post=7258"},{"taxonomy":"product_cat","embeddable":true,"href":"https:\/\/energizer.com\/eu\/belgium_french\/wp-json\/wp\/v2\/product_cat?post=7258"},{"taxonomy":"product_tag","embeddable":true,"href":"https:\/\/energizer.com\/eu\/belgium_french\/wp-json\/wp\/v2\/product_tag?post=7258"}],"curies":[{"name":"wp","href":"https:\/\/api.w.org\/{rel}","templated":true}]}}