{"id":7275,"date":"2024-06-03T05:16:32","date_gmt":"2024-06-03T05:16:32","guid":{"rendered":"https:\/\/23b13e8ab3.nxcli.io\/belgium-french\/?post_type=product&#038;p=7275"},"modified":"2024-08-23T13:22:54","modified_gmt":"2024-08-23T13:22:54","slug":"energizer-watch-batteries-394-380","status":"publish","type":"product","link":"https:\/\/energizer.com\/eu\/belgium_french\/product\/energizer-watch-batteries-394-380\/","title":{"rendered":"ENERGIZER\u00ae WATCH BATTERIES \u2013 394\/380"},"content":{"rendered":"<ul>\n<li>Contient une (X) pile bouton Energizer Silver Oxide 394\/380<\/li>\n<li>Conservent leur \u00e9nergie dans leur emballage pendant 5 ans, ce qui vous garantit que vos piles bouton seront l\u00e0 quand vous en aurez besoin<\/li>\n<li>Nos piles bouton \u00e0 l\u2019oxyde d\u2019argent sont \u00e9co-responsables et ne contiennent pas de mercure<\/li>\n<\/ul>\n","protected":false},"excerpt":{"rendered":"<p>Offrez-vous une \u00e9nergie fiable et durable qui tient sur la longueur avec cette pile bouton \u00e0 l\u2019oxyde d\u2019argent Energizer 394\/380. Elle fournit une alimentation longue dur\u00e9e \u00e0 tous vos appareils fonctionnant sur pile bouton, du petit \u00e9lectronique domestique, tel que les syst\u00e8mes de d\u00e9verrouillage sans cl\u00e9, jusqu\u2019aux liseuses \u00e9lectroniques, aux jouets, aux calculatrices et aux montres, en passant par les moniteurs de fr\u00e9quence cardiaque et les glucom\u00e8tres. Conservent leur \u00e9nergie dans leur emballage pendant 5 ans, ce qui vous garantit que vos piles bouton seront l\u00e0 quand vous en aurez besoin. Nos piles bouton \u00e0 l\u2019oxyde d\u2019argent sont \u00e9co-responsables et ne contiennent pas de mercure.<\/p>\n","protected":false},"featured_media":0,"comment_status":"open","ping_status":"closed","template":"","meta":{"_acf_changed":false},"product_brand":[],"product_cat":[58],"product_tag":[],"class_list":{"0":"post-7275","1":"product","2":"type-product","3":"status-publish","5":"product_cat-speciality","7":"first","8":"instock","9":"shipping-taxable","10":"product-type-simple"},"acf":[],"yoast_head":"<!-- This site is optimized with the Yoast SEO plugin v27.2 - https:\/\/yoast.com\/product\/yoast-seo-wordpress\/ -->\n<title>ENERGIZER\u00ae WATCH BATTERIES \u2013 394\/380 - Belgium French<\/title>\n<meta name=\"robots\" content=\"index, follow, max-snippet:-1, max-image-preview:large, max-video-preview:-1\" \/>\n<link rel=\"canonical\" href=\"https:\/\/energizer.com\/eu\/belgium_french\/product\/energizer-watch-batteries-394-380\/\" \/>\n<meta property=\"og:locale\" content=\"en_US\" \/>\n<meta property=\"og:type\" content=\"article\" \/>\n<meta property=\"og:title\" content=\"ENERGIZER\u00ae WATCH BATTERIES \u2013 394\/380 - Belgium French\" \/>\n<meta property=\"og:description\" content=\"Offrez-vous une \u00e9nergie fiable et durable qui tient sur la longueur avec cette pile bouton \u00e0 l\u2019oxyde d\u2019argent Energizer 394\/380. Elle fournit une alimentation longue dur\u00e9e \u00e0 tous vos appareils fonctionnant sur pile bouton, du petit \u00e9lectronique domestique, tel que les syst\u00e8mes de d\u00e9verrouillage sans cl\u00e9, jusqu\u2019aux liseuses \u00e9lectroniques, aux jouets, aux calculatrices et aux montres, en passant par les moniteurs de fr\u00e9quence cardiaque et les glucom\u00e8tres. Conservent leur \u00e9nergie dans leur emballage pendant 5 ans, ce qui vous garantit que vos piles bouton seront l\u00e0 quand vous en aurez besoin. Nos piles bouton \u00e0 l\u2019oxyde d\u2019argent sont \u00e9co-responsables et ne contiennent pas de mercure.\" \/>\n<meta property=\"og:url\" content=\"https:\/\/energizer.com\/eu\/belgium_french\/product\/energizer-watch-batteries-394-380\/\" \/>\n<meta property=\"og:site_name\" content=\"Belgium French\" \/>\n<meta property=\"article:modified_time\" content=\"2024-08-23T13:22:54+00:00\" \/>\n<meta name=\"twitter:card\" content=\"summary_large_image\" \/>\n<script type=\"application\/ld+json\" class=\"yoast-schema-graph\">{\"@context\":\"https:\/\/schema.org\",\"@graph\":[{\"@type\":\"WebPage\",\"@id\":\"https:\/\/energizer.com\/eu\/belgium_french\/product\/energizer-watch-batteries-394-380\/\",\"url\":\"https:\/\/energizer.com\/eu\/belgium_french\/product\/energizer-watch-batteries-394-380\/\",\"name\":\"ENERGIZER\u00ae WATCH BATTERIES \u2013 394\/380 - Belgium French\",\"isPartOf\":{\"@id\":\"https:\/\/energizer.com\/eu\/belgium_french\/#website\"},\"datePublished\":\"2024-06-03T05:16:32+00:00\",\"dateModified\":\"2024-08-23T13:22:54+00:00\",\"breadcrumb\":{\"@id\":\"https:\/\/energizer.com\/eu\/belgium_french\/product\/energizer-watch-batteries-394-380\/#breadcrumb\"},\"inLanguage\":\"en-US\",\"potentialAction\":[{\"@type\":\"ReadAction\",\"target\":[\"https:\/\/energizer.com\/eu\/belgium_french\/product\/energizer-watch-batteries-394-380\/\"]}]},{\"@type\":\"BreadcrumbList\",\"@id\":\"https:\/\/energizer.com\/eu\/belgium_french\/product\/energizer-watch-batteries-394-380\/#breadcrumb\",\"itemListElement\":[{\"@type\":\"ListItem\",\"position\":1,\"name\":\"Home\",\"item\":\"https:\/\/energizer.com\/eu\/belgium_french\/\"},{\"@type\":\"ListItem\",\"position\":2,\"name\":\"ENERGIZER\u00ae WATCH BATTERIES \u2013 394\/380\"}]},{\"@type\":\"WebSite\",\"@id\":\"https:\/\/energizer.com\/eu\/belgium_french\/#website\",\"url\":\"https:\/\/energizer.com\/eu\/belgium_french\/\",\"name\":\"Energizer Belgium French\",\"description\":\"\",\"publisher\":{\"@id\":\"https:\/\/energizer.com\/eu\/belgium_french\/#organization\"},\"potentialAction\":[{\"@type\":\"SearchAction\",\"target\":{\"@type\":\"EntryPoint\",\"urlTemplate\":\"https:\/\/energizer.com\/eu\/belgium_french\/?s={search_term_string}\"},\"query-input\":{\"@type\":\"PropertyValueSpecification\",\"valueRequired\":true,\"valueName\":\"search_term_string\"}}],\"inLanguage\":\"en-US\"},{\"@type\":\"Organization\",\"@id\":\"https:\/\/energizer.com\/eu\/belgium_french\/#organization\",\"name\":\"Energizer Belgium French\",\"url\":\"https:\/\/energizer.com\/eu\/belgium_french\/\",\"logo\":{\"@type\":\"ImageObject\",\"inLanguage\":\"en-US\",\"@id\":\"https:\/\/energizer.com\/eu\/belgium_french\/#\/schema\/logo\/image\/\",\"url\":\"https:\/\/energizer.com\/eu\/belgium_french\/wp-content\/uploads\/sites\/56\/2024\/04\/Energizer_brand.png\",\"contentUrl\":\"https:\/\/energizer.com\/eu\/belgium_french\/wp-content\/uploads\/sites\/56\/2024\/04\/Energizer_brand.png\",\"width\":267,\"height\":100,\"caption\":\"Energizer Belgium French\"},\"image\":{\"@id\":\"https:\/\/energizer.com\/eu\/belgium_french\/#\/schema\/logo\/image\/\"}}]}<\/script>\n<!-- \/ Yoast SEO plugin. -->","yoast_head_json":{"title":"ENERGIZER\u00ae WATCH BATTERIES \u2013 394\/380 - Belgium French","robots":{"index":"index","follow":"follow","max-snippet":"max-snippet:-1","max-image-preview":"max-image-preview:large","max-video-preview":"max-video-preview:-1"},"canonical":"https:\/\/energizer.com\/eu\/belgium_french\/product\/energizer-watch-batteries-394-380\/","og_locale":"en_US","og_type":"article","og_title":"ENERGIZER\u00ae WATCH BATTERIES \u2013 394\/380 - Belgium French","og_description":"Offrez-vous une \u00e9nergie fiable et durable qui tient sur la longueur avec cette pile bouton \u00e0 l\u2019oxyde d\u2019argent Energizer 394\/380. Elle fournit une alimentation longue dur\u00e9e \u00e0 tous vos appareils fonctionnant sur pile bouton, du petit \u00e9lectronique domestique, tel que les syst\u00e8mes de d\u00e9verrouillage sans cl\u00e9, jusqu\u2019aux liseuses \u00e9lectroniques, aux jouets, aux calculatrices et aux montres, en passant par les moniteurs de fr\u00e9quence cardiaque et les glucom\u00e8tres. Conservent leur \u00e9nergie dans leur emballage pendant 5 ans, ce qui vous garantit que vos piles bouton seront l\u00e0 quand vous en aurez besoin. Nos piles bouton \u00e0 l\u2019oxyde d\u2019argent sont \u00e9co-responsables et ne contiennent pas de mercure.","og_url":"https:\/\/energizer.com\/eu\/belgium_french\/product\/energizer-watch-batteries-394-380\/","og_site_name":"Belgium French","article_modified_time":"2024-08-23T13:22:54+00:00","twitter_card":"summary_large_image","schema":{"@context":"https:\/\/schema.org","@graph":[{"@type":"WebPage","@id":"https:\/\/energizer.com\/eu\/belgium_french\/product\/energizer-watch-batteries-394-380\/","url":"https:\/\/energizer.com\/eu\/belgium_french\/product\/energizer-watch-batteries-394-380\/","name":"ENERGIZER\u00ae WATCH BATTERIES \u2013 394\/380 - Belgium French","isPartOf":{"@id":"https:\/\/energizer.com\/eu\/belgium_french\/#website"},"datePublished":"2024-06-03T05:16:32+00:00","dateModified":"2024-08-23T13:22:54+00:00","breadcrumb":{"@id":"https:\/\/energizer.com\/eu\/belgium_french\/product\/energizer-watch-batteries-394-380\/#breadcrumb"},"inLanguage":"en-US","potentialAction":[{"@type":"ReadAction","target":["https:\/\/energizer.com\/eu\/belgium_french\/product\/energizer-watch-batteries-394-380\/"]}]},{"@type":"BreadcrumbList","@id":"https:\/\/energizer.com\/eu\/belgium_french\/product\/energizer-watch-batteries-394-380\/#breadcrumb","itemListElement":[{"@type":"ListItem","position":1,"name":"Home","item":"https:\/\/energizer.com\/eu\/belgium_french\/"},{"@type":"ListItem","position":2,"name":"ENERGIZER\u00ae WATCH BATTERIES \u2013 394\/380"}]},{"@type":"WebSite","@id":"https:\/\/energizer.com\/eu\/belgium_french\/#website","url":"https:\/\/energizer.com\/eu\/belgium_french\/","name":"Energizer Belgium French","description":"","publisher":{"@id":"https:\/\/energizer.com\/eu\/belgium_french\/#organization"},"potentialAction":[{"@type":"SearchAction","target":{"@type":"EntryPoint","urlTemplate":"https:\/\/energizer.com\/eu\/belgium_french\/?s={search_term_string}"},"query-input":{"@type":"PropertyValueSpecification","valueRequired":true,"valueName":"search_term_string"}}],"inLanguage":"en-US"},{"@type":"Organization","@id":"https:\/\/energizer.com\/eu\/belgium_french\/#organization","name":"Energizer Belgium French","url":"https:\/\/energizer.com\/eu\/belgium_french\/","logo":{"@type":"ImageObject","inLanguage":"en-US","@id":"https:\/\/energizer.com\/eu\/belgium_french\/#\/schema\/logo\/image\/","url":"https:\/\/energizer.com\/eu\/belgium_french\/wp-content\/uploads\/sites\/56\/2024\/04\/Energizer_brand.png","contentUrl":"https:\/\/energizer.com\/eu\/belgium_french\/wp-content\/uploads\/sites\/56\/2024\/04\/Energizer_brand.png","width":267,"height":100,"caption":"Energizer Belgium French"},"image":{"@id":"https:\/\/energizer.com\/eu\/belgium_french\/#\/schema\/logo\/image\/"}}]}},"_links":{"self":[{"href":"https:\/\/energizer.com\/eu\/belgium_french\/wp-json\/wp\/v2\/product\/7275","targetHints":{"allow":["GET"]}}],"collection":[{"href":"https:\/\/energizer.com\/eu\/belgium_french\/wp-json\/wp\/v2\/product"}],"about":[{"href":"https:\/\/energizer.com\/eu\/belgium_french\/wp-json\/wp\/v2\/types\/product"}],"replies":[{"embeddable":true,"href":"https:\/\/energizer.com\/eu\/belgium_french\/wp-json\/wp\/v2\/comments?post=7275"}],"version-history":[{"count":4,"href":"https:\/\/energizer.com\/eu\/belgium_french\/wp-json\/wp\/v2\/product\/7275\/revisions"}],"predecessor-version":[{"id":9523,"href":"https:\/\/energizer.com\/eu\/belgium_french\/wp-json\/wp\/v2\/product\/7275\/revisions\/9523"}],"wp:attachment":[{"href":"https:\/\/energizer.com\/eu\/belgium_french\/wp-json\/wp\/v2\/media?parent=7275"}],"wp:term":[{"taxonomy":"product_brand","embeddable":true,"href":"https:\/\/energizer.com\/eu\/belgium_french\/wp-json\/wp\/v2\/product_brand?post=7275"},{"taxonomy":"product_cat","embeddable":true,"href":"https:\/\/energizer.com\/eu\/belgium_french\/wp-json\/wp\/v2\/product_cat?post=7275"},{"taxonomy":"product_tag","embeddable":true,"href":"https:\/\/energizer.com\/eu\/belgium_french\/wp-json\/wp\/v2\/product_tag?post=7275"}],"curies":[{"name":"wp","href":"https:\/\/api.w.org\/{rel}","templated":true}]}}