{"id":7326,"date":"2024-06-03T05:16:36","date_gmt":"2024-06-03T05:16:36","guid":{"rendered":"https:\/\/23b13e8ab3.nxcli.io\/belgium-french\/?post_type=product&#038;p=7326"},"modified":"2024-08-23T13:34:40","modified_gmt":"2024-08-23T13:34:40","slug":"energizer-pro-charger","status":"publish","type":"product","link":"https:\/\/energizer.com\/eu\/belgium_french\/product\/energizer-pro-charger\/","title":{"rendered":"ENERGIZER\u00ae PRO-CHARGER"},"content":{"rendered":"<ul>\n<li>Chargeur Energizer Recharge Pro pour piles NiMH rechargeables AA et AAA<\/li>\n<li>Compatible : Ce chargeur de piles Energizer alimente toutes les piles NiMH AAA et AA &#8211; les piles Energizer Recharge sont recommand\u00e9es<\/li>\n<li>Fiable : La puissance de charge rapide de Recharge Pro permet une charge compl\u00e8te en 4 heures &#8211; les temps peuvent varier en fonction de la batterie NiMH<\/li>\n<li>Facile \u00e0 utiliser : L&#8217;indicateur d&#8217;\u00e9tat de charge vous avertit visuellement et auditivement du niveau de charge de vos piles<\/li>\n<li>S\u00fbr : Con\u00e7u avec une protection contre la surcharge et un arr\u00eat de s\u00e9curit\u00e9 pour \u00e9viter que vos batteries ne se surchargent, maximisant ainsi leurs performances<\/li>\n<li>Le choix des clients : Energizer est la premi\u00e8re marque mondiale de piles rechargeables, selon les donn\u00e9es d&#8217;analyse<\/li>\n<\/ul>\n","protected":false},"excerpt":{"rendered":"<p>Choisissez le chargeur de batterie Energizer Pro, rapide et fiable, pour que vos appareils essentiels fonctionnent au maximum de leurs performances. Parfait pour vos gadgets les plus utilis\u00e9s, comme les appareils photo num\u00e9riques, les moniteurs pour b\u00e9b\u00e9s, les manettes de jeu, les souris sans fil et bien plus encore. Ce chargeur Energizer Pro pratique recharge 2 ou 4 piles NiMH AA ou AAA en seulement 4 heures (le temps peut varier selon la pile NiMH). Il suffit de charger le chargeur de piles rechargeables et de le brancher pour obtenir de l&#8217;\u00e9nergie quand vous en avez besoin. Gr\u00e2ce \u00e0 ses voyants LED (rouge = 0-49%, jaune = 50-99%, vert = 100%) et \u00e0 ses indicateurs sonores, le chargeur Energizer Pro vous informe de l&#8217;\u00e9tat de charge de vos piles.<\/p>\n","protected":false},"featured_media":0,"comment_status":"open","ping_status":"closed","template":"","meta":{"_acf_changed":false},"product_brand":[],"product_cat":[82],"product_tag":[],"class_list":{"0":"post-7326","1":"product","2":"type-product","3":"status-publish","5":"product_cat-recharge-battery-chargers","7":"first","8":"instock","9":"shipping-taxable","10":"product-type-simple"},"acf":[],"yoast_head":"<!-- This site is optimized with the Yoast SEO plugin v27.2 - https:\/\/yoast.com\/product\/yoast-seo-wordpress\/ -->\n<title>ENERGIZER\u00ae PRO-CHARGER - Belgium French<\/title>\n<meta name=\"robots\" content=\"index, follow, max-snippet:-1, max-image-preview:large, max-video-preview:-1\" \/>\n<link rel=\"canonical\" href=\"https:\/\/energizer.com\/eu\/belgium_french\/product\/energizer-pro-charger\/\" \/>\n<meta property=\"og:locale\" content=\"en_US\" \/>\n<meta property=\"og:type\" content=\"article\" \/>\n<meta property=\"og:title\" content=\"ENERGIZER\u00ae PRO-CHARGER - Belgium French\" \/>\n<meta property=\"og:description\" content=\"Choisissez le chargeur de batterie Energizer Pro, rapide et fiable, pour que vos appareils essentiels fonctionnent au maximum de leurs performances. Parfait pour vos gadgets les plus utilis\u00e9s, comme les appareils photo num\u00e9riques, les moniteurs pour b\u00e9b\u00e9s, les manettes de jeu, les souris sans fil et bien plus encore. Ce chargeur Energizer Pro pratique recharge 2 ou 4 piles NiMH AA ou AAA en seulement 4 heures (le temps peut varier selon la pile NiMH). Il suffit de charger le chargeur de piles rechargeables et de le brancher pour obtenir de l&#039;\u00e9nergie quand vous en avez besoin. Gr\u00e2ce \u00e0 ses voyants LED (rouge = 0-49%, jaune = 50-99%, vert = 100%) et \u00e0 ses indicateurs sonores, le chargeur Energizer Pro vous informe de l&#039;\u00e9tat de charge de vos piles.\" \/>\n<meta property=\"og:url\" content=\"https:\/\/energizer.com\/eu\/belgium_french\/product\/energizer-pro-charger\/\" \/>\n<meta property=\"og:site_name\" content=\"Belgium French\" \/>\n<meta property=\"article:modified_time\" content=\"2024-08-23T13:34:40+00:00\" \/>\n<meta name=\"twitter:card\" content=\"summary_large_image\" \/>\n<script type=\"application\/ld+json\" class=\"yoast-schema-graph\">{\"@context\":\"https:\/\/schema.org\",\"@graph\":[{\"@type\":\"WebPage\",\"@id\":\"https:\/\/energizer.com\/eu\/belgium_french\/product\/energizer-pro-charger\/\",\"url\":\"https:\/\/energizer.com\/eu\/belgium_french\/product\/energizer-pro-charger\/\",\"name\":\"ENERGIZER\u00ae PRO-CHARGER - Belgium French\",\"isPartOf\":{\"@id\":\"https:\/\/energizer.com\/eu\/belgium_french\/#website\"},\"datePublished\":\"2024-06-03T05:16:36+00:00\",\"dateModified\":\"2024-08-23T13:34:40+00:00\",\"breadcrumb\":{\"@id\":\"https:\/\/energizer.com\/eu\/belgium_french\/product\/energizer-pro-charger\/#breadcrumb\"},\"inLanguage\":\"en-US\",\"potentialAction\":[{\"@type\":\"ReadAction\",\"target\":[\"https:\/\/energizer.com\/eu\/belgium_french\/product\/energizer-pro-charger\/\"]}]},{\"@type\":\"BreadcrumbList\",\"@id\":\"https:\/\/energizer.com\/eu\/belgium_french\/product\/energizer-pro-charger\/#breadcrumb\",\"itemListElement\":[{\"@type\":\"ListItem\",\"position\":1,\"name\":\"Home\",\"item\":\"https:\/\/energizer.com\/eu\/belgium_french\/\"},{\"@type\":\"ListItem\",\"position\":2,\"name\":\"ENERGIZER\u00ae PRO-CHARGER\"}]},{\"@type\":\"WebSite\",\"@id\":\"https:\/\/energizer.com\/eu\/belgium_french\/#website\",\"url\":\"https:\/\/energizer.com\/eu\/belgium_french\/\",\"name\":\"Energizer Belgium French\",\"description\":\"\",\"publisher\":{\"@id\":\"https:\/\/energizer.com\/eu\/belgium_french\/#organization\"},\"potentialAction\":[{\"@type\":\"SearchAction\",\"target\":{\"@type\":\"EntryPoint\",\"urlTemplate\":\"https:\/\/energizer.com\/eu\/belgium_french\/?s={search_term_string}\"},\"query-input\":{\"@type\":\"PropertyValueSpecification\",\"valueRequired\":true,\"valueName\":\"search_term_string\"}}],\"inLanguage\":\"en-US\"},{\"@type\":\"Organization\",\"@id\":\"https:\/\/energizer.com\/eu\/belgium_french\/#organization\",\"name\":\"Energizer Belgium French\",\"url\":\"https:\/\/energizer.com\/eu\/belgium_french\/\",\"logo\":{\"@type\":\"ImageObject\",\"inLanguage\":\"en-US\",\"@id\":\"https:\/\/energizer.com\/eu\/belgium_french\/#\/schema\/logo\/image\/\",\"url\":\"https:\/\/energizer.com\/eu\/belgium_french\/wp-content\/uploads\/sites\/56\/2024\/04\/Energizer_brand.png\",\"contentUrl\":\"https:\/\/energizer.com\/eu\/belgium_french\/wp-content\/uploads\/sites\/56\/2024\/04\/Energizer_brand.png\",\"width\":267,\"height\":100,\"caption\":\"Energizer Belgium French\"},\"image\":{\"@id\":\"https:\/\/energizer.com\/eu\/belgium_french\/#\/schema\/logo\/image\/\"}}]}<\/script>\n<!-- \/ Yoast SEO plugin. -->","yoast_head_json":{"title":"ENERGIZER\u00ae PRO-CHARGER - Belgium French","robots":{"index":"index","follow":"follow","max-snippet":"max-snippet:-1","max-image-preview":"max-image-preview:large","max-video-preview":"max-video-preview:-1"},"canonical":"https:\/\/energizer.com\/eu\/belgium_french\/product\/energizer-pro-charger\/","og_locale":"en_US","og_type":"article","og_title":"ENERGIZER\u00ae PRO-CHARGER - Belgium French","og_description":"Choisissez le chargeur de batterie Energizer Pro, rapide et fiable, pour que vos appareils essentiels fonctionnent au maximum de leurs performances. Parfait pour vos gadgets les plus utilis\u00e9s, comme les appareils photo num\u00e9riques, les moniteurs pour b\u00e9b\u00e9s, les manettes de jeu, les souris sans fil et bien plus encore. Ce chargeur Energizer Pro pratique recharge 2 ou 4 piles NiMH AA ou AAA en seulement 4 heures (le temps peut varier selon la pile NiMH). Il suffit de charger le chargeur de piles rechargeables et de le brancher pour obtenir de l'\u00e9nergie quand vous en avez besoin. Gr\u00e2ce \u00e0 ses voyants LED (rouge = 0-49%, jaune = 50-99%, vert = 100%) et \u00e0 ses indicateurs sonores, le chargeur Energizer Pro vous informe de l'\u00e9tat de charge de vos piles.","og_url":"https:\/\/energizer.com\/eu\/belgium_french\/product\/energizer-pro-charger\/","og_site_name":"Belgium French","article_modified_time":"2024-08-23T13:34:40+00:00","twitter_card":"summary_large_image","schema":{"@context":"https:\/\/schema.org","@graph":[{"@type":"WebPage","@id":"https:\/\/energizer.com\/eu\/belgium_french\/product\/energizer-pro-charger\/","url":"https:\/\/energizer.com\/eu\/belgium_french\/product\/energizer-pro-charger\/","name":"ENERGIZER\u00ae PRO-CHARGER - Belgium French","isPartOf":{"@id":"https:\/\/energizer.com\/eu\/belgium_french\/#website"},"datePublished":"2024-06-03T05:16:36+00:00","dateModified":"2024-08-23T13:34:40+00:00","breadcrumb":{"@id":"https:\/\/energizer.com\/eu\/belgium_french\/product\/energizer-pro-charger\/#breadcrumb"},"inLanguage":"en-US","potentialAction":[{"@type":"ReadAction","target":["https:\/\/energizer.com\/eu\/belgium_french\/product\/energizer-pro-charger\/"]}]},{"@type":"BreadcrumbList","@id":"https:\/\/energizer.com\/eu\/belgium_french\/product\/energizer-pro-charger\/#breadcrumb","itemListElement":[{"@type":"ListItem","position":1,"name":"Home","item":"https:\/\/energizer.com\/eu\/belgium_french\/"},{"@type":"ListItem","position":2,"name":"ENERGIZER\u00ae PRO-CHARGER"}]},{"@type":"WebSite","@id":"https:\/\/energizer.com\/eu\/belgium_french\/#website","url":"https:\/\/energizer.com\/eu\/belgium_french\/","name":"Energizer Belgium French","description":"","publisher":{"@id":"https:\/\/energizer.com\/eu\/belgium_french\/#organization"},"potentialAction":[{"@type":"SearchAction","target":{"@type":"EntryPoint","urlTemplate":"https:\/\/energizer.com\/eu\/belgium_french\/?s={search_term_string}"},"query-input":{"@type":"PropertyValueSpecification","valueRequired":true,"valueName":"search_term_string"}}],"inLanguage":"en-US"},{"@type":"Organization","@id":"https:\/\/energizer.com\/eu\/belgium_french\/#organization","name":"Energizer Belgium French","url":"https:\/\/energizer.com\/eu\/belgium_french\/","logo":{"@type":"ImageObject","inLanguage":"en-US","@id":"https:\/\/energizer.com\/eu\/belgium_french\/#\/schema\/logo\/image\/","url":"https:\/\/energizer.com\/eu\/belgium_french\/wp-content\/uploads\/sites\/56\/2024\/04\/Energizer_brand.png","contentUrl":"https:\/\/energizer.com\/eu\/belgium_french\/wp-content\/uploads\/sites\/56\/2024\/04\/Energizer_brand.png","width":267,"height":100,"caption":"Energizer Belgium French"},"image":{"@id":"https:\/\/energizer.com\/eu\/belgium_french\/#\/schema\/logo\/image\/"}}]}},"_links":{"self":[{"href":"https:\/\/energizer.com\/eu\/belgium_french\/wp-json\/wp\/v2\/product\/7326","targetHints":{"allow":["GET"]}}],"collection":[{"href":"https:\/\/energizer.com\/eu\/belgium_french\/wp-json\/wp\/v2\/product"}],"about":[{"href":"https:\/\/energizer.com\/eu\/belgium_french\/wp-json\/wp\/v2\/types\/product"}],"replies":[{"embeddable":true,"href":"https:\/\/energizer.com\/eu\/belgium_french\/wp-json\/wp\/v2\/comments?post=7326"}],"version-history":[{"count":4,"href":"https:\/\/energizer.com\/eu\/belgium_french\/wp-json\/wp\/v2\/product\/7326\/revisions"}],"predecessor-version":[{"id":9544,"href":"https:\/\/energizer.com\/eu\/belgium_french\/wp-json\/wp\/v2\/product\/7326\/revisions\/9544"}],"wp:attachment":[{"href":"https:\/\/energizer.com\/eu\/belgium_french\/wp-json\/wp\/v2\/media?parent=7326"}],"wp:term":[{"taxonomy":"product_brand","embeddable":true,"href":"https:\/\/energizer.com\/eu\/belgium_french\/wp-json\/wp\/v2\/product_brand?post=7326"},{"taxonomy":"product_cat","embeddable":true,"href":"https:\/\/energizer.com\/eu\/belgium_french\/wp-json\/wp\/v2\/product_cat?post=7326"},{"taxonomy":"product_tag","embeddable":true,"href":"https:\/\/energizer.com\/eu\/belgium_french\/wp-json\/wp\/v2\/product_tag?post=7326"}],"curies":[{"name":"wp","href":"https:\/\/api.w.org\/{rel}","templated":true}]}}