{"id":7327,"date":"2024-06-03T05:16:36","date_gmt":"2024-06-03T05:16:36","guid":{"rendered":"https:\/\/23b13e8ab3.nxcli.io\/belgium-french\/?post_type=product&#038;p=7327"},"modified":"2025-01-08T10:20:47","modified_gmt":"2025-01-08T10:20:47","slug":"energizer-maxi-charger","status":"publish","type":"product","link":"https:\/\/energizer.com\/eu\/belgium_french\/product\/energizer-maxi-charger\/","title":{"rendered":"ENERGIZER\u00ae MAXI CHARGER"},"content":{"rendered":"<ul>\n<li>Charge 2 ou 4 piles rechargeables AA ou AAA NiMH en une seule fois (4 piles AA incluses)<\/li>\n<li>Charge compl\u00e8te en 5 heures*<\/li>\n<li>Grand \u00e9cran LED facile \u00e0 lire qui affiche l&#8217;\u00e9tat de la charge (rouge = en charge, vert = pr\u00eat \u00e0 l&#8217;emploi)<\/li>\n<li>La fonction Delta V arr\u00eate la charge pour prot\u00e9ger vos piles contre la surcharge<\/li>\n<li>Compatible avec toutes les piles rechargeables AAA ou AA NiMH (piles Energizer Recharge recommand\u00e9es)<\/li>\n<li>La premi\u00e8re marque de piles rechargeables au monde (selon les donn\u00e9es d&#8217;une \u00e9tude de march\u00e9)<\/li>\n<\/ul>\n","protected":false},"excerpt":{"rendered":"<p>Gardez l&#8217;\u00e9nergie dont vous aurez besoin \u00e0 port\u00e9e de main gr\u00e2ce au chargeur Energizer Recharge Maxi. Cet appareil pratique recharge 2 ou 4 piles NiMH AA ou AAA en 5 heures* : Il suffit de charger l&#8217;appareil, de le brancher au mur et vous disposerez d&#8217;une batterie enti\u00e8rement charg\u00e9e lorsque vous en avez besoin. L&#8217;\u00e9cran indicateur du chargeur s&#8217;allume en vert lorsque la charge est compl\u00e8te. Si vous ins\u00e9rez une mauvaise batterie ou une batterie principale, l&#8217;\u00e9cran \u00e9met des impulsions pour vous en informer. Parfait pour les appareils les plus utilis\u00e9s comme les t\u00e9l\u00e9commandes, les souris d&#8217;ordinateur et m\u00eame les manettes de jeu&#8230; Maximisez donc les performances de vos batteries gr\u00e2ce \u00e0 la puissance de charge d&#8217;Energizer, la marque de recharge num\u00e9ro 1 au monde (selon les donn\u00e9es d&#8217;\u00e9tudes de march\u00e9).<\/p>\n","protected":false},"featured_media":0,"comment_status":"open","ping_status":"closed","template":"","meta":{"_acf_changed":false},"product_brand":[],"product_cat":[82],"product_tag":[],"class_list":{"0":"post-7327","1":"product","2":"type-product","3":"status-publish","5":"product_cat-recharge-battery-chargers","7":"first","8":"instock","9":"shipping-taxable","10":"product-type-simple"},"acf":[],"yoast_head":"<!-- This site is optimized with the Yoast SEO plugin v27.2 - https:\/\/yoast.com\/product\/yoast-seo-wordpress\/ -->\n<title>ENERGIZER\u00ae MAXI CHARGER - Belgium French<\/title>\n<meta name=\"robots\" content=\"index, follow, max-snippet:-1, max-image-preview:large, max-video-preview:-1\" \/>\n<link rel=\"canonical\" href=\"https:\/\/energizer.com\/eu\/belgium_french\/product\/energizer-maxi-charger\/\" \/>\n<meta property=\"og:locale\" content=\"en_US\" \/>\n<meta property=\"og:type\" content=\"article\" \/>\n<meta property=\"og:title\" content=\"ENERGIZER\u00ae MAXI CHARGER - Belgium French\" \/>\n<meta property=\"og:description\" content=\"Gardez l&#039;\u00e9nergie dont vous aurez besoin \u00e0 port\u00e9e de main gr\u00e2ce au chargeur Energizer Recharge Maxi. Cet appareil pratique recharge 2 ou 4 piles NiMH AA ou AAA en 5 heures* : Il suffit de charger l&#039;appareil, de le brancher au mur et vous disposerez d&#039;une batterie enti\u00e8rement charg\u00e9e lorsque vous en avez besoin. L&#039;\u00e9cran indicateur du chargeur s&#039;allume en vert lorsque la charge est compl\u00e8te. Si vous ins\u00e9rez une mauvaise batterie ou une batterie principale, l&#039;\u00e9cran \u00e9met des impulsions pour vous en informer. Parfait pour les appareils les plus utilis\u00e9s comme les t\u00e9l\u00e9commandes, les souris d&#039;ordinateur et m\u00eame les manettes de jeu... Maximisez donc les performances de vos batteries gr\u00e2ce \u00e0 la puissance de charge d&#039;Energizer, la marque de recharge num\u00e9ro 1 au monde (selon les donn\u00e9es d&#039;\u00e9tudes de march\u00e9).\" \/>\n<meta property=\"og:url\" content=\"https:\/\/energizer.com\/eu\/belgium_french\/product\/energizer-maxi-charger\/\" \/>\n<meta property=\"og:site_name\" content=\"Belgium French\" \/>\n<meta property=\"article:modified_time\" content=\"2025-01-08T10:20:47+00:00\" \/>\n<meta name=\"twitter:card\" content=\"summary_large_image\" \/>\n<script type=\"application\/ld+json\" class=\"yoast-schema-graph\">{\"@context\":\"https:\/\/schema.org\",\"@graph\":[{\"@type\":\"WebPage\",\"@id\":\"https:\/\/energizer.com\/eu\/belgium_french\/product\/energizer-maxi-charger\/\",\"url\":\"https:\/\/energizer.com\/eu\/belgium_french\/product\/energizer-maxi-charger\/\",\"name\":\"ENERGIZER\u00ae MAXI CHARGER - Belgium French\",\"isPartOf\":{\"@id\":\"https:\/\/energizer.com\/eu\/belgium_french\/#website\"},\"datePublished\":\"2024-06-03T05:16:36+00:00\",\"dateModified\":\"2025-01-08T10:20:47+00:00\",\"breadcrumb\":{\"@id\":\"https:\/\/energizer.com\/eu\/belgium_french\/product\/energizer-maxi-charger\/#breadcrumb\"},\"inLanguage\":\"en-US\",\"potentialAction\":[{\"@type\":\"ReadAction\",\"target\":[\"https:\/\/energizer.com\/eu\/belgium_french\/product\/energizer-maxi-charger\/\"]}]},{\"@type\":\"BreadcrumbList\",\"@id\":\"https:\/\/energizer.com\/eu\/belgium_french\/product\/energizer-maxi-charger\/#breadcrumb\",\"itemListElement\":[{\"@type\":\"ListItem\",\"position\":1,\"name\":\"Home\",\"item\":\"https:\/\/energizer.com\/eu\/belgium_french\/\"},{\"@type\":\"ListItem\",\"position\":2,\"name\":\"ENERGIZER\u00ae MAXI CHARGER\"}]},{\"@type\":\"WebSite\",\"@id\":\"https:\/\/energizer.com\/eu\/belgium_french\/#website\",\"url\":\"https:\/\/energizer.com\/eu\/belgium_french\/\",\"name\":\"Energizer Belgium French\",\"description\":\"\",\"publisher\":{\"@id\":\"https:\/\/energizer.com\/eu\/belgium_french\/#organization\"},\"potentialAction\":[{\"@type\":\"SearchAction\",\"target\":{\"@type\":\"EntryPoint\",\"urlTemplate\":\"https:\/\/energizer.com\/eu\/belgium_french\/?s={search_term_string}\"},\"query-input\":{\"@type\":\"PropertyValueSpecification\",\"valueRequired\":true,\"valueName\":\"search_term_string\"}}],\"inLanguage\":\"en-US\"},{\"@type\":\"Organization\",\"@id\":\"https:\/\/energizer.com\/eu\/belgium_french\/#organization\",\"name\":\"Energizer Belgium French\",\"url\":\"https:\/\/energizer.com\/eu\/belgium_french\/\",\"logo\":{\"@type\":\"ImageObject\",\"inLanguage\":\"en-US\",\"@id\":\"https:\/\/energizer.com\/eu\/belgium_french\/#\/schema\/logo\/image\/\",\"url\":\"https:\/\/energizer.com\/eu\/belgium_french\/wp-content\/uploads\/sites\/56\/2024\/04\/Energizer_brand.png\",\"contentUrl\":\"https:\/\/energizer.com\/eu\/belgium_french\/wp-content\/uploads\/sites\/56\/2024\/04\/Energizer_brand.png\",\"width\":267,\"height\":100,\"caption\":\"Energizer Belgium French\"},\"image\":{\"@id\":\"https:\/\/energizer.com\/eu\/belgium_french\/#\/schema\/logo\/image\/\"}}]}<\/script>\n<!-- \/ Yoast SEO plugin. -->","yoast_head_json":{"title":"ENERGIZER\u00ae MAXI CHARGER - Belgium French","robots":{"index":"index","follow":"follow","max-snippet":"max-snippet:-1","max-image-preview":"max-image-preview:large","max-video-preview":"max-video-preview:-1"},"canonical":"https:\/\/energizer.com\/eu\/belgium_french\/product\/energizer-maxi-charger\/","og_locale":"en_US","og_type":"article","og_title":"ENERGIZER\u00ae MAXI CHARGER - Belgium French","og_description":"Gardez l'\u00e9nergie dont vous aurez besoin \u00e0 port\u00e9e de main gr\u00e2ce au chargeur Energizer Recharge Maxi. Cet appareil pratique recharge 2 ou 4 piles NiMH AA ou AAA en 5 heures* : Il suffit de charger l'appareil, de le brancher au mur et vous disposerez d'une batterie enti\u00e8rement charg\u00e9e lorsque vous en avez besoin. L'\u00e9cran indicateur du chargeur s'allume en vert lorsque la charge est compl\u00e8te. Si vous ins\u00e9rez une mauvaise batterie ou une batterie principale, l'\u00e9cran \u00e9met des impulsions pour vous en informer. Parfait pour les appareils les plus utilis\u00e9s comme les t\u00e9l\u00e9commandes, les souris d'ordinateur et m\u00eame les manettes de jeu... Maximisez donc les performances de vos batteries gr\u00e2ce \u00e0 la puissance de charge d'Energizer, la marque de recharge num\u00e9ro 1 au monde (selon les donn\u00e9es d'\u00e9tudes de march\u00e9).","og_url":"https:\/\/energizer.com\/eu\/belgium_french\/product\/energizer-maxi-charger\/","og_site_name":"Belgium French","article_modified_time":"2025-01-08T10:20:47+00:00","twitter_card":"summary_large_image","schema":{"@context":"https:\/\/schema.org","@graph":[{"@type":"WebPage","@id":"https:\/\/energizer.com\/eu\/belgium_french\/product\/energizer-maxi-charger\/","url":"https:\/\/energizer.com\/eu\/belgium_french\/product\/energizer-maxi-charger\/","name":"ENERGIZER\u00ae MAXI CHARGER - Belgium French","isPartOf":{"@id":"https:\/\/energizer.com\/eu\/belgium_french\/#website"},"datePublished":"2024-06-03T05:16:36+00:00","dateModified":"2025-01-08T10:20:47+00:00","breadcrumb":{"@id":"https:\/\/energizer.com\/eu\/belgium_french\/product\/energizer-maxi-charger\/#breadcrumb"},"inLanguage":"en-US","potentialAction":[{"@type":"ReadAction","target":["https:\/\/energizer.com\/eu\/belgium_french\/product\/energizer-maxi-charger\/"]}]},{"@type":"BreadcrumbList","@id":"https:\/\/energizer.com\/eu\/belgium_french\/product\/energizer-maxi-charger\/#breadcrumb","itemListElement":[{"@type":"ListItem","position":1,"name":"Home","item":"https:\/\/energizer.com\/eu\/belgium_french\/"},{"@type":"ListItem","position":2,"name":"ENERGIZER\u00ae MAXI CHARGER"}]},{"@type":"WebSite","@id":"https:\/\/energizer.com\/eu\/belgium_french\/#website","url":"https:\/\/energizer.com\/eu\/belgium_french\/","name":"Energizer Belgium French","description":"","publisher":{"@id":"https:\/\/energizer.com\/eu\/belgium_french\/#organization"},"potentialAction":[{"@type":"SearchAction","target":{"@type":"EntryPoint","urlTemplate":"https:\/\/energizer.com\/eu\/belgium_french\/?s={search_term_string}"},"query-input":{"@type":"PropertyValueSpecification","valueRequired":true,"valueName":"search_term_string"}}],"inLanguage":"en-US"},{"@type":"Organization","@id":"https:\/\/energizer.com\/eu\/belgium_french\/#organization","name":"Energizer Belgium French","url":"https:\/\/energizer.com\/eu\/belgium_french\/","logo":{"@type":"ImageObject","inLanguage":"en-US","@id":"https:\/\/energizer.com\/eu\/belgium_french\/#\/schema\/logo\/image\/","url":"https:\/\/energizer.com\/eu\/belgium_french\/wp-content\/uploads\/sites\/56\/2024\/04\/Energizer_brand.png","contentUrl":"https:\/\/energizer.com\/eu\/belgium_french\/wp-content\/uploads\/sites\/56\/2024\/04\/Energizer_brand.png","width":267,"height":100,"caption":"Energizer Belgium French"},"image":{"@id":"https:\/\/energizer.com\/eu\/belgium_french\/#\/schema\/logo\/image\/"}}]}},"_links":{"self":[{"href":"https:\/\/energizer.com\/eu\/belgium_french\/wp-json\/wp\/v2\/product\/7327","targetHints":{"allow":["GET"]}}],"collection":[{"href":"https:\/\/energizer.com\/eu\/belgium_french\/wp-json\/wp\/v2\/product"}],"about":[{"href":"https:\/\/energizer.com\/eu\/belgium_french\/wp-json\/wp\/v2\/types\/product"}],"replies":[{"embeddable":true,"href":"https:\/\/energizer.com\/eu\/belgium_french\/wp-json\/wp\/v2\/comments?post=7327"}],"version-history":[{"count":6,"href":"https:\/\/energizer.com\/eu\/belgium_french\/wp-json\/wp\/v2\/product\/7327\/revisions"}],"predecessor-version":[{"id":10107,"href":"https:\/\/energizer.com\/eu\/belgium_french\/wp-json\/wp\/v2\/product\/7327\/revisions\/10107"}],"wp:attachment":[{"href":"https:\/\/energizer.com\/eu\/belgium_french\/wp-json\/wp\/v2\/media?parent=7327"}],"wp:term":[{"taxonomy":"product_brand","embeddable":true,"href":"https:\/\/energizer.com\/eu\/belgium_french\/wp-json\/wp\/v2\/product_brand?post=7327"},{"taxonomy":"product_cat","embeddable":true,"href":"https:\/\/energizer.com\/eu\/belgium_french\/wp-json\/wp\/v2\/product_cat?post=7327"},{"taxonomy":"product_tag","embeddable":true,"href":"https:\/\/energizer.com\/eu\/belgium_french\/wp-json\/wp\/v2\/product_tag?post=7327"}],"curies":[{"name":"wp","href":"https:\/\/api.w.org\/{rel}","templated":true}]}}