{"id":7335,"date":"2024-06-03T05:16:37","date_gmt":"2024-06-03T05:16:37","guid":{"rendered":"https:\/\/23b13e8ab3.nxcli.io\/belgium-french\/?post_type=product&#038;p=7335"},"modified":"2025-02-05T05:28:06","modified_gmt":"2025-02-05T05:28:06","slug":"energizer-recharge-universal-aa","status":"publish","type":"product","link":"https:\/\/energizer.com\/eu\/belgium_french\/product\/energizer-recharge-universal-aa\/","title":{"rendered":"ENERGIZER\u00ae RECHARGE UNIVERSAL \u2013 AA"},"content":{"rendered":"<ul>\n<li>Piles Energizer Recharge Universal AA<\/li>\n<li>Longue dur\u00e9e : Les piles rechargeables AA Energizer durent jusqu&#8217;\u00e0 deux fois plus longtemps que les piles alcalines de base Energizer dans les appareils photo num\u00e9riques &#8211; les r\u00e9sultats varient selon l&#8217;appareil<\/li>\n<li>Alimentation fiable : id\u00e9ale pour les appareils quotidiens et de haute technologie, d\u00e9couvrez les piles AA rechargeables pour les lampes, les jouets, les torches, les t\u00e9l\u00e9commandes et bien plus encore<\/li>\n<li>Protection contre les fuites : Les piles rechargeables Energizer AA sont con\u00e7ues pour prot\u00e9ger vos appareils essentiels contre les fuites dommageables dans des conditions d&#8217;utilisation normales<\/li>\n<li>Rechargeable : Chaque batterie peut \u00eatre recharg\u00e9e des centaines de fois, avec une dur\u00e9e de vie pouvant aller jusqu&#8217;\u00e0 5 ans dans des conditions d&#8217;utilisation normales<\/li>\n<li>Le choix des clients : Energizer est la premi\u00e8re marque mondiale de piles rechargeables, sur la base des ventes par balayage<\/li>\n<li>Innovation Energizer : La premi\u00e8re pile AA rechargeable au monde fabriqu\u00e9e \u00e0 partir de 7 % de piles recycl\u00e9es<\/li>\n<li>Emballage 100% recyclable: cet emballage est fabriqu\u00e9 \u00e0 partir de carton 100% recyclable<\/li>\n<\/ul>\n","protected":false},"excerpt":{"rendered":"<p>Tirez le meilleur parti de vos appareils quotidiens gr\u00e2ce \u00e0 la fiabilit\u00e9 des piles double A Energizer Accu Recharge Universal. Faites le plein de piles rechargeables pour lampes LED, ainsi que de piles pour sonnettes, horloges, appareils photo et t\u00e9l\u00e9commandes. Toujours pr\u00eates quand vous l&#8217;\u00eates, ces piles AA Energizer sont livr\u00e9es enti\u00e8rement charg\u00e9es et peuvent tenir jusqu&#8217;\u00e0 12 mois en stockage. Chaque pile double A peut \u00eatre recharg\u00e9e des centaines de fois, avec une autonomie pouvant atteindre 5 ans dans des conditions d&#8217;utilisation normales. Il suffit de recharger vos piles avec n&#8217;importe quel chargeur Energizer Recharge Charger. Les piles sont con\u00e7ues pour prot\u00e9ger vos appareils essentiels contre les fuites dommageables dans des conditions d&#8217;utilisation normales.<\/p>\n","protected":false},"featured_media":0,"comment_status":"open","ping_status":"closed","template":"","meta":{"_acf_changed":false},"product_brand":[],"product_cat":[31],"product_tag":[],"class_list":{"0":"post-7335","1":"product","2":"type-product","3":"status-publish","5":"product_cat-energizer-recharge","7":"first","8":"instock","9":"shipping-taxable","10":"product-type-simple"},"acf":[],"yoast_head":"<!-- This site is optimized with the Yoast SEO plugin v27.2 - https:\/\/yoast.com\/product\/yoast-seo-wordpress\/ -->\n<title>ENERGIZER\u00ae RECHARGE UNIVERSAL \u2013 AA - Belgium French<\/title>\n<meta name=\"robots\" content=\"index, follow, max-snippet:-1, max-image-preview:large, max-video-preview:-1\" \/>\n<link rel=\"canonical\" href=\"https:\/\/energizer.com\/eu\/belgium_french\/product\/energizer-recharge-universal-aa\/\" \/>\n<meta property=\"og:locale\" content=\"en_US\" \/>\n<meta property=\"og:type\" content=\"article\" \/>\n<meta property=\"og:title\" content=\"ENERGIZER\u00ae RECHARGE UNIVERSAL \u2013 AA - Belgium French\" \/>\n<meta property=\"og:description\" content=\"Tirez le meilleur parti de vos appareils quotidiens gr\u00e2ce \u00e0 la fiabilit\u00e9 des piles double A Energizer Accu Recharge Universal. Faites le plein de piles rechargeables pour lampes LED, ainsi que de piles pour sonnettes, horloges, appareils photo et t\u00e9l\u00e9commandes. Toujours pr\u00eates quand vous l&#039;\u00eates, ces piles AA Energizer sont livr\u00e9es enti\u00e8rement charg\u00e9es et peuvent tenir jusqu&#039;\u00e0 12 mois en stockage. Chaque pile double A peut \u00eatre recharg\u00e9e des centaines de fois, avec une autonomie pouvant atteindre 5 ans dans des conditions d&#039;utilisation normales. Il suffit de recharger vos piles avec n&#039;importe quel chargeur Energizer Recharge Charger. Les piles sont con\u00e7ues pour prot\u00e9ger vos appareils essentiels contre les fuites dommageables dans des conditions d&#039;utilisation normales.\" \/>\n<meta property=\"og:url\" content=\"https:\/\/energizer.com\/eu\/belgium_french\/product\/energizer-recharge-universal-aa\/\" \/>\n<meta property=\"og:site_name\" content=\"Belgium French\" \/>\n<meta property=\"article:modified_time\" content=\"2025-02-05T05:28:06+00:00\" \/>\n<meta name=\"twitter:card\" content=\"summary_large_image\" \/>\n<script type=\"application\/ld+json\" class=\"yoast-schema-graph\">{\"@context\":\"https:\/\/schema.org\",\"@graph\":[{\"@type\":\"WebPage\",\"@id\":\"https:\/\/energizer.com\/eu\/belgium_french\/product\/energizer-recharge-universal-aa\/\",\"url\":\"https:\/\/energizer.com\/eu\/belgium_french\/product\/energizer-recharge-universal-aa\/\",\"name\":\"ENERGIZER\u00ae RECHARGE UNIVERSAL \u2013 AA - Belgium French\",\"isPartOf\":{\"@id\":\"https:\/\/energizer.com\/eu\/belgium_french\/#website\"},\"datePublished\":\"2024-06-03T05:16:37+00:00\",\"dateModified\":\"2025-02-05T05:28:06+00:00\",\"breadcrumb\":{\"@id\":\"https:\/\/energizer.com\/eu\/belgium_french\/product\/energizer-recharge-universal-aa\/#breadcrumb\"},\"inLanguage\":\"en-US\",\"potentialAction\":[{\"@type\":\"ReadAction\",\"target\":[\"https:\/\/energizer.com\/eu\/belgium_french\/product\/energizer-recharge-universal-aa\/\"]}]},{\"@type\":\"BreadcrumbList\",\"@id\":\"https:\/\/energizer.com\/eu\/belgium_french\/product\/energizer-recharge-universal-aa\/#breadcrumb\",\"itemListElement\":[{\"@type\":\"ListItem\",\"position\":1,\"name\":\"Home\",\"item\":\"https:\/\/energizer.com\/eu\/belgium_french\/\"},{\"@type\":\"ListItem\",\"position\":2,\"name\":\"ENERGIZER\u00ae RECHARGE UNIVERSAL \u2013 AA\"}]},{\"@type\":\"WebSite\",\"@id\":\"https:\/\/energizer.com\/eu\/belgium_french\/#website\",\"url\":\"https:\/\/energizer.com\/eu\/belgium_french\/\",\"name\":\"Energizer Belgium French\",\"description\":\"\",\"publisher\":{\"@id\":\"https:\/\/energizer.com\/eu\/belgium_french\/#organization\"},\"potentialAction\":[{\"@type\":\"SearchAction\",\"target\":{\"@type\":\"EntryPoint\",\"urlTemplate\":\"https:\/\/energizer.com\/eu\/belgium_french\/?s={search_term_string}\"},\"query-input\":{\"@type\":\"PropertyValueSpecification\",\"valueRequired\":true,\"valueName\":\"search_term_string\"}}],\"inLanguage\":\"en-US\"},{\"@type\":\"Organization\",\"@id\":\"https:\/\/energizer.com\/eu\/belgium_french\/#organization\",\"name\":\"Energizer Belgium French\",\"url\":\"https:\/\/energizer.com\/eu\/belgium_french\/\",\"logo\":{\"@type\":\"ImageObject\",\"inLanguage\":\"en-US\",\"@id\":\"https:\/\/energizer.com\/eu\/belgium_french\/#\/schema\/logo\/image\/\",\"url\":\"https:\/\/energizer.com\/eu\/belgium_french\/wp-content\/uploads\/sites\/56\/2024\/04\/Energizer_brand.png\",\"contentUrl\":\"https:\/\/energizer.com\/eu\/belgium_french\/wp-content\/uploads\/sites\/56\/2024\/04\/Energizer_brand.png\",\"width\":267,\"height\":100,\"caption\":\"Energizer Belgium French\"},\"image\":{\"@id\":\"https:\/\/energizer.com\/eu\/belgium_french\/#\/schema\/logo\/image\/\"}}]}<\/script>\n<!-- \/ Yoast SEO plugin. -->","yoast_head_json":{"title":"ENERGIZER\u00ae RECHARGE UNIVERSAL \u2013 AA - Belgium French","robots":{"index":"index","follow":"follow","max-snippet":"max-snippet:-1","max-image-preview":"max-image-preview:large","max-video-preview":"max-video-preview:-1"},"canonical":"https:\/\/energizer.com\/eu\/belgium_french\/product\/energizer-recharge-universal-aa\/","og_locale":"en_US","og_type":"article","og_title":"ENERGIZER\u00ae RECHARGE UNIVERSAL \u2013 AA - Belgium French","og_description":"Tirez le meilleur parti de vos appareils quotidiens gr\u00e2ce \u00e0 la fiabilit\u00e9 des piles double A Energizer Accu Recharge Universal. Faites le plein de piles rechargeables pour lampes LED, ainsi que de piles pour sonnettes, horloges, appareils photo et t\u00e9l\u00e9commandes. Toujours pr\u00eates quand vous l'\u00eates, ces piles AA Energizer sont livr\u00e9es enti\u00e8rement charg\u00e9es et peuvent tenir jusqu'\u00e0 12 mois en stockage. Chaque pile double A peut \u00eatre recharg\u00e9e des centaines de fois, avec une autonomie pouvant atteindre 5 ans dans des conditions d'utilisation normales. Il suffit de recharger vos piles avec n'importe quel chargeur Energizer Recharge Charger. Les piles sont con\u00e7ues pour prot\u00e9ger vos appareils essentiels contre les fuites dommageables dans des conditions d'utilisation normales.","og_url":"https:\/\/energizer.com\/eu\/belgium_french\/product\/energizer-recharge-universal-aa\/","og_site_name":"Belgium French","article_modified_time":"2025-02-05T05:28:06+00:00","twitter_card":"summary_large_image","schema":{"@context":"https:\/\/schema.org","@graph":[{"@type":"WebPage","@id":"https:\/\/energizer.com\/eu\/belgium_french\/product\/energizer-recharge-universal-aa\/","url":"https:\/\/energizer.com\/eu\/belgium_french\/product\/energizer-recharge-universal-aa\/","name":"ENERGIZER\u00ae RECHARGE UNIVERSAL \u2013 AA - Belgium French","isPartOf":{"@id":"https:\/\/energizer.com\/eu\/belgium_french\/#website"},"datePublished":"2024-06-03T05:16:37+00:00","dateModified":"2025-02-05T05:28:06+00:00","breadcrumb":{"@id":"https:\/\/energizer.com\/eu\/belgium_french\/product\/energizer-recharge-universal-aa\/#breadcrumb"},"inLanguage":"en-US","potentialAction":[{"@type":"ReadAction","target":["https:\/\/energizer.com\/eu\/belgium_french\/product\/energizer-recharge-universal-aa\/"]}]},{"@type":"BreadcrumbList","@id":"https:\/\/energizer.com\/eu\/belgium_french\/product\/energizer-recharge-universal-aa\/#breadcrumb","itemListElement":[{"@type":"ListItem","position":1,"name":"Home","item":"https:\/\/energizer.com\/eu\/belgium_french\/"},{"@type":"ListItem","position":2,"name":"ENERGIZER\u00ae RECHARGE UNIVERSAL \u2013 AA"}]},{"@type":"WebSite","@id":"https:\/\/energizer.com\/eu\/belgium_french\/#website","url":"https:\/\/energizer.com\/eu\/belgium_french\/","name":"Energizer Belgium French","description":"","publisher":{"@id":"https:\/\/energizer.com\/eu\/belgium_french\/#organization"},"potentialAction":[{"@type":"SearchAction","target":{"@type":"EntryPoint","urlTemplate":"https:\/\/energizer.com\/eu\/belgium_french\/?s={search_term_string}"},"query-input":{"@type":"PropertyValueSpecification","valueRequired":true,"valueName":"search_term_string"}}],"inLanguage":"en-US"},{"@type":"Organization","@id":"https:\/\/energizer.com\/eu\/belgium_french\/#organization","name":"Energizer Belgium French","url":"https:\/\/energizer.com\/eu\/belgium_french\/","logo":{"@type":"ImageObject","inLanguage":"en-US","@id":"https:\/\/energizer.com\/eu\/belgium_french\/#\/schema\/logo\/image\/","url":"https:\/\/energizer.com\/eu\/belgium_french\/wp-content\/uploads\/sites\/56\/2024\/04\/Energizer_brand.png","contentUrl":"https:\/\/energizer.com\/eu\/belgium_french\/wp-content\/uploads\/sites\/56\/2024\/04\/Energizer_brand.png","width":267,"height":100,"caption":"Energizer Belgium French"},"image":{"@id":"https:\/\/energizer.com\/eu\/belgium_french\/#\/schema\/logo\/image\/"}}]}},"_links":{"self":[{"href":"https:\/\/energizer.com\/eu\/belgium_french\/wp-json\/wp\/v2\/product\/7335","targetHints":{"allow":["GET"]}}],"collection":[{"href":"https:\/\/energizer.com\/eu\/belgium_french\/wp-json\/wp\/v2\/product"}],"about":[{"href":"https:\/\/energizer.com\/eu\/belgium_french\/wp-json\/wp\/v2\/types\/product"}],"replies":[{"embeddable":true,"href":"https:\/\/energizer.com\/eu\/belgium_french\/wp-json\/wp\/v2\/comments?post=7335"}],"version-history":[{"count":9,"href":"https:\/\/energizer.com\/eu\/belgium_french\/wp-json\/wp\/v2\/product\/7335\/revisions"}],"predecessor-version":[{"id":10152,"href":"https:\/\/energizer.com\/eu\/belgium_french\/wp-json\/wp\/v2\/product\/7335\/revisions\/10152"}],"wp:attachment":[{"href":"https:\/\/energizer.com\/eu\/belgium_french\/wp-json\/wp\/v2\/media?parent=7335"}],"wp:term":[{"taxonomy":"product_brand","embeddable":true,"href":"https:\/\/energizer.com\/eu\/belgium_french\/wp-json\/wp\/v2\/product_brand?post=7335"},{"taxonomy":"product_cat","embeddable":true,"href":"https:\/\/energizer.com\/eu\/belgium_french\/wp-json\/wp\/v2\/product_cat?post=7335"},{"taxonomy":"product_tag","embeddable":true,"href":"https:\/\/energizer.com\/eu\/belgium_french\/wp-json\/wp\/v2\/product_tag?post=7335"}],"curies":[{"name":"wp","href":"https:\/\/api.w.org\/{rel}","templated":true}]}}