{"id":7339,"date":"2024-06-03T05:16:37","date_gmt":"2024-06-03T05:16:37","guid":{"rendered":"https:\/\/23b13e8ab3.nxcli.io\/belgium-french\/?post_type=product&#038;p=7339"},"modified":"2024-08-23T13:38:45","modified_gmt":"2024-08-23T13:38:45","slug":"energizer-hard-case-multi-use-led-torch","status":"publish","type":"product","link":"https:\/\/energizer.com\/eu\/belgium_french\/product\/energizer-hard-case-multi-use-led-torch\/","title":{"rendered":"Energizer  Hard Case Multi-Use LED Torch"},"content":{"rendered":"<ul>\n<li>Torche multi-usages Energizer avec bo\u00eetier rigide et technologie LED, 1 pile AA incluse<\/li>\n<li>Torche super lumineuse : Cette puissante torche \u00e0 main de 75 lumens a une port\u00e9e de 30 m\u00e8tres, offrant une lumi\u00e8re 10 fois plus brillante que la technologie LED standard<\/li>\n<li>Conception tr\u00e8s compacte : Sa taille compacte vous permet de la transporter facilement dans votre sac et de l&#8217;utiliser dans les espaces restreints<\/li>\n<li>Construction durable : La construction r\u00e9sistante aux intemp\u00e9ries offre une protection contre les \u00e9claboussures, tandis que le plastique durable et le surmoulage en caoutchouc<\/li>\n<li>ermettent une absorption maximale des chocs<\/li>\n<li>Heures d&#8217;autonomie : La torche LED Energizer peut briller jusqu&#8217;\u00e0 6 heures<\/li>\n<li>Utilisation polyvalente mains libres : Le clip m\u00e9tallique magn\u00e9tique pivotant et le cordon d&#8217;attache de cette torche vous permettent de garder les mains libres, en l&#8217;attachant \u00e0 des surfaces m\u00e9talliques ou en la portant autour du cou<\/li>\n<li>Puissance fiable : Faites confiance \u00e0 Energizer pour obtenir les performances puissantes que nous promettons &#8211; toutes les lampes Energizer sont test\u00e9es et adh\u00e8rent aux normes ANSI strictes et fiables<\/li>\n<\/ul>\n","protected":false},"excerpt":{"rendered":"<p>Illuminez votre environnement sans effort gr\u00e2ce \u00e0 cette torche puissante et performante. La torche Energizer Hard Case Multi-Use offre une luminosit\u00e9 exceptionnelle pendant 6 heures, que vous partiez \u00e0 l&#8217;aventure ou que vous vous pr\u00e9pariez \u00e0 des situations d&#8217;urgence \u00e0 la maison. Id\u00e9ale pour le camping, le bricolage ou les coupures de courant \u00e0 la maison, cette torche LED de 75 lumens peut \u00e9clairer les espaces les plus sombres, jusqu&#8217;\u00e0 30 m\u00e8tres, et fournit une lumi\u00e8re 10 fois plus brillante que la technologie LED standard. Utilisez le clip m\u00e9tallique magn\u00e9tique pivotant et la boucle de la lani\u00e8re pour la fixer facilement aux surfaces m\u00e9talliques, l&#8217;accrocher \u00e0 votre chemise ou la porter autour du cou pour les projets de bricolage ou toute activit\u00e9 n\u00e9cessitant les deux mains.<\/p>\n","protected":false},"featured_media":0,"comment_status":"open","ping_status":"closed","template":"","meta":{"_acf_changed":false},"product_brand":[],"product_cat":[97],"product_tag":[],"class_list":{"0":"post-7339","1":"product","2":"type-product","3":"status-publish","5":"product_cat-handheld","6":"pa_uses-diy","8":"first","9":"instock","10":"shipping-taxable","11":"product-type-simple"},"acf":[],"yoast_head":"<!-- This site is optimized with the Yoast SEO plugin v27.2 - https:\/\/yoast.com\/product\/yoast-seo-wordpress\/ -->\n<title>Energizer Hard Case Multi-Use LED Torch - Belgium French<\/title>\n<meta name=\"robots\" content=\"index, follow, max-snippet:-1, max-image-preview:large, max-video-preview:-1\" \/>\n<link rel=\"canonical\" href=\"https:\/\/energizer.com\/eu\/belgium_french\/product\/energizer-hard-case-multi-use-led-torch\/\" \/>\n<meta property=\"og:locale\" content=\"en_US\" \/>\n<meta property=\"og:type\" content=\"article\" \/>\n<meta property=\"og:title\" content=\"Energizer Hard Case Multi-Use LED Torch - Belgium French\" \/>\n<meta property=\"og:description\" content=\"Illuminez votre environnement sans effort gr\u00e2ce \u00e0 cette torche puissante et performante. La torche Energizer Hard Case Multi-Use offre une luminosit\u00e9 exceptionnelle pendant 6 heures, que vous partiez \u00e0 l&#039;aventure ou que vous vous pr\u00e9pariez \u00e0 des situations d&#039;urgence \u00e0 la maison. Id\u00e9ale pour le camping, le bricolage ou les coupures de courant \u00e0 la maison, cette torche LED de 75 lumens peut \u00e9clairer les espaces les plus sombres, jusqu&#039;\u00e0 30 m\u00e8tres, et fournit une lumi\u00e8re 10 fois plus brillante que la technologie LED standard. Utilisez le clip m\u00e9tallique magn\u00e9tique pivotant et la boucle de la lani\u00e8re pour la fixer facilement aux surfaces m\u00e9talliques, l&#039;accrocher \u00e0 votre chemise ou la porter autour du cou pour les projets de bricolage ou toute activit\u00e9 n\u00e9cessitant les deux mains.\" \/>\n<meta property=\"og:url\" content=\"https:\/\/energizer.com\/eu\/belgium_french\/product\/energizer-hard-case-multi-use-led-torch\/\" \/>\n<meta property=\"og:site_name\" content=\"Belgium French\" \/>\n<meta property=\"article:modified_time\" content=\"2024-08-23T13:38:45+00:00\" \/>\n<meta name=\"twitter:card\" content=\"summary_large_image\" \/>\n<script type=\"application\/ld+json\" class=\"yoast-schema-graph\">{\"@context\":\"https:\/\/schema.org\",\"@graph\":[{\"@type\":\"WebPage\",\"@id\":\"https:\/\/energizer.com\/eu\/belgium_french\/product\/energizer-hard-case-multi-use-led-torch\/\",\"url\":\"https:\/\/energizer.com\/eu\/belgium_french\/product\/energizer-hard-case-multi-use-led-torch\/\",\"name\":\"Energizer Hard Case Multi-Use LED Torch - Belgium French\",\"isPartOf\":{\"@id\":\"https:\/\/energizer.com\/eu\/belgium_french\/#website\"},\"datePublished\":\"2024-06-03T05:16:37+00:00\",\"dateModified\":\"2024-08-23T13:38:45+00:00\",\"breadcrumb\":{\"@id\":\"https:\/\/energizer.com\/eu\/belgium_french\/product\/energizer-hard-case-multi-use-led-torch\/#breadcrumb\"},\"inLanguage\":\"en-US\",\"potentialAction\":[{\"@type\":\"ReadAction\",\"target\":[\"https:\/\/energizer.com\/eu\/belgium_french\/product\/energizer-hard-case-multi-use-led-torch\/\"]}]},{\"@type\":\"BreadcrumbList\",\"@id\":\"https:\/\/energizer.com\/eu\/belgium_french\/product\/energizer-hard-case-multi-use-led-torch\/#breadcrumb\",\"itemListElement\":[{\"@type\":\"ListItem\",\"position\":1,\"name\":\"Home\",\"item\":\"https:\/\/energizer.com\/eu\/belgium_french\/\"},{\"@type\":\"ListItem\",\"position\":2,\"name\":\"Energizer Hard Case Multi-Use LED Torch\"}]},{\"@type\":\"WebSite\",\"@id\":\"https:\/\/energizer.com\/eu\/belgium_french\/#website\",\"url\":\"https:\/\/energizer.com\/eu\/belgium_french\/\",\"name\":\"Energizer Belgium French\",\"description\":\"\",\"publisher\":{\"@id\":\"https:\/\/energizer.com\/eu\/belgium_french\/#organization\"},\"potentialAction\":[{\"@type\":\"SearchAction\",\"target\":{\"@type\":\"EntryPoint\",\"urlTemplate\":\"https:\/\/energizer.com\/eu\/belgium_french\/?s={search_term_string}\"},\"query-input\":{\"@type\":\"PropertyValueSpecification\",\"valueRequired\":true,\"valueName\":\"search_term_string\"}}],\"inLanguage\":\"en-US\"},{\"@type\":\"Organization\",\"@id\":\"https:\/\/energizer.com\/eu\/belgium_french\/#organization\",\"name\":\"Energizer Belgium French\",\"url\":\"https:\/\/energizer.com\/eu\/belgium_french\/\",\"logo\":{\"@type\":\"ImageObject\",\"inLanguage\":\"en-US\",\"@id\":\"https:\/\/energizer.com\/eu\/belgium_french\/#\/schema\/logo\/image\/\",\"url\":\"https:\/\/energizer.com\/eu\/belgium_french\/wp-content\/uploads\/sites\/56\/2024\/04\/Energizer_brand.png\",\"contentUrl\":\"https:\/\/energizer.com\/eu\/belgium_french\/wp-content\/uploads\/sites\/56\/2024\/04\/Energizer_brand.png\",\"width\":267,\"height\":100,\"caption\":\"Energizer Belgium French\"},\"image\":{\"@id\":\"https:\/\/energizer.com\/eu\/belgium_french\/#\/schema\/logo\/image\/\"}}]}<\/script>\n<!-- \/ Yoast SEO plugin. -->","yoast_head_json":{"title":"Energizer Hard Case Multi-Use LED Torch - Belgium French","robots":{"index":"index","follow":"follow","max-snippet":"max-snippet:-1","max-image-preview":"max-image-preview:large","max-video-preview":"max-video-preview:-1"},"canonical":"https:\/\/energizer.com\/eu\/belgium_french\/product\/energizer-hard-case-multi-use-led-torch\/","og_locale":"en_US","og_type":"article","og_title":"Energizer Hard Case Multi-Use LED Torch - Belgium French","og_description":"Illuminez votre environnement sans effort gr\u00e2ce \u00e0 cette torche puissante et performante. La torche Energizer Hard Case Multi-Use offre une luminosit\u00e9 exceptionnelle pendant 6 heures, que vous partiez \u00e0 l'aventure ou que vous vous pr\u00e9pariez \u00e0 des situations d'urgence \u00e0 la maison. Id\u00e9ale pour le camping, le bricolage ou les coupures de courant \u00e0 la maison, cette torche LED de 75 lumens peut \u00e9clairer les espaces les plus sombres, jusqu'\u00e0 30 m\u00e8tres, et fournit une lumi\u00e8re 10 fois plus brillante que la technologie LED standard. Utilisez le clip m\u00e9tallique magn\u00e9tique pivotant et la boucle de la lani\u00e8re pour la fixer facilement aux surfaces m\u00e9talliques, l'accrocher \u00e0 votre chemise ou la porter autour du cou pour les projets de bricolage ou toute activit\u00e9 n\u00e9cessitant les deux mains.","og_url":"https:\/\/energizer.com\/eu\/belgium_french\/product\/energizer-hard-case-multi-use-led-torch\/","og_site_name":"Belgium French","article_modified_time":"2024-08-23T13:38:45+00:00","twitter_card":"summary_large_image","schema":{"@context":"https:\/\/schema.org","@graph":[{"@type":"WebPage","@id":"https:\/\/energizer.com\/eu\/belgium_french\/product\/energizer-hard-case-multi-use-led-torch\/","url":"https:\/\/energizer.com\/eu\/belgium_french\/product\/energizer-hard-case-multi-use-led-torch\/","name":"Energizer Hard Case Multi-Use LED Torch - Belgium French","isPartOf":{"@id":"https:\/\/energizer.com\/eu\/belgium_french\/#website"},"datePublished":"2024-06-03T05:16:37+00:00","dateModified":"2024-08-23T13:38:45+00:00","breadcrumb":{"@id":"https:\/\/energizer.com\/eu\/belgium_french\/product\/energizer-hard-case-multi-use-led-torch\/#breadcrumb"},"inLanguage":"en-US","potentialAction":[{"@type":"ReadAction","target":["https:\/\/energizer.com\/eu\/belgium_french\/product\/energizer-hard-case-multi-use-led-torch\/"]}]},{"@type":"BreadcrumbList","@id":"https:\/\/energizer.com\/eu\/belgium_french\/product\/energizer-hard-case-multi-use-led-torch\/#breadcrumb","itemListElement":[{"@type":"ListItem","position":1,"name":"Home","item":"https:\/\/energizer.com\/eu\/belgium_french\/"},{"@type":"ListItem","position":2,"name":"Energizer Hard Case Multi-Use LED Torch"}]},{"@type":"WebSite","@id":"https:\/\/energizer.com\/eu\/belgium_french\/#website","url":"https:\/\/energizer.com\/eu\/belgium_french\/","name":"Energizer Belgium French","description":"","publisher":{"@id":"https:\/\/energizer.com\/eu\/belgium_french\/#organization"},"potentialAction":[{"@type":"SearchAction","target":{"@type":"EntryPoint","urlTemplate":"https:\/\/energizer.com\/eu\/belgium_french\/?s={search_term_string}"},"query-input":{"@type":"PropertyValueSpecification","valueRequired":true,"valueName":"search_term_string"}}],"inLanguage":"en-US"},{"@type":"Organization","@id":"https:\/\/energizer.com\/eu\/belgium_french\/#organization","name":"Energizer Belgium French","url":"https:\/\/energizer.com\/eu\/belgium_french\/","logo":{"@type":"ImageObject","inLanguage":"en-US","@id":"https:\/\/energizer.com\/eu\/belgium_french\/#\/schema\/logo\/image\/","url":"https:\/\/energizer.com\/eu\/belgium_french\/wp-content\/uploads\/sites\/56\/2024\/04\/Energizer_brand.png","contentUrl":"https:\/\/energizer.com\/eu\/belgium_french\/wp-content\/uploads\/sites\/56\/2024\/04\/Energizer_brand.png","width":267,"height":100,"caption":"Energizer Belgium French"},"image":{"@id":"https:\/\/energizer.com\/eu\/belgium_french\/#\/schema\/logo\/image\/"}}]}},"_links":{"self":[{"href":"https:\/\/energizer.com\/eu\/belgium_french\/wp-json\/wp\/v2\/product\/7339","targetHints":{"allow":["GET"]}}],"collection":[{"href":"https:\/\/energizer.com\/eu\/belgium_french\/wp-json\/wp\/v2\/product"}],"about":[{"href":"https:\/\/energizer.com\/eu\/belgium_french\/wp-json\/wp\/v2\/types\/product"}],"replies":[{"embeddable":true,"href":"https:\/\/energizer.com\/eu\/belgium_french\/wp-json\/wp\/v2\/comments?post=7339"}],"version-history":[{"count":4,"href":"https:\/\/energizer.com\/eu\/belgium_french\/wp-json\/wp\/v2\/product\/7339\/revisions"}],"predecessor-version":[{"id":9549,"href":"https:\/\/energizer.com\/eu\/belgium_french\/wp-json\/wp\/v2\/product\/7339\/revisions\/9549"}],"wp:attachment":[{"href":"https:\/\/energizer.com\/eu\/belgium_french\/wp-json\/wp\/v2\/media?parent=7339"}],"wp:term":[{"taxonomy":"product_brand","embeddable":true,"href":"https:\/\/energizer.com\/eu\/belgium_french\/wp-json\/wp\/v2\/product_brand?post=7339"},{"taxonomy":"product_cat","embeddable":true,"href":"https:\/\/energizer.com\/eu\/belgium_french\/wp-json\/wp\/v2\/product_cat?post=7339"},{"taxonomy":"product_tag","embeddable":true,"href":"https:\/\/energizer.com\/eu\/belgium_french\/wp-json\/wp\/v2\/product_tag?post=7339"}],"curies":[{"name":"wp","href":"https:\/\/api.w.org\/{rel}","templated":true}]}}