{"id":7341,"date":"2024-06-03T05:16:37","date_gmt":"2024-06-03T05:16:37","guid":{"rendered":"https:\/\/23b13e8ab3.nxcli.io\/belgium-french\/?post_type=product&#038;p=7341"},"modified":"2024-08-23T13:42:51","modified_gmt":"2024-08-23T13:42:51","slug":"energizer-hybrid-tactical-1200","status":"publish","type":"product","link":"https:\/\/energizer.com\/eu\/belgium_french\/product\/energizer-hybrid-tactical-1200\/","title":{"rendered":"Energizer HYBRID TACTICAL 1200"},"content":{"rendered":"<ul>\n<li>Lampe de poche tactique \u00e0 LED Energizer Hybrid<\/li>\n<li>Une lampe tactique en m\u00e9tal robuste qui combine une luminosit\u00e9 puissante et une construction solide<\/li>\n<li>Id\u00e9ale comme lampe d&#8217;urgence, lampe de poche de camping et lampe de travail \u00e0 LED<\/li>\n<li>L&#8217;\u00e9clairage LED puissant \u00e9met jusqu&#8217;\u00e0 1200 lumens pendant 4 heures en mode \u00e9lev\u00e9<\/li>\n<li>R\u00e9sistante \u00e0 l&#8217;eau IPX4 et aux chocs jusqu&#8217;\u00e0 3 pieds<\/li>\n<li>Fonctionne avec une batterie rechargeable (fournie) ou 6 piles AA pour une lumi\u00e8re polyvalente aliment\u00e9e par batterie<\/li>\n<li>Faites confiance \u00e0 Energizer pour des performances fiables dans toutes les situation<\/li>\n<\/ul>\n","protected":false},"excerpt":{"rendered":"<p>La lampe tactique Energizer Hybrid \u00e9claire les situations les plus sombres. Des performances puissantes et une construction robuste sont r\u00e9unies dans cette lampe de poche LED en m\u00e9tal r\u00e9sistant. Rangez-en une dans votre sac comme lampe de camping, ou placez-en une dans votre maison comme lampe de poche d&#8217;urgence. Jusqu&#8217;\u00e0 15 fois plus lumineuse que la technologie LED standard, la lampe de poche rechargeable projette un faisceau de plus de 650 pieds. Les modes Haut et Bas fournissent la quantit\u00e9 de lumi\u00e8re ad\u00e9quate pour votre t\u00e2che, et la lumi\u00e8re stroboscopique vous aide \u00e0 rester pr\u00eat en cas d&#8217;urgence. La lampe d&#8217;ext\u00e9rieur fonctionne avec des piles AA ou avec le bloc-piles rechargeable fourni. Cette lampe rechargeable se charge enti\u00e8rement en 8 heures gr\u00e2ce \u00e0 un c\u00e2ble de charge USB et dispose d&#8217;une sortie USB qui lui permet de charger d&#8217;autres appareils. Un corps en aluminium de qualit\u00e9 a\u00e9ronautique et une lentille incassable offrent une durabilit\u00e9 robuste, et un bouton poussoir \u00e0 l&#8217;arri\u00e8re rend cette lampe de poche Energizer facile \u00e0 utiliser. Faites confiance \u00e0 Energizer pour des performances fiables dans toutes les situations.<\/p>\n","protected":false},"featured_media":0,"comment_status":"open","ping_status":"closed","template":"","meta":{"_acf_changed":false},"product_brand":[],"product_cat":[97],"product_tag":[],"class_list":{"0":"post-7341","1":"product","2":"type-product","3":"status-publish","5":"product_cat-handheld","6":"pa_uses-diy","8":"first","9":"instock","10":"shipping-taxable","11":"product-type-simple"},"acf":[],"yoast_head":"<!-- This site is optimized with the Yoast SEO plugin v27.2 - https:\/\/yoast.com\/product\/yoast-seo-wordpress\/ -->\n<title>Energizer HYBRID TACTICAL 1200 - Belgium French<\/title>\n<meta name=\"robots\" content=\"index, follow, max-snippet:-1, max-image-preview:large, max-video-preview:-1\" \/>\n<link rel=\"canonical\" href=\"https:\/\/energizer.com\/eu\/belgium_french\/product\/energizer-hybrid-tactical-1200\/\" \/>\n<meta property=\"og:locale\" content=\"en_US\" \/>\n<meta property=\"og:type\" content=\"article\" \/>\n<meta property=\"og:title\" content=\"Energizer HYBRID TACTICAL 1200 - Belgium French\" \/>\n<meta property=\"og:description\" content=\"La lampe tactique Energizer Hybrid \u00e9claire les situations les plus sombres. Des performances puissantes et une construction robuste sont r\u00e9unies dans cette lampe de poche LED en m\u00e9tal r\u00e9sistant. Rangez-en une dans votre sac comme lampe de camping, ou placez-en une dans votre maison comme lampe de poche d&#039;urgence. Jusqu&#039;\u00e0 15 fois plus lumineuse que la technologie LED standard, la lampe de poche rechargeable projette un faisceau de plus de 650 pieds. Les modes Haut et Bas fournissent la quantit\u00e9 de lumi\u00e8re ad\u00e9quate pour votre t\u00e2che, et la lumi\u00e8re stroboscopique vous aide \u00e0 rester pr\u00eat en cas d&#039;urgence. La lampe d&#039;ext\u00e9rieur fonctionne avec des piles AA ou avec le bloc-piles rechargeable fourni. Cette lampe rechargeable se charge enti\u00e8rement en 8 heures gr\u00e2ce \u00e0 un c\u00e2ble de charge USB et dispose d&#039;une sortie USB qui lui permet de charger d&#039;autres appareils. Un corps en aluminium de qualit\u00e9 a\u00e9ronautique et une lentille incassable offrent une durabilit\u00e9 robuste, et un bouton poussoir \u00e0 l&#039;arri\u00e8re rend cette lampe de poche Energizer facile \u00e0 utiliser. Faites confiance \u00e0 Energizer pour des performances fiables dans toutes les situations.\" \/>\n<meta property=\"og:url\" content=\"https:\/\/energizer.com\/eu\/belgium_french\/product\/energizer-hybrid-tactical-1200\/\" \/>\n<meta property=\"og:site_name\" content=\"Belgium French\" \/>\n<meta property=\"article:modified_time\" content=\"2024-08-23T13:42:51+00:00\" \/>\n<meta name=\"twitter:card\" content=\"summary_large_image\" \/>\n<script type=\"application\/ld+json\" class=\"yoast-schema-graph\">{\"@context\":\"https:\/\/schema.org\",\"@graph\":[{\"@type\":\"WebPage\",\"@id\":\"https:\/\/energizer.com\/eu\/belgium_french\/product\/energizer-hybrid-tactical-1200\/\",\"url\":\"https:\/\/energizer.com\/eu\/belgium_french\/product\/energizer-hybrid-tactical-1200\/\",\"name\":\"Energizer HYBRID TACTICAL 1200 - Belgium French\",\"isPartOf\":{\"@id\":\"https:\/\/energizer.com\/eu\/belgium_french\/#website\"},\"datePublished\":\"2024-06-03T05:16:37+00:00\",\"dateModified\":\"2024-08-23T13:42:51+00:00\",\"breadcrumb\":{\"@id\":\"https:\/\/energizer.com\/eu\/belgium_french\/product\/energizer-hybrid-tactical-1200\/#breadcrumb\"},\"inLanguage\":\"en-US\",\"potentialAction\":[{\"@type\":\"ReadAction\",\"target\":[\"https:\/\/energizer.com\/eu\/belgium_french\/product\/energizer-hybrid-tactical-1200\/\"]}]},{\"@type\":\"BreadcrumbList\",\"@id\":\"https:\/\/energizer.com\/eu\/belgium_french\/product\/energizer-hybrid-tactical-1200\/#breadcrumb\",\"itemListElement\":[{\"@type\":\"ListItem\",\"position\":1,\"name\":\"Home\",\"item\":\"https:\/\/energizer.com\/eu\/belgium_french\/\"},{\"@type\":\"ListItem\",\"position\":2,\"name\":\"Energizer HYBRID TACTICAL 1200\"}]},{\"@type\":\"WebSite\",\"@id\":\"https:\/\/energizer.com\/eu\/belgium_french\/#website\",\"url\":\"https:\/\/energizer.com\/eu\/belgium_french\/\",\"name\":\"Energizer Belgium French\",\"description\":\"\",\"publisher\":{\"@id\":\"https:\/\/energizer.com\/eu\/belgium_french\/#organization\"},\"potentialAction\":[{\"@type\":\"SearchAction\",\"target\":{\"@type\":\"EntryPoint\",\"urlTemplate\":\"https:\/\/energizer.com\/eu\/belgium_french\/?s={search_term_string}\"},\"query-input\":{\"@type\":\"PropertyValueSpecification\",\"valueRequired\":true,\"valueName\":\"search_term_string\"}}],\"inLanguage\":\"en-US\"},{\"@type\":\"Organization\",\"@id\":\"https:\/\/energizer.com\/eu\/belgium_french\/#organization\",\"name\":\"Energizer Belgium French\",\"url\":\"https:\/\/energizer.com\/eu\/belgium_french\/\",\"logo\":{\"@type\":\"ImageObject\",\"inLanguage\":\"en-US\",\"@id\":\"https:\/\/energizer.com\/eu\/belgium_french\/#\/schema\/logo\/image\/\",\"url\":\"https:\/\/energizer.com\/eu\/belgium_french\/wp-content\/uploads\/sites\/56\/2024\/04\/Energizer_brand.png\",\"contentUrl\":\"https:\/\/energizer.com\/eu\/belgium_french\/wp-content\/uploads\/sites\/56\/2024\/04\/Energizer_brand.png\",\"width\":267,\"height\":100,\"caption\":\"Energizer Belgium French\"},\"image\":{\"@id\":\"https:\/\/energizer.com\/eu\/belgium_french\/#\/schema\/logo\/image\/\"}}]}<\/script>\n<!-- \/ Yoast SEO plugin. -->","yoast_head_json":{"title":"Energizer HYBRID TACTICAL 1200 - Belgium French","robots":{"index":"index","follow":"follow","max-snippet":"max-snippet:-1","max-image-preview":"max-image-preview:large","max-video-preview":"max-video-preview:-1"},"canonical":"https:\/\/energizer.com\/eu\/belgium_french\/product\/energizer-hybrid-tactical-1200\/","og_locale":"en_US","og_type":"article","og_title":"Energizer HYBRID TACTICAL 1200 - Belgium French","og_description":"La lampe tactique Energizer Hybrid \u00e9claire les situations les plus sombres. Des performances puissantes et une construction robuste sont r\u00e9unies dans cette lampe de poche LED en m\u00e9tal r\u00e9sistant. Rangez-en une dans votre sac comme lampe de camping, ou placez-en une dans votre maison comme lampe de poche d'urgence. Jusqu'\u00e0 15 fois plus lumineuse que la technologie LED standard, la lampe de poche rechargeable projette un faisceau de plus de 650 pieds. Les modes Haut et Bas fournissent la quantit\u00e9 de lumi\u00e8re ad\u00e9quate pour votre t\u00e2che, et la lumi\u00e8re stroboscopique vous aide \u00e0 rester pr\u00eat en cas d'urgence. La lampe d'ext\u00e9rieur fonctionne avec des piles AA ou avec le bloc-piles rechargeable fourni. Cette lampe rechargeable se charge enti\u00e8rement en 8 heures gr\u00e2ce \u00e0 un c\u00e2ble de charge USB et dispose d'une sortie USB qui lui permet de charger d'autres appareils. Un corps en aluminium de qualit\u00e9 a\u00e9ronautique et une lentille incassable offrent une durabilit\u00e9 robuste, et un bouton poussoir \u00e0 l'arri\u00e8re rend cette lampe de poche Energizer facile \u00e0 utiliser. Faites confiance \u00e0 Energizer pour des performances fiables dans toutes les situations.","og_url":"https:\/\/energizer.com\/eu\/belgium_french\/product\/energizer-hybrid-tactical-1200\/","og_site_name":"Belgium French","article_modified_time":"2024-08-23T13:42:51+00:00","twitter_card":"summary_large_image","schema":{"@context":"https:\/\/schema.org","@graph":[{"@type":"WebPage","@id":"https:\/\/energizer.com\/eu\/belgium_french\/product\/energizer-hybrid-tactical-1200\/","url":"https:\/\/energizer.com\/eu\/belgium_french\/product\/energizer-hybrid-tactical-1200\/","name":"Energizer HYBRID TACTICAL 1200 - Belgium French","isPartOf":{"@id":"https:\/\/energizer.com\/eu\/belgium_french\/#website"},"datePublished":"2024-06-03T05:16:37+00:00","dateModified":"2024-08-23T13:42:51+00:00","breadcrumb":{"@id":"https:\/\/energizer.com\/eu\/belgium_french\/product\/energizer-hybrid-tactical-1200\/#breadcrumb"},"inLanguage":"en-US","potentialAction":[{"@type":"ReadAction","target":["https:\/\/energizer.com\/eu\/belgium_french\/product\/energizer-hybrid-tactical-1200\/"]}]},{"@type":"BreadcrumbList","@id":"https:\/\/energizer.com\/eu\/belgium_french\/product\/energizer-hybrid-tactical-1200\/#breadcrumb","itemListElement":[{"@type":"ListItem","position":1,"name":"Home","item":"https:\/\/energizer.com\/eu\/belgium_french\/"},{"@type":"ListItem","position":2,"name":"Energizer HYBRID TACTICAL 1200"}]},{"@type":"WebSite","@id":"https:\/\/energizer.com\/eu\/belgium_french\/#website","url":"https:\/\/energizer.com\/eu\/belgium_french\/","name":"Energizer Belgium French","description":"","publisher":{"@id":"https:\/\/energizer.com\/eu\/belgium_french\/#organization"},"potentialAction":[{"@type":"SearchAction","target":{"@type":"EntryPoint","urlTemplate":"https:\/\/energizer.com\/eu\/belgium_french\/?s={search_term_string}"},"query-input":{"@type":"PropertyValueSpecification","valueRequired":true,"valueName":"search_term_string"}}],"inLanguage":"en-US"},{"@type":"Organization","@id":"https:\/\/energizer.com\/eu\/belgium_french\/#organization","name":"Energizer Belgium French","url":"https:\/\/energizer.com\/eu\/belgium_french\/","logo":{"@type":"ImageObject","inLanguage":"en-US","@id":"https:\/\/energizer.com\/eu\/belgium_french\/#\/schema\/logo\/image\/","url":"https:\/\/energizer.com\/eu\/belgium_french\/wp-content\/uploads\/sites\/56\/2024\/04\/Energizer_brand.png","contentUrl":"https:\/\/energizer.com\/eu\/belgium_french\/wp-content\/uploads\/sites\/56\/2024\/04\/Energizer_brand.png","width":267,"height":100,"caption":"Energizer Belgium French"},"image":{"@id":"https:\/\/energizer.com\/eu\/belgium_french\/#\/schema\/logo\/image\/"}}]}},"_links":{"self":[{"href":"https:\/\/energizer.com\/eu\/belgium_french\/wp-json\/wp\/v2\/product\/7341","targetHints":{"allow":["GET"]}}],"collection":[{"href":"https:\/\/energizer.com\/eu\/belgium_french\/wp-json\/wp\/v2\/product"}],"about":[{"href":"https:\/\/energizer.com\/eu\/belgium_french\/wp-json\/wp\/v2\/types\/product"}],"replies":[{"embeddable":true,"href":"https:\/\/energizer.com\/eu\/belgium_french\/wp-json\/wp\/v2\/comments?post=7341"}],"version-history":[{"count":4,"href":"https:\/\/energizer.com\/eu\/belgium_french\/wp-json\/wp\/v2\/product\/7341\/revisions"}],"predecessor-version":[{"id":9556,"href":"https:\/\/energizer.com\/eu\/belgium_french\/wp-json\/wp\/v2\/product\/7341\/revisions\/9556"}],"wp:attachment":[{"href":"https:\/\/energizer.com\/eu\/belgium_french\/wp-json\/wp\/v2\/media?parent=7341"}],"wp:term":[{"taxonomy":"product_brand","embeddable":true,"href":"https:\/\/energizer.com\/eu\/belgium_french\/wp-json\/wp\/v2\/product_brand?post=7341"},{"taxonomy":"product_cat","embeddable":true,"href":"https:\/\/energizer.com\/eu\/belgium_french\/wp-json\/wp\/v2\/product_cat?post=7341"},{"taxonomy":"product_tag","embeddable":true,"href":"https:\/\/energizer.com\/eu\/belgium_french\/wp-json\/wp\/v2\/product_tag?post=7341"}],"curies":[{"name":"wp","href":"https:\/\/api.w.org\/{rel}","templated":true}]}}