{"id":7381,"date":"2024-06-03T05:16:40","date_gmt":"2024-06-03T05:16:40","guid":{"rendered":"https:\/\/23b13e8ab3.nxcli.io\/belgium-french\/?post_type=product&#038;p=7381"},"modified":"2024-08-23T13:42:20","modified_gmt":"2024-08-23T13:42:20","slug":"energizer-led-torch","status":"publish","type":"product","link":"https:\/\/energizer.com\/eu\/belgium_french\/product\/energizer-led-torch\/","title":{"rendered":"Energizer LED Torch"},"content":{"rendered":"<ul>\n<li>Torche m\u00e9tallique Energizer avec 1 LED blanche et 2 piles alcalines AA incluses<\/li>\n<li>Torche super lumineuse : Cette torche LED de 90 lumens offre une luminosit\u00e9 exceptionnelle et de hautes performances, vous permettant de voir jusqu&#8217;\u00e0 45<\/li>\n<li>m\u00e8tres, offrant une lumi\u00e8re 4x plus brillante que la technologie LED standard<\/li>\n<li>Tr\u00e8s polyvalente : cette torche LED compacte et facile \u00e0 utiliser est id\u00e9ale pour les coupures de courant, le bricolage et bien d&#8217;autres choses encore<\/li>\n<li>Construction durable : Id\u00e9ale pour une utilisation durable, cette torche robuste est r\u00e9sistante aux chocs jusqu&#8217;\u00e0 1 m\u00e8tre<\/li>\n<li>Heures d&#8217;autonomie :\u202fLa torche LED Energizer peut briller jusqu&#8217;\u00e0 25 heures<\/li>\n<li>L\u00e9g\u00e8re : Gardez cette torche mince et polyvalente dans votre tiroir, votre voiture, votre trousse d&#8217;urgence ou transportez-la dans votre sac<\/li>\n<li>Prise en main facile : Son design pratique avec une surface textur\u00e9e pour une bonne prise en main et un interrupteur \u00e0 bouton-poussoir vous permet de la tenir et de l&#8217;utiliser facilement<\/li>\n<\/ul>\n","protected":false},"excerpt":{"rendered":"<p>Illuminez votre environnement sans effort avec cette torche \u00e0 main tr\u00e8s performante et tr\u00e8s lumineuse. La torche Energizer Metal Torch offre une luminosit\u00e9 exceptionnelle pendant 25 heures, que vous partiez \u00e0 l&#8217;aventure ou que vous vous pr\u00e9pariez \u00e0 des situations d&#8217;urgence \u00e0 la maison. Id\u00e9ale pour le camping, le bricolage ou les coupures de courant \u00e0 la maison, votre torche Energizer est l\u00e0 pour vous aider \u00e0 trouver votre chemin dans l&#8217;obscurit\u00e9. Cette torche LED de 90 lumens peut \u00e9clairer les espaces les plus sombres, \u00e9clairant jusqu&#8217;\u00e0 45 m\u00e8tres en mode haut et fournissant une lumi\u00e8re 4 fois plus brillante que la technologie LED standard. Elle est facile \u00e0 tenir et \u00e0 utiliser, gr\u00e2ce \u00e0 son design pratique avec interrupteur \u00e0 bouton-poussoir et surface textur\u00e9e pour une bonne prise en main.<\/p>\n","protected":false},"featured_media":0,"comment_status":"open","ping_status":"closed","template":"","meta":{"_acf_changed":false},"product_brand":[],"product_cat":[97],"product_tag":[],"class_list":{"0":"post-7381","1":"product","2":"type-product","3":"status-publish","5":"product_cat-handheld","6":"pa_uses-everyday","8":"first","9":"instock","10":"shipping-taxable","11":"product-type-simple"},"acf":[],"yoast_head":"<!-- This site is optimized with the Yoast SEO plugin v27.2 - https:\/\/yoast.com\/product\/yoast-seo-wordpress\/ -->\n<title>Energizer LED Torch - Belgium French<\/title>\n<meta name=\"robots\" content=\"index, follow, max-snippet:-1, max-image-preview:large, max-video-preview:-1\" \/>\n<link rel=\"canonical\" href=\"https:\/\/energizer.com\/eu\/belgium_french\/product\/energizer-led-torch\/\" \/>\n<meta property=\"og:locale\" content=\"en_US\" \/>\n<meta property=\"og:type\" content=\"article\" \/>\n<meta property=\"og:title\" content=\"Energizer LED Torch - Belgium French\" \/>\n<meta property=\"og:description\" content=\"Illuminez votre environnement sans effort avec cette torche \u00e0 main tr\u00e8s performante et tr\u00e8s lumineuse. La torche Energizer Metal Torch offre une luminosit\u00e9 exceptionnelle pendant 25 heures, que vous partiez \u00e0 l&#039;aventure ou que vous vous pr\u00e9pariez \u00e0 des situations d&#039;urgence \u00e0 la maison. Id\u00e9ale pour le camping, le bricolage ou les coupures de courant \u00e0 la maison, votre torche Energizer est l\u00e0 pour vous aider \u00e0 trouver votre chemin dans l&#039;obscurit\u00e9. Cette torche LED de 90 lumens peut \u00e9clairer les espaces les plus sombres, \u00e9clairant jusqu&#039;\u00e0 45 m\u00e8tres en mode haut et fournissant une lumi\u00e8re 4 fois plus brillante que la technologie LED standard. Elle est facile \u00e0 tenir et \u00e0 utiliser, gr\u00e2ce \u00e0 son design pratique avec interrupteur \u00e0 bouton-poussoir et surface textur\u00e9e pour une bonne prise en main.\" \/>\n<meta property=\"og:url\" content=\"https:\/\/energizer.com\/eu\/belgium_french\/product\/energizer-led-torch\/\" \/>\n<meta property=\"og:site_name\" content=\"Belgium French\" \/>\n<meta property=\"article:modified_time\" content=\"2024-08-23T13:42:20+00:00\" \/>\n<meta name=\"twitter:card\" content=\"summary_large_image\" \/>\n<script type=\"application\/ld+json\" class=\"yoast-schema-graph\">{\"@context\":\"https:\/\/schema.org\",\"@graph\":[{\"@type\":\"WebPage\",\"@id\":\"https:\/\/energizer.com\/eu\/belgium_french\/product\/energizer-led-torch\/\",\"url\":\"https:\/\/energizer.com\/eu\/belgium_french\/product\/energizer-led-torch\/\",\"name\":\"Energizer LED Torch - Belgium French\",\"isPartOf\":{\"@id\":\"https:\/\/energizer.com\/eu\/belgium_french\/#website\"},\"datePublished\":\"2024-06-03T05:16:40+00:00\",\"dateModified\":\"2024-08-23T13:42:20+00:00\",\"breadcrumb\":{\"@id\":\"https:\/\/energizer.com\/eu\/belgium_french\/product\/energizer-led-torch\/#breadcrumb\"},\"inLanguage\":\"en-US\",\"potentialAction\":[{\"@type\":\"ReadAction\",\"target\":[\"https:\/\/energizer.com\/eu\/belgium_french\/product\/energizer-led-torch\/\"]}]},{\"@type\":\"BreadcrumbList\",\"@id\":\"https:\/\/energizer.com\/eu\/belgium_french\/product\/energizer-led-torch\/#breadcrumb\",\"itemListElement\":[{\"@type\":\"ListItem\",\"position\":1,\"name\":\"Home\",\"item\":\"https:\/\/energizer.com\/eu\/belgium_french\/\"},{\"@type\":\"ListItem\",\"position\":2,\"name\":\"Energizer LED Torch\"}]},{\"@type\":\"WebSite\",\"@id\":\"https:\/\/energizer.com\/eu\/belgium_french\/#website\",\"url\":\"https:\/\/energizer.com\/eu\/belgium_french\/\",\"name\":\"Energizer Belgium French\",\"description\":\"\",\"publisher\":{\"@id\":\"https:\/\/energizer.com\/eu\/belgium_french\/#organization\"},\"potentialAction\":[{\"@type\":\"SearchAction\",\"target\":{\"@type\":\"EntryPoint\",\"urlTemplate\":\"https:\/\/energizer.com\/eu\/belgium_french\/?s={search_term_string}\"},\"query-input\":{\"@type\":\"PropertyValueSpecification\",\"valueRequired\":true,\"valueName\":\"search_term_string\"}}],\"inLanguage\":\"en-US\"},{\"@type\":\"Organization\",\"@id\":\"https:\/\/energizer.com\/eu\/belgium_french\/#organization\",\"name\":\"Energizer Belgium French\",\"url\":\"https:\/\/energizer.com\/eu\/belgium_french\/\",\"logo\":{\"@type\":\"ImageObject\",\"inLanguage\":\"en-US\",\"@id\":\"https:\/\/energizer.com\/eu\/belgium_french\/#\/schema\/logo\/image\/\",\"url\":\"https:\/\/energizer.com\/eu\/belgium_french\/wp-content\/uploads\/sites\/56\/2024\/04\/Energizer_brand.png\",\"contentUrl\":\"https:\/\/energizer.com\/eu\/belgium_french\/wp-content\/uploads\/sites\/56\/2024\/04\/Energizer_brand.png\",\"width\":267,\"height\":100,\"caption\":\"Energizer Belgium French\"},\"image\":{\"@id\":\"https:\/\/energizer.com\/eu\/belgium_french\/#\/schema\/logo\/image\/\"}}]}<\/script>\n<!-- \/ Yoast SEO plugin. -->","yoast_head_json":{"title":"Energizer LED Torch - Belgium French","robots":{"index":"index","follow":"follow","max-snippet":"max-snippet:-1","max-image-preview":"max-image-preview:large","max-video-preview":"max-video-preview:-1"},"canonical":"https:\/\/energizer.com\/eu\/belgium_french\/product\/energizer-led-torch\/","og_locale":"en_US","og_type":"article","og_title":"Energizer LED Torch - Belgium French","og_description":"Illuminez votre environnement sans effort avec cette torche \u00e0 main tr\u00e8s performante et tr\u00e8s lumineuse. La torche Energizer Metal Torch offre une luminosit\u00e9 exceptionnelle pendant 25 heures, que vous partiez \u00e0 l'aventure ou que vous vous pr\u00e9pariez \u00e0 des situations d'urgence \u00e0 la maison. Id\u00e9ale pour le camping, le bricolage ou les coupures de courant \u00e0 la maison, votre torche Energizer est l\u00e0 pour vous aider \u00e0 trouver votre chemin dans l'obscurit\u00e9. Cette torche LED de 90 lumens peut \u00e9clairer les espaces les plus sombres, \u00e9clairant jusqu'\u00e0 45 m\u00e8tres en mode haut et fournissant une lumi\u00e8re 4 fois plus brillante que la technologie LED standard. Elle est facile \u00e0 tenir et \u00e0 utiliser, gr\u00e2ce \u00e0 son design pratique avec interrupteur \u00e0 bouton-poussoir et surface textur\u00e9e pour une bonne prise en main.","og_url":"https:\/\/energizer.com\/eu\/belgium_french\/product\/energizer-led-torch\/","og_site_name":"Belgium French","article_modified_time":"2024-08-23T13:42:20+00:00","twitter_card":"summary_large_image","schema":{"@context":"https:\/\/schema.org","@graph":[{"@type":"WebPage","@id":"https:\/\/energizer.com\/eu\/belgium_french\/product\/energizer-led-torch\/","url":"https:\/\/energizer.com\/eu\/belgium_french\/product\/energizer-led-torch\/","name":"Energizer LED Torch - Belgium French","isPartOf":{"@id":"https:\/\/energizer.com\/eu\/belgium_french\/#website"},"datePublished":"2024-06-03T05:16:40+00:00","dateModified":"2024-08-23T13:42:20+00:00","breadcrumb":{"@id":"https:\/\/energizer.com\/eu\/belgium_french\/product\/energizer-led-torch\/#breadcrumb"},"inLanguage":"en-US","potentialAction":[{"@type":"ReadAction","target":["https:\/\/energizer.com\/eu\/belgium_french\/product\/energizer-led-torch\/"]}]},{"@type":"BreadcrumbList","@id":"https:\/\/energizer.com\/eu\/belgium_french\/product\/energizer-led-torch\/#breadcrumb","itemListElement":[{"@type":"ListItem","position":1,"name":"Home","item":"https:\/\/energizer.com\/eu\/belgium_french\/"},{"@type":"ListItem","position":2,"name":"Energizer LED Torch"}]},{"@type":"WebSite","@id":"https:\/\/energizer.com\/eu\/belgium_french\/#website","url":"https:\/\/energizer.com\/eu\/belgium_french\/","name":"Energizer Belgium French","description":"","publisher":{"@id":"https:\/\/energizer.com\/eu\/belgium_french\/#organization"},"potentialAction":[{"@type":"SearchAction","target":{"@type":"EntryPoint","urlTemplate":"https:\/\/energizer.com\/eu\/belgium_french\/?s={search_term_string}"},"query-input":{"@type":"PropertyValueSpecification","valueRequired":true,"valueName":"search_term_string"}}],"inLanguage":"en-US"},{"@type":"Organization","@id":"https:\/\/energizer.com\/eu\/belgium_french\/#organization","name":"Energizer Belgium French","url":"https:\/\/energizer.com\/eu\/belgium_french\/","logo":{"@type":"ImageObject","inLanguage":"en-US","@id":"https:\/\/energizer.com\/eu\/belgium_french\/#\/schema\/logo\/image\/","url":"https:\/\/energizer.com\/eu\/belgium_french\/wp-content\/uploads\/sites\/56\/2024\/04\/Energizer_brand.png","contentUrl":"https:\/\/energizer.com\/eu\/belgium_french\/wp-content\/uploads\/sites\/56\/2024\/04\/Energizer_brand.png","width":267,"height":100,"caption":"Energizer Belgium French"},"image":{"@id":"https:\/\/energizer.com\/eu\/belgium_french\/#\/schema\/logo\/image\/"}}]}},"_links":{"self":[{"href":"https:\/\/energizer.com\/eu\/belgium_french\/wp-json\/wp\/v2\/product\/7381","targetHints":{"allow":["GET"]}}],"collection":[{"href":"https:\/\/energizer.com\/eu\/belgium_french\/wp-json\/wp\/v2\/product"}],"about":[{"href":"https:\/\/energizer.com\/eu\/belgium_french\/wp-json\/wp\/v2\/types\/product"}],"replies":[{"embeddable":true,"href":"https:\/\/energizer.com\/eu\/belgium_french\/wp-json\/wp\/v2\/comments?post=7381"}],"version-history":[{"count":4,"href":"https:\/\/energizer.com\/eu\/belgium_french\/wp-json\/wp\/v2\/product\/7381\/revisions"}],"predecessor-version":[{"id":9554,"href":"https:\/\/energizer.com\/eu\/belgium_french\/wp-json\/wp\/v2\/product\/7381\/revisions\/9554"}],"wp:attachment":[{"href":"https:\/\/energizer.com\/eu\/belgium_french\/wp-json\/wp\/v2\/media?parent=7381"}],"wp:term":[{"taxonomy":"product_brand","embeddable":true,"href":"https:\/\/energizer.com\/eu\/belgium_french\/wp-json\/wp\/v2\/product_brand?post=7381"},{"taxonomy":"product_cat","embeddable":true,"href":"https:\/\/energizer.com\/eu\/belgium_french\/wp-json\/wp\/v2\/product_cat?post=7381"},{"taxonomy":"product_tag","embeddable":true,"href":"https:\/\/energizer.com\/eu\/belgium_french\/wp-json\/wp\/v2\/product_tag?post=7381"}],"curies":[{"name":"wp","href":"https:\/\/api.w.org\/{rel}","templated":true}]}}