{"id":7385,"date":"2024-06-03T05:16:41","date_gmt":"2024-06-03T05:16:41","guid":{"rendered":"https:\/\/23b13e8ab3.nxcli.io\/belgium-french\/?post_type=product&#038;p=7385"},"modified":"2024-08-23T13:43:32","modified_gmt":"2024-08-23T13:43:32","slug":"energizer-general-purpose-led-torch","status":"publish","type":"product","link":"https:\/\/energizer.com\/eu\/belgium_french\/product\/energizer-general-purpose-led-torch\/","title":{"rendered":"Energizer General Purpose LED Torch"},"content":{"rendered":"<ul>\n<li>Torche LED compacte et polyvalente fonctionnant avec 2 piles Energizer MAX AA (incluses)<\/li>\n<li>Cette torche offre 30 heures d&#8217;\u00e9clairage \u00e0 25 lumens, soit 5 fois plus que la technologie LED ordinaire<\/li>\n<li>Elle \u00e9claire jusqu&#8217;\u00e0 35 m\u00e8tres, ce qui la rend id\u00e9ale pour les projets de bricolage \u00e0 la maison et les activit\u00e9s de plein air telles que les soir\u00e9es barbecue<\/li>\n<li>Interrupteur \u00e0 bouton-poussoir ergonomique et poign\u00e9e antid\u00e9rapante moul\u00e9s dans le bo\u00eetier de la lampe de poche<\/li>\n<li>La petite taille et la simplicit\u00e9 d&#8217;utilisation de cette lampe en font une excellente lampe de poche d&#8217;urgence<\/li>\n<\/ul>\n","protected":false},"excerpt":{"rendered":"<p>Vous voulez simplement une torche de qualit\u00e9, fiable, qui fonctionne quand et comme vous le souhaitez. Alors, optez pour la torche LED polyvalente Energizer. Allumez une lumi\u00e8re de 25 lumens, 5 fois plus brillante que la technologie LED ordinaire, et b\u00e9n\u00e9ficiez d&#8217;une autonomie de 30 heures. L&#8217;activation de cette torche LED est aussi simple qu&#8217;un bouton-poussoir bien con\u00e7u. Elle est dot\u00e9e d&#8217;une poign\u00e9e moul\u00e9e antid\u00e9rapante et d&#8217;une attache pour le poignet. Il s&#8217;agit d&#8217;une torche assez compacte, qui se glisse facilement dans les sacs \u00e0 main, les grandes poches et les sacs \u00e0 dos des enfants &#8211; achetez-en plusieurs et mettez-en une \u00e0 chaque endroit. Achetez-en plusieurs et placez-en une \u00e0 chaque endroit. Gardez-en une avec les bougies en cas de coupure de courant, dans le kit de r\u00e9paration routi\u00e8re de votre voiture et partout o\u00f9 une lampe de poche d&#8217;urgence peut \u00eatre utile.<\/p>\n","protected":false},"featured_media":0,"comment_status":"open","ping_status":"closed","template":"","meta":{"_acf_changed":false},"product_brand":[],"product_cat":[97],"product_tag":[],"class_list":{"0":"post-7385","1":"product","2":"type-product","3":"status-publish","5":"product_cat-handheld","6":"pa_uses-everyday","8":"first","9":"instock","10":"shipping-taxable","11":"product-type-simple"},"acf":[],"yoast_head":"<!-- This site is optimized with the Yoast SEO plugin v27.2 - https:\/\/yoast.com\/product\/yoast-seo-wordpress\/ -->\n<title>Energizer General Purpose LED Torch - Belgium French<\/title>\n<meta name=\"robots\" content=\"index, follow, max-snippet:-1, max-image-preview:large, max-video-preview:-1\" \/>\n<link rel=\"canonical\" href=\"https:\/\/energizer.com\/eu\/belgium_french\/product\/energizer-general-purpose-led-torch\/\" \/>\n<meta property=\"og:locale\" content=\"en_US\" \/>\n<meta property=\"og:type\" content=\"article\" \/>\n<meta property=\"og:title\" content=\"Energizer General Purpose LED Torch - Belgium French\" \/>\n<meta property=\"og:description\" content=\"Vous voulez simplement une torche de qualit\u00e9, fiable, qui fonctionne quand et comme vous le souhaitez. Alors, optez pour la torche LED polyvalente Energizer. Allumez une lumi\u00e8re de 25 lumens, 5 fois plus brillante que la technologie LED ordinaire, et b\u00e9n\u00e9ficiez d&#039;une autonomie de 30 heures. L&#039;activation de cette torche LED est aussi simple qu&#039;un bouton-poussoir bien con\u00e7u. Elle est dot\u00e9e d&#039;une poign\u00e9e moul\u00e9e antid\u00e9rapante et d&#039;une attache pour le poignet. Il s&#039;agit d&#039;une torche assez compacte, qui se glisse facilement dans les sacs \u00e0 main, les grandes poches et les sacs \u00e0 dos des enfants - achetez-en plusieurs et mettez-en une \u00e0 chaque endroit. Achetez-en plusieurs et placez-en une \u00e0 chaque endroit. Gardez-en une avec les bougies en cas de coupure de courant, dans le kit de r\u00e9paration routi\u00e8re de votre voiture et partout o\u00f9 une lampe de poche d&#039;urgence peut \u00eatre utile.\" \/>\n<meta property=\"og:url\" content=\"https:\/\/energizer.com\/eu\/belgium_french\/product\/energizer-general-purpose-led-torch\/\" \/>\n<meta property=\"og:site_name\" content=\"Belgium French\" \/>\n<meta property=\"article:modified_time\" content=\"2024-08-23T13:43:32+00:00\" \/>\n<meta name=\"twitter:card\" content=\"summary_large_image\" \/>\n<script type=\"application\/ld+json\" class=\"yoast-schema-graph\">{\"@context\":\"https:\/\/schema.org\",\"@graph\":[{\"@type\":\"WebPage\",\"@id\":\"https:\/\/energizer.com\/eu\/belgium_french\/product\/energizer-general-purpose-led-torch\/\",\"url\":\"https:\/\/energizer.com\/eu\/belgium_french\/product\/energizer-general-purpose-led-torch\/\",\"name\":\"Energizer General Purpose LED Torch - Belgium French\",\"isPartOf\":{\"@id\":\"https:\/\/energizer.com\/eu\/belgium_french\/#website\"},\"datePublished\":\"2024-06-03T05:16:41+00:00\",\"dateModified\":\"2024-08-23T13:43:32+00:00\",\"breadcrumb\":{\"@id\":\"https:\/\/energizer.com\/eu\/belgium_french\/product\/energizer-general-purpose-led-torch\/#breadcrumb\"},\"inLanguage\":\"en-US\",\"potentialAction\":[{\"@type\":\"ReadAction\",\"target\":[\"https:\/\/energizer.com\/eu\/belgium_french\/product\/energizer-general-purpose-led-torch\/\"]}]},{\"@type\":\"BreadcrumbList\",\"@id\":\"https:\/\/energizer.com\/eu\/belgium_french\/product\/energizer-general-purpose-led-torch\/#breadcrumb\",\"itemListElement\":[{\"@type\":\"ListItem\",\"position\":1,\"name\":\"Home\",\"item\":\"https:\/\/energizer.com\/eu\/belgium_french\/\"},{\"@type\":\"ListItem\",\"position\":2,\"name\":\"Energizer General Purpose LED Torch\"}]},{\"@type\":\"WebSite\",\"@id\":\"https:\/\/energizer.com\/eu\/belgium_french\/#website\",\"url\":\"https:\/\/energizer.com\/eu\/belgium_french\/\",\"name\":\"Energizer Belgium French\",\"description\":\"\",\"publisher\":{\"@id\":\"https:\/\/energizer.com\/eu\/belgium_french\/#organization\"},\"potentialAction\":[{\"@type\":\"SearchAction\",\"target\":{\"@type\":\"EntryPoint\",\"urlTemplate\":\"https:\/\/energizer.com\/eu\/belgium_french\/?s={search_term_string}\"},\"query-input\":{\"@type\":\"PropertyValueSpecification\",\"valueRequired\":true,\"valueName\":\"search_term_string\"}}],\"inLanguage\":\"en-US\"},{\"@type\":\"Organization\",\"@id\":\"https:\/\/energizer.com\/eu\/belgium_french\/#organization\",\"name\":\"Energizer Belgium French\",\"url\":\"https:\/\/energizer.com\/eu\/belgium_french\/\",\"logo\":{\"@type\":\"ImageObject\",\"inLanguage\":\"en-US\",\"@id\":\"https:\/\/energizer.com\/eu\/belgium_french\/#\/schema\/logo\/image\/\",\"url\":\"https:\/\/energizer.com\/eu\/belgium_french\/wp-content\/uploads\/sites\/56\/2024\/04\/Energizer_brand.png\",\"contentUrl\":\"https:\/\/energizer.com\/eu\/belgium_french\/wp-content\/uploads\/sites\/56\/2024\/04\/Energizer_brand.png\",\"width\":267,\"height\":100,\"caption\":\"Energizer Belgium French\"},\"image\":{\"@id\":\"https:\/\/energizer.com\/eu\/belgium_french\/#\/schema\/logo\/image\/\"}}]}<\/script>\n<!-- \/ Yoast SEO plugin. -->","yoast_head_json":{"title":"Energizer General Purpose LED Torch - Belgium French","robots":{"index":"index","follow":"follow","max-snippet":"max-snippet:-1","max-image-preview":"max-image-preview:large","max-video-preview":"max-video-preview:-1"},"canonical":"https:\/\/energizer.com\/eu\/belgium_french\/product\/energizer-general-purpose-led-torch\/","og_locale":"en_US","og_type":"article","og_title":"Energizer General Purpose LED Torch - Belgium French","og_description":"Vous voulez simplement une torche de qualit\u00e9, fiable, qui fonctionne quand et comme vous le souhaitez. Alors, optez pour la torche LED polyvalente Energizer. Allumez une lumi\u00e8re de 25 lumens, 5 fois plus brillante que la technologie LED ordinaire, et b\u00e9n\u00e9ficiez d'une autonomie de 30 heures. L'activation de cette torche LED est aussi simple qu'un bouton-poussoir bien con\u00e7u. Elle est dot\u00e9e d'une poign\u00e9e moul\u00e9e antid\u00e9rapante et d'une attache pour le poignet. Il s'agit d'une torche assez compacte, qui se glisse facilement dans les sacs \u00e0 main, les grandes poches et les sacs \u00e0 dos des enfants - achetez-en plusieurs et mettez-en une \u00e0 chaque endroit. Achetez-en plusieurs et placez-en une \u00e0 chaque endroit. Gardez-en une avec les bougies en cas de coupure de courant, dans le kit de r\u00e9paration routi\u00e8re de votre voiture et partout o\u00f9 une lampe de poche d'urgence peut \u00eatre utile.","og_url":"https:\/\/energizer.com\/eu\/belgium_french\/product\/energizer-general-purpose-led-torch\/","og_site_name":"Belgium French","article_modified_time":"2024-08-23T13:43:32+00:00","twitter_card":"summary_large_image","schema":{"@context":"https:\/\/schema.org","@graph":[{"@type":"WebPage","@id":"https:\/\/energizer.com\/eu\/belgium_french\/product\/energizer-general-purpose-led-torch\/","url":"https:\/\/energizer.com\/eu\/belgium_french\/product\/energizer-general-purpose-led-torch\/","name":"Energizer General Purpose LED Torch - Belgium French","isPartOf":{"@id":"https:\/\/energizer.com\/eu\/belgium_french\/#website"},"datePublished":"2024-06-03T05:16:41+00:00","dateModified":"2024-08-23T13:43:32+00:00","breadcrumb":{"@id":"https:\/\/energizer.com\/eu\/belgium_french\/product\/energizer-general-purpose-led-torch\/#breadcrumb"},"inLanguage":"en-US","potentialAction":[{"@type":"ReadAction","target":["https:\/\/energizer.com\/eu\/belgium_french\/product\/energizer-general-purpose-led-torch\/"]}]},{"@type":"BreadcrumbList","@id":"https:\/\/energizer.com\/eu\/belgium_french\/product\/energizer-general-purpose-led-torch\/#breadcrumb","itemListElement":[{"@type":"ListItem","position":1,"name":"Home","item":"https:\/\/energizer.com\/eu\/belgium_french\/"},{"@type":"ListItem","position":2,"name":"Energizer General Purpose LED Torch"}]},{"@type":"WebSite","@id":"https:\/\/energizer.com\/eu\/belgium_french\/#website","url":"https:\/\/energizer.com\/eu\/belgium_french\/","name":"Energizer Belgium French","description":"","publisher":{"@id":"https:\/\/energizer.com\/eu\/belgium_french\/#organization"},"potentialAction":[{"@type":"SearchAction","target":{"@type":"EntryPoint","urlTemplate":"https:\/\/energizer.com\/eu\/belgium_french\/?s={search_term_string}"},"query-input":{"@type":"PropertyValueSpecification","valueRequired":true,"valueName":"search_term_string"}}],"inLanguage":"en-US"},{"@type":"Organization","@id":"https:\/\/energizer.com\/eu\/belgium_french\/#organization","name":"Energizer Belgium French","url":"https:\/\/energizer.com\/eu\/belgium_french\/","logo":{"@type":"ImageObject","inLanguage":"en-US","@id":"https:\/\/energizer.com\/eu\/belgium_french\/#\/schema\/logo\/image\/","url":"https:\/\/energizer.com\/eu\/belgium_french\/wp-content\/uploads\/sites\/56\/2024\/04\/Energizer_brand.png","contentUrl":"https:\/\/energizer.com\/eu\/belgium_french\/wp-content\/uploads\/sites\/56\/2024\/04\/Energizer_brand.png","width":267,"height":100,"caption":"Energizer Belgium French"},"image":{"@id":"https:\/\/energizer.com\/eu\/belgium_french\/#\/schema\/logo\/image\/"}}]}},"_links":{"self":[{"href":"https:\/\/energizer.com\/eu\/belgium_french\/wp-json\/wp\/v2\/product\/7385","targetHints":{"allow":["GET"]}}],"collection":[{"href":"https:\/\/energizer.com\/eu\/belgium_french\/wp-json\/wp\/v2\/product"}],"about":[{"href":"https:\/\/energizer.com\/eu\/belgium_french\/wp-json\/wp\/v2\/types\/product"}],"replies":[{"embeddable":true,"href":"https:\/\/energizer.com\/eu\/belgium_french\/wp-json\/wp\/v2\/comments?post=7385"}],"version-history":[{"count":4,"href":"https:\/\/energizer.com\/eu\/belgium_french\/wp-json\/wp\/v2\/product\/7385\/revisions"}],"predecessor-version":[{"id":9560,"href":"https:\/\/energizer.com\/eu\/belgium_french\/wp-json\/wp\/v2\/product\/7385\/revisions\/9560"}],"wp:attachment":[{"href":"https:\/\/energizer.com\/eu\/belgium_french\/wp-json\/wp\/v2\/media?parent=7385"}],"wp:term":[{"taxonomy":"product_brand","embeddable":true,"href":"https:\/\/energizer.com\/eu\/belgium_french\/wp-json\/wp\/v2\/product_brand?post=7385"},{"taxonomy":"product_cat","embeddable":true,"href":"https:\/\/energizer.com\/eu\/belgium_french\/wp-json\/wp\/v2\/product_cat?post=7385"},{"taxonomy":"product_tag","embeddable":true,"href":"https:\/\/energizer.com\/eu\/belgium_french\/wp-json\/wp\/v2\/product_tag?post=7385"}],"curies":[{"name":"wp","href":"https:\/\/api.w.org\/{rel}","templated":true}]}}