{"id":7393,"date":"2024-06-03T05:16:41","date_gmt":"2024-06-03T05:16:41","guid":{"rendered":"https:\/\/23b13e8ab3.nxcli.io\/belgium-french\/?post_type=product&#038;p=7393"},"modified":"2024-08-23T13:38:03","modified_gmt":"2024-08-23T13:38:03","slug":"energizer-atex-2d","status":"publish","type":"product","link":"https:\/\/energizer.com\/eu\/belgium_french\/product\/energizer-atex-2d\/","title":{"rendered":"Energizer ATEX 2D"},"content":{"rendered":"<ul>\n<li>Portatif \u00e0 s\u00e9curit\u00e9 intrins\u00e8que (ATEX)<\/li>\n<li>Plage de fonctionnement de -20\u00b0C \u00e0 40\u00b0C<\/li>\n<li>Division I, classes I, II et III<\/li>\n<li>IECEx est une s\u00e9curit\u00e9 intrins\u00e8que<\/li>\n<li>EN60529 niveau de protection IP67<\/li>\n<li>Bo\u00eetier nervur\u00e9 pour une prise en main s\u00fbre<\/li>\n<li>Test\u00e9 conform\u00e9ment \u00e0 la norme ANSI FL 1 avec une pile Energizer MAX<\/li>\n<\/ul>\n","protected":false},"excerpt":{"rendered":"<p>Approuv\u00e9e par les agences de s\u00e9curit\u00e9 internationales, la torche LED Energizer Atex \u00e0 s\u00e9curit\u00e9 intrins\u00e8que est capable de fonctionner dans les conditions les plus difficiles. Con\u00e7ue pour les m\u00e9tiers de l&#8217;industrie, cette lampe haute performance est certifi\u00e9e IP67 et r\u00e9siste \u00e0 des chutes allant jusqu&#8217;\u00e0 1 m\u00e8tre. Afin d&#8217;assurer la s\u00e9curit\u00e9 de l&#8217;utilisateur, une boucle de cordon facilite l&#8217;acc\u00e8s sur le lieu de travail, tandis que la couleur de s\u00e9curit\u00e9 orange permet une reconnaissance instantan\u00e9e. La technologie LED fournit un \u00e9clairage constant allant jusqu&#8217;\u00e0 150 lumens pendant une dur\u00e9e de 40 heures pour vous permettre de rester actif plus longtemps.<\/p>\n","protected":false},"featured_media":0,"comment_status":"open","ping_status":"closed","template":"","meta":{"_acf_changed":false},"product_brand":[],"product_cat":[97],"product_tag":[],"class_list":{"0":"post-7393","1":"product","2":"type-product","3":"status-publish","5":"product_cat-handheld","6":"pa_uses-everyday","8":"first","9":"instock","10":"shipping-taxable","11":"product-type-simple"},"acf":[],"yoast_head":"<!-- This site is optimized with the Yoast SEO plugin v27.2 - https:\/\/yoast.com\/product\/yoast-seo-wordpress\/ -->\n<title>Energizer ATEX 2D - Belgium French<\/title>\n<meta name=\"robots\" content=\"index, follow, max-snippet:-1, max-image-preview:large, max-video-preview:-1\" \/>\n<link rel=\"canonical\" href=\"https:\/\/energizer.com\/eu\/belgium_french\/product\/energizer-atex-2d\/\" \/>\n<meta property=\"og:locale\" content=\"en_US\" \/>\n<meta property=\"og:type\" content=\"article\" \/>\n<meta property=\"og:title\" content=\"Energizer ATEX 2D - Belgium French\" \/>\n<meta property=\"og:description\" content=\"Approuv\u00e9e par les agences de s\u00e9curit\u00e9 internationales, la torche LED Energizer Atex \u00e0 s\u00e9curit\u00e9 intrins\u00e8que est capable de fonctionner dans les conditions les plus difficiles. Con\u00e7ue pour les m\u00e9tiers de l&#039;industrie, cette lampe haute performance est certifi\u00e9e IP67 et r\u00e9siste \u00e0 des chutes allant jusqu&#039;\u00e0 1 m\u00e8tre. Afin d&#039;assurer la s\u00e9curit\u00e9 de l&#039;utilisateur, une boucle de cordon facilite l&#039;acc\u00e8s sur le lieu de travail, tandis que la couleur de s\u00e9curit\u00e9 orange permet une reconnaissance instantan\u00e9e. La technologie LED fournit un \u00e9clairage constant allant jusqu&#039;\u00e0 150 lumens pendant une dur\u00e9e de 40 heures pour vous permettre de rester actif plus longtemps.\" \/>\n<meta property=\"og:url\" content=\"https:\/\/energizer.com\/eu\/belgium_french\/product\/energizer-atex-2d\/\" \/>\n<meta property=\"og:site_name\" content=\"Belgium French\" \/>\n<meta property=\"article:modified_time\" content=\"2024-08-23T13:38:03+00:00\" \/>\n<meta name=\"twitter:card\" content=\"summary_large_image\" \/>\n<script type=\"application\/ld+json\" class=\"yoast-schema-graph\">{\"@context\":\"https:\/\/schema.org\",\"@graph\":[{\"@type\":\"WebPage\",\"@id\":\"https:\/\/energizer.com\/eu\/belgium_french\/product\/energizer-atex-2d\/\",\"url\":\"https:\/\/energizer.com\/eu\/belgium_french\/product\/energizer-atex-2d\/\",\"name\":\"Energizer ATEX 2D - Belgium French\",\"isPartOf\":{\"@id\":\"https:\/\/energizer.com\/eu\/belgium_french\/#website\"},\"datePublished\":\"2024-06-03T05:16:41+00:00\",\"dateModified\":\"2024-08-23T13:38:03+00:00\",\"breadcrumb\":{\"@id\":\"https:\/\/energizer.com\/eu\/belgium_french\/product\/energizer-atex-2d\/#breadcrumb\"},\"inLanguage\":\"en-US\",\"potentialAction\":[{\"@type\":\"ReadAction\",\"target\":[\"https:\/\/energizer.com\/eu\/belgium_french\/product\/energizer-atex-2d\/\"]}]},{\"@type\":\"BreadcrumbList\",\"@id\":\"https:\/\/energizer.com\/eu\/belgium_french\/product\/energizer-atex-2d\/#breadcrumb\",\"itemListElement\":[{\"@type\":\"ListItem\",\"position\":1,\"name\":\"Home\",\"item\":\"https:\/\/energizer.com\/eu\/belgium_french\/\"},{\"@type\":\"ListItem\",\"position\":2,\"name\":\"Energizer ATEX 2D\"}]},{\"@type\":\"WebSite\",\"@id\":\"https:\/\/energizer.com\/eu\/belgium_french\/#website\",\"url\":\"https:\/\/energizer.com\/eu\/belgium_french\/\",\"name\":\"Energizer Belgium French\",\"description\":\"\",\"publisher\":{\"@id\":\"https:\/\/energizer.com\/eu\/belgium_french\/#organization\"},\"potentialAction\":[{\"@type\":\"SearchAction\",\"target\":{\"@type\":\"EntryPoint\",\"urlTemplate\":\"https:\/\/energizer.com\/eu\/belgium_french\/?s={search_term_string}\"},\"query-input\":{\"@type\":\"PropertyValueSpecification\",\"valueRequired\":true,\"valueName\":\"search_term_string\"}}],\"inLanguage\":\"en-US\"},{\"@type\":\"Organization\",\"@id\":\"https:\/\/energizer.com\/eu\/belgium_french\/#organization\",\"name\":\"Energizer Belgium French\",\"url\":\"https:\/\/energizer.com\/eu\/belgium_french\/\",\"logo\":{\"@type\":\"ImageObject\",\"inLanguage\":\"en-US\",\"@id\":\"https:\/\/energizer.com\/eu\/belgium_french\/#\/schema\/logo\/image\/\",\"url\":\"https:\/\/energizer.com\/eu\/belgium_french\/wp-content\/uploads\/sites\/56\/2024\/04\/Energizer_brand.png\",\"contentUrl\":\"https:\/\/energizer.com\/eu\/belgium_french\/wp-content\/uploads\/sites\/56\/2024\/04\/Energizer_brand.png\",\"width\":267,\"height\":100,\"caption\":\"Energizer Belgium French\"},\"image\":{\"@id\":\"https:\/\/energizer.com\/eu\/belgium_french\/#\/schema\/logo\/image\/\"}}]}<\/script>\n<!-- \/ Yoast SEO plugin. -->","yoast_head_json":{"title":"Energizer ATEX 2D - Belgium French","robots":{"index":"index","follow":"follow","max-snippet":"max-snippet:-1","max-image-preview":"max-image-preview:large","max-video-preview":"max-video-preview:-1"},"canonical":"https:\/\/energizer.com\/eu\/belgium_french\/product\/energizer-atex-2d\/","og_locale":"en_US","og_type":"article","og_title":"Energizer ATEX 2D - Belgium French","og_description":"Approuv\u00e9e par les agences de s\u00e9curit\u00e9 internationales, la torche LED Energizer Atex \u00e0 s\u00e9curit\u00e9 intrins\u00e8que est capable de fonctionner dans les conditions les plus difficiles. Con\u00e7ue pour les m\u00e9tiers de l'industrie, cette lampe haute performance est certifi\u00e9e IP67 et r\u00e9siste \u00e0 des chutes allant jusqu'\u00e0 1 m\u00e8tre. Afin d'assurer la s\u00e9curit\u00e9 de l'utilisateur, une boucle de cordon facilite l'acc\u00e8s sur le lieu de travail, tandis que la couleur de s\u00e9curit\u00e9 orange permet une reconnaissance instantan\u00e9e. La technologie LED fournit un \u00e9clairage constant allant jusqu'\u00e0 150 lumens pendant une dur\u00e9e de 40 heures pour vous permettre de rester actif plus longtemps.","og_url":"https:\/\/energizer.com\/eu\/belgium_french\/product\/energizer-atex-2d\/","og_site_name":"Belgium French","article_modified_time":"2024-08-23T13:38:03+00:00","twitter_card":"summary_large_image","schema":{"@context":"https:\/\/schema.org","@graph":[{"@type":"WebPage","@id":"https:\/\/energizer.com\/eu\/belgium_french\/product\/energizer-atex-2d\/","url":"https:\/\/energizer.com\/eu\/belgium_french\/product\/energizer-atex-2d\/","name":"Energizer ATEX 2D - Belgium French","isPartOf":{"@id":"https:\/\/energizer.com\/eu\/belgium_french\/#website"},"datePublished":"2024-06-03T05:16:41+00:00","dateModified":"2024-08-23T13:38:03+00:00","breadcrumb":{"@id":"https:\/\/energizer.com\/eu\/belgium_french\/product\/energizer-atex-2d\/#breadcrumb"},"inLanguage":"en-US","potentialAction":[{"@type":"ReadAction","target":["https:\/\/energizer.com\/eu\/belgium_french\/product\/energizer-atex-2d\/"]}]},{"@type":"BreadcrumbList","@id":"https:\/\/energizer.com\/eu\/belgium_french\/product\/energizer-atex-2d\/#breadcrumb","itemListElement":[{"@type":"ListItem","position":1,"name":"Home","item":"https:\/\/energizer.com\/eu\/belgium_french\/"},{"@type":"ListItem","position":2,"name":"Energizer ATEX 2D"}]},{"@type":"WebSite","@id":"https:\/\/energizer.com\/eu\/belgium_french\/#website","url":"https:\/\/energizer.com\/eu\/belgium_french\/","name":"Energizer Belgium French","description":"","publisher":{"@id":"https:\/\/energizer.com\/eu\/belgium_french\/#organization"},"potentialAction":[{"@type":"SearchAction","target":{"@type":"EntryPoint","urlTemplate":"https:\/\/energizer.com\/eu\/belgium_french\/?s={search_term_string}"},"query-input":{"@type":"PropertyValueSpecification","valueRequired":true,"valueName":"search_term_string"}}],"inLanguage":"en-US"},{"@type":"Organization","@id":"https:\/\/energizer.com\/eu\/belgium_french\/#organization","name":"Energizer Belgium French","url":"https:\/\/energizer.com\/eu\/belgium_french\/","logo":{"@type":"ImageObject","inLanguage":"en-US","@id":"https:\/\/energizer.com\/eu\/belgium_french\/#\/schema\/logo\/image\/","url":"https:\/\/energizer.com\/eu\/belgium_french\/wp-content\/uploads\/sites\/56\/2024\/04\/Energizer_brand.png","contentUrl":"https:\/\/energizer.com\/eu\/belgium_french\/wp-content\/uploads\/sites\/56\/2024\/04\/Energizer_brand.png","width":267,"height":100,"caption":"Energizer Belgium French"},"image":{"@id":"https:\/\/energizer.com\/eu\/belgium_french\/#\/schema\/logo\/image\/"}}]}},"_links":{"self":[{"href":"https:\/\/energizer.com\/eu\/belgium_french\/wp-json\/wp\/v2\/product\/7393","targetHints":{"allow":["GET"]}}],"collection":[{"href":"https:\/\/energizer.com\/eu\/belgium_french\/wp-json\/wp\/v2\/product"}],"about":[{"href":"https:\/\/energizer.com\/eu\/belgium_french\/wp-json\/wp\/v2\/types\/product"}],"replies":[{"embeddable":true,"href":"https:\/\/energizer.com\/eu\/belgium_french\/wp-json\/wp\/v2\/comments?post=7393"}],"version-history":[{"count":4,"href":"https:\/\/energizer.com\/eu\/belgium_french\/wp-json\/wp\/v2\/product\/7393\/revisions"}],"predecessor-version":[{"id":9547,"href":"https:\/\/energizer.com\/eu\/belgium_french\/wp-json\/wp\/v2\/product\/7393\/revisions\/9547"}],"wp:attachment":[{"href":"https:\/\/energizer.com\/eu\/belgium_french\/wp-json\/wp\/v2\/media?parent=7393"}],"wp:term":[{"taxonomy":"product_brand","embeddable":true,"href":"https:\/\/energizer.com\/eu\/belgium_french\/wp-json\/wp\/v2\/product_brand?post=7393"},{"taxonomy":"product_cat","embeddable":true,"href":"https:\/\/energizer.com\/eu\/belgium_french\/wp-json\/wp\/v2\/product_cat?post=7393"},{"taxonomy":"product_tag","embeddable":true,"href":"https:\/\/energizer.com\/eu\/belgium_french\/wp-json\/wp\/v2\/product_tag?post=7393"}],"curies":[{"name":"wp","href":"https:\/\/api.w.org\/{rel}","templated":true}]}}