{"id":7435,"date":"2024-06-03T05:16:45","date_gmt":"2024-06-03T05:16:45","guid":{"rendered":"https:\/\/23b13e8ab3.nxcli.io\/belgium-french\/?post_type=product&#038;p=7435"},"modified":"2024-12-20T12:29:58","modified_gmt":"2024-12-20T12:29:58","slug":"energizer-paw-patrol-lantern","status":"publish","type":"product","link":"https:\/\/energizer.com\/eu\/belgium_french\/product\/energizer-paw-patrol-lantern\/","title":{"rendered":"Energizer PAW PATROL Lantern"},"content":{"rendered":"<ul>\n<li>Lanterne LED Energizer PAW Patrol Kids<\/li>\n<li>La lanterne pour enfants est facile \u00e0 utiliser et amusante pour les jeux<\/li>\n<li>Id\u00e9ale pour le camping, les jeux dans l&#8217;arri\u00e8re-cour et les explorations nocturnes<\/li>\n<li>La lanterne \u00e9met une douce lueur pendant 17 heures<\/li>\n<li>La lanterne LED est r\u00e9sistante aux chocs jusqu&#8217;\u00e0 1 m\u00e8tre et \u00e0 l&#8217;eau IPX4<\/li>\n<li>Conception l\u00e9g\u00e8re en plastique avec lentille incassable pour un transport facile<\/li>\n<li>Faites confiance \u00e0 Energizer pour une performance fiable dans toutes les situations<\/li>\n<\/ul>\n","protected":false},"excerpt":{"rendered":"<p>Laissez votre enfant illuminer la nuit avec la lanterne LED Energizer PAW Patrol. Cette lanterne l\u00e9g\u00e8re est facile \u00e0 transporter et tient dans les petites mains. Les lanternes pour enfants sont un excellent moyen pour les enfants d&#8217;explorer l&#8217;obscurit\u00e9 en toute s\u00e9curit\u00e9, que ce soit dans le jardin, en camping ou en jouant \u00e0 l&#8217;int\u00e9rieur. La lanterne LED \u00e9met une douce lueur qui rend l&#8217;obscurit\u00e9 plus accueillante. De plus, chaque lanterne LED pr\u00e9sente un th\u00e8me color\u00e9 assorti aux jouets PAW Patrol de votre enfant. La lanterne pour enfants est dot\u00e9e d&#8217;un clip r\u00e9tractable qui permet de l&#8217;emporter partout o\u00f9 vous avez besoin de lumi\u00e8re suppl\u00e9mentaire. De plus, la base de la lanterne est suffisamment solide pour reposer sur la plupart des surfaces. Pour une performance fiable dans toutes les situations, faites confiance \u00e0 Energizer.<\/p>\n","protected":false},"featured_media":0,"comment_status":"open","ping_status":"closed","template":"","meta":{"_acf_changed":false},"product_brand":[],"product_cat":[45],"product_tag":[],"class_list":{"0":"post-7435","1":"product","2":"type-product","3":"status-publish","5":"product_cat-novelty","6":"pa_uses-everyday","8":"first","9":"instock","10":"shipping-taxable","11":"product-type-simple"},"acf":[],"yoast_head":"<!-- This site is optimized with the Yoast SEO plugin v27.2 - https:\/\/yoast.com\/product\/yoast-seo-wordpress\/ -->\n<title>Energizer PAW PATROL Lantern - Belgium French<\/title>\n<meta name=\"robots\" content=\"index, follow, max-snippet:-1, max-image-preview:large, max-video-preview:-1\" \/>\n<link rel=\"canonical\" href=\"https:\/\/energizer.com\/eu\/belgium_french\/product\/energizer-paw-patrol-lantern\/\" \/>\n<meta property=\"og:locale\" content=\"en_US\" \/>\n<meta property=\"og:type\" content=\"article\" \/>\n<meta property=\"og:title\" content=\"Energizer PAW PATROL Lantern - Belgium French\" \/>\n<meta property=\"og:description\" content=\"Laissez votre enfant illuminer la nuit avec la lanterne LED Energizer PAW Patrol. Cette lanterne l\u00e9g\u00e8re est facile \u00e0 transporter et tient dans les petites mains. Les lanternes pour enfants sont un excellent moyen pour les enfants d&#039;explorer l&#039;obscurit\u00e9 en toute s\u00e9curit\u00e9, que ce soit dans le jardin, en camping ou en jouant \u00e0 l&#039;int\u00e9rieur. La lanterne LED \u00e9met une douce lueur qui rend l&#039;obscurit\u00e9 plus accueillante. De plus, chaque lanterne LED pr\u00e9sente un th\u00e8me color\u00e9 assorti aux jouets PAW Patrol de votre enfant. La lanterne pour enfants est dot\u00e9e d&#039;un clip r\u00e9tractable qui permet de l&#039;emporter partout o\u00f9 vous avez besoin de lumi\u00e8re suppl\u00e9mentaire. De plus, la base de la lanterne est suffisamment solide pour reposer sur la plupart des surfaces. Pour une performance fiable dans toutes les situations, faites confiance \u00e0 Energizer.\" \/>\n<meta property=\"og:url\" content=\"https:\/\/energizer.com\/eu\/belgium_french\/product\/energizer-paw-patrol-lantern\/\" \/>\n<meta property=\"og:site_name\" content=\"Belgium French\" \/>\n<meta property=\"article:modified_time\" content=\"2024-12-20T12:29:58+00:00\" \/>\n<meta name=\"twitter:card\" content=\"summary_large_image\" \/>\n<script type=\"application\/ld+json\" class=\"yoast-schema-graph\">{\"@context\":\"https:\/\/schema.org\",\"@graph\":[{\"@type\":\"WebPage\",\"@id\":\"https:\/\/energizer.com\/eu\/belgium_french\/product\/energizer-paw-patrol-lantern\/\",\"url\":\"https:\/\/energizer.com\/eu\/belgium_french\/product\/energizer-paw-patrol-lantern\/\",\"name\":\"Energizer PAW PATROL Lantern - Belgium French\",\"isPartOf\":{\"@id\":\"https:\/\/energizer.com\/eu\/belgium_french\/#website\"},\"datePublished\":\"2024-06-03T05:16:45+00:00\",\"dateModified\":\"2024-12-20T12:29:58+00:00\",\"breadcrumb\":{\"@id\":\"https:\/\/energizer.com\/eu\/belgium_french\/product\/energizer-paw-patrol-lantern\/#breadcrumb\"},\"inLanguage\":\"en-US\",\"potentialAction\":[{\"@type\":\"ReadAction\",\"target\":[\"https:\/\/energizer.com\/eu\/belgium_french\/product\/energizer-paw-patrol-lantern\/\"]}]},{\"@type\":\"BreadcrumbList\",\"@id\":\"https:\/\/energizer.com\/eu\/belgium_french\/product\/energizer-paw-patrol-lantern\/#breadcrumb\",\"itemListElement\":[{\"@type\":\"ListItem\",\"position\":1,\"name\":\"Home\",\"item\":\"https:\/\/energizer.com\/eu\/belgium_french\/\"},{\"@type\":\"ListItem\",\"position\":2,\"name\":\"Energizer PAW PATROL Lantern\"}]},{\"@type\":\"WebSite\",\"@id\":\"https:\/\/energizer.com\/eu\/belgium_french\/#website\",\"url\":\"https:\/\/energizer.com\/eu\/belgium_french\/\",\"name\":\"Energizer Belgium French\",\"description\":\"\",\"publisher\":{\"@id\":\"https:\/\/energizer.com\/eu\/belgium_french\/#organization\"},\"potentialAction\":[{\"@type\":\"SearchAction\",\"target\":{\"@type\":\"EntryPoint\",\"urlTemplate\":\"https:\/\/energizer.com\/eu\/belgium_french\/?s={search_term_string}\"},\"query-input\":{\"@type\":\"PropertyValueSpecification\",\"valueRequired\":true,\"valueName\":\"search_term_string\"}}],\"inLanguage\":\"en-US\"},{\"@type\":\"Organization\",\"@id\":\"https:\/\/energizer.com\/eu\/belgium_french\/#organization\",\"name\":\"Energizer Belgium French\",\"url\":\"https:\/\/energizer.com\/eu\/belgium_french\/\",\"logo\":{\"@type\":\"ImageObject\",\"inLanguage\":\"en-US\",\"@id\":\"https:\/\/energizer.com\/eu\/belgium_french\/#\/schema\/logo\/image\/\",\"url\":\"https:\/\/energizer.com\/eu\/belgium_french\/wp-content\/uploads\/sites\/56\/2024\/04\/Energizer_brand.png\",\"contentUrl\":\"https:\/\/energizer.com\/eu\/belgium_french\/wp-content\/uploads\/sites\/56\/2024\/04\/Energizer_brand.png\",\"width\":267,\"height\":100,\"caption\":\"Energizer Belgium French\"},\"image\":{\"@id\":\"https:\/\/energizer.com\/eu\/belgium_french\/#\/schema\/logo\/image\/\"}}]}<\/script>\n<!-- \/ Yoast SEO plugin. -->","yoast_head_json":{"title":"Energizer PAW PATROL Lantern - Belgium French","robots":{"index":"index","follow":"follow","max-snippet":"max-snippet:-1","max-image-preview":"max-image-preview:large","max-video-preview":"max-video-preview:-1"},"canonical":"https:\/\/energizer.com\/eu\/belgium_french\/product\/energizer-paw-patrol-lantern\/","og_locale":"en_US","og_type":"article","og_title":"Energizer PAW PATROL Lantern - Belgium French","og_description":"Laissez votre enfant illuminer la nuit avec la lanterne LED Energizer PAW Patrol. Cette lanterne l\u00e9g\u00e8re est facile \u00e0 transporter et tient dans les petites mains. Les lanternes pour enfants sont un excellent moyen pour les enfants d'explorer l'obscurit\u00e9 en toute s\u00e9curit\u00e9, que ce soit dans le jardin, en camping ou en jouant \u00e0 l'int\u00e9rieur. La lanterne LED \u00e9met une douce lueur qui rend l'obscurit\u00e9 plus accueillante. De plus, chaque lanterne LED pr\u00e9sente un th\u00e8me color\u00e9 assorti aux jouets PAW Patrol de votre enfant. La lanterne pour enfants est dot\u00e9e d'un clip r\u00e9tractable qui permet de l'emporter partout o\u00f9 vous avez besoin de lumi\u00e8re suppl\u00e9mentaire. De plus, la base de la lanterne est suffisamment solide pour reposer sur la plupart des surfaces. Pour une performance fiable dans toutes les situations, faites confiance \u00e0 Energizer.","og_url":"https:\/\/energizer.com\/eu\/belgium_french\/product\/energizer-paw-patrol-lantern\/","og_site_name":"Belgium French","article_modified_time":"2024-12-20T12:29:58+00:00","twitter_card":"summary_large_image","schema":{"@context":"https:\/\/schema.org","@graph":[{"@type":"WebPage","@id":"https:\/\/energizer.com\/eu\/belgium_french\/product\/energizer-paw-patrol-lantern\/","url":"https:\/\/energizer.com\/eu\/belgium_french\/product\/energizer-paw-patrol-lantern\/","name":"Energizer PAW PATROL Lantern - Belgium French","isPartOf":{"@id":"https:\/\/energizer.com\/eu\/belgium_french\/#website"},"datePublished":"2024-06-03T05:16:45+00:00","dateModified":"2024-12-20T12:29:58+00:00","breadcrumb":{"@id":"https:\/\/energizer.com\/eu\/belgium_french\/product\/energizer-paw-patrol-lantern\/#breadcrumb"},"inLanguage":"en-US","potentialAction":[{"@type":"ReadAction","target":["https:\/\/energizer.com\/eu\/belgium_french\/product\/energizer-paw-patrol-lantern\/"]}]},{"@type":"BreadcrumbList","@id":"https:\/\/energizer.com\/eu\/belgium_french\/product\/energizer-paw-patrol-lantern\/#breadcrumb","itemListElement":[{"@type":"ListItem","position":1,"name":"Home","item":"https:\/\/energizer.com\/eu\/belgium_french\/"},{"@type":"ListItem","position":2,"name":"Energizer PAW PATROL Lantern"}]},{"@type":"WebSite","@id":"https:\/\/energizer.com\/eu\/belgium_french\/#website","url":"https:\/\/energizer.com\/eu\/belgium_french\/","name":"Energizer Belgium French","description":"","publisher":{"@id":"https:\/\/energizer.com\/eu\/belgium_french\/#organization"},"potentialAction":[{"@type":"SearchAction","target":{"@type":"EntryPoint","urlTemplate":"https:\/\/energizer.com\/eu\/belgium_french\/?s={search_term_string}"},"query-input":{"@type":"PropertyValueSpecification","valueRequired":true,"valueName":"search_term_string"}}],"inLanguage":"en-US"},{"@type":"Organization","@id":"https:\/\/energizer.com\/eu\/belgium_french\/#organization","name":"Energizer Belgium French","url":"https:\/\/energizer.com\/eu\/belgium_french\/","logo":{"@type":"ImageObject","inLanguage":"en-US","@id":"https:\/\/energizer.com\/eu\/belgium_french\/#\/schema\/logo\/image\/","url":"https:\/\/energizer.com\/eu\/belgium_french\/wp-content\/uploads\/sites\/56\/2024\/04\/Energizer_brand.png","contentUrl":"https:\/\/energizer.com\/eu\/belgium_french\/wp-content\/uploads\/sites\/56\/2024\/04\/Energizer_brand.png","width":267,"height":100,"caption":"Energizer Belgium French"},"image":{"@id":"https:\/\/energizer.com\/eu\/belgium_french\/#\/schema\/logo\/image\/"}}]}},"_links":{"self":[{"href":"https:\/\/energizer.com\/eu\/belgium_french\/wp-json\/wp\/v2\/product\/7435","targetHints":{"allow":["GET"]}}],"collection":[{"href":"https:\/\/energizer.com\/eu\/belgium_french\/wp-json\/wp\/v2\/product"}],"about":[{"href":"https:\/\/energizer.com\/eu\/belgium_french\/wp-json\/wp\/v2\/types\/product"}],"replies":[{"embeddable":true,"href":"https:\/\/energizer.com\/eu\/belgium_french\/wp-json\/wp\/v2\/comments?post=7435"}],"version-history":[{"count":4,"href":"https:\/\/energizer.com\/eu\/belgium_french\/wp-json\/wp\/v2\/product\/7435\/revisions"}],"predecessor-version":[{"id":9609,"href":"https:\/\/energizer.com\/eu\/belgium_french\/wp-json\/wp\/v2\/product\/7435\/revisions\/9609"}],"wp:attachment":[{"href":"https:\/\/energizer.com\/eu\/belgium_french\/wp-json\/wp\/v2\/media?parent=7435"}],"wp:term":[{"taxonomy":"product_brand","embeddable":true,"href":"https:\/\/energizer.com\/eu\/belgium_french\/wp-json\/wp\/v2\/product_brand?post=7435"},{"taxonomy":"product_cat","embeddable":true,"href":"https:\/\/energizer.com\/eu\/belgium_french\/wp-json\/wp\/v2\/product_cat?post=7435"},{"taxonomy":"product_tag","embeddable":true,"href":"https:\/\/energizer.com\/eu\/belgium_french\/wp-json\/wp\/v2\/product_tag?post=7435"}],"curies":[{"name":"wp","href":"https:\/\/api.w.org\/{rel}","templated":true}]}}