{"id":7445,"date":"2024-06-03T05:16:45","date_gmt":"2024-06-03T05:16:45","guid":{"rendered":"https:\/\/23b13e8ab3.nxcli.io\/belgium-french\/?post_type=product&#038;p=7445"},"modified":"2024-08-23T13:42:04","modified_gmt":"2024-08-23T13:42:04","slug":"energizer-led-torch-2","status":"publish","type":"product","link":"https:\/\/energizer.com\/eu\/belgium_french\/product\/energizer-led-torch-2\/","title":{"rendered":"Energizer LED Torch"},"content":{"rendered":"<ul>\n<li>Torche puissante Energizer Vision HD Ultra Digital Focus LED, avec 6 piles Energizer AA incluses<\/li>\n<li>Torche super lumineuse : Cette torche LED de 1500 lumens offre une luminosit\u00e9 exceptionnelle et de hautes performances, vous permettant de voir jusqu&#8217;\u00e0 230 m\u00e8tres<\/li>\n<li>Mise au point num\u00e9rique : Excellent contr\u00f4le du faisceau d&#8217;une seule main<\/li>\n<li>Construction en alliage durable : Le corps m\u00e9tallique en aluminium de qualit\u00e9 a\u00e9ronautique et la construction IPX4 offrent une protection contre les dommages et les \u00e9claboussures<\/li>\n<li>Heures d&#8217;autonomie : La torche LED Energizer peut briller jusqu&#8217;\u00e0 15 heures en mode \u00e9conomie d&#8217;\u00e9nergie<\/li>\n<li>L\u00e9g\u00e8re : Gardez cette torche l\u00e9g\u00e8re, polyvalente et puissante dans votre tiroir, votre voiture, votre kit d&#8217;urgence \u00e0 la maison, ou transportez-la dans votre sac<\/li>\n<li>Technologie MAX-VIZ fiable : La puissante technologie Energizer reproduit la lumi\u00e8re du jour pour une vision haute d\u00e9finition sur laquelle vous pouvez compter<\/li>\n<\/ul>\n","protected":false},"excerpt":{"rendered":"<p>\u00c9clairez votre environnement sans effort gr\u00e2ce \u00e0 cette torche haute performance et super lumineuse. La torche \u00e0 main Energizer Vision HD Ultra Digital Focus LED offre une luminosit\u00e9 exceptionnelle jusqu&#8217;\u00e0 15 heures en mode \u00e9conomie d&#8217;\u00e9nergie &#8211; id\u00e9ale si vous partez \u00e0 l&#8217;aventure ou si vous vous pr\u00e9parez \u00e0 des situations d&#8217;urgence \u00e0 la maison. Que ce soit en camping, en randonn\u00e9e ou en cas de coupure de courant, gardez votre torche Energizer \u00e0 port\u00e9e de main pour trouver votre chemin dans l&#8217;obscurit\u00e9. Cette torche LED de 1500 lumens peut \u00e9clairer les espaces les plus sombres, jusqu&#8217;\u00e0 230 m\u00e8tres en mode \u00e9lev\u00e9. La fonction Digital Focus vous permet de contr\u00f4ler parfaitement le faisceau d&#8217;une seule main, en passant en douceur d&#8217;une lumi\u00e8re vive \u00e0 une lumi\u00e8re plus large.<\/p>\n","protected":false},"featured_media":0,"comment_status":"open","ping_status":"closed","template":"","meta":{"_acf_changed":false},"product_brand":[],"product_cat":[97],"product_tag":[],"class_list":{"0":"post-7445","1":"product","2":"type-product","3":"status-publish","5":"product_cat-handheld","6":"pa_uses-outdoor","8":"first","9":"instock","10":"shipping-taxable","11":"product-type-simple"},"acf":[],"yoast_head":"<!-- This site is optimized with the Yoast SEO plugin v27.2 - https:\/\/yoast.com\/product\/yoast-seo-wordpress\/ -->\n<title>Energizer LED Torch - Belgium French<\/title>\n<meta name=\"robots\" content=\"index, follow, max-snippet:-1, max-image-preview:large, max-video-preview:-1\" \/>\n<link rel=\"canonical\" href=\"https:\/\/energizer.com\/eu\/belgium_french\/product\/energizer-led-torch-2\/\" \/>\n<meta property=\"og:locale\" content=\"en_US\" \/>\n<meta property=\"og:type\" content=\"article\" \/>\n<meta property=\"og:title\" content=\"Energizer LED Torch - Belgium French\" \/>\n<meta property=\"og:description\" content=\"\u00c9clairez votre environnement sans effort gr\u00e2ce \u00e0 cette torche haute performance et super lumineuse. La torche \u00e0 main Energizer Vision HD Ultra Digital Focus LED offre une luminosit\u00e9 exceptionnelle jusqu&#039;\u00e0 15 heures en mode \u00e9conomie d&#039;\u00e9nergie - id\u00e9ale si vous partez \u00e0 l&#039;aventure ou si vous vous pr\u00e9parez \u00e0 des situations d&#039;urgence \u00e0 la maison. Que ce soit en camping, en randonn\u00e9e ou en cas de coupure de courant, gardez votre torche Energizer \u00e0 port\u00e9e de main pour trouver votre chemin dans l&#039;obscurit\u00e9. Cette torche LED de 1500 lumens peut \u00e9clairer les espaces les plus sombres, jusqu&#039;\u00e0 230 m\u00e8tres en mode \u00e9lev\u00e9. La fonction Digital Focus vous permet de contr\u00f4ler parfaitement le faisceau d&#039;une seule main, en passant en douceur d&#039;une lumi\u00e8re vive \u00e0 une lumi\u00e8re plus large.\" \/>\n<meta property=\"og:url\" content=\"https:\/\/energizer.com\/eu\/belgium_french\/product\/energizer-led-torch-2\/\" \/>\n<meta property=\"og:site_name\" content=\"Belgium French\" \/>\n<meta property=\"article:modified_time\" content=\"2024-08-23T13:42:04+00:00\" \/>\n<meta name=\"twitter:card\" content=\"summary_large_image\" \/>\n<script type=\"application\/ld+json\" class=\"yoast-schema-graph\">{\"@context\":\"https:\/\/schema.org\",\"@graph\":[{\"@type\":\"WebPage\",\"@id\":\"https:\/\/energizer.com\/eu\/belgium_french\/product\/energizer-led-torch-2\/\",\"url\":\"https:\/\/energizer.com\/eu\/belgium_french\/product\/energizer-led-torch-2\/\",\"name\":\"Energizer LED Torch - Belgium French\",\"isPartOf\":{\"@id\":\"https:\/\/energizer.com\/eu\/belgium_french\/#website\"},\"datePublished\":\"2024-06-03T05:16:45+00:00\",\"dateModified\":\"2024-08-23T13:42:04+00:00\",\"breadcrumb\":{\"@id\":\"https:\/\/energizer.com\/eu\/belgium_french\/product\/energizer-led-torch-2\/#breadcrumb\"},\"inLanguage\":\"en-US\",\"potentialAction\":[{\"@type\":\"ReadAction\",\"target\":[\"https:\/\/energizer.com\/eu\/belgium_french\/product\/energizer-led-torch-2\/\"]}]},{\"@type\":\"BreadcrumbList\",\"@id\":\"https:\/\/energizer.com\/eu\/belgium_french\/product\/energizer-led-torch-2\/#breadcrumb\",\"itemListElement\":[{\"@type\":\"ListItem\",\"position\":1,\"name\":\"Home\",\"item\":\"https:\/\/energizer.com\/eu\/belgium_french\/\"},{\"@type\":\"ListItem\",\"position\":2,\"name\":\"Energizer LED Torch\"}]},{\"@type\":\"WebSite\",\"@id\":\"https:\/\/energizer.com\/eu\/belgium_french\/#website\",\"url\":\"https:\/\/energizer.com\/eu\/belgium_french\/\",\"name\":\"Energizer Belgium French\",\"description\":\"\",\"publisher\":{\"@id\":\"https:\/\/energizer.com\/eu\/belgium_french\/#organization\"},\"potentialAction\":[{\"@type\":\"SearchAction\",\"target\":{\"@type\":\"EntryPoint\",\"urlTemplate\":\"https:\/\/energizer.com\/eu\/belgium_french\/?s={search_term_string}\"},\"query-input\":{\"@type\":\"PropertyValueSpecification\",\"valueRequired\":true,\"valueName\":\"search_term_string\"}}],\"inLanguage\":\"en-US\"},{\"@type\":\"Organization\",\"@id\":\"https:\/\/energizer.com\/eu\/belgium_french\/#organization\",\"name\":\"Energizer Belgium French\",\"url\":\"https:\/\/energizer.com\/eu\/belgium_french\/\",\"logo\":{\"@type\":\"ImageObject\",\"inLanguage\":\"en-US\",\"@id\":\"https:\/\/energizer.com\/eu\/belgium_french\/#\/schema\/logo\/image\/\",\"url\":\"https:\/\/energizer.com\/eu\/belgium_french\/wp-content\/uploads\/sites\/56\/2024\/04\/Energizer_brand.png\",\"contentUrl\":\"https:\/\/energizer.com\/eu\/belgium_french\/wp-content\/uploads\/sites\/56\/2024\/04\/Energizer_brand.png\",\"width\":267,\"height\":100,\"caption\":\"Energizer Belgium French\"},\"image\":{\"@id\":\"https:\/\/energizer.com\/eu\/belgium_french\/#\/schema\/logo\/image\/\"}}]}<\/script>\n<!-- \/ Yoast SEO plugin. -->","yoast_head_json":{"title":"Energizer LED Torch - Belgium French","robots":{"index":"index","follow":"follow","max-snippet":"max-snippet:-1","max-image-preview":"max-image-preview:large","max-video-preview":"max-video-preview:-1"},"canonical":"https:\/\/energizer.com\/eu\/belgium_french\/product\/energizer-led-torch-2\/","og_locale":"en_US","og_type":"article","og_title":"Energizer LED Torch - Belgium French","og_description":"\u00c9clairez votre environnement sans effort gr\u00e2ce \u00e0 cette torche haute performance et super lumineuse. La torche \u00e0 main Energizer Vision HD Ultra Digital Focus LED offre une luminosit\u00e9 exceptionnelle jusqu'\u00e0 15 heures en mode \u00e9conomie d'\u00e9nergie - id\u00e9ale si vous partez \u00e0 l'aventure ou si vous vous pr\u00e9parez \u00e0 des situations d'urgence \u00e0 la maison. Que ce soit en camping, en randonn\u00e9e ou en cas de coupure de courant, gardez votre torche Energizer \u00e0 port\u00e9e de main pour trouver votre chemin dans l'obscurit\u00e9. Cette torche LED de 1500 lumens peut \u00e9clairer les espaces les plus sombres, jusqu'\u00e0 230 m\u00e8tres en mode \u00e9lev\u00e9. La fonction Digital Focus vous permet de contr\u00f4ler parfaitement le faisceau d'une seule main, en passant en douceur d'une lumi\u00e8re vive \u00e0 une lumi\u00e8re plus large.","og_url":"https:\/\/energizer.com\/eu\/belgium_french\/product\/energizer-led-torch-2\/","og_site_name":"Belgium French","article_modified_time":"2024-08-23T13:42:04+00:00","twitter_card":"summary_large_image","schema":{"@context":"https:\/\/schema.org","@graph":[{"@type":"WebPage","@id":"https:\/\/energizer.com\/eu\/belgium_french\/product\/energizer-led-torch-2\/","url":"https:\/\/energizer.com\/eu\/belgium_french\/product\/energizer-led-torch-2\/","name":"Energizer LED Torch - Belgium French","isPartOf":{"@id":"https:\/\/energizer.com\/eu\/belgium_french\/#website"},"datePublished":"2024-06-03T05:16:45+00:00","dateModified":"2024-08-23T13:42:04+00:00","breadcrumb":{"@id":"https:\/\/energizer.com\/eu\/belgium_french\/product\/energizer-led-torch-2\/#breadcrumb"},"inLanguage":"en-US","potentialAction":[{"@type":"ReadAction","target":["https:\/\/energizer.com\/eu\/belgium_french\/product\/energizer-led-torch-2\/"]}]},{"@type":"BreadcrumbList","@id":"https:\/\/energizer.com\/eu\/belgium_french\/product\/energizer-led-torch-2\/#breadcrumb","itemListElement":[{"@type":"ListItem","position":1,"name":"Home","item":"https:\/\/energizer.com\/eu\/belgium_french\/"},{"@type":"ListItem","position":2,"name":"Energizer LED Torch"}]},{"@type":"WebSite","@id":"https:\/\/energizer.com\/eu\/belgium_french\/#website","url":"https:\/\/energizer.com\/eu\/belgium_french\/","name":"Energizer Belgium French","description":"","publisher":{"@id":"https:\/\/energizer.com\/eu\/belgium_french\/#organization"},"potentialAction":[{"@type":"SearchAction","target":{"@type":"EntryPoint","urlTemplate":"https:\/\/energizer.com\/eu\/belgium_french\/?s={search_term_string}"},"query-input":{"@type":"PropertyValueSpecification","valueRequired":true,"valueName":"search_term_string"}}],"inLanguage":"en-US"},{"@type":"Organization","@id":"https:\/\/energizer.com\/eu\/belgium_french\/#organization","name":"Energizer Belgium French","url":"https:\/\/energizer.com\/eu\/belgium_french\/","logo":{"@type":"ImageObject","inLanguage":"en-US","@id":"https:\/\/energizer.com\/eu\/belgium_french\/#\/schema\/logo\/image\/","url":"https:\/\/energizer.com\/eu\/belgium_french\/wp-content\/uploads\/sites\/56\/2024\/04\/Energizer_brand.png","contentUrl":"https:\/\/energizer.com\/eu\/belgium_french\/wp-content\/uploads\/sites\/56\/2024\/04\/Energizer_brand.png","width":267,"height":100,"caption":"Energizer Belgium French"},"image":{"@id":"https:\/\/energizer.com\/eu\/belgium_french\/#\/schema\/logo\/image\/"}}]}},"_links":{"self":[{"href":"https:\/\/energizer.com\/eu\/belgium_french\/wp-json\/wp\/v2\/product\/7445","targetHints":{"allow":["GET"]}}],"collection":[{"href":"https:\/\/energizer.com\/eu\/belgium_french\/wp-json\/wp\/v2\/product"}],"about":[{"href":"https:\/\/energizer.com\/eu\/belgium_french\/wp-json\/wp\/v2\/types\/product"}],"replies":[{"embeddable":true,"href":"https:\/\/energizer.com\/eu\/belgium_french\/wp-json\/wp\/v2\/comments?post=7445"}],"version-history":[{"count":4,"href":"https:\/\/energizer.com\/eu\/belgium_french\/wp-json\/wp\/v2\/product\/7445\/revisions"}],"predecessor-version":[{"id":9553,"href":"https:\/\/energizer.com\/eu\/belgium_french\/wp-json\/wp\/v2\/product\/7445\/revisions\/9553"}],"wp:attachment":[{"href":"https:\/\/energizer.com\/eu\/belgium_french\/wp-json\/wp\/v2\/media?parent=7445"}],"wp:term":[{"taxonomy":"product_brand","embeddable":true,"href":"https:\/\/energizer.com\/eu\/belgium_french\/wp-json\/wp\/v2\/product_brand?post=7445"},{"taxonomy":"product_cat","embeddable":true,"href":"https:\/\/energizer.com\/eu\/belgium_french\/wp-json\/wp\/v2\/product_cat?post=7445"},{"taxonomy":"product_tag","embeddable":true,"href":"https:\/\/energizer.com\/eu\/belgium_french\/wp-json\/wp\/v2\/product_tag?post=7445"}],"curies":[{"name":"wp","href":"https:\/\/api.w.org\/{rel}","templated":true}]}}