{"id":7457,"date":"2024-06-03T05:16:46","date_gmt":"2024-06-03T05:16:46","guid":{"rendered":"https:\/\/23b13e8ab3.nxcli.io\/belgium-french\/?post_type=product&#038;p=7457"},"modified":"2024-08-23T08:48:54","modified_gmt":"2024-08-23T08:48:54","slug":"energizer-smart-voice-activated-headlamp","status":"publish","type":"product","link":"https:\/\/energizer.com\/eu\/belgium_french\/product\/energizer-smart-voice-activated-headlamp\/","title":{"rendered":"Energizer Smart Voice Activated Headlamp"},"content":{"rendered":"<ul>\n<li>Contr\u00f4le par commande vocale<\/li>\n<li>Technologie Energizer Smart Dimming pour contr\u00f4ler l&#8217;intensit\u00e9 lumineuse<\/li>\n<li>VisionGuard prot\u00e8ge la vision en augmentant progressivement l&#8217;intensit\u00e9 lumineuse<\/li>\n<li>Next Push Off pour \u00e9viter les cycles d&#8217;allumage inutiles<\/li>\n<li>Indicateur de batterie faible<\/li>\n<li>LED rouges et vertes pour la vision nocturne<\/li>\n<li>Lentille incassable<\/li>\n<li>Jusqu&#8217;\u00e0 15 fois plus lumineuse que la technologie LED standard<\/li>\n<\/ul>\n","protected":false},"excerpt":{"rendered":"<p>La lampe frontale Energizer SMART \u00e0 commande vocale offre une technologie innovante et des performances dans un design compact. La lampe frontale SMART r\u00e9pond aux commandes vocales. Elle pr\u00e9sente des caract\u00e9ristiques innovantes telles que la technologie de gradation qui permet de contr\u00f4ler facilement l&#8217;intensit\u00e9 de la lumi\u00e8re. Cette lampe est \u00e9quip\u00e9e de LED vertes et rouges qui am\u00e9liorent la vision nocturne pour les activit\u00e9s de plein air telles que la chasse et la p\u00eache. L&#8217;indicateur de batterie faible, situ\u00e9 \u00e0 l&#8217;avant de la lampe, clignote lorsque la batterie est faible, avertissant ainsi les consommateurs qu&#8217;il est presque temps de changer les piles. Sangle de t\u00eate r\u00e9glable, conception r\u00e9sistante \u00e0 l&#8217;eau et t\u00eate pivotante pour diriger la lumi\u00e8re exactement selon les besoins.<\/p>\n","protected":false},"featured_media":0,"comment_status":"open","ping_status":"closed","template":"","meta":{"_acf_changed":false},"product_brand":[],"product_cat":[43],"product_tag":[],"class_list":{"0":"post-7457","1":"product","2":"type-product","3":"status-publish","5":"product_cat-hands-free","6":"pa_uses-outdoor","8":"first","9":"instock","10":"shipping-taxable","11":"product-type-simple"},"acf":[],"yoast_head":"<!-- This site is optimized with the Yoast SEO plugin v27.4 - https:\/\/yoast.com\/product\/yoast-seo-wordpress\/ -->\n<title>Energizer Smart Voice Activated Headlamp - Belgium French<\/title>\n<meta name=\"robots\" content=\"index, follow, max-snippet:-1, max-image-preview:large, max-video-preview:-1\" \/>\n<link rel=\"canonical\" href=\"https:\/\/energizer.com\/eu\/belgium_french\/product\/energizer-smart-voice-activated-headlamp\/\" \/>\n<meta property=\"og:locale\" content=\"en_US\" \/>\n<meta property=\"og:type\" content=\"article\" \/>\n<meta property=\"og:title\" content=\"Energizer Smart Voice Activated Headlamp - Belgium French\" \/>\n<meta property=\"og:description\" content=\"La lampe frontale Energizer SMART \u00e0 commande vocale offre une technologie innovante et des performances dans un design compact. La lampe frontale SMART r\u00e9pond aux commandes vocales. Elle pr\u00e9sente des caract\u00e9ristiques innovantes telles que la technologie de gradation qui permet de contr\u00f4ler facilement l&#039;intensit\u00e9 de la lumi\u00e8re. Cette lampe est \u00e9quip\u00e9e de LED vertes et rouges qui am\u00e9liorent la vision nocturne pour les activit\u00e9s de plein air telles que la chasse et la p\u00eache. L&#039;indicateur de batterie faible, situ\u00e9 \u00e0 l&#039;avant de la lampe, clignote lorsque la batterie est faible, avertissant ainsi les consommateurs qu&#039;il est presque temps de changer les piles. Sangle de t\u00eate r\u00e9glable, conception r\u00e9sistante \u00e0 l&#039;eau et t\u00eate pivotante pour diriger la lumi\u00e8re exactement selon les besoins.\" \/>\n<meta property=\"og:url\" content=\"https:\/\/energizer.com\/eu\/belgium_french\/product\/energizer-smart-voice-activated-headlamp\/\" \/>\n<meta property=\"og:site_name\" content=\"Belgium French\" \/>\n<meta property=\"article:modified_time\" content=\"2024-08-23T08:48:54+00:00\" \/>\n<meta name=\"twitter:card\" content=\"summary_large_image\" \/>\n<script type=\"application\/ld+json\" class=\"yoast-schema-graph\">{\"@context\":\"https:\\\/\\\/schema.org\",\"@graph\":[{\"@type\":\"WebPage\",\"@id\":\"https:\\\/\\\/energizer.com\\\/eu\\\/belgium_french\\\/product\\\/energizer-smart-voice-activated-headlamp\\\/\",\"url\":\"https:\\\/\\\/energizer.com\\\/eu\\\/belgium_french\\\/product\\\/energizer-smart-voice-activated-headlamp\\\/\",\"name\":\"Energizer Smart Voice Activated Headlamp - Belgium French\",\"isPartOf\":{\"@id\":\"https:\\\/\\\/energizer.com\\\/eu\\\/belgium_french\\\/#website\"},\"datePublished\":\"2024-06-03T05:16:46+00:00\",\"dateModified\":\"2024-08-23T08:48:54+00:00\",\"breadcrumb\":{\"@id\":\"https:\\\/\\\/energizer.com\\\/eu\\\/belgium_french\\\/product\\\/energizer-smart-voice-activated-headlamp\\\/#breadcrumb\"},\"inLanguage\":\"en-US\",\"potentialAction\":[{\"@type\":\"ReadAction\",\"target\":[\"https:\\\/\\\/energizer.com\\\/eu\\\/belgium_french\\\/product\\\/energizer-smart-voice-activated-headlamp\\\/\"]}]},{\"@type\":\"BreadcrumbList\",\"@id\":\"https:\\\/\\\/energizer.com\\\/eu\\\/belgium_french\\\/product\\\/energizer-smart-voice-activated-headlamp\\\/#breadcrumb\",\"itemListElement\":[{\"@type\":\"ListItem\",\"position\":1,\"name\":\"Home\",\"item\":\"https:\\\/\\\/energizer.com\\\/eu\\\/belgium_french\\\/\"},{\"@type\":\"ListItem\",\"position\":2,\"name\":\"Energizer Smart Voice Activated Headlamp\"}]},{\"@type\":\"WebSite\",\"@id\":\"https:\\\/\\\/energizer.com\\\/eu\\\/belgium_french\\\/#website\",\"url\":\"https:\\\/\\\/energizer.com\\\/eu\\\/belgium_french\\\/\",\"name\":\"Energizer Belgium French\",\"description\":\"\",\"publisher\":{\"@id\":\"https:\\\/\\\/energizer.com\\\/eu\\\/belgium_french\\\/#organization\"},\"potentialAction\":[{\"@type\":\"SearchAction\",\"target\":{\"@type\":\"EntryPoint\",\"urlTemplate\":\"https:\\\/\\\/energizer.com\\\/eu\\\/belgium_french\\\/?s={search_term_string}\"},\"query-input\":{\"@type\":\"PropertyValueSpecification\",\"valueRequired\":true,\"valueName\":\"search_term_string\"}}],\"inLanguage\":\"en-US\"},{\"@type\":\"Organization\",\"@id\":\"https:\\\/\\\/energizer.com\\\/eu\\\/belgium_french\\\/#organization\",\"name\":\"Energizer Belgium French\",\"url\":\"https:\\\/\\\/energizer.com\\\/eu\\\/belgium_french\\\/\",\"logo\":{\"@type\":\"ImageObject\",\"inLanguage\":\"en-US\",\"@id\":\"https:\\\/\\\/energizer.com\\\/eu\\\/belgium_french\\\/#\\\/schema\\\/logo\\\/image\\\/\",\"url\":\"https:\\\/\\\/energizer.com\\\/eu\\\/belgium_french\\\/wp-content\\\/uploads\\\/sites\\\/56\\\/2024\\\/04\\\/Energizer_brand.png\",\"contentUrl\":\"https:\\\/\\\/energizer.com\\\/eu\\\/belgium_french\\\/wp-content\\\/uploads\\\/sites\\\/56\\\/2024\\\/04\\\/Energizer_brand.png\",\"width\":267,\"height\":100,\"caption\":\"Energizer Belgium French\"},\"image\":{\"@id\":\"https:\\\/\\\/energizer.com\\\/eu\\\/belgium_french\\\/#\\\/schema\\\/logo\\\/image\\\/\"}}]}<\/script>\n<!-- \/ Yoast SEO plugin. -->","yoast_head_json":{"title":"Energizer Smart Voice Activated Headlamp - Belgium French","robots":{"index":"index","follow":"follow","max-snippet":"max-snippet:-1","max-image-preview":"max-image-preview:large","max-video-preview":"max-video-preview:-1"},"canonical":"https:\/\/energizer.com\/eu\/belgium_french\/product\/energizer-smart-voice-activated-headlamp\/","og_locale":"en_US","og_type":"article","og_title":"Energizer Smart Voice Activated Headlamp - Belgium French","og_description":"La lampe frontale Energizer SMART \u00e0 commande vocale offre une technologie innovante et des performances dans un design compact. La lampe frontale SMART r\u00e9pond aux commandes vocales. Elle pr\u00e9sente des caract\u00e9ristiques innovantes telles que la technologie de gradation qui permet de contr\u00f4ler facilement l'intensit\u00e9 de la lumi\u00e8re. Cette lampe est \u00e9quip\u00e9e de LED vertes et rouges qui am\u00e9liorent la vision nocturne pour les activit\u00e9s de plein air telles que la chasse et la p\u00eache. L'indicateur de batterie faible, situ\u00e9 \u00e0 l'avant de la lampe, clignote lorsque la batterie est faible, avertissant ainsi les consommateurs qu'il est presque temps de changer les piles. Sangle de t\u00eate r\u00e9glable, conception r\u00e9sistante \u00e0 l'eau et t\u00eate pivotante pour diriger la lumi\u00e8re exactement selon les besoins.","og_url":"https:\/\/energizer.com\/eu\/belgium_french\/product\/energizer-smart-voice-activated-headlamp\/","og_site_name":"Belgium French","article_modified_time":"2024-08-23T08:48:54+00:00","twitter_card":"summary_large_image","schema":{"@context":"https:\/\/schema.org","@graph":[{"@type":"WebPage","@id":"https:\/\/energizer.com\/eu\/belgium_french\/product\/energizer-smart-voice-activated-headlamp\/","url":"https:\/\/energizer.com\/eu\/belgium_french\/product\/energizer-smart-voice-activated-headlamp\/","name":"Energizer Smart Voice Activated Headlamp - Belgium French","isPartOf":{"@id":"https:\/\/energizer.com\/eu\/belgium_french\/#website"},"datePublished":"2024-06-03T05:16:46+00:00","dateModified":"2024-08-23T08:48:54+00:00","breadcrumb":{"@id":"https:\/\/energizer.com\/eu\/belgium_french\/product\/energizer-smart-voice-activated-headlamp\/#breadcrumb"},"inLanguage":"en-US","potentialAction":[{"@type":"ReadAction","target":["https:\/\/energizer.com\/eu\/belgium_french\/product\/energizer-smart-voice-activated-headlamp\/"]}]},{"@type":"BreadcrumbList","@id":"https:\/\/energizer.com\/eu\/belgium_french\/product\/energizer-smart-voice-activated-headlamp\/#breadcrumb","itemListElement":[{"@type":"ListItem","position":1,"name":"Home","item":"https:\/\/energizer.com\/eu\/belgium_french\/"},{"@type":"ListItem","position":2,"name":"Energizer Smart Voice Activated Headlamp"}]},{"@type":"WebSite","@id":"https:\/\/energizer.com\/eu\/belgium_french\/#website","url":"https:\/\/energizer.com\/eu\/belgium_french\/","name":"Energizer Belgium French","description":"","publisher":{"@id":"https:\/\/energizer.com\/eu\/belgium_french\/#organization"},"potentialAction":[{"@type":"SearchAction","target":{"@type":"EntryPoint","urlTemplate":"https:\/\/energizer.com\/eu\/belgium_french\/?s={search_term_string}"},"query-input":{"@type":"PropertyValueSpecification","valueRequired":true,"valueName":"search_term_string"}}],"inLanguage":"en-US"},{"@type":"Organization","@id":"https:\/\/energizer.com\/eu\/belgium_french\/#organization","name":"Energizer Belgium French","url":"https:\/\/energizer.com\/eu\/belgium_french\/","logo":{"@type":"ImageObject","inLanguage":"en-US","@id":"https:\/\/energizer.com\/eu\/belgium_french\/#\/schema\/logo\/image\/","url":"https:\/\/energizer.com\/eu\/belgium_french\/wp-content\/uploads\/sites\/56\/2024\/04\/Energizer_brand.png","contentUrl":"https:\/\/energizer.com\/eu\/belgium_french\/wp-content\/uploads\/sites\/56\/2024\/04\/Energizer_brand.png","width":267,"height":100,"caption":"Energizer Belgium French"},"image":{"@id":"https:\/\/energizer.com\/eu\/belgium_french\/#\/schema\/logo\/image\/"}}]}},"_links":{"self":[{"href":"https:\/\/energizer.com\/eu\/belgium_french\/wp-json\/wp\/v2\/product\/7457","targetHints":{"allow":["GET"]}}],"collection":[{"href":"https:\/\/energizer.com\/eu\/belgium_french\/wp-json\/wp\/v2\/product"}],"about":[{"href":"https:\/\/energizer.com\/eu\/belgium_french\/wp-json\/wp\/v2\/types\/product"}],"replies":[{"embeddable":true,"href":"https:\/\/energizer.com\/eu\/belgium_french\/wp-json\/wp\/v2\/comments?post=7457"}],"version-history":[{"count":3,"href":"https:\/\/energizer.com\/eu\/belgium_french\/wp-json\/wp\/v2\/product\/7457\/revisions"}],"predecessor-version":[{"id":8222,"href":"https:\/\/energizer.com\/eu\/belgium_french\/wp-json\/wp\/v2\/product\/7457\/revisions\/8222"}],"wp:attachment":[{"href":"https:\/\/energizer.com\/eu\/belgium_french\/wp-json\/wp\/v2\/media?parent=7457"}],"wp:term":[{"taxonomy":"product_brand","embeddable":true,"href":"https:\/\/energizer.com\/eu\/belgium_french\/wp-json\/wp\/v2\/product_brand?post=7457"},{"taxonomy":"product_cat","embeddable":true,"href":"https:\/\/energizer.com\/eu\/belgium_french\/wp-json\/wp\/v2\/product_cat?post=7457"},{"taxonomy":"product_tag","embeddable":true,"href":"https:\/\/energizer.com\/eu\/belgium_french\/wp-json\/wp\/v2\/product_tag?post=7457"}],"curies":[{"name":"wp","href":"https:\/\/api.w.org\/{rel}","templated":true}]}}