{"id":7497,"date":"2024-06-03T05:16:49","date_gmt":"2024-06-03T05:16:49","guid":{"rendered":"https:\/\/23b13e8ab3.nxcli.io\/belgium-french\/?post_type=product&#038;p=7497"},"modified":"2024-08-23T14:03:24","modified_gmt":"2024-08-23T14:03:24","slug":"energizer-hybrid-solar-lantern","status":"publish","type":"product","link":"https:\/\/energizer.com\/eu\/belgium_french\/product\/energizer-hybrid-solar-lantern\/","title":{"rendered":"Energizer Hybrid Solar Lantern"},"content":{"rendered":"<ul>\n<li>Lanterne solaire hybride Energizer avec crochet de suspension pour le rangement ou l&#8217;utilisation mains libres<\/li>\n<li>Technologie LED : Cette lampe LED haute performance de 500 lumens* offre un \u00e9clairage puissant et lumineux sur 360 degr\u00e9s<br \/>\n*avec batterie lithium-ion<\/li>\n<li>Alimentation hybride : Utilisez le port USB ou l&#8217;\u00e9nergie solaire pour charger la batterie lithium-ion rechargeable ou alimentez votre lampe avec des piles de secours 3xAA<\/li>\n<li>3 modes d&#8217;\u00e9clairage et rappel de mode : Choisissez un mode qui correspond \u00e0 vos diff\u00e9rents besoins en mati\u00e8re d&#8217;\u00e9clairage : haut, bas ou veilleuse, et acc\u00e9dez rapidement au dernier mode utilis\u00e9 gr\u00e2ce \u00e0 la fonction de rappel de mode<\/li>\n<li>Des heures d&#8217;autonomie : Cette lanterne Energizer fiable et durable peut briller jusqu&#8217;\u00e0 8 heures en mode faible*<br \/>\n*avec une batterie lithium-ion<\/li>\n<li>Conception intelligente : Cette lanterne rechargeable est dot\u00e9e d&#8217;une poign\u00e9e pour faciliter le transport, d&#8217;un crochet de suspension pour le rangement ou l&#8217;utilisation mains libres et d&#8217;un couvercle USB phosphorescent<\/li>\n<li>Construction durable : La conception \u00e9tanche IPX4 avec lentille incassable r\u00e9siste \u00e0 des chutes allant jusqu&#8217;\u00e0 un m\u00e8tre<\/li>\n<\/ul>\n","protected":false},"excerpt":{"rendered":"<p>Illuminez votre environnement sans effort gr\u00e2ce \u00e0 cette lampe LED haute performance. La lanterne solaire hybride Energizer \u00e9claire jusqu&#8217;\u00e0 8 heures* en mode bas &#8211; id\u00e9ale pour le bricolage, les activit\u00e9s de plein air, les situations d&#8217;urgence et bien plus encore. Cette lanterne LED de 500 lumens offre un \u00e9clairage puissant et lumineux sur 360 degr\u00e9s, \u00e9clairant m\u00eame les espaces les plus sombres. Choisissez le mode d&#8217;\u00e9clairage id\u00e9al pour votre activit\u00e9, haut, bas ou veilleuse &#8211; et acc\u00e9dez rapidement au dernier mode utilis\u00e9 gr\u00e2ce \u00e0 la fonction de rappel de mode. Utilisez le port USB ou le panneau solaire pour charger la batterie lithium-ion rechargeable ou alimentez votre lampe avec des piles de secours 3xAA.<\/p>\n","protected":false},"featured_media":0,"comment_status":"open","ping_status":"closed","template":"","meta":{"_acf_changed":false},"product_brand":[],"product_cat":[44],"product_tag":[],"class_list":{"0":"post-7497","1":"product","2":"type-product","3":"status-publish","5":"product_cat-area","6":"pa_uses-outdoor","8":"first","9":"instock","10":"shipping-taxable","11":"product-type-simple"},"acf":[],"yoast_head":"<!-- This site is optimized with the Yoast SEO plugin v27.4 - https:\/\/yoast.com\/product\/yoast-seo-wordpress\/ -->\n<title>Energizer Hybrid Solar Lantern - Belgium French<\/title>\n<meta name=\"robots\" content=\"index, follow, max-snippet:-1, max-image-preview:large, max-video-preview:-1\" \/>\n<link rel=\"canonical\" href=\"https:\/\/energizer.com\/eu\/belgium_french\/product\/energizer-hybrid-solar-lantern\/\" \/>\n<meta property=\"og:locale\" content=\"en_US\" \/>\n<meta property=\"og:type\" content=\"article\" \/>\n<meta property=\"og:title\" content=\"Energizer Hybrid Solar Lantern - Belgium French\" \/>\n<meta property=\"og:description\" content=\"Illuminez votre environnement sans effort gr\u00e2ce \u00e0 cette lampe LED haute performance. La lanterne solaire hybride Energizer \u00e9claire jusqu&#039;\u00e0 8 heures* en mode bas - id\u00e9ale pour le bricolage, les activit\u00e9s de plein air, les situations d&#039;urgence et bien plus encore. Cette lanterne LED de 500 lumens offre un \u00e9clairage puissant et lumineux sur 360 degr\u00e9s, \u00e9clairant m\u00eame les espaces les plus sombres. Choisissez le mode d&#039;\u00e9clairage id\u00e9al pour votre activit\u00e9, haut, bas ou veilleuse - et acc\u00e9dez rapidement au dernier mode utilis\u00e9 gr\u00e2ce \u00e0 la fonction de rappel de mode. Utilisez le port USB ou le panneau solaire pour charger la batterie lithium-ion rechargeable ou alimentez votre lampe avec des piles de secours 3xAA.\" \/>\n<meta property=\"og:url\" content=\"https:\/\/energizer.com\/eu\/belgium_french\/product\/energizer-hybrid-solar-lantern\/\" \/>\n<meta property=\"og:site_name\" content=\"Belgium French\" \/>\n<meta property=\"article:modified_time\" content=\"2024-08-23T14:03:24+00:00\" \/>\n<meta name=\"twitter:card\" content=\"summary_large_image\" \/>\n<script type=\"application\/ld+json\" class=\"yoast-schema-graph\">{\"@context\":\"https:\\\/\\\/schema.org\",\"@graph\":[{\"@type\":\"WebPage\",\"@id\":\"https:\\\/\\\/energizer.com\\\/eu\\\/belgium_french\\\/product\\\/energizer-hybrid-solar-lantern\\\/\",\"url\":\"https:\\\/\\\/energizer.com\\\/eu\\\/belgium_french\\\/product\\\/energizer-hybrid-solar-lantern\\\/\",\"name\":\"Energizer Hybrid Solar Lantern - Belgium French\",\"isPartOf\":{\"@id\":\"https:\\\/\\\/energizer.com\\\/eu\\\/belgium_french\\\/#website\"},\"datePublished\":\"2024-06-03T05:16:49+00:00\",\"dateModified\":\"2024-08-23T14:03:24+00:00\",\"breadcrumb\":{\"@id\":\"https:\\\/\\\/energizer.com\\\/eu\\\/belgium_french\\\/product\\\/energizer-hybrid-solar-lantern\\\/#breadcrumb\"},\"inLanguage\":\"en-US\",\"potentialAction\":[{\"@type\":\"ReadAction\",\"target\":[\"https:\\\/\\\/energizer.com\\\/eu\\\/belgium_french\\\/product\\\/energizer-hybrid-solar-lantern\\\/\"]}]},{\"@type\":\"BreadcrumbList\",\"@id\":\"https:\\\/\\\/energizer.com\\\/eu\\\/belgium_french\\\/product\\\/energizer-hybrid-solar-lantern\\\/#breadcrumb\",\"itemListElement\":[{\"@type\":\"ListItem\",\"position\":1,\"name\":\"Home\",\"item\":\"https:\\\/\\\/energizer.com\\\/eu\\\/belgium_french\\\/\"},{\"@type\":\"ListItem\",\"position\":2,\"name\":\"Energizer Hybrid Solar Lantern\"}]},{\"@type\":\"WebSite\",\"@id\":\"https:\\\/\\\/energizer.com\\\/eu\\\/belgium_french\\\/#website\",\"url\":\"https:\\\/\\\/energizer.com\\\/eu\\\/belgium_french\\\/\",\"name\":\"Energizer Belgium French\",\"description\":\"\",\"publisher\":{\"@id\":\"https:\\\/\\\/energizer.com\\\/eu\\\/belgium_french\\\/#organization\"},\"potentialAction\":[{\"@type\":\"SearchAction\",\"target\":{\"@type\":\"EntryPoint\",\"urlTemplate\":\"https:\\\/\\\/energizer.com\\\/eu\\\/belgium_french\\\/?s={search_term_string}\"},\"query-input\":{\"@type\":\"PropertyValueSpecification\",\"valueRequired\":true,\"valueName\":\"search_term_string\"}}],\"inLanguage\":\"en-US\"},{\"@type\":\"Organization\",\"@id\":\"https:\\\/\\\/energizer.com\\\/eu\\\/belgium_french\\\/#organization\",\"name\":\"Energizer Belgium French\",\"url\":\"https:\\\/\\\/energizer.com\\\/eu\\\/belgium_french\\\/\",\"logo\":{\"@type\":\"ImageObject\",\"inLanguage\":\"en-US\",\"@id\":\"https:\\\/\\\/energizer.com\\\/eu\\\/belgium_french\\\/#\\\/schema\\\/logo\\\/image\\\/\",\"url\":\"https:\\\/\\\/energizer.com\\\/eu\\\/belgium_french\\\/wp-content\\\/uploads\\\/sites\\\/56\\\/2024\\\/04\\\/Energizer_brand.png\",\"contentUrl\":\"https:\\\/\\\/energizer.com\\\/eu\\\/belgium_french\\\/wp-content\\\/uploads\\\/sites\\\/56\\\/2024\\\/04\\\/Energizer_brand.png\",\"width\":267,\"height\":100,\"caption\":\"Energizer Belgium French\"},\"image\":{\"@id\":\"https:\\\/\\\/energizer.com\\\/eu\\\/belgium_french\\\/#\\\/schema\\\/logo\\\/image\\\/\"}}]}<\/script>\n<!-- \/ Yoast SEO plugin. -->","yoast_head_json":{"title":"Energizer Hybrid Solar Lantern - Belgium French","robots":{"index":"index","follow":"follow","max-snippet":"max-snippet:-1","max-image-preview":"max-image-preview:large","max-video-preview":"max-video-preview:-1"},"canonical":"https:\/\/energizer.com\/eu\/belgium_french\/product\/energizer-hybrid-solar-lantern\/","og_locale":"en_US","og_type":"article","og_title":"Energizer Hybrid Solar Lantern - Belgium French","og_description":"Illuminez votre environnement sans effort gr\u00e2ce \u00e0 cette lampe LED haute performance. La lanterne solaire hybride Energizer \u00e9claire jusqu'\u00e0 8 heures* en mode bas - id\u00e9ale pour le bricolage, les activit\u00e9s de plein air, les situations d'urgence et bien plus encore. Cette lanterne LED de 500 lumens offre un \u00e9clairage puissant et lumineux sur 360 degr\u00e9s, \u00e9clairant m\u00eame les espaces les plus sombres. Choisissez le mode d'\u00e9clairage id\u00e9al pour votre activit\u00e9, haut, bas ou veilleuse - et acc\u00e9dez rapidement au dernier mode utilis\u00e9 gr\u00e2ce \u00e0 la fonction de rappel de mode. Utilisez le port USB ou le panneau solaire pour charger la batterie lithium-ion rechargeable ou alimentez votre lampe avec des piles de secours 3xAA.","og_url":"https:\/\/energizer.com\/eu\/belgium_french\/product\/energizer-hybrid-solar-lantern\/","og_site_name":"Belgium French","article_modified_time":"2024-08-23T14:03:24+00:00","twitter_card":"summary_large_image","schema":{"@context":"https:\/\/schema.org","@graph":[{"@type":"WebPage","@id":"https:\/\/energizer.com\/eu\/belgium_french\/product\/energizer-hybrid-solar-lantern\/","url":"https:\/\/energizer.com\/eu\/belgium_french\/product\/energizer-hybrid-solar-lantern\/","name":"Energizer Hybrid Solar Lantern - Belgium French","isPartOf":{"@id":"https:\/\/energizer.com\/eu\/belgium_french\/#website"},"datePublished":"2024-06-03T05:16:49+00:00","dateModified":"2024-08-23T14:03:24+00:00","breadcrumb":{"@id":"https:\/\/energizer.com\/eu\/belgium_french\/product\/energizer-hybrid-solar-lantern\/#breadcrumb"},"inLanguage":"en-US","potentialAction":[{"@type":"ReadAction","target":["https:\/\/energizer.com\/eu\/belgium_french\/product\/energizer-hybrid-solar-lantern\/"]}]},{"@type":"BreadcrumbList","@id":"https:\/\/energizer.com\/eu\/belgium_french\/product\/energizer-hybrid-solar-lantern\/#breadcrumb","itemListElement":[{"@type":"ListItem","position":1,"name":"Home","item":"https:\/\/energizer.com\/eu\/belgium_french\/"},{"@type":"ListItem","position":2,"name":"Energizer Hybrid Solar Lantern"}]},{"@type":"WebSite","@id":"https:\/\/energizer.com\/eu\/belgium_french\/#website","url":"https:\/\/energizer.com\/eu\/belgium_french\/","name":"Energizer Belgium French","description":"","publisher":{"@id":"https:\/\/energizer.com\/eu\/belgium_french\/#organization"},"potentialAction":[{"@type":"SearchAction","target":{"@type":"EntryPoint","urlTemplate":"https:\/\/energizer.com\/eu\/belgium_french\/?s={search_term_string}"},"query-input":{"@type":"PropertyValueSpecification","valueRequired":true,"valueName":"search_term_string"}}],"inLanguage":"en-US"},{"@type":"Organization","@id":"https:\/\/energizer.com\/eu\/belgium_french\/#organization","name":"Energizer Belgium French","url":"https:\/\/energizer.com\/eu\/belgium_french\/","logo":{"@type":"ImageObject","inLanguage":"en-US","@id":"https:\/\/energizer.com\/eu\/belgium_french\/#\/schema\/logo\/image\/","url":"https:\/\/energizer.com\/eu\/belgium_french\/wp-content\/uploads\/sites\/56\/2024\/04\/Energizer_brand.png","contentUrl":"https:\/\/energizer.com\/eu\/belgium_french\/wp-content\/uploads\/sites\/56\/2024\/04\/Energizer_brand.png","width":267,"height":100,"caption":"Energizer Belgium French"},"image":{"@id":"https:\/\/energizer.com\/eu\/belgium_french\/#\/schema\/logo\/image\/"}}]}},"_links":{"self":[{"href":"https:\/\/energizer.com\/eu\/belgium_french\/wp-json\/wp\/v2\/product\/7497","targetHints":{"allow":["GET"]}}],"collection":[{"href":"https:\/\/energizer.com\/eu\/belgium_french\/wp-json\/wp\/v2\/product"}],"about":[{"href":"https:\/\/energizer.com\/eu\/belgium_french\/wp-json\/wp\/v2\/types\/product"}],"replies":[{"embeddable":true,"href":"https:\/\/energizer.com\/eu\/belgium_french\/wp-json\/wp\/v2\/comments?post=7497"}],"version-history":[{"count":4,"href":"https:\/\/energizer.com\/eu\/belgium_french\/wp-json\/wp\/v2\/product\/7497\/revisions"}],"predecessor-version":[{"id":9605,"href":"https:\/\/energizer.com\/eu\/belgium_french\/wp-json\/wp\/v2\/product\/7497\/revisions\/9605"}],"wp:attachment":[{"href":"https:\/\/energizer.com\/eu\/belgium_french\/wp-json\/wp\/v2\/media?parent=7497"}],"wp:term":[{"taxonomy":"product_brand","embeddable":true,"href":"https:\/\/energizer.com\/eu\/belgium_french\/wp-json\/wp\/v2\/product_brand?post=7497"},{"taxonomy":"product_cat","embeddable":true,"href":"https:\/\/energizer.com\/eu\/belgium_french\/wp-json\/wp\/v2\/product_cat?post=7497"},{"taxonomy":"product_tag","embeddable":true,"href":"https:\/\/energizer.com\/eu\/belgium_french\/wp-json\/wp\/v2\/product_tag?post=7497"}],"curies":[{"name":"wp","href":"https:\/\/api.w.org\/{rel}","templated":true}]}}