{"id":7503,"date":"2024-06-03T05:16:50","date_gmt":"2024-06-03T05:16:50","guid":{"rendered":"https:\/\/23b13e8ab3.nxcli.io\/belgium-french\/?post_type=product&#038;p=7503"},"modified":"2024-08-23T13:38:55","modified_gmt":"2024-08-23T13:38:55","slug":"energizer-emergency-300","status":"publish","type":"product","link":"https:\/\/energizer.com\/eu\/belgium_french\/product\/energizer-emergency-300\/","title":{"rendered":"Energizer  Emergency 300"},"content":{"rendered":"<ul>\n<li>Lampe de poche d&#8217;urgence \u00e0 LED Energizer avec balise de d\u00e9tresse<\/li>\n<li>Signalez votre pr\u00e9sence aux autres en cas d&#8217;urgence gr\u00e2ce \u00e0 la balise rouge clignotante et au sifflet<\/li>\n<li>La lampe d&#8217;urgence est id\u00e9ale pour les pannes de courant et les situations de bord de route, ainsi que comme lampe de poche de camping et lampe de travail \u00e0 LED<\/li>\n<li>La puissante lampe de poche \u00e0 LED \u00e9met 300 lumens pendant 1 heure et 15 minutes<\/li>\n<li>R\u00e9glez l&#8217;intensit\u00e9 de la lumi\u00e8re LED avec les modes haut, bas, stroboscopique et stroboscopique rouge<\/li>\n<li>R\u00e9sistante \u00e0 l&#8217;eau IPX4 et aux chocs jusqu&#8217;\u00e0 3 pieds<\/li>\n<li>Faites confiance \u00e0 Energizer pour des performances fiables dans toutes les situations<\/li>\n<\/ul>\n","protected":false},"excerpt":{"rendered":"<p>Soyez visible lorsque cela compte vraiment gr\u00e2ce \u00e0 cette lampe de poche Energizer LED avec balise de d\u00e9tresse. Cette lampe LED poss\u00e8de un feu clignotant \u00e0 l&#8217;arri\u00e8re pour vous aider \u00e0 vous faire rep\u00e9rer. Jusqu&#8217;\u00e0 15 fois plus lumineuse que la technologie LED standard, cette lampe aliment\u00e9e par batterie \u00e9met un faisceau puissant \u00e0 plus de 555 pieds. Avec quatre modes, dont Haut, Bas, Stroboscopique et Stroboscopique rouge, vous \u00eates pr\u00eat \u00e0 affronter l&#8217;obscurit\u00e9. Cette lampe d&#8217;ext\u00e9rieur est r\u00e9sistante \u00e0 l&#8217;eau pour vous aider \u00e0 ouvrir la voie par tous les temps, ce qui en fait un bon choix pour une lampe de camping. Un mousqueton permet de fixer la lampe \u00e0 votre sac ou \u00e0 votre paquetage, et un sifflet d&#8217;urgence situ\u00e9 \u00e0 l&#8217;arri\u00e8re vous aide \u00e0 signaler la pr\u00e9sence d&#8217;autres personnes. Trois piles triple A permettent \u00e0 cette lampe de poche LED de briller pendant 1 heure et 15 minutes. Faites confiance \u00e0 Energizer pour une performance fiable dans toutes les situations.<\/p>\n","protected":false},"featured_media":0,"comment_status":"open","ping_status":"closed","template":"","meta":{"_acf_changed":false},"product_brand":[],"product_cat":[97],"product_tag":[],"class_list":{"0":"post-7503","1":"product","2":"type-product","3":"status-publish","5":"product_cat-handheld","6":"pa_uses-preparedness","8":"first","9":"instock","10":"shipping-taxable","11":"product-type-simple"},"acf":[],"yoast_head":"<!-- This site is optimized with the Yoast SEO plugin v27.2 - https:\/\/yoast.com\/product\/yoast-seo-wordpress\/ -->\n<title>Energizer Emergency 300 - Belgium French<\/title>\n<meta name=\"robots\" content=\"index, follow, max-snippet:-1, max-image-preview:large, max-video-preview:-1\" \/>\n<link rel=\"canonical\" href=\"https:\/\/energizer.com\/eu\/belgium_french\/product\/energizer-emergency-300\/\" \/>\n<meta property=\"og:locale\" content=\"en_US\" \/>\n<meta property=\"og:type\" content=\"article\" \/>\n<meta property=\"og:title\" content=\"Energizer Emergency 300 - Belgium French\" \/>\n<meta property=\"og:description\" content=\"Soyez visible lorsque cela compte vraiment gr\u00e2ce \u00e0 cette lampe de poche Energizer LED avec balise de d\u00e9tresse. Cette lampe LED poss\u00e8de un feu clignotant \u00e0 l&#039;arri\u00e8re pour vous aider \u00e0 vous faire rep\u00e9rer. Jusqu&#039;\u00e0 15 fois plus lumineuse que la technologie LED standard, cette lampe aliment\u00e9e par batterie \u00e9met un faisceau puissant \u00e0 plus de 555 pieds. Avec quatre modes, dont Haut, Bas, Stroboscopique et Stroboscopique rouge, vous \u00eates pr\u00eat \u00e0 affronter l&#039;obscurit\u00e9. Cette lampe d&#039;ext\u00e9rieur est r\u00e9sistante \u00e0 l&#039;eau pour vous aider \u00e0 ouvrir la voie par tous les temps, ce qui en fait un bon choix pour une lampe de camping. Un mousqueton permet de fixer la lampe \u00e0 votre sac ou \u00e0 votre paquetage, et un sifflet d&#039;urgence situ\u00e9 \u00e0 l&#039;arri\u00e8re vous aide \u00e0 signaler la pr\u00e9sence d&#039;autres personnes. Trois piles triple A permettent \u00e0 cette lampe de poche LED de briller pendant 1 heure et 15 minutes. Faites confiance \u00e0 Energizer pour une performance fiable dans toutes les situations.\" \/>\n<meta property=\"og:url\" content=\"https:\/\/energizer.com\/eu\/belgium_french\/product\/energizer-emergency-300\/\" \/>\n<meta property=\"og:site_name\" content=\"Belgium French\" \/>\n<meta property=\"article:modified_time\" content=\"2024-08-23T13:38:55+00:00\" \/>\n<meta name=\"twitter:card\" content=\"summary_large_image\" \/>\n<script type=\"application\/ld+json\" class=\"yoast-schema-graph\">{\"@context\":\"https:\/\/schema.org\",\"@graph\":[{\"@type\":\"WebPage\",\"@id\":\"https:\/\/energizer.com\/eu\/belgium_french\/product\/energizer-emergency-300\/\",\"url\":\"https:\/\/energizer.com\/eu\/belgium_french\/product\/energizer-emergency-300\/\",\"name\":\"Energizer Emergency 300 - Belgium French\",\"isPartOf\":{\"@id\":\"https:\/\/energizer.com\/eu\/belgium_french\/#website\"},\"datePublished\":\"2024-06-03T05:16:50+00:00\",\"dateModified\":\"2024-08-23T13:38:55+00:00\",\"breadcrumb\":{\"@id\":\"https:\/\/energizer.com\/eu\/belgium_french\/product\/energizer-emergency-300\/#breadcrumb\"},\"inLanguage\":\"en-US\",\"potentialAction\":[{\"@type\":\"ReadAction\",\"target\":[\"https:\/\/energizer.com\/eu\/belgium_french\/product\/energizer-emergency-300\/\"]}]},{\"@type\":\"BreadcrumbList\",\"@id\":\"https:\/\/energizer.com\/eu\/belgium_french\/product\/energizer-emergency-300\/#breadcrumb\",\"itemListElement\":[{\"@type\":\"ListItem\",\"position\":1,\"name\":\"Home\",\"item\":\"https:\/\/energizer.com\/eu\/belgium_french\/\"},{\"@type\":\"ListItem\",\"position\":2,\"name\":\"Energizer Emergency 300\"}]},{\"@type\":\"WebSite\",\"@id\":\"https:\/\/energizer.com\/eu\/belgium_french\/#website\",\"url\":\"https:\/\/energizer.com\/eu\/belgium_french\/\",\"name\":\"Energizer Belgium French\",\"description\":\"\",\"publisher\":{\"@id\":\"https:\/\/energizer.com\/eu\/belgium_french\/#organization\"},\"potentialAction\":[{\"@type\":\"SearchAction\",\"target\":{\"@type\":\"EntryPoint\",\"urlTemplate\":\"https:\/\/energizer.com\/eu\/belgium_french\/?s={search_term_string}\"},\"query-input\":{\"@type\":\"PropertyValueSpecification\",\"valueRequired\":true,\"valueName\":\"search_term_string\"}}],\"inLanguage\":\"en-US\"},{\"@type\":\"Organization\",\"@id\":\"https:\/\/energizer.com\/eu\/belgium_french\/#organization\",\"name\":\"Energizer Belgium French\",\"url\":\"https:\/\/energizer.com\/eu\/belgium_french\/\",\"logo\":{\"@type\":\"ImageObject\",\"inLanguage\":\"en-US\",\"@id\":\"https:\/\/energizer.com\/eu\/belgium_french\/#\/schema\/logo\/image\/\",\"url\":\"https:\/\/energizer.com\/eu\/belgium_french\/wp-content\/uploads\/sites\/56\/2024\/04\/Energizer_brand.png\",\"contentUrl\":\"https:\/\/energizer.com\/eu\/belgium_french\/wp-content\/uploads\/sites\/56\/2024\/04\/Energizer_brand.png\",\"width\":267,\"height\":100,\"caption\":\"Energizer Belgium French\"},\"image\":{\"@id\":\"https:\/\/energizer.com\/eu\/belgium_french\/#\/schema\/logo\/image\/\"}}]}<\/script>\n<!-- \/ Yoast SEO plugin. -->","yoast_head_json":{"title":"Energizer Emergency 300 - Belgium French","robots":{"index":"index","follow":"follow","max-snippet":"max-snippet:-1","max-image-preview":"max-image-preview:large","max-video-preview":"max-video-preview:-1"},"canonical":"https:\/\/energizer.com\/eu\/belgium_french\/product\/energizer-emergency-300\/","og_locale":"en_US","og_type":"article","og_title":"Energizer Emergency 300 - Belgium French","og_description":"Soyez visible lorsque cela compte vraiment gr\u00e2ce \u00e0 cette lampe de poche Energizer LED avec balise de d\u00e9tresse. Cette lampe LED poss\u00e8de un feu clignotant \u00e0 l'arri\u00e8re pour vous aider \u00e0 vous faire rep\u00e9rer. Jusqu'\u00e0 15 fois plus lumineuse que la technologie LED standard, cette lampe aliment\u00e9e par batterie \u00e9met un faisceau puissant \u00e0 plus de 555 pieds. Avec quatre modes, dont Haut, Bas, Stroboscopique et Stroboscopique rouge, vous \u00eates pr\u00eat \u00e0 affronter l'obscurit\u00e9. Cette lampe d'ext\u00e9rieur est r\u00e9sistante \u00e0 l'eau pour vous aider \u00e0 ouvrir la voie par tous les temps, ce qui en fait un bon choix pour une lampe de camping. Un mousqueton permet de fixer la lampe \u00e0 votre sac ou \u00e0 votre paquetage, et un sifflet d'urgence situ\u00e9 \u00e0 l'arri\u00e8re vous aide \u00e0 signaler la pr\u00e9sence d'autres personnes. Trois piles triple A permettent \u00e0 cette lampe de poche LED de briller pendant 1 heure et 15 minutes. Faites confiance \u00e0 Energizer pour une performance fiable dans toutes les situations.","og_url":"https:\/\/energizer.com\/eu\/belgium_french\/product\/energizer-emergency-300\/","og_site_name":"Belgium French","article_modified_time":"2024-08-23T13:38:55+00:00","twitter_card":"summary_large_image","schema":{"@context":"https:\/\/schema.org","@graph":[{"@type":"WebPage","@id":"https:\/\/energizer.com\/eu\/belgium_french\/product\/energizer-emergency-300\/","url":"https:\/\/energizer.com\/eu\/belgium_french\/product\/energizer-emergency-300\/","name":"Energizer Emergency 300 - Belgium French","isPartOf":{"@id":"https:\/\/energizer.com\/eu\/belgium_french\/#website"},"datePublished":"2024-06-03T05:16:50+00:00","dateModified":"2024-08-23T13:38:55+00:00","breadcrumb":{"@id":"https:\/\/energizer.com\/eu\/belgium_french\/product\/energizer-emergency-300\/#breadcrumb"},"inLanguage":"en-US","potentialAction":[{"@type":"ReadAction","target":["https:\/\/energizer.com\/eu\/belgium_french\/product\/energizer-emergency-300\/"]}]},{"@type":"BreadcrumbList","@id":"https:\/\/energizer.com\/eu\/belgium_french\/product\/energizer-emergency-300\/#breadcrumb","itemListElement":[{"@type":"ListItem","position":1,"name":"Home","item":"https:\/\/energizer.com\/eu\/belgium_french\/"},{"@type":"ListItem","position":2,"name":"Energizer Emergency 300"}]},{"@type":"WebSite","@id":"https:\/\/energizer.com\/eu\/belgium_french\/#website","url":"https:\/\/energizer.com\/eu\/belgium_french\/","name":"Energizer Belgium French","description":"","publisher":{"@id":"https:\/\/energizer.com\/eu\/belgium_french\/#organization"},"potentialAction":[{"@type":"SearchAction","target":{"@type":"EntryPoint","urlTemplate":"https:\/\/energizer.com\/eu\/belgium_french\/?s={search_term_string}"},"query-input":{"@type":"PropertyValueSpecification","valueRequired":true,"valueName":"search_term_string"}}],"inLanguage":"en-US"},{"@type":"Organization","@id":"https:\/\/energizer.com\/eu\/belgium_french\/#organization","name":"Energizer Belgium French","url":"https:\/\/energizer.com\/eu\/belgium_french\/","logo":{"@type":"ImageObject","inLanguage":"en-US","@id":"https:\/\/energizer.com\/eu\/belgium_french\/#\/schema\/logo\/image\/","url":"https:\/\/energizer.com\/eu\/belgium_french\/wp-content\/uploads\/sites\/56\/2024\/04\/Energizer_brand.png","contentUrl":"https:\/\/energizer.com\/eu\/belgium_french\/wp-content\/uploads\/sites\/56\/2024\/04\/Energizer_brand.png","width":267,"height":100,"caption":"Energizer Belgium French"},"image":{"@id":"https:\/\/energizer.com\/eu\/belgium_french\/#\/schema\/logo\/image\/"}}]}},"_links":{"self":[{"href":"https:\/\/energizer.com\/eu\/belgium_french\/wp-json\/wp\/v2\/product\/7503","targetHints":{"allow":["GET"]}}],"collection":[{"href":"https:\/\/energizer.com\/eu\/belgium_french\/wp-json\/wp\/v2\/product"}],"about":[{"href":"https:\/\/energizer.com\/eu\/belgium_french\/wp-json\/wp\/v2\/types\/product"}],"replies":[{"embeddable":true,"href":"https:\/\/energizer.com\/eu\/belgium_french\/wp-json\/wp\/v2\/comments?post=7503"}],"version-history":[{"count":4,"href":"https:\/\/energizer.com\/eu\/belgium_french\/wp-json\/wp\/v2\/product\/7503\/revisions"}],"predecessor-version":[{"id":9550,"href":"https:\/\/energizer.com\/eu\/belgium_french\/wp-json\/wp\/v2\/product\/7503\/revisions\/9550"}],"wp:attachment":[{"href":"https:\/\/energizer.com\/eu\/belgium_french\/wp-json\/wp\/v2\/media?parent=7503"}],"wp:term":[{"taxonomy":"product_brand","embeddable":true,"href":"https:\/\/energizer.com\/eu\/belgium_french\/wp-json\/wp\/v2\/product_brand?post=7503"},{"taxonomy":"product_cat","embeddable":true,"href":"https:\/\/energizer.com\/eu\/belgium_french\/wp-json\/wp\/v2\/product_cat?post=7503"},{"taxonomy":"product_tag","embeddable":true,"href":"https:\/\/energizer.com\/eu\/belgium_french\/wp-json\/wp\/v2\/product_tag?post=7503"}],"curies":[{"name":"wp","href":"https:\/\/api.w.org\/{rel}","templated":true}]}}