{"id":10356,"date":"2024-12-18T11:35:57","date_gmt":"2024-12-18T11:35:57","guid":{"rendered":"https:\/\/energizer.com\/eu\/france\/?post_type=product&#038;p=10356"},"modified":"2025-01-07T11:24:04","modified_gmt":"2025-01-07T11:24:04","slug":"energizer-max-plus-aaa","status":"publish","type":"product","link":"https:\/\/energizer.com\/eu\/france\/product\/energizer-max-plus-aaa\/","title":{"rendered":"ENERGIZER \u00ae MAX PLUS \u2122 &#8211; AAA"},"content":{"rendered":"<ul>\n<li>Pack de 4 piles alcalines AAA Energizer Max Plus<\/li>\n<li>La plus longue dur\u00e9e de vie : la pile alcaline n\u00b0 1 la plus durable d&#8217;Energizer qui garde vos appareils indispensables \u00e9nergis\u00e9s<\/li>\n<li>Une \u00e9nergie fiable : pour vos appareils les plus sollicit\u00e9s, comme les t\u00e9l\u00e9commandes, les horloges, les appareils photo et les jouets<\/li>\n<li>Protection contre les fuites : piles AAA r\u00e9sistantes aux fuites pour prot\u00e9ger vos appareils contre les fuites et couvertes par la Garantie sans fuite d&#8217;Energizer<\/li>\n<li>Fiabilit\u00e9 : la pile alcaline Energizer ayant une dur\u00e9e de conservation allant jusqu&#8217;\u00e0 12 ans, elle est pr\u00eate quand vous en avez besoin<\/li>\n<li>Innovation Energizer : par le fabricant de piles AA les plus durables au monde, Energizer Ultimate Lithium<\/li>\n<\/ul>\n","protected":false},"excerpt":{"rendered":"<div class=\"row\" data-test-property=\"Long Description - French\">\n<div class=\"medium-8 columns\">\n<div class=\"product-property-value\">\n<div id=\"ember215\" class=\"ember-view\"><span class=\"_value-text_xztep4\" title=\"Tirez le meilleur parti de vos appareils indispensables avec l'\u00e9nergie fiable des piles alcalines\u00a0AAA n\u00b0\u00a01\u00a0la plus durable d'Energizer. Faites le plein de piles pour t\u00e9l\u00e9commandes, montres, t\u00e9l\u00e9commandes voiture, appareils photo et plus. Ces piles\u00a0Energizer\u00a0conservent leur autonomie jusqu'\u00e0 12\u00a0ans si elles sont entrepos\u00e9es, et la r\u00e9sistance aux fuites de chaque pile alcaline\u00a0AAA\u00a0Energizer\u00a0Max\u00a0Plus prot\u00e8ge vos appareils des fuites. Avec les piles\u00a0Energizer\u00a0AAA, l'\u00e9nergie est pr\u00eate quand vous l'\u00eates. La gamme\u00a0Energizer\u00a0Max\u00a0Plus comprend des piles\u00a0AA, ainsi que des piles\u00a0AAA, C, D et 9V. Il est donc facile de trouver une \u00e9nergie fiable dans le format dont vous avez besoin. Pour les piles rechargeables, choisissez la gamme\u00a0Energizer\u00a0Recharge, id\u00e9ale pour les appareils haute technologie. Energizer sait \u00e0 quel point il est important de prendre soin de notre plan\u00e8te et de ses espaces verts. C'est pourquoi ces batteries sont vendues dans des emballages 100 % recyclables et sans plastique* qui soutiennent une sylviculture responsable. Veuillez noter que l'emballage de la batterie Energizer que vous recevez peut diff\u00e9rer de l'emballage illustr\u00e9, selon le stock. Merci de votre patience pendant notre p\u00e9riode de transition vers les emballages recyclables. * \u00c0 l'exception des scell\u00e9s de certains emballages\">Tirez le meilleur parti de vos appareils indispensables avec l&#8217;\u00e9nergie fiable des piles alcalines\u00a0AAA n\u00b0\u00a01\u00a0la plus durable d&#8217;Energizer. Faites le plein de piles pour t\u00e9l\u00e9commandes, montres, t\u00e9l\u00e9commandes voiture, appareils photo et plus. Ces piles\u00a0Energizer\u00a0conservent leur autonomie jusqu&#8217;\u00e0 12\u00a0ans si elles sont entrepos\u00e9es, et la r\u00e9sistance aux fuites de chaque pile alcaline\u00a0AAA\u00a0Energizer\u00a0Max\u00a0Plus prot\u00e8ge vos appareils des fuites. Avec les piles\u00a0Energizer\u00a0AAA, l&#8217;\u00e9nergie est pr\u00eate quand vous l&#8217;\u00eates. La gamme\u00a0Energizer\u00a0Max\u00a0Plus comprend des piles\u00a0AA, ainsi que des piles\u00a0AAA, C, D et 9V. Il est donc facile de trouver une \u00e9nergie fiable dans le format dont vous avez besoin. Pour les piles rechargeables, choisissez la gamme\u00a0Energizer\u00a0Recharge, id\u00e9ale pour les appareils haute technologie. Energizer sait \u00e0 quel point il est important de prendre soin de notre plan\u00e8te et de ses espaces verts. C&#8217;est pourquoi ces batteries sont vendues dans des emballages 100 % recyclables et sans plastique* qui soutiennent une sylviculture responsable. Veuillez noter que l&#8217;emballage de la batterie Energizer que vous recevez peut diff\u00e9rer de l&#8217;emballage illustr\u00e9, selon le stock. Merci de votre patience pendant notre p\u00e9riode de transition vers les emballages recyclables. * \u00c0 l&#8217;exception des scell\u00e9s de certains emballages<\/span><\/div>\n<\/div>\n<\/div>\n<\/div>\n<div class=\"row\" data-test-property=\"Hidden Search Terms - French\"><\/div>\n<div data-test-property=\"Hidden Search Terms - French\"><\/div>\n","protected":false},"featured_media":0,"comment_status":"open","ping_status":"closed","template":"","meta":{"_acf_changed":false},"product_brand":[],"product_cat":[87],"product_tag":[],"class_list":{"0":"post-10356","1":"product","2":"type-product","3":"status-publish","5":"product_cat-energizer-max-plus","7":"first","8":"instock","9":"shipping-taxable","10":"product-type-simple"},"acf":[],"yoast_head":"<!-- This site is optimized with the Yoast SEO plugin v27.2 - https:\/\/yoast.com\/product\/yoast-seo-wordpress\/ -->\n<title>ENERGIZER \u00ae MAX PLUS \u2122 - AAA - France<\/title>\n<meta name=\"robots\" content=\"index, follow, max-snippet:-1, max-image-preview:large, max-video-preview:-1\" \/>\n<link rel=\"canonical\" href=\"https:\/\/energizer.com\/eu\/france\/product\/energizer-max-plus-aaa\/\" \/>\n<meta property=\"og:locale\" content=\"en_US\" \/>\n<meta property=\"og:type\" content=\"article\" \/>\n<meta property=\"og:title\" content=\"ENERGIZER \u00ae MAX PLUS \u2122 - AAA - France\" \/>\n<meta property=\"og:description\" content=\"Tirez le meilleur parti de vos appareils indispensables avec l&#039;\u00e9nergie fiable des piles alcalines\u00a0AAA n\u00b0\u00a01\u00a0la plus durable d&#039;Energizer. Faites le plein de piles pour t\u00e9l\u00e9commandes, montres, t\u00e9l\u00e9commandes voiture, appareils photo et plus. Ces piles\u00a0Energizer\u00a0conservent leur autonomie jusqu&#039;\u00e0 12\u00a0ans si elles sont entrepos\u00e9es, et la r\u00e9sistance aux fuites de chaque pile alcaline\u00a0AAA\u00a0Energizer\u00a0Max\u00a0Plus prot\u00e8ge vos appareils des fuites. Avec les piles\u00a0Energizer\u00a0AAA, l&#039;\u00e9nergie est pr\u00eate quand vous l&#039;\u00eates. La gamme\u00a0Energizer\u00a0Max\u00a0Plus comprend des piles\u00a0AA, ainsi que des piles\u00a0AAA, C, D et 9V. Il est donc facile de trouver une \u00e9nergie fiable dans le format dont vous avez besoin. Pour les piles rechargeables, choisissez la gamme\u00a0Energizer\u00a0Recharge, id\u00e9ale pour les appareils haute technologie. Energizer sait \u00e0 quel point il est important de prendre soin de notre plan\u00e8te et de ses espaces verts. C&#039;est pourquoi ces batteries sont vendues dans des emballages 100 % recyclables et sans plastique* qui soutiennent une sylviculture responsable. Veuillez noter que l&#039;emballage de la batterie Energizer que vous recevez peut diff\u00e9rer de l&#039;emballage illustr\u00e9, selon le stock. Merci de votre patience pendant notre p\u00e9riode de transition vers les emballages recyclables. * \u00c0 l&#039;exception des scell\u00e9s de certains emballages\" \/>\n<meta property=\"og:url\" content=\"https:\/\/energizer.com\/eu\/france\/product\/energizer-max-plus-aaa\/\" \/>\n<meta property=\"og:site_name\" content=\"France\" \/>\n<meta property=\"article:modified_time\" content=\"2025-01-07T11:24:04+00:00\" \/>\n<meta name=\"twitter:card\" content=\"summary_large_image\" \/>\n<script type=\"application\/ld+json\" class=\"yoast-schema-graph\">{\"@context\":\"https:\/\/schema.org\",\"@graph\":[{\"@type\":\"WebPage\",\"@id\":\"https:\/\/energizer.com\/eu\/france\/product\/energizer-max-plus-aaa\/\",\"url\":\"https:\/\/energizer.com\/eu\/france\/product\/energizer-max-plus-aaa\/\",\"name\":\"ENERGIZER \u00ae MAX PLUS \u2122 - AAA - France\",\"isPartOf\":{\"@id\":\"https:\/\/energizer.com\/eu\/france\/#website\"},\"datePublished\":\"2024-12-18T11:35:57+00:00\",\"dateModified\":\"2025-01-07T11:24:04+00:00\",\"breadcrumb\":{\"@id\":\"https:\/\/energizer.com\/eu\/france\/product\/energizer-max-plus-aaa\/#breadcrumb\"},\"inLanguage\":\"en-US\",\"potentialAction\":[{\"@type\":\"ReadAction\",\"target\":[\"https:\/\/energizer.com\/eu\/france\/product\/energizer-max-plus-aaa\/\"]}]},{\"@type\":\"BreadcrumbList\",\"@id\":\"https:\/\/energizer.com\/eu\/france\/product\/energizer-max-plus-aaa\/#breadcrumb\",\"itemListElement\":[{\"@type\":\"ListItem\",\"position\":1,\"name\":\"Home\",\"item\":\"https:\/\/energizer.com\/eu\/france\/\"},{\"@type\":\"ListItem\",\"position\":2,\"name\":\"ENERGIZER \u00ae MAX PLUS \u2122 &#8211; AAA\"}]},{\"@type\":\"WebSite\",\"@id\":\"https:\/\/energizer.com\/eu\/france\/#website\",\"url\":\"https:\/\/energizer.com\/eu\/france\/\",\"name\":\"Energizer France\",\"description\":\"\",\"publisher\":{\"@id\":\"https:\/\/energizer.com\/eu\/france\/#organization\"},\"potentialAction\":[{\"@type\":\"SearchAction\",\"target\":{\"@type\":\"EntryPoint\",\"urlTemplate\":\"https:\/\/energizer.com\/eu\/france\/?s={search_term_string}\"},\"query-input\":{\"@type\":\"PropertyValueSpecification\",\"valueRequired\":true,\"valueName\":\"search_term_string\"}}],\"inLanguage\":\"en-US\"},{\"@type\":\"Organization\",\"@id\":\"https:\/\/energizer.com\/eu\/france\/#organization\",\"name\":\"Energizer France\",\"url\":\"https:\/\/energizer.com\/eu\/france\/\",\"logo\":{\"@type\":\"ImageObject\",\"inLanguage\":\"en-US\",\"@id\":\"https:\/\/energizer.com\/eu\/france\/#\/schema\/logo\/image\/\",\"url\":\"https:\/\/energizer.com\/eu\/france\/wp-content\/uploads\/sites\/8\/2024\/04\/Energizer_brand.png\",\"contentUrl\":\"https:\/\/energizer.com\/eu\/france\/wp-content\/uploads\/sites\/8\/2024\/04\/Energizer_brand.png\",\"width\":267,\"height\":100,\"caption\":\"Energizer France\"},\"image\":{\"@id\":\"https:\/\/energizer.com\/eu\/france\/#\/schema\/logo\/image\/\"}}]}<\/script>\n<!-- \/ Yoast SEO plugin. -->","yoast_head_json":{"title":"ENERGIZER \u00ae MAX PLUS \u2122 - AAA - France","robots":{"index":"index","follow":"follow","max-snippet":"max-snippet:-1","max-image-preview":"max-image-preview:large","max-video-preview":"max-video-preview:-1"},"canonical":"https:\/\/energizer.com\/eu\/france\/product\/energizer-max-plus-aaa\/","og_locale":"en_US","og_type":"article","og_title":"ENERGIZER \u00ae MAX PLUS \u2122 - AAA - France","og_description":"Tirez le meilleur parti de vos appareils indispensables avec l'\u00e9nergie fiable des piles alcalines\u00a0AAA n\u00b0\u00a01\u00a0la plus durable d'Energizer. Faites le plein de piles pour t\u00e9l\u00e9commandes, montres, t\u00e9l\u00e9commandes voiture, appareils photo et plus. Ces piles\u00a0Energizer\u00a0conservent leur autonomie jusqu'\u00e0 12\u00a0ans si elles sont entrepos\u00e9es, et la r\u00e9sistance aux fuites de chaque pile alcaline\u00a0AAA\u00a0Energizer\u00a0Max\u00a0Plus prot\u00e8ge vos appareils des fuites. Avec les piles\u00a0Energizer\u00a0AAA, l'\u00e9nergie est pr\u00eate quand vous l'\u00eates. La gamme\u00a0Energizer\u00a0Max\u00a0Plus comprend des piles\u00a0AA, ainsi que des piles\u00a0AAA, C, D et 9V. Il est donc facile de trouver une \u00e9nergie fiable dans le format dont vous avez besoin. Pour les piles rechargeables, choisissez la gamme\u00a0Energizer\u00a0Recharge, id\u00e9ale pour les appareils haute technologie. Energizer sait \u00e0 quel point il est important de prendre soin de notre plan\u00e8te et de ses espaces verts. C'est pourquoi ces batteries sont vendues dans des emballages 100 % recyclables et sans plastique* qui soutiennent une sylviculture responsable. Veuillez noter que l'emballage de la batterie Energizer que vous recevez peut diff\u00e9rer de l'emballage illustr\u00e9, selon le stock. Merci de votre patience pendant notre p\u00e9riode de transition vers les emballages recyclables. * \u00c0 l'exception des scell\u00e9s de certains emballages","og_url":"https:\/\/energizer.com\/eu\/france\/product\/energizer-max-plus-aaa\/","og_site_name":"France","article_modified_time":"2025-01-07T11:24:04+00:00","twitter_card":"summary_large_image","schema":{"@context":"https:\/\/schema.org","@graph":[{"@type":"WebPage","@id":"https:\/\/energizer.com\/eu\/france\/product\/energizer-max-plus-aaa\/","url":"https:\/\/energizer.com\/eu\/france\/product\/energizer-max-plus-aaa\/","name":"ENERGIZER \u00ae MAX PLUS \u2122 - AAA - France","isPartOf":{"@id":"https:\/\/energizer.com\/eu\/france\/#website"},"datePublished":"2024-12-18T11:35:57+00:00","dateModified":"2025-01-07T11:24:04+00:00","breadcrumb":{"@id":"https:\/\/energizer.com\/eu\/france\/product\/energizer-max-plus-aaa\/#breadcrumb"},"inLanguage":"en-US","potentialAction":[{"@type":"ReadAction","target":["https:\/\/energizer.com\/eu\/france\/product\/energizer-max-plus-aaa\/"]}]},{"@type":"BreadcrumbList","@id":"https:\/\/energizer.com\/eu\/france\/product\/energizer-max-plus-aaa\/#breadcrumb","itemListElement":[{"@type":"ListItem","position":1,"name":"Home","item":"https:\/\/energizer.com\/eu\/france\/"},{"@type":"ListItem","position":2,"name":"ENERGIZER \u00ae MAX PLUS \u2122 &#8211; AAA"}]},{"@type":"WebSite","@id":"https:\/\/energizer.com\/eu\/france\/#website","url":"https:\/\/energizer.com\/eu\/france\/","name":"Energizer France","description":"","publisher":{"@id":"https:\/\/energizer.com\/eu\/france\/#organization"},"potentialAction":[{"@type":"SearchAction","target":{"@type":"EntryPoint","urlTemplate":"https:\/\/energizer.com\/eu\/france\/?s={search_term_string}"},"query-input":{"@type":"PropertyValueSpecification","valueRequired":true,"valueName":"search_term_string"}}],"inLanguage":"en-US"},{"@type":"Organization","@id":"https:\/\/energizer.com\/eu\/france\/#organization","name":"Energizer France","url":"https:\/\/energizer.com\/eu\/france\/","logo":{"@type":"ImageObject","inLanguage":"en-US","@id":"https:\/\/energizer.com\/eu\/france\/#\/schema\/logo\/image\/","url":"https:\/\/energizer.com\/eu\/france\/wp-content\/uploads\/sites\/8\/2024\/04\/Energizer_brand.png","contentUrl":"https:\/\/energizer.com\/eu\/france\/wp-content\/uploads\/sites\/8\/2024\/04\/Energizer_brand.png","width":267,"height":100,"caption":"Energizer France"},"image":{"@id":"https:\/\/energizer.com\/eu\/france\/#\/schema\/logo\/image\/"}}]}},"_links":{"self":[{"href":"https:\/\/energizer.com\/eu\/france\/wp-json\/wp\/v2\/product\/10356","targetHints":{"allow":["GET"]}}],"collection":[{"href":"https:\/\/energizer.com\/eu\/france\/wp-json\/wp\/v2\/product"}],"about":[{"href":"https:\/\/energizer.com\/eu\/france\/wp-json\/wp\/v2\/types\/product"}],"replies":[{"embeddable":true,"href":"https:\/\/energizer.com\/eu\/france\/wp-json\/wp\/v2\/comments?post=10356"}],"version-history":[{"count":3,"href":"https:\/\/energizer.com\/eu\/france\/wp-json\/wp\/v2\/product\/10356\/revisions"}],"predecessor-version":[{"id":10532,"href":"https:\/\/energizer.com\/eu\/france\/wp-json\/wp\/v2\/product\/10356\/revisions\/10532"}],"wp:attachment":[{"href":"https:\/\/energizer.com\/eu\/france\/wp-json\/wp\/v2\/media?parent=10356"}],"wp:term":[{"taxonomy":"product_brand","embeddable":true,"href":"https:\/\/energizer.com\/eu\/france\/wp-json\/wp\/v2\/product_brand?post=10356"},{"taxonomy":"product_cat","embeddable":true,"href":"https:\/\/energizer.com\/eu\/france\/wp-json\/wp\/v2\/product_cat?post=10356"},{"taxonomy":"product_tag","embeddable":true,"href":"https:\/\/energizer.com\/eu\/france\/wp-json\/wp\/v2\/product_tag?post=10356"}],"curies":[{"name":"wp","href":"https:\/\/api.w.org\/{rel}","templated":true}]}}