{"id":7205,"date":"2024-06-03T05:16:27","date_gmt":"2024-06-03T05:16:27","guid":{"rendered":"https:\/\/23b13e8ab3.nxcli.io\/france\/?post_type=product&#038;p=7205"},"modified":"2024-12-18T08:38:34","modified_gmt":"2024-12-18T08:38:34","slug":"energizer-alkaline-power-aaa","status":"publish","type":"product","link":"https:\/\/energizer.com\/eu\/france\/product\/energizer-alkaline-power-aaa\/","title":{"rendered":"ENERGIZER\u00ae ALKALINE POWER &#8211; AAA"},"content":{"rendered":"<div class=\"elementor-element elementor-element-2968190 elementor-widget elementor-widget-woocommerce-product-content\" data-id=\"2968190\" data-element_type=\"widget\" data-widget_type=\"woocommerce-product-content.default\">\n<div class=\"elementor-widget-container\">\n<ul>\n<li>Pack de 1 pile alcaline 9V Energizer Alkaline Power<\/li>\n<li>usage fiable : piles alcalines Energizer&#8221; by &#8220;ces piles sont id\u00e9ales pour vos appareils du quotidien, comme les horloges, les lampes torches et les manettes de jeu vid\u00e9o<\/li>\n<li>Fiabilit\u00e9: les piles Power Alkaline peuvent garder leur \u00e9nergie pendant 7 ans si elles sont conserv\u00e9es dans leur emballage, pour une utilisation optimale quand vous en avez besoin<\/li>\n<li>Jusqu\u2019\u00e0 10% d\u2019acier recycl\u00e9. AA\/AAA seulement<\/li>\n<li>Emballage 100% recyclable: les piles Power Alkaline AAA sont emball\u00e9es dans un pack en carton 100% recyclable.<\/li>\n<li>Fabrication \u00e0 partir de mat\u00e9riaux recycl\u00e9s: nos piles Power Alkaline AAA contiennent des mat\u00e9riaux recyl\u00e9s (jusqu&#8217;\u00e0 10%)<\/li>\n<\/ul>\n<\/div>\n<\/div>\n<div class=\"elementor-element elementor-element-d6a6033 e-con-full e-flex e-con e-child\" role=\"region\" aria-labelledby=\"e-n-accordion-item-1510\" data-id=\"d6a6033\" data-element_type=\"container\">\n<div class=\"elementor-element elementor-element-e473e38 elementor-widget elementor-widget-image\" data-id=\"e473e38\" data-element_type=\"widget\" data-widget_type=\"image.default\"><\/div>\n<\/div>\n","protected":false},"excerpt":{"rendered":"<p>Tirez le meilleur parti de vos appareils indispensables gr\u00e2ce \u00e0 l&#8217;\u00e9nergie fiable et longue dur\u00e9e que vous exigez de piles alcalines Energizer. Faites le plein de piles AAA pour t\u00e9l\u00e9commande, appareil photo, ainsi que de piles alcalines Energizer AAA pour montres et jouets, y compris pour t\u00e9l\u00e9commande de voiture. Chaque pile alcaline AAA Energizer conservent son autonomie jusqu&#8217;\u00e0 7 ans lorsqu&#8217;elle est stock\u00e9e. Avec Energizer, l&#8217;\u00e9nergie est pr\u00eate quand vous l&#8217;\u00eates. La gamme alcaline Energizer comprend \u00e9galement des piles AA, C, D et 9V. Il est donc facile de trouver une \u00e9nergie fiable dans le format dont vous avez besoin. Pour les piles rechargeables, choisissez la gamme Energizer Recharge, id\u00e9ale pour les appareils haute technologie.<\/p>\n<p>Depuis qu&#8217;elle a cr\u00e9\u00e9 la premi\u00e8re pile grand public en 1896, Energizer est \u00e0 l&#8217;avant-garde de l&#8217;innovation industrielle et peut se targuer d&#8217;\u00eatre \u00e0 l&#8217;origine de nombreuses premi\u00e8res, notamment en brevetant la toute premi\u00e8re pile alcaline grand public en 1959. La marque applique \u00e9galement cette vision avant-gardiste aux initiatives environnementales, en d\u00e9veloppant le tout premier syst\u00e8me de piles rechargeables en 1958 et en introduisant la premi\u00e8re pile sans mercure en 1989. Les piles Energizer Recharge ont \u00e9galement \u00e9t\u00e9 les premi\u00e8res piles rechargeables \u00e0 contenir des piles recycl\u00e9es. La soci\u00e9t\u00e9 est en partenariat avec des entreprises qui encouragent, informent et responsabilisent les consommateurs pour qu&#8217;ils recyclent les piles non rechargeables, ainsi que les emballages de piles. Faites confiance \u00e0 la puissance des piles Energizer.<\/p>\n","protected":false},"featured_media":0,"comment_status":"open","ping_status":"closed","template":"","meta":{"_acf_changed":false},"product_brand":[],"product_cat":[57],"product_tag":[],"class_list":{"0":"post-7205","1":"product","2":"type-product","3":"status-publish","5":"product_cat-alkaline-power","7":"first","8":"instock","9":"shipping-taxable","10":"product-type-simple"},"acf":[],"yoast_head":"<!-- This site is optimized with the Yoast SEO plugin v27.4 - https:\/\/yoast.com\/product\/yoast-seo-wordpress\/ -->\n<title>ENERGIZER\u00ae ALKALINE POWER - AAA - France<\/title>\n<meta name=\"robots\" content=\"index, follow, max-snippet:-1, max-image-preview:large, max-video-preview:-1\" \/>\n<link rel=\"canonical\" href=\"https:\/\/energizer.com\/eu\/france\/product\/energizer-alkaline-power-aaa\/\" \/>\n<meta property=\"og:locale\" content=\"en_US\" \/>\n<meta property=\"og:type\" content=\"article\" \/>\n<meta property=\"og:title\" content=\"ENERGIZER\u00ae ALKALINE POWER - AAA - France\" \/>\n<meta property=\"og:description\" content=\"Tirez le meilleur parti de vos appareils indispensables gr\u00e2ce \u00e0 l&#039;\u00e9nergie fiable et longue dur\u00e9e que vous exigez de piles alcalines Energizer. Faites le plein de piles AAA pour t\u00e9l\u00e9commande, appareil photo, ainsi que de piles alcalines Energizer AAA pour montres et jouets, y compris pour t\u00e9l\u00e9commande de voiture. Chaque pile alcaline AAA Energizer conservent son autonomie jusqu&#039;\u00e0 7 ans lorsqu&#039;elle est stock\u00e9e. Avec Energizer, l&#039;\u00e9nergie est pr\u00eate quand vous l&#039;\u00eates. La gamme alcaline Energizer comprend \u00e9galement des piles AA, C, D et 9V. Il est donc facile de trouver une \u00e9nergie fiable dans le format dont vous avez besoin. Pour les piles rechargeables, choisissez la gamme Energizer Recharge, id\u00e9ale pour les appareils haute technologie.  Depuis qu&#039;elle a cr\u00e9\u00e9 la premi\u00e8re pile grand public en 1896, Energizer est \u00e0 l&#039;avant-garde de l&#039;innovation industrielle et peut se targuer d&#039;\u00eatre \u00e0 l&#039;origine de nombreuses premi\u00e8res, notamment en brevetant la toute premi\u00e8re pile alcaline grand public en 1959. La marque applique \u00e9galement cette vision avant-gardiste aux initiatives environnementales, en d\u00e9veloppant le tout premier syst\u00e8me de piles rechargeables en 1958 et en introduisant la premi\u00e8re pile sans mercure en 1989. Les piles Energizer Recharge ont \u00e9galement \u00e9t\u00e9 les premi\u00e8res piles rechargeables \u00e0 contenir des piles recycl\u00e9es. La soci\u00e9t\u00e9 est en partenariat avec des entreprises qui encouragent, informent et responsabilisent les consommateurs pour qu&#039;ils recyclent les piles non rechargeables, ainsi que les emballages de piles. Faites confiance \u00e0 la puissance des piles Energizer.\" \/>\n<meta property=\"og:url\" content=\"https:\/\/energizer.com\/eu\/france\/product\/energizer-alkaline-power-aaa\/\" \/>\n<meta property=\"og:site_name\" content=\"France\" \/>\n<meta property=\"article:modified_time\" content=\"2024-12-18T08:38:34+00:00\" \/>\n<meta name=\"twitter:card\" content=\"summary_large_image\" \/>\n<script type=\"application\/ld+json\" class=\"yoast-schema-graph\">{\"@context\":\"https:\\\/\\\/schema.org\",\"@graph\":[{\"@type\":\"WebPage\",\"@id\":\"https:\\\/\\\/energizer.com\\\/eu\\\/france\\\/product\\\/energizer-alkaline-power-aaa\\\/\",\"url\":\"https:\\\/\\\/energizer.com\\\/eu\\\/france\\\/product\\\/energizer-alkaline-power-aaa\\\/\",\"name\":\"ENERGIZER\u00ae ALKALINE POWER - AAA - France\",\"isPartOf\":{\"@id\":\"https:\\\/\\\/energizer.com\\\/eu\\\/france\\\/#website\"},\"datePublished\":\"2024-06-03T05:16:27+00:00\",\"dateModified\":\"2024-12-18T08:38:34+00:00\",\"breadcrumb\":{\"@id\":\"https:\\\/\\\/energizer.com\\\/eu\\\/france\\\/product\\\/energizer-alkaline-power-aaa\\\/#breadcrumb\"},\"inLanguage\":\"en-US\",\"potentialAction\":[{\"@type\":\"ReadAction\",\"target\":[\"https:\\\/\\\/energizer.com\\\/eu\\\/france\\\/product\\\/energizer-alkaline-power-aaa\\\/\"]}]},{\"@type\":\"BreadcrumbList\",\"@id\":\"https:\\\/\\\/energizer.com\\\/eu\\\/france\\\/product\\\/energizer-alkaline-power-aaa\\\/#breadcrumb\",\"itemListElement\":[{\"@type\":\"ListItem\",\"position\":1,\"name\":\"Home\",\"item\":\"https:\\\/\\\/energizer.com\\\/eu\\\/france\\\/\"},{\"@type\":\"ListItem\",\"position\":2,\"name\":\"ENERGIZER\u00ae ALKALINE POWER &#8211; AAA\"}]},{\"@type\":\"WebSite\",\"@id\":\"https:\\\/\\\/energizer.com\\\/eu\\\/france\\\/#website\",\"url\":\"https:\\\/\\\/energizer.com\\\/eu\\\/france\\\/\",\"name\":\"Energizer France\",\"description\":\"\",\"publisher\":{\"@id\":\"https:\\\/\\\/energizer.com\\\/eu\\\/france\\\/#organization\"},\"potentialAction\":[{\"@type\":\"SearchAction\",\"target\":{\"@type\":\"EntryPoint\",\"urlTemplate\":\"https:\\\/\\\/energizer.com\\\/eu\\\/france\\\/?s={search_term_string}\"},\"query-input\":{\"@type\":\"PropertyValueSpecification\",\"valueRequired\":true,\"valueName\":\"search_term_string\"}}],\"inLanguage\":\"en-US\"},{\"@type\":\"Organization\",\"@id\":\"https:\\\/\\\/energizer.com\\\/eu\\\/france\\\/#organization\",\"name\":\"Energizer France\",\"url\":\"https:\\\/\\\/energizer.com\\\/eu\\\/france\\\/\",\"logo\":{\"@type\":\"ImageObject\",\"inLanguage\":\"en-US\",\"@id\":\"https:\\\/\\\/energizer.com\\\/eu\\\/france\\\/#\\\/schema\\\/logo\\\/image\\\/\",\"url\":\"https:\\\/\\\/energizer.com\\\/eu\\\/france\\\/wp-content\\\/uploads\\\/sites\\\/8\\\/2024\\\/04\\\/Energizer_brand.png\",\"contentUrl\":\"https:\\\/\\\/energizer.com\\\/eu\\\/france\\\/wp-content\\\/uploads\\\/sites\\\/8\\\/2024\\\/04\\\/Energizer_brand.png\",\"width\":267,\"height\":100,\"caption\":\"Energizer France\"},\"image\":{\"@id\":\"https:\\\/\\\/energizer.com\\\/eu\\\/france\\\/#\\\/schema\\\/logo\\\/image\\\/\"}}]}<\/script>\n<!-- \/ Yoast SEO plugin. -->","yoast_head_json":{"title":"ENERGIZER\u00ae ALKALINE POWER - AAA - France","robots":{"index":"index","follow":"follow","max-snippet":"max-snippet:-1","max-image-preview":"max-image-preview:large","max-video-preview":"max-video-preview:-1"},"canonical":"https:\/\/energizer.com\/eu\/france\/product\/energizer-alkaline-power-aaa\/","og_locale":"en_US","og_type":"article","og_title":"ENERGIZER\u00ae ALKALINE POWER - AAA - France","og_description":"Tirez le meilleur parti de vos appareils indispensables gr\u00e2ce \u00e0 l'\u00e9nergie fiable et longue dur\u00e9e que vous exigez de piles alcalines Energizer. Faites le plein de piles AAA pour t\u00e9l\u00e9commande, appareil photo, ainsi que de piles alcalines Energizer AAA pour montres et jouets, y compris pour t\u00e9l\u00e9commande de voiture. Chaque pile alcaline AAA Energizer conservent son autonomie jusqu'\u00e0 7 ans lorsqu'elle est stock\u00e9e. Avec Energizer, l'\u00e9nergie est pr\u00eate quand vous l'\u00eates. La gamme alcaline Energizer comprend \u00e9galement des piles AA, C, D et 9V. Il est donc facile de trouver une \u00e9nergie fiable dans le format dont vous avez besoin. Pour les piles rechargeables, choisissez la gamme Energizer Recharge, id\u00e9ale pour les appareils haute technologie.  Depuis qu'elle a cr\u00e9\u00e9 la premi\u00e8re pile grand public en 1896, Energizer est \u00e0 l'avant-garde de l'innovation industrielle et peut se targuer d'\u00eatre \u00e0 l'origine de nombreuses premi\u00e8res, notamment en brevetant la toute premi\u00e8re pile alcaline grand public en 1959. La marque applique \u00e9galement cette vision avant-gardiste aux initiatives environnementales, en d\u00e9veloppant le tout premier syst\u00e8me de piles rechargeables en 1958 et en introduisant la premi\u00e8re pile sans mercure en 1989. Les piles Energizer Recharge ont \u00e9galement \u00e9t\u00e9 les premi\u00e8res piles rechargeables \u00e0 contenir des piles recycl\u00e9es. La soci\u00e9t\u00e9 est en partenariat avec des entreprises qui encouragent, informent et responsabilisent les consommateurs pour qu'ils recyclent les piles non rechargeables, ainsi que les emballages de piles. Faites confiance \u00e0 la puissance des piles Energizer.","og_url":"https:\/\/energizer.com\/eu\/france\/product\/energizer-alkaline-power-aaa\/","og_site_name":"France","article_modified_time":"2024-12-18T08:38:34+00:00","twitter_card":"summary_large_image","schema":{"@context":"https:\/\/schema.org","@graph":[{"@type":"WebPage","@id":"https:\/\/energizer.com\/eu\/france\/product\/energizer-alkaline-power-aaa\/","url":"https:\/\/energizer.com\/eu\/france\/product\/energizer-alkaline-power-aaa\/","name":"ENERGIZER\u00ae ALKALINE POWER - AAA - France","isPartOf":{"@id":"https:\/\/energizer.com\/eu\/france\/#website"},"datePublished":"2024-06-03T05:16:27+00:00","dateModified":"2024-12-18T08:38:34+00:00","breadcrumb":{"@id":"https:\/\/energizer.com\/eu\/france\/product\/energizer-alkaline-power-aaa\/#breadcrumb"},"inLanguage":"en-US","potentialAction":[{"@type":"ReadAction","target":["https:\/\/energizer.com\/eu\/france\/product\/energizer-alkaline-power-aaa\/"]}]},{"@type":"BreadcrumbList","@id":"https:\/\/energizer.com\/eu\/france\/product\/energizer-alkaline-power-aaa\/#breadcrumb","itemListElement":[{"@type":"ListItem","position":1,"name":"Home","item":"https:\/\/energizer.com\/eu\/france\/"},{"@type":"ListItem","position":2,"name":"ENERGIZER\u00ae ALKALINE POWER &#8211; AAA"}]},{"@type":"WebSite","@id":"https:\/\/energizer.com\/eu\/france\/#website","url":"https:\/\/energizer.com\/eu\/france\/","name":"Energizer France","description":"","publisher":{"@id":"https:\/\/energizer.com\/eu\/france\/#organization"},"potentialAction":[{"@type":"SearchAction","target":{"@type":"EntryPoint","urlTemplate":"https:\/\/energizer.com\/eu\/france\/?s={search_term_string}"},"query-input":{"@type":"PropertyValueSpecification","valueRequired":true,"valueName":"search_term_string"}}],"inLanguage":"en-US"},{"@type":"Organization","@id":"https:\/\/energizer.com\/eu\/france\/#organization","name":"Energizer France","url":"https:\/\/energizer.com\/eu\/france\/","logo":{"@type":"ImageObject","inLanguage":"en-US","@id":"https:\/\/energizer.com\/eu\/france\/#\/schema\/logo\/image\/","url":"https:\/\/energizer.com\/eu\/france\/wp-content\/uploads\/sites\/8\/2024\/04\/Energizer_brand.png","contentUrl":"https:\/\/energizer.com\/eu\/france\/wp-content\/uploads\/sites\/8\/2024\/04\/Energizer_brand.png","width":267,"height":100,"caption":"Energizer France"},"image":{"@id":"https:\/\/energizer.com\/eu\/france\/#\/schema\/logo\/image\/"}}]}},"_links":{"self":[{"href":"https:\/\/energizer.com\/eu\/france\/wp-json\/wp\/v2\/product\/7205","targetHints":{"allow":["GET"]}}],"collection":[{"href":"https:\/\/energizer.com\/eu\/france\/wp-json\/wp\/v2\/product"}],"about":[{"href":"https:\/\/energizer.com\/eu\/france\/wp-json\/wp\/v2\/types\/product"}],"replies":[{"embeddable":true,"href":"https:\/\/energizer.com\/eu\/france\/wp-json\/wp\/v2\/comments?post=7205"}],"version-history":[{"count":19,"href":"https:\/\/energizer.com\/eu\/france\/wp-json\/wp\/v2\/product\/7205\/revisions"}],"predecessor-version":[{"id":10348,"href":"https:\/\/energizer.com\/eu\/france\/wp-json\/wp\/v2\/product\/7205\/revisions\/10348"}],"wp:attachment":[{"href":"https:\/\/energizer.com\/eu\/france\/wp-json\/wp\/v2\/media?parent=7205"}],"wp:term":[{"taxonomy":"product_brand","embeddable":true,"href":"https:\/\/energizer.com\/eu\/france\/wp-json\/wp\/v2\/product_brand?post=7205"},{"taxonomy":"product_cat","embeddable":true,"href":"https:\/\/energizer.com\/eu\/france\/wp-json\/wp\/v2\/product_cat?post=7205"},{"taxonomy":"product_tag","embeddable":true,"href":"https:\/\/energizer.com\/eu\/france\/wp-json\/wp\/v2\/product_tag?post=7205"}],"curies":[{"name":"wp","href":"https:\/\/api.w.org\/{rel}","templated":true}]}}