{"id":7207,"date":"2024-06-03T05:16:27","date_gmt":"2024-06-03T05:16:27","guid":{"rendered":"https:\/\/23b13e8ab3.nxcli.io\/france\/?post_type=product&#038;p=7207"},"modified":"2025-01-07T11:57:58","modified_gmt":"2025-01-07T11:57:58","slug":"energizer-ultimate-lithium-aa","status":"publish","type":"product","link":"https:\/\/energizer.com\/eu\/france\/product\/energizer-ultimate-lithium-aa\/","title":{"rendered":"ENERGIZER\u00ae ULTIMATE LITHIUM &#8211; AA"},"content":{"rendered":"<ul>\n<li>Pack de 4 piles Energizer Ultimate Lithium AA<\/li>\n<li>La plus longue dur\u00e9e de vie au monde : Rien ne surpasse les piles AA lithium Energizer en terme de performance<\/li>\n<li>Une \u00e9nergie fiable : Piles au lithium pour appareils domestiques intelligents, horloges, t\u00e9l\u00e9commandes, torches, appareils photo num\u00e9riques et bien plus encore<\/li>\n<li>Protection contre les coulures: Les piles AA Energizer sont garanties \u00e9tanches, sur la base d&#8217;une utilisation standard<\/li>\n<li>Fiabilit\u00e9 : Chaque pile au lithium Energizer offre jusqu&#8217;\u00e0 25 ans de dur\u00e9e de conservation si elle est entrepos\u00e9e et tol\u00e8re des temp\u00e9ratures extr\u00eames, de -40 \u00b0C \u00e0 60 \u00b0C, pour une utilisation en int\u00e9rieur et en ext\u00e9rieur toute l&#8217;ann\u00e9e<\/li>\n<li>Les piles Energizer Ultimate Lithium AA sont fabriqu\u00e9es \u00e0 partir de mat\u00e9riaux recycl\u00e9s, jusqu&#8217;\u00e0 10%<\/li>\n<li>Emballage 100% recyclable: cet emballage est fabriqu\u00e9 \u00e0 partir de carton 100% recyclable<\/li>\n<\/ul>\n","protected":false},"excerpt":{"rendered":"<p>Tirez le meilleur parti de vos appareils hautes technologies avec l&#8217;\u00e9nergie fiable de la pile AA la plus durable au monde : AA lithium Energizer Ultimate. Faites le plein de piles AA au lithium pour appareils domestiques intelligents et syst\u00e8mes de surveillance, ainsi que de piles pour lampes, appareils photo, montres et t\u00e9l\u00e9commandes. Ce pack de piles au lithium AA est \u00e9galement un excellent choix si vous avez besoin de piles longue dur\u00e9e pour des sonnettes. Les piles au lithium AA Energizer Ultimate conservent leur autonomie jusqu&#8217;\u00e0 25 ans si elles sont entrepos\u00e9es. Ainsi, elles sont toujours pr\u00eates quand vous en avez besoin. Chaque pile est garantie \u00e9tanche, sur la base d&#8217;une utilisation standard. Et ces piles Energizer AA fonctionnent \u00e0 des temp\u00e9ratures extr\u00eames \u2013 de -40 \u00baC \u00e0 60 \u00baC. Une \u00e9nergie fiable quand vous en avez le plus besoin. La gamme Energizer Ultimate Lithium comprend \u00e9galement des piles AAA et 9V. Il est donc facile de trouver une \u00e9nergie fiable dans le format dont vous avez besoin. Pour les piles rechargeables, choisissez la gamme Energizer Recharge, id\u00e9ale pour les appareils les plus sollicit\u00e9s.<\/p>\n<p>Depuis qu&#8217;elle a cr\u00e9\u00e9 la premi\u00e8re pile grand public en 1896, Energizer a \u00e9t\u00e9 \u00e0 l&#8217;avant-garde de l&#8217;innovation dans le secteur et peut se targuer d&#8217;\u00eatre \u00e0 l&#8217;origine de nombreuses premi\u00e8res, dont la premi\u00e8re pile AA lithium au monde. La marque applique \u00e9galement cette vision avant-gardiste aux initiatives environnementales, en d\u00e9veloppant le tout premier syst\u00e8me de piles rechargeables en 1958 et en introduisant la premi\u00e8re pile sans mercure en 1989. Les piles Energizer Recharge ont \u00e9galement \u00e9t\u00e9 les premi\u00e8res piles rechargeables \u00e0 contenir des piles recycl\u00e9es. La soci\u00e9t\u00e9 est en partenariat avec des entreprises qui encouragent, informent et responsabilisent les consommateurs pour qu&#8217;ils recyclent les piles non rechargeables, ainsi que les emballages de piles. Faites confiance \u00e0 la puissance des piles Energizer.<\/p>\n","protected":false},"featured_media":0,"comment_status":"open","ping_status":"closed","template":"","meta":{"_acf_changed":false},"product_brand":[],"product_cat":[30],"product_tag":[],"class_list":{"0":"post-7207","1":"product","2":"type-product","3":"status-publish","5":"product_cat-energizer-ultimate-lithium","7":"first","8":"instock","9":"shipping-taxable","10":"product-type-simple"},"acf":[],"yoast_head":"<!-- This site is optimized with the Yoast SEO plugin v27.4 - https:\/\/yoast.com\/product\/yoast-seo-wordpress\/ -->\n<title>ENERGIZER\u00ae ULTIMATE LITHIUM - AA - France<\/title>\n<meta name=\"robots\" content=\"index, follow, max-snippet:-1, max-image-preview:large, max-video-preview:-1\" \/>\n<link rel=\"canonical\" href=\"https:\/\/energizer.com\/eu\/france\/product\/energizer-ultimate-lithium-aa\/\" \/>\n<meta property=\"og:locale\" content=\"en_US\" \/>\n<meta property=\"og:type\" content=\"article\" \/>\n<meta property=\"og:title\" content=\"ENERGIZER\u00ae ULTIMATE LITHIUM - AA - France\" \/>\n<meta property=\"og:description\" content=\"Tirez le meilleur parti de vos appareils hautes technologies avec l&#039;\u00e9nergie fiable de la pile AA la plus durable au monde : AA lithium Energizer Ultimate. Faites le plein de piles AA au lithium pour appareils domestiques intelligents et syst\u00e8mes de surveillance, ainsi que de piles pour lampes, appareils photo, montres et t\u00e9l\u00e9commandes. Ce pack de piles au lithium AA est \u00e9galement un excellent choix si vous avez besoin de piles longue dur\u00e9e pour des sonnettes. Les piles au lithium AA Energizer Ultimate conservent leur autonomie jusqu&#039;\u00e0 25 ans si elles sont entrepos\u00e9es. Ainsi, elles sont toujours pr\u00eates quand vous en avez besoin. Chaque pile est garantie \u00e9tanche, sur la base d&#039;une utilisation standard. Et ces piles Energizer AA fonctionnent \u00e0 des temp\u00e9ratures extr\u00eames \u2013 de -40 \u00baC \u00e0 60 \u00baC. Une \u00e9nergie fiable quand vous en avez le plus besoin. La gamme Energizer Ultimate Lithium comprend \u00e9galement des piles AAA et 9V. Il est donc facile de trouver une \u00e9nergie fiable dans le format dont vous avez besoin. Pour les piles rechargeables, choisissez la gamme Energizer Recharge, id\u00e9ale pour les appareils les plus sollicit\u00e9s.  Depuis qu&#039;elle a cr\u00e9\u00e9 la premi\u00e8re pile grand public en 1896, Energizer a \u00e9t\u00e9 \u00e0 l&#039;avant-garde de l&#039;innovation dans le secteur et peut se targuer d&#039;\u00eatre \u00e0 l&#039;origine de nombreuses premi\u00e8res, dont la premi\u00e8re pile AA lithium au monde. La marque applique \u00e9galement cette vision avant-gardiste aux initiatives environnementales, en d\u00e9veloppant le tout premier syst\u00e8me de piles rechargeables en 1958 et en introduisant la premi\u00e8re pile sans mercure en 1989. Les piles Energizer Recharge ont \u00e9galement \u00e9t\u00e9 les premi\u00e8res piles rechargeables \u00e0 contenir des piles recycl\u00e9es. La soci\u00e9t\u00e9 est en partenariat avec des entreprises qui encouragent, informent et responsabilisent les consommateurs pour qu&#039;ils recyclent les piles non rechargeables, ainsi que les emballages de piles. Faites confiance \u00e0 la puissance des piles Energizer.\" \/>\n<meta property=\"og:url\" content=\"https:\/\/energizer.com\/eu\/france\/product\/energizer-ultimate-lithium-aa\/\" \/>\n<meta property=\"og:site_name\" content=\"France\" \/>\n<meta property=\"article:modified_time\" content=\"2025-01-07T11:57:58+00:00\" \/>\n<meta name=\"twitter:card\" content=\"summary_large_image\" \/>\n<script type=\"application\/ld+json\" class=\"yoast-schema-graph\">{\"@context\":\"https:\\\/\\\/schema.org\",\"@graph\":[{\"@type\":\"WebPage\",\"@id\":\"https:\\\/\\\/energizer.com\\\/eu\\\/france\\\/product\\\/energizer-ultimate-lithium-aa\\\/\",\"url\":\"https:\\\/\\\/energizer.com\\\/eu\\\/france\\\/product\\\/energizer-ultimate-lithium-aa\\\/\",\"name\":\"ENERGIZER\u00ae ULTIMATE LITHIUM - AA - France\",\"isPartOf\":{\"@id\":\"https:\\\/\\\/energizer.com\\\/eu\\\/france\\\/#website\"},\"datePublished\":\"2024-06-03T05:16:27+00:00\",\"dateModified\":\"2025-01-07T11:57:58+00:00\",\"breadcrumb\":{\"@id\":\"https:\\\/\\\/energizer.com\\\/eu\\\/france\\\/product\\\/energizer-ultimate-lithium-aa\\\/#breadcrumb\"},\"inLanguage\":\"en-US\",\"potentialAction\":[{\"@type\":\"ReadAction\",\"target\":[\"https:\\\/\\\/energizer.com\\\/eu\\\/france\\\/product\\\/energizer-ultimate-lithium-aa\\\/\"]}]},{\"@type\":\"BreadcrumbList\",\"@id\":\"https:\\\/\\\/energizer.com\\\/eu\\\/france\\\/product\\\/energizer-ultimate-lithium-aa\\\/#breadcrumb\",\"itemListElement\":[{\"@type\":\"ListItem\",\"position\":1,\"name\":\"Home\",\"item\":\"https:\\\/\\\/energizer.com\\\/eu\\\/france\\\/\"},{\"@type\":\"ListItem\",\"position\":2,\"name\":\"ENERGIZER\u00ae ULTIMATE LITHIUM &#8211; AA\"}]},{\"@type\":\"WebSite\",\"@id\":\"https:\\\/\\\/energizer.com\\\/eu\\\/france\\\/#website\",\"url\":\"https:\\\/\\\/energizer.com\\\/eu\\\/france\\\/\",\"name\":\"Energizer France\",\"description\":\"\",\"publisher\":{\"@id\":\"https:\\\/\\\/energizer.com\\\/eu\\\/france\\\/#organization\"},\"potentialAction\":[{\"@type\":\"SearchAction\",\"target\":{\"@type\":\"EntryPoint\",\"urlTemplate\":\"https:\\\/\\\/energizer.com\\\/eu\\\/france\\\/?s={search_term_string}\"},\"query-input\":{\"@type\":\"PropertyValueSpecification\",\"valueRequired\":true,\"valueName\":\"search_term_string\"}}],\"inLanguage\":\"en-US\"},{\"@type\":\"Organization\",\"@id\":\"https:\\\/\\\/energizer.com\\\/eu\\\/france\\\/#organization\",\"name\":\"Energizer France\",\"url\":\"https:\\\/\\\/energizer.com\\\/eu\\\/france\\\/\",\"logo\":{\"@type\":\"ImageObject\",\"inLanguage\":\"en-US\",\"@id\":\"https:\\\/\\\/energizer.com\\\/eu\\\/france\\\/#\\\/schema\\\/logo\\\/image\\\/\",\"url\":\"https:\\\/\\\/energizer.com\\\/eu\\\/france\\\/wp-content\\\/uploads\\\/sites\\\/8\\\/2024\\\/04\\\/Energizer_brand.png\",\"contentUrl\":\"https:\\\/\\\/energizer.com\\\/eu\\\/france\\\/wp-content\\\/uploads\\\/sites\\\/8\\\/2024\\\/04\\\/Energizer_brand.png\",\"width\":267,\"height\":100,\"caption\":\"Energizer France\"},\"image\":{\"@id\":\"https:\\\/\\\/energizer.com\\\/eu\\\/france\\\/#\\\/schema\\\/logo\\\/image\\\/\"}}]}<\/script>\n<!-- \/ Yoast SEO plugin. -->","yoast_head_json":{"title":"ENERGIZER\u00ae ULTIMATE LITHIUM - AA - France","robots":{"index":"index","follow":"follow","max-snippet":"max-snippet:-1","max-image-preview":"max-image-preview:large","max-video-preview":"max-video-preview:-1"},"canonical":"https:\/\/energizer.com\/eu\/france\/product\/energizer-ultimate-lithium-aa\/","og_locale":"en_US","og_type":"article","og_title":"ENERGIZER\u00ae ULTIMATE LITHIUM - AA - France","og_description":"Tirez le meilleur parti de vos appareils hautes technologies avec l'\u00e9nergie fiable de la pile AA la plus durable au monde : AA lithium Energizer Ultimate. Faites le plein de piles AA au lithium pour appareils domestiques intelligents et syst\u00e8mes de surveillance, ainsi que de piles pour lampes, appareils photo, montres et t\u00e9l\u00e9commandes. Ce pack de piles au lithium AA est \u00e9galement un excellent choix si vous avez besoin de piles longue dur\u00e9e pour des sonnettes. Les piles au lithium AA Energizer Ultimate conservent leur autonomie jusqu'\u00e0 25 ans si elles sont entrepos\u00e9es. Ainsi, elles sont toujours pr\u00eates quand vous en avez besoin. Chaque pile est garantie \u00e9tanche, sur la base d'une utilisation standard. Et ces piles Energizer AA fonctionnent \u00e0 des temp\u00e9ratures extr\u00eames \u2013 de -40 \u00baC \u00e0 60 \u00baC. Une \u00e9nergie fiable quand vous en avez le plus besoin. La gamme Energizer Ultimate Lithium comprend \u00e9galement des piles AAA et 9V. Il est donc facile de trouver une \u00e9nergie fiable dans le format dont vous avez besoin. Pour les piles rechargeables, choisissez la gamme Energizer Recharge, id\u00e9ale pour les appareils les plus sollicit\u00e9s.  Depuis qu'elle a cr\u00e9\u00e9 la premi\u00e8re pile grand public en 1896, Energizer a \u00e9t\u00e9 \u00e0 l'avant-garde de l'innovation dans le secteur et peut se targuer d'\u00eatre \u00e0 l'origine de nombreuses premi\u00e8res, dont la premi\u00e8re pile AA lithium au monde. La marque applique \u00e9galement cette vision avant-gardiste aux initiatives environnementales, en d\u00e9veloppant le tout premier syst\u00e8me de piles rechargeables en 1958 et en introduisant la premi\u00e8re pile sans mercure en 1989. Les piles Energizer Recharge ont \u00e9galement \u00e9t\u00e9 les premi\u00e8res piles rechargeables \u00e0 contenir des piles recycl\u00e9es. La soci\u00e9t\u00e9 est en partenariat avec des entreprises qui encouragent, informent et responsabilisent les consommateurs pour qu'ils recyclent les piles non rechargeables, ainsi que les emballages de piles. Faites confiance \u00e0 la puissance des piles Energizer.","og_url":"https:\/\/energizer.com\/eu\/france\/product\/energizer-ultimate-lithium-aa\/","og_site_name":"France","article_modified_time":"2025-01-07T11:57:58+00:00","twitter_card":"summary_large_image","schema":{"@context":"https:\/\/schema.org","@graph":[{"@type":"WebPage","@id":"https:\/\/energizer.com\/eu\/france\/product\/energizer-ultimate-lithium-aa\/","url":"https:\/\/energizer.com\/eu\/france\/product\/energizer-ultimate-lithium-aa\/","name":"ENERGIZER\u00ae ULTIMATE LITHIUM - AA - France","isPartOf":{"@id":"https:\/\/energizer.com\/eu\/france\/#website"},"datePublished":"2024-06-03T05:16:27+00:00","dateModified":"2025-01-07T11:57:58+00:00","breadcrumb":{"@id":"https:\/\/energizer.com\/eu\/france\/product\/energizer-ultimate-lithium-aa\/#breadcrumb"},"inLanguage":"en-US","potentialAction":[{"@type":"ReadAction","target":["https:\/\/energizer.com\/eu\/france\/product\/energizer-ultimate-lithium-aa\/"]}]},{"@type":"BreadcrumbList","@id":"https:\/\/energizer.com\/eu\/france\/product\/energizer-ultimate-lithium-aa\/#breadcrumb","itemListElement":[{"@type":"ListItem","position":1,"name":"Home","item":"https:\/\/energizer.com\/eu\/france\/"},{"@type":"ListItem","position":2,"name":"ENERGIZER\u00ae ULTIMATE LITHIUM &#8211; AA"}]},{"@type":"WebSite","@id":"https:\/\/energizer.com\/eu\/france\/#website","url":"https:\/\/energizer.com\/eu\/france\/","name":"Energizer France","description":"","publisher":{"@id":"https:\/\/energizer.com\/eu\/france\/#organization"},"potentialAction":[{"@type":"SearchAction","target":{"@type":"EntryPoint","urlTemplate":"https:\/\/energizer.com\/eu\/france\/?s={search_term_string}"},"query-input":{"@type":"PropertyValueSpecification","valueRequired":true,"valueName":"search_term_string"}}],"inLanguage":"en-US"},{"@type":"Organization","@id":"https:\/\/energizer.com\/eu\/france\/#organization","name":"Energizer France","url":"https:\/\/energizer.com\/eu\/france\/","logo":{"@type":"ImageObject","inLanguage":"en-US","@id":"https:\/\/energizer.com\/eu\/france\/#\/schema\/logo\/image\/","url":"https:\/\/energizer.com\/eu\/france\/wp-content\/uploads\/sites\/8\/2024\/04\/Energizer_brand.png","contentUrl":"https:\/\/energizer.com\/eu\/france\/wp-content\/uploads\/sites\/8\/2024\/04\/Energizer_brand.png","width":267,"height":100,"caption":"Energizer France"},"image":{"@id":"https:\/\/energizer.com\/eu\/france\/#\/schema\/logo\/image\/"}}]}},"_links":{"self":[{"href":"https:\/\/energizer.com\/eu\/france\/wp-json\/wp\/v2\/product\/7207","targetHints":{"allow":["GET"]}}],"collection":[{"href":"https:\/\/energizer.com\/eu\/france\/wp-json\/wp\/v2\/product"}],"about":[{"href":"https:\/\/energizer.com\/eu\/france\/wp-json\/wp\/v2\/types\/product"}],"replies":[{"embeddable":true,"href":"https:\/\/energizer.com\/eu\/france\/wp-json\/wp\/v2\/comments?post=7207"}],"version-history":[{"count":10,"href":"https:\/\/energizer.com\/eu\/france\/wp-json\/wp\/v2\/product\/7207\/revisions"}],"predecessor-version":[{"id":10536,"href":"https:\/\/energizer.com\/eu\/france\/wp-json\/wp\/v2\/product\/7207\/revisions\/10536"}],"wp:attachment":[{"href":"https:\/\/energizer.com\/eu\/france\/wp-json\/wp\/v2\/media?parent=7207"}],"wp:term":[{"taxonomy":"product_brand","embeddable":true,"href":"https:\/\/energizer.com\/eu\/france\/wp-json\/wp\/v2\/product_brand?post=7207"},{"taxonomy":"product_cat","embeddable":true,"href":"https:\/\/energizer.com\/eu\/france\/wp-json\/wp\/v2\/product_cat?post=7207"},{"taxonomy":"product_tag","embeddable":true,"href":"https:\/\/energizer.com\/eu\/france\/wp-json\/wp\/v2\/product_tag?post=7207"}],"curies":[{"name":"wp","href":"https:\/\/api.w.org\/{rel}","templated":true}]}}