{"id":7212,"date":"2024-06-03T05:16:27","date_gmt":"2024-06-03T05:16:27","guid":{"rendered":"https:\/\/23b13e8ab3.nxcli.io\/france\/?post_type=product&#038;p=7212"},"modified":"2024-08-23T07:53:25","modified_gmt":"2024-08-23T07:53:25","slug":"energizer-hearing-aid-batteries-10","status":"publish","type":"product","link":"https:\/\/energizer.com\/eu\/france\/product\/energizer-hearing-aid-batteries-10\/","title":{"rendered":"ENERGIZER\u00ae HEARING AID BATTERIES \u2013 10"},"content":{"rendered":"<ul>\n<li>Pack de 8 piles pour proth\u00e8ses auditives Energizer, taille 10, languette jaune<\/li>\n<li>Con\u00e7ue avec la technologie PowerSeal pour prot\u00e9ger vos appareils contre les coulures*<\/li>\n<li>L\u2019emballage EZ Turn &amp; Lock\u2122 facilite la manipulation et le stockage des piles<\/li>\n<li>Fiabilit\u00e9 de la qualit\u00e9 sonore<\/li>\n<li>Languettes de couleur extra longues pour une installation facile<\/li>\n<li>\u00c9nergie conserv\u00e9e pendant 4 ans (si les piles sont conserv\u00e9es dans leur emballage)<\/li>\n<\/ul>\n","protected":false},"excerpt":{"rendered":"<p>Voici les piles pour proth\u00e8ses auditives Energizer les plus performantes jamais con\u00e7ues. Notre technologie PowerSeal prot\u00e8ge vos appareils contre les coulures*. Ces piles offrent une qualit\u00e9 sonore constante pendant toute leur dur\u00e9e de vie pour une meilleure exp\u00e9rience auditive. La technologie EZ Turn &amp; Lock\u2122 est facile \u00e0 utiliser : Tournez simplement la roue pour acc\u00e9der \u00e0 la pile, retirez-l\u00e0 et installez-la gr\u00e2ce \u00e0 nos grandes languettes color\u00e9es et refermez l\u2019emballage pour conserver les autres piles en toute s\u00e9curit\u00e9. Profitez de notre meilleure performance et des sons que le monde a \u00e0 offrir. \u00c9nergie conserv\u00e9e pendant 4 ans (si les piles sont conserv\u00e9es dans leur emballage).<br \/>\n* Pour les piles usag\u00e9es jusqu\u2019\u00e0 1 semaine \u00e0 temp\u00e9rature ambiante<\/p>\n","protected":false},"featured_media":0,"comment_status":"open","ping_status":"closed","template":"","meta":{"_acf_changed":false},"product_brand":[],"product_cat":[32],"product_tag":[],"class_list":{"0":"post-7212","1":"product","2":"type-product","3":"status-publish","5":"product_cat-hearing-aid","7":"first","8":"instock","9":"shipping-taxable","10":"product-type-simple"},"acf":[],"yoast_head":"<!-- This site is optimized with the Yoast SEO plugin v27.2 - https:\/\/yoast.com\/product\/yoast-seo-wordpress\/ -->\n<title>ENERGIZER\u00ae HEARING AID BATTERIES \u2013 10 - France<\/title>\n<meta name=\"robots\" content=\"index, follow, max-snippet:-1, max-image-preview:large, max-video-preview:-1\" \/>\n<link rel=\"canonical\" href=\"https:\/\/energizer.com\/eu\/france\/product\/energizer-hearing-aid-batteries-10\/\" \/>\n<meta property=\"og:locale\" content=\"en_US\" \/>\n<meta property=\"og:type\" content=\"article\" \/>\n<meta property=\"og:title\" content=\"ENERGIZER\u00ae HEARING AID BATTERIES \u2013 10 - France\" \/>\n<meta property=\"og:description\" content=\"Voici les piles pour proth\u00e8ses auditives Energizer les plus performantes jamais con\u00e7ues. Notre technologie PowerSeal prot\u00e8ge vos appareils contre les coulures*. Ces piles offrent une qualit\u00e9 sonore constante pendant toute leur dur\u00e9e de vie pour une meilleure exp\u00e9rience auditive. La technologie EZ Turn &amp; Lock\u2122 est facile \u00e0 utiliser : Tournez simplement la roue pour acc\u00e9der \u00e0 la pile, retirez-l\u00e0 et installez-la gr\u00e2ce \u00e0 nos grandes languettes color\u00e9es et refermez l\u2019emballage pour conserver les autres piles en toute s\u00e9curit\u00e9. Profitez de notre meilleure performance et des sons que le monde a \u00e0 offrir. \u00c9nergie conserv\u00e9e pendant 4 ans (si les piles sont conserv\u00e9es dans leur emballage). * Pour les piles usag\u00e9es jusqu\u2019\u00e0 1 semaine \u00e0 temp\u00e9rature ambiante\" \/>\n<meta property=\"og:url\" content=\"https:\/\/energizer.com\/eu\/france\/product\/energizer-hearing-aid-batteries-10\/\" \/>\n<meta property=\"og:site_name\" content=\"France\" \/>\n<meta property=\"article:modified_time\" content=\"2024-08-23T07:53:25+00:00\" \/>\n<meta name=\"twitter:card\" content=\"summary_large_image\" \/>\n<script type=\"application\/ld+json\" class=\"yoast-schema-graph\">{\"@context\":\"https:\/\/schema.org\",\"@graph\":[{\"@type\":\"WebPage\",\"@id\":\"https:\/\/energizer.com\/eu\/france\/product\/energizer-hearing-aid-batteries-10\/\",\"url\":\"https:\/\/energizer.com\/eu\/france\/product\/energizer-hearing-aid-batteries-10\/\",\"name\":\"ENERGIZER\u00ae HEARING AID BATTERIES \u2013 10 - France\",\"isPartOf\":{\"@id\":\"https:\/\/energizer.com\/eu\/france\/#website\"},\"datePublished\":\"2024-06-03T05:16:27+00:00\",\"dateModified\":\"2024-08-23T07:53:25+00:00\",\"breadcrumb\":{\"@id\":\"https:\/\/energizer.com\/eu\/france\/product\/energizer-hearing-aid-batteries-10\/#breadcrumb\"},\"inLanguage\":\"en-US\",\"potentialAction\":[{\"@type\":\"ReadAction\",\"target\":[\"https:\/\/energizer.com\/eu\/france\/product\/energizer-hearing-aid-batteries-10\/\"]}]},{\"@type\":\"BreadcrumbList\",\"@id\":\"https:\/\/energizer.com\/eu\/france\/product\/energizer-hearing-aid-batteries-10\/#breadcrumb\",\"itemListElement\":[{\"@type\":\"ListItem\",\"position\":1,\"name\":\"Home\",\"item\":\"https:\/\/energizer.com\/eu\/france\/\"},{\"@type\":\"ListItem\",\"position\":2,\"name\":\"ENERGIZER\u00ae HEARING AID BATTERIES \u2013 10\"}]},{\"@type\":\"WebSite\",\"@id\":\"https:\/\/energizer.com\/eu\/france\/#website\",\"url\":\"https:\/\/energizer.com\/eu\/france\/\",\"name\":\"Energizer France\",\"description\":\"\",\"publisher\":{\"@id\":\"https:\/\/energizer.com\/eu\/france\/#organization\"},\"potentialAction\":[{\"@type\":\"SearchAction\",\"target\":{\"@type\":\"EntryPoint\",\"urlTemplate\":\"https:\/\/energizer.com\/eu\/france\/?s={search_term_string}\"},\"query-input\":{\"@type\":\"PropertyValueSpecification\",\"valueRequired\":true,\"valueName\":\"search_term_string\"}}],\"inLanguage\":\"en-US\"},{\"@type\":\"Organization\",\"@id\":\"https:\/\/energizer.com\/eu\/france\/#organization\",\"name\":\"Energizer France\",\"url\":\"https:\/\/energizer.com\/eu\/france\/\",\"logo\":{\"@type\":\"ImageObject\",\"inLanguage\":\"en-US\",\"@id\":\"https:\/\/energizer.com\/eu\/france\/#\/schema\/logo\/image\/\",\"url\":\"https:\/\/energizer.com\/eu\/france\/wp-content\/uploads\/sites\/8\/2024\/04\/Energizer_brand.png\",\"contentUrl\":\"https:\/\/energizer.com\/eu\/france\/wp-content\/uploads\/sites\/8\/2024\/04\/Energizer_brand.png\",\"width\":267,\"height\":100,\"caption\":\"Energizer France\"},\"image\":{\"@id\":\"https:\/\/energizer.com\/eu\/france\/#\/schema\/logo\/image\/\"}}]}<\/script>\n<!-- \/ Yoast SEO plugin. -->","yoast_head_json":{"title":"ENERGIZER\u00ae HEARING AID BATTERIES \u2013 10 - France","robots":{"index":"index","follow":"follow","max-snippet":"max-snippet:-1","max-image-preview":"max-image-preview:large","max-video-preview":"max-video-preview:-1"},"canonical":"https:\/\/energizer.com\/eu\/france\/product\/energizer-hearing-aid-batteries-10\/","og_locale":"en_US","og_type":"article","og_title":"ENERGIZER\u00ae HEARING AID BATTERIES \u2013 10 - France","og_description":"Voici les piles pour proth\u00e8ses auditives Energizer les plus performantes jamais con\u00e7ues. Notre technologie PowerSeal prot\u00e8ge vos appareils contre les coulures*. Ces piles offrent une qualit\u00e9 sonore constante pendant toute leur dur\u00e9e de vie pour une meilleure exp\u00e9rience auditive. La technologie EZ Turn &amp; Lock\u2122 est facile \u00e0 utiliser : Tournez simplement la roue pour acc\u00e9der \u00e0 la pile, retirez-l\u00e0 et installez-la gr\u00e2ce \u00e0 nos grandes languettes color\u00e9es et refermez l\u2019emballage pour conserver les autres piles en toute s\u00e9curit\u00e9. Profitez de notre meilleure performance et des sons que le monde a \u00e0 offrir. \u00c9nergie conserv\u00e9e pendant 4 ans (si les piles sont conserv\u00e9es dans leur emballage). * Pour les piles usag\u00e9es jusqu\u2019\u00e0 1 semaine \u00e0 temp\u00e9rature ambiante","og_url":"https:\/\/energizer.com\/eu\/france\/product\/energizer-hearing-aid-batteries-10\/","og_site_name":"France","article_modified_time":"2024-08-23T07:53:25+00:00","twitter_card":"summary_large_image","schema":{"@context":"https:\/\/schema.org","@graph":[{"@type":"WebPage","@id":"https:\/\/energizer.com\/eu\/france\/product\/energizer-hearing-aid-batteries-10\/","url":"https:\/\/energizer.com\/eu\/france\/product\/energizer-hearing-aid-batteries-10\/","name":"ENERGIZER\u00ae HEARING AID BATTERIES \u2013 10 - France","isPartOf":{"@id":"https:\/\/energizer.com\/eu\/france\/#website"},"datePublished":"2024-06-03T05:16:27+00:00","dateModified":"2024-08-23T07:53:25+00:00","breadcrumb":{"@id":"https:\/\/energizer.com\/eu\/france\/product\/energizer-hearing-aid-batteries-10\/#breadcrumb"},"inLanguage":"en-US","potentialAction":[{"@type":"ReadAction","target":["https:\/\/energizer.com\/eu\/france\/product\/energizer-hearing-aid-batteries-10\/"]}]},{"@type":"BreadcrumbList","@id":"https:\/\/energizer.com\/eu\/france\/product\/energizer-hearing-aid-batteries-10\/#breadcrumb","itemListElement":[{"@type":"ListItem","position":1,"name":"Home","item":"https:\/\/energizer.com\/eu\/france\/"},{"@type":"ListItem","position":2,"name":"ENERGIZER\u00ae HEARING AID BATTERIES \u2013 10"}]},{"@type":"WebSite","@id":"https:\/\/energizer.com\/eu\/france\/#website","url":"https:\/\/energizer.com\/eu\/france\/","name":"Energizer France","description":"","publisher":{"@id":"https:\/\/energizer.com\/eu\/france\/#organization"},"potentialAction":[{"@type":"SearchAction","target":{"@type":"EntryPoint","urlTemplate":"https:\/\/energizer.com\/eu\/france\/?s={search_term_string}"},"query-input":{"@type":"PropertyValueSpecification","valueRequired":true,"valueName":"search_term_string"}}],"inLanguage":"en-US"},{"@type":"Organization","@id":"https:\/\/energizer.com\/eu\/france\/#organization","name":"Energizer France","url":"https:\/\/energizer.com\/eu\/france\/","logo":{"@type":"ImageObject","inLanguage":"en-US","@id":"https:\/\/energizer.com\/eu\/france\/#\/schema\/logo\/image\/","url":"https:\/\/energizer.com\/eu\/france\/wp-content\/uploads\/sites\/8\/2024\/04\/Energizer_brand.png","contentUrl":"https:\/\/energizer.com\/eu\/france\/wp-content\/uploads\/sites\/8\/2024\/04\/Energizer_brand.png","width":267,"height":100,"caption":"Energizer France"},"image":{"@id":"https:\/\/energizer.com\/eu\/france\/#\/schema\/logo\/image\/"}}]}},"_links":{"self":[{"href":"https:\/\/energizer.com\/eu\/france\/wp-json\/wp\/v2\/product\/7212","targetHints":{"allow":["GET"]}}],"collection":[{"href":"https:\/\/energizer.com\/eu\/france\/wp-json\/wp\/v2\/product"}],"about":[{"href":"https:\/\/energizer.com\/eu\/france\/wp-json\/wp\/v2\/types\/product"}],"replies":[{"embeddable":true,"href":"https:\/\/energizer.com\/eu\/france\/wp-json\/wp\/v2\/comments?post=7212"}],"version-history":[{"count":3,"href":"https:\/\/energizer.com\/eu\/france\/wp-json\/wp\/v2\/product\/7212\/revisions"}],"predecessor-version":[{"id":9195,"href":"https:\/\/energizer.com\/eu\/france\/wp-json\/wp\/v2\/product\/7212\/revisions\/9195"}],"wp:attachment":[{"href":"https:\/\/energizer.com\/eu\/france\/wp-json\/wp\/v2\/media?parent=7212"}],"wp:term":[{"taxonomy":"product_brand","embeddable":true,"href":"https:\/\/energizer.com\/eu\/france\/wp-json\/wp\/v2\/product_brand?post=7212"},{"taxonomy":"product_cat","embeddable":true,"href":"https:\/\/energizer.com\/eu\/france\/wp-json\/wp\/v2\/product_cat?post=7212"},{"taxonomy":"product_tag","embeddable":true,"href":"https:\/\/energizer.com\/eu\/france\/wp-json\/wp\/v2\/product_tag?post=7212"}],"curies":[{"name":"wp","href":"https:\/\/api.w.org\/{rel}","templated":true}]}}