{"id":7336,"date":"2024-06-03T05:16:37","date_gmt":"2024-06-03T05:16:37","guid":{"rendered":"https:\/\/23b13e8ab3.nxcli.io\/france\/?post_type=product&#038;p=7336"},"modified":"2025-02-05T08:28:17","modified_gmt":"2025-02-05T08:28:17","slug":"energizer-recharge-power-plus-aaa","status":"publish","type":"product","link":"https:\/\/energizer.com\/eu\/france\/product\/energizer-recharge-power-plus-aaa\/","title":{"rendered":"ENERGIZER\u00ae RECHARGE POWER PLUS \u2013 AAA"},"content":{"rendered":"<ul>\n<li>Pack de 4 piles AAA Energizer Power Plus<\/li>\n<li>Longue dur\u00e9e : Les piles rechargeables Energizer AAA durent jusqu&#8217;\u00e0 4 fois plus longtemps dans les appareils photo num\u00e9riques que les piles alcalines de base Energizer. Les r\u00e9sultats peuvent varier selon l&#8217;appareil<\/li>\n<li>Une alimentation fiable : Piles AAA pour les appareils photo, les lampes, les contr\u00f4leurs, les horloges et bien d&#8217;autres appareils de tous les jours<\/li>\n<li>Protection contre les fuites : Les piles rechargeables Energizer sont con\u00e7ues pour prot\u00e9ger vos appareils essentiels contre les fuites dommageables dans des conditions d&#8217;utilisation normales<\/li>\n<li>Rechargeable : Chaque pile AAA peut \u00eatre recharg\u00e9e jusqu&#8217;\u00e0 500 fois, une charge pouvant durer jusqu&#8217;\u00e0 12 mois en stockage<\/li>\n<li>Le choix des clients : Energizer est la premi\u00e8re marque mondiale de piles rechargeables, sur la base des ventes globales mesur\u00e9es<\/li>\n<li>Innovation Energizer : La premi\u00e8re pile AAA rechargeable au monde fabriqu\u00e9e \u00e0 partir de 22 % de mat\u00e9riaux recycl\u00e9s<\/li>\n<li>Emballage 100% recyclable: cet emballage est fabriqu\u00e9 \u00e0 partir de carton 100% recyclable<\/li>\n<\/ul>\n","protected":false},"excerpt":{"rendered":"<p>Tirez le meilleur parti de vos appareils quotidiens et high-tech gr\u00e2ce \u00e0 la fiabilit\u00e9 des piles AAA Energizer Accu Recharge Power Plus. Faites le plein de piles rechargeables Energizer pour les lampes et les jouets, ainsi que de piles pour les horloges, les haut-parleurs, les souris sans fil et d&#8217;autres appareils \u00e9lectroniques. Ce pack de piles est \u00e9galement un excellent choix si vous avez besoin de piles rechargeables AAA longue dur\u00e9e pour vos appareils photo. Une seule charge suffit pour prendre jusqu&#8217;\u00e0 349 photos. Toujours pr\u00eates quand vous l&#8217;\u00eates, les piles AAA Energizer Accu Recharge Power Plus sont livr\u00e9es enti\u00e8rement charg\u00e9es et peuvent tenir jusqu&#8217;\u00e0 12 mois en stockage. Chaque pile peut \u00eatre recharg\u00e9e des centaines de fois, avec une autonomie pouvant aller jusqu&#8217;\u00e0 5 ans dans des conditions d&#8217;utilisation normales.<\/p>\n<p>Rechargez vos piles rechargeables avec n&#8217;importe quel chargeur Energizer Recharge.<\/p>\n","protected":false},"featured_media":0,"comment_status":"open","ping_status":"closed","template":"","meta":{"_acf_changed":false},"product_brand":[],"product_cat":[31],"product_tag":[],"class_list":{"0":"post-7336","1":"product","2":"type-product","3":"status-publish","5":"product_cat-energizer-recharge","7":"first","8":"instock","9":"shipping-taxable","10":"product-type-simple"},"acf":[],"yoast_head":"<!-- This site is optimized with the Yoast SEO plugin v27.2 - https:\/\/yoast.com\/product\/yoast-seo-wordpress\/ -->\n<title>ENERGIZER\u00ae RECHARGE POWER PLUS \u2013 AAA - France<\/title>\n<meta name=\"robots\" content=\"index, follow, max-snippet:-1, max-image-preview:large, max-video-preview:-1\" \/>\n<link rel=\"canonical\" href=\"https:\/\/energizer.com\/eu\/france\/product\/energizer-recharge-power-plus-aaa\/\" \/>\n<meta property=\"og:locale\" content=\"en_US\" \/>\n<meta property=\"og:type\" content=\"article\" \/>\n<meta property=\"og:title\" content=\"ENERGIZER\u00ae RECHARGE POWER PLUS \u2013 AAA - France\" \/>\n<meta property=\"og:description\" content=\"Tirez le meilleur parti de vos appareils quotidiens et high-tech gr\u00e2ce \u00e0 la fiabilit\u00e9 des piles AAA Energizer Accu Recharge Power Plus. Faites le plein de piles rechargeables Energizer pour les lampes et les jouets, ainsi que de piles pour les horloges, les haut-parleurs, les souris sans fil et d&#039;autres appareils \u00e9lectroniques. Ce pack de piles est \u00e9galement un excellent choix si vous avez besoin de piles rechargeables AAA longue dur\u00e9e pour vos appareils photo. Une seule charge suffit pour prendre jusqu&#039;\u00e0 349 photos. Toujours pr\u00eates quand vous l&#039;\u00eates, les piles AAA Energizer Accu Recharge Power Plus sont livr\u00e9es enti\u00e8rement charg\u00e9es et peuvent tenir jusqu&#039;\u00e0 12 mois en stockage. Chaque pile peut \u00eatre recharg\u00e9e des centaines de fois, avec une autonomie pouvant aller jusqu&#039;\u00e0 5 ans dans des conditions d&#039;utilisation normales.  Rechargez vos piles rechargeables avec n&#039;importe quel chargeur Energizer Recharge.\" \/>\n<meta property=\"og:url\" content=\"https:\/\/energizer.com\/eu\/france\/product\/energizer-recharge-power-plus-aaa\/\" \/>\n<meta property=\"og:site_name\" content=\"France\" \/>\n<meta property=\"article:modified_time\" content=\"2025-02-05T08:28:17+00:00\" \/>\n<meta name=\"twitter:card\" content=\"summary_large_image\" \/>\n<script type=\"application\/ld+json\" class=\"yoast-schema-graph\">{\"@context\":\"https:\/\/schema.org\",\"@graph\":[{\"@type\":\"WebPage\",\"@id\":\"https:\/\/energizer.com\/eu\/france\/product\/energizer-recharge-power-plus-aaa\/\",\"url\":\"https:\/\/energizer.com\/eu\/france\/product\/energizer-recharge-power-plus-aaa\/\",\"name\":\"ENERGIZER\u00ae RECHARGE POWER PLUS \u2013 AAA - France\",\"isPartOf\":{\"@id\":\"https:\/\/energizer.com\/eu\/france\/#website\"},\"datePublished\":\"2024-06-03T05:16:37+00:00\",\"dateModified\":\"2025-02-05T08:28:17+00:00\",\"breadcrumb\":{\"@id\":\"https:\/\/energizer.com\/eu\/france\/product\/energizer-recharge-power-plus-aaa\/#breadcrumb\"},\"inLanguage\":\"en-US\",\"potentialAction\":[{\"@type\":\"ReadAction\",\"target\":[\"https:\/\/energizer.com\/eu\/france\/product\/energizer-recharge-power-plus-aaa\/\"]}]},{\"@type\":\"BreadcrumbList\",\"@id\":\"https:\/\/energizer.com\/eu\/france\/product\/energizer-recharge-power-plus-aaa\/#breadcrumb\",\"itemListElement\":[{\"@type\":\"ListItem\",\"position\":1,\"name\":\"Home\",\"item\":\"https:\/\/energizer.com\/eu\/france\/\"},{\"@type\":\"ListItem\",\"position\":2,\"name\":\"ENERGIZER\u00ae RECHARGE POWER PLUS \u2013 AAA\"}]},{\"@type\":\"WebSite\",\"@id\":\"https:\/\/energizer.com\/eu\/france\/#website\",\"url\":\"https:\/\/energizer.com\/eu\/france\/\",\"name\":\"Energizer France\",\"description\":\"\",\"publisher\":{\"@id\":\"https:\/\/energizer.com\/eu\/france\/#organization\"},\"potentialAction\":[{\"@type\":\"SearchAction\",\"target\":{\"@type\":\"EntryPoint\",\"urlTemplate\":\"https:\/\/energizer.com\/eu\/france\/?s={search_term_string}\"},\"query-input\":{\"@type\":\"PropertyValueSpecification\",\"valueRequired\":true,\"valueName\":\"search_term_string\"}}],\"inLanguage\":\"en-US\"},{\"@type\":\"Organization\",\"@id\":\"https:\/\/energizer.com\/eu\/france\/#organization\",\"name\":\"Energizer France\",\"url\":\"https:\/\/energizer.com\/eu\/france\/\",\"logo\":{\"@type\":\"ImageObject\",\"inLanguage\":\"en-US\",\"@id\":\"https:\/\/energizer.com\/eu\/france\/#\/schema\/logo\/image\/\",\"url\":\"https:\/\/energizer.com\/eu\/france\/wp-content\/uploads\/sites\/8\/2024\/04\/Energizer_brand.png\",\"contentUrl\":\"https:\/\/energizer.com\/eu\/france\/wp-content\/uploads\/sites\/8\/2024\/04\/Energizer_brand.png\",\"width\":267,\"height\":100,\"caption\":\"Energizer France\"},\"image\":{\"@id\":\"https:\/\/energizer.com\/eu\/france\/#\/schema\/logo\/image\/\"}}]}<\/script>\n<!-- \/ Yoast SEO plugin. -->","yoast_head_json":{"title":"ENERGIZER\u00ae RECHARGE POWER PLUS \u2013 AAA - France","robots":{"index":"index","follow":"follow","max-snippet":"max-snippet:-1","max-image-preview":"max-image-preview:large","max-video-preview":"max-video-preview:-1"},"canonical":"https:\/\/energizer.com\/eu\/france\/product\/energizer-recharge-power-plus-aaa\/","og_locale":"en_US","og_type":"article","og_title":"ENERGIZER\u00ae RECHARGE POWER PLUS \u2013 AAA - France","og_description":"Tirez le meilleur parti de vos appareils quotidiens et high-tech gr\u00e2ce \u00e0 la fiabilit\u00e9 des piles AAA Energizer Accu Recharge Power Plus. Faites le plein de piles rechargeables Energizer pour les lampes et les jouets, ainsi que de piles pour les horloges, les haut-parleurs, les souris sans fil et d'autres appareils \u00e9lectroniques. Ce pack de piles est \u00e9galement un excellent choix si vous avez besoin de piles rechargeables AAA longue dur\u00e9e pour vos appareils photo. Une seule charge suffit pour prendre jusqu'\u00e0 349 photos. Toujours pr\u00eates quand vous l'\u00eates, les piles AAA Energizer Accu Recharge Power Plus sont livr\u00e9es enti\u00e8rement charg\u00e9es et peuvent tenir jusqu'\u00e0 12 mois en stockage. Chaque pile peut \u00eatre recharg\u00e9e des centaines de fois, avec une autonomie pouvant aller jusqu'\u00e0 5 ans dans des conditions d'utilisation normales.  Rechargez vos piles rechargeables avec n'importe quel chargeur Energizer Recharge.","og_url":"https:\/\/energizer.com\/eu\/france\/product\/energizer-recharge-power-plus-aaa\/","og_site_name":"France","article_modified_time":"2025-02-05T08:28:17+00:00","twitter_card":"summary_large_image","schema":{"@context":"https:\/\/schema.org","@graph":[{"@type":"WebPage","@id":"https:\/\/energizer.com\/eu\/france\/product\/energizer-recharge-power-plus-aaa\/","url":"https:\/\/energizer.com\/eu\/france\/product\/energizer-recharge-power-plus-aaa\/","name":"ENERGIZER\u00ae RECHARGE POWER PLUS \u2013 AAA - France","isPartOf":{"@id":"https:\/\/energizer.com\/eu\/france\/#website"},"datePublished":"2024-06-03T05:16:37+00:00","dateModified":"2025-02-05T08:28:17+00:00","breadcrumb":{"@id":"https:\/\/energizer.com\/eu\/france\/product\/energizer-recharge-power-plus-aaa\/#breadcrumb"},"inLanguage":"en-US","potentialAction":[{"@type":"ReadAction","target":["https:\/\/energizer.com\/eu\/france\/product\/energizer-recharge-power-plus-aaa\/"]}]},{"@type":"BreadcrumbList","@id":"https:\/\/energizer.com\/eu\/france\/product\/energizer-recharge-power-plus-aaa\/#breadcrumb","itemListElement":[{"@type":"ListItem","position":1,"name":"Home","item":"https:\/\/energizer.com\/eu\/france\/"},{"@type":"ListItem","position":2,"name":"ENERGIZER\u00ae RECHARGE POWER PLUS \u2013 AAA"}]},{"@type":"WebSite","@id":"https:\/\/energizer.com\/eu\/france\/#website","url":"https:\/\/energizer.com\/eu\/france\/","name":"Energizer France","description":"","publisher":{"@id":"https:\/\/energizer.com\/eu\/france\/#organization"},"potentialAction":[{"@type":"SearchAction","target":{"@type":"EntryPoint","urlTemplate":"https:\/\/energizer.com\/eu\/france\/?s={search_term_string}"},"query-input":{"@type":"PropertyValueSpecification","valueRequired":true,"valueName":"search_term_string"}}],"inLanguage":"en-US"},{"@type":"Organization","@id":"https:\/\/energizer.com\/eu\/france\/#organization","name":"Energizer France","url":"https:\/\/energizer.com\/eu\/france\/","logo":{"@type":"ImageObject","inLanguage":"en-US","@id":"https:\/\/energizer.com\/eu\/france\/#\/schema\/logo\/image\/","url":"https:\/\/energizer.com\/eu\/france\/wp-content\/uploads\/sites\/8\/2024\/04\/Energizer_brand.png","contentUrl":"https:\/\/energizer.com\/eu\/france\/wp-content\/uploads\/sites\/8\/2024\/04\/Energizer_brand.png","width":267,"height":100,"caption":"Energizer France"},"image":{"@id":"https:\/\/energizer.com\/eu\/france\/#\/schema\/logo\/image\/"}}]}},"_links":{"self":[{"href":"https:\/\/energizer.com\/eu\/france\/wp-json\/wp\/v2\/product\/7336","targetHints":{"allow":["GET"]}}],"collection":[{"href":"https:\/\/energizer.com\/eu\/france\/wp-json\/wp\/v2\/product"}],"about":[{"href":"https:\/\/energizer.com\/eu\/france\/wp-json\/wp\/v2\/types\/product"}],"replies":[{"embeddable":true,"href":"https:\/\/energizer.com\/eu\/france\/wp-json\/wp\/v2\/comments?post=7336"}],"version-history":[{"count":9,"href":"https:\/\/energizer.com\/eu\/france\/wp-json\/wp\/v2\/product\/7336\/revisions"}],"predecessor-version":[{"id":10631,"href":"https:\/\/energizer.com\/eu\/france\/wp-json\/wp\/v2\/product\/7336\/revisions\/10631"}],"wp:attachment":[{"href":"https:\/\/energizer.com\/eu\/france\/wp-json\/wp\/v2\/media?parent=7336"}],"wp:term":[{"taxonomy":"product_brand","embeddable":true,"href":"https:\/\/energizer.com\/eu\/france\/wp-json\/wp\/v2\/product_brand?post=7336"},{"taxonomy":"product_cat","embeddable":true,"href":"https:\/\/energizer.com\/eu\/france\/wp-json\/wp\/v2\/product_cat?post=7336"},{"taxonomy":"product_tag","embeddable":true,"href":"https:\/\/energizer.com\/eu\/france\/wp-json\/wp\/v2\/product_tag?post=7336"}],"curies":[{"name":"wp","href":"https:\/\/api.w.org\/{rel}","templated":true}]}}