{"id":7383,"date":"2024-06-03T05:16:41","date_gmt":"2024-06-03T05:16:41","guid":{"rendered":"https:\/\/23b13e8ab3.nxcli.io\/france\/?post_type=product&#038;p=7383"},"modified":"2024-08-24T04:57:29","modified_gmt":"2024-08-24T04:57:29","slug":"energizer-booklight","status":"publish","type":"product","link":"https:\/\/energizer.com\/eu\/france\/product\/energizer-booklight\/","title":{"rendered":"Energizer Booklight"},"content":{"rendered":"<ul>\n<li>Conception mince, se plie et se verrouille pour un rangement facile<\/li>\n<li>Le clip polyvalent permet de fixer des surfaces d&#8217;une \u00e9paisseur maximale de 13 mm<\/li>\n<li>Le col flexible en caoutchouc permet de positionner la lampe \u00e0 l&#8217;infini<\/li>\n<li>Interrupteur \u00e0 glissi\u00e8re pratique<\/li>\n<li>La LED blanc chaud offre un excellent contraste et des conditions de lecture naturelles<\/li>\n<li>Autonomie de 25 heures<\/li>\n<li>Peut \u00e9clairer des objets jusqu&#8217;\u00e0 4 m\u00e8tres, parfaite pour la lecture, les t\u00e2ches m\u00e9nag\u00e8res ou l&#8217;automobile<\/li>\n<\/ul>\n","protected":false},"excerpt":{"rendered":"<p>La lampe de lecture Energizer offre une lumi\u00e8re vive con\u00e7ue pour am\u00e9liorer la vision. La LED blanc chaud offre un excellent contraste et une lecture plus naturelle. Gr\u00e2ce \u00e0 sa temp\u00e9rature de couleur chaude, la lampe de lecture est \u00e9galement un compagnon id\u00e9al pour la lecture ou le travail de nuit. Le faisceau, con\u00e7u scientifiquement, permet d&#8217;\u00e9clairer largement les livres et les magazines, mais il est suffisamment \u00e9troit pour ne pas g\u00eaner les personnes se trouvant \u00e0 proximit\u00e9. Le clip pratique se fixe sur des surfaces d&#8217;une \u00e9paisseur maximale de 13 mm, et le col flexible permet aux utilisateurs de diriger la lumi\u00e8re avec pr\u00e9cision.<\/p>\n","protected":false},"featured_media":0,"comment_status":"open","ping_status":"closed","template":"","meta":{"_acf_changed":false},"product_brand":[],"product_cat":[43],"product_tag":[],"class_list":{"0":"post-7383","1":"product","2":"type-product","3":"status-publish","5":"product_cat-hands-free","6":"pa_uses-everyday","8":"first","9":"instock","10":"shipping-taxable","11":"product-type-simple"},"acf":[],"yoast_head":"<!-- This site is optimized with the Yoast SEO plugin v27.2 - https:\/\/yoast.com\/product\/yoast-seo-wordpress\/ -->\n<title>Energizer Booklight - France<\/title>\n<meta name=\"robots\" content=\"index, follow, max-snippet:-1, max-image-preview:large, max-video-preview:-1\" \/>\n<link rel=\"canonical\" href=\"https:\/\/energizer.com\/eu\/france\/product\/energizer-booklight\/\" \/>\n<meta property=\"og:locale\" content=\"en_US\" \/>\n<meta property=\"og:type\" content=\"article\" \/>\n<meta property=\"og:title\" content=\"Energizer Booklight - France\" \/>\n<meta property=\"og:description\" content=\"La lampe de lecture Energizer offre une lumi\u00e8re vive con\u00e7ue pour am\u00e9liorer la vision. La LED blanc chaud offre un excellent contraste et une lecture plus naturelle. Gr\u00e2ce \u00e0 sa temp\u00e9rature de couleur chaude, la lampe de lecture est \u00e9galement un compagnon id\u00e9al pour la lecture ou le travail de nuit. Le faisceau, con\u00e7u scientifiquement, permet d&#039;\u00e9clairer largement les livres et les magazines, mais il est suffisamment \u00e9troit pour ne pas g\u00eaner les personnes se trouvant \u00e0 proximit\u00e9. Le clip pratique se fixe sur des surfaces d&#039;une \u00e9paisseur maximale de 13 mm, et le col flexible permet aux utilisateurs de diriger la lumi\u00e8re avec pr\u00e9cision.\" \/>\n<meta property=\"og:url\" content=\"https:\/\/energizer.com\/eu\/france\/product\/energizer-booklight\/\" \/>\n<meta property=\"og:site_name\" content=\"France\" \/>\n<meta property=\"article:modified_time\" content=\"2024-08-24T04:57:29+00:00\" \/>\n<meta name=\"twitter:card\" content=\"summary_large_image\" \/>\n<script type=\"application\/ld+json\" class=\"yoast-schema-graph\">{\"@context\":\"https:\/\/schema.org\",\"@graph\":[{\"@type\":\"WebPage\",\"@id\":\"https:\/\/energizer.com\/eu\/france\/product\/energizer-booklight\/\",\"url\":\"https:\/\/energizer.com\/eu\/france\/product\/energizer-booklight\/\",\"name\":\"Energizer Booklight - France\",\"isPartOf\":{\"@id\":\"https:\/\/energizer.com\/eu\/france\/#website\"},\"datePublished\":\"2024-06-03T05:16:41+00:00\",\"dateModified\":\"2024-08-24T04:57:29+00:00\",\"breadcrumb\":{\"@id\":\"https:\/\/energizer.com\/eu\/france\/product\/energizer-booklight\/#breadcrumb\"},\"inLanguage\":\"en-US\",\"potentialAction\":[{\"@type\":\"ReadAction\",\"target\":[\"https:\/\/energizer.com\/eu\/france\/product\/energizer-booklight\/\"]}]},{\"@type\":\"BreadcrumbList\",\"@id\":\"https:\/\/energizer.com\/eu\/france\/product\/energizer-booklight\/#breadcrumb\",\"itemListElement\":[{\"@type\":\"ListItem\",\"position\":1,\"name\":\"Home\",\"item\":\"https:\/\/energizer.com\/eu\/france\/\"},{\"@type\":\"ListItem\",\"position\":2,\"name\":\"Energizer Booklight\"}]},{\"@type\":\"WebSite\",\"@id\":\"https:\/\/energizer.com\/eu\/france\/#website\",\"url\":\"https:\/\/energizer.com\/eu\/france\/\",\"name\":\"Energizer France\",\"description\":\"\",\"publisher\":{\"@id\":\"https:\/\/energizer.com\/eu\/france\/#organization\"},\"potentialAction\":[{\"@type\":\"SearchAction\",\"target\":{\"@type\":\"EntryPoint\",\"urlTemplate\":\"https:\/\/energizer.com\/eu\/france\/?s={search_term_string}\"},\"query-input\":{\"@type\":\"PropertyValueSpecification\",\"valueRequired\":true,\"valueName\":\"search_term_string\"}}],\"inLanguage\":\"en-US\"},{\"@type\":\"Organization\",\"@id\":\"https:\/\/energizer.com\/eu\/france\/#organization\",\"name\":\"Energizer France\",\"url\":\"https:\/\/energizer.com\/eu\/france\/\",\"logo\":{\"@type\":\"ImageObject\",\"inLanguage\":\"en-US\",\"@id\":\"https:\/\/energizer.com\/eu\/france\/#\/schema\/logo\/image\/\",\"url\":\"https:\/\/energizer.com\/eu\/france\/wp-content\/uploads\/sites\/8\/2024\/04\/Energizer_brand.png\",\"contentUrl\":\"https:\/\/energizer.com\/eu\/france\/wp-content\/uploads\/sites\/8\/2024\/04\/Energizer_brand.png\",\"width\":267,\"height\":100,\"caption\":\"Energizer France\"},\"image\":{\"@id\":\"https:\/\/energizer.com\/eu\/france\/#\/schema\/logo\/image\/\"}}]}<\/script>\n<!-- \/ Yoast SEO plugin. -->","yoast_head_json":{"title":"Energizer Booklight - France","robots":{"index":"index","follow":"follow","max-snippet":"max-snippet:-1","max-image-preview":"max-image-preview:large","max-video-preview":"max-video-preview:-1"},"canonical":"https:\/\/energizer.com\/eu\/france\/product\/energizer-booklight\/","og_locale":"en_US","og_type":"article","og_title":"Energizer Booklight - France","og_description":"La lampe de lecture Energizer offre une lumi\u00e8re vive con\u00e7ue pour am\u00e9liorer la vision. La LED blanc chaud offre un excellent contraste et une lecture plus naturelle. Gr\u00e2ce \u00e0 sa temp\u00e9rature de couleur chaude, la lampe de lecture est \u00e9galement un compagnon id\u00e9al pour la lecture ou le travail de nuit. Le faisceau, con\u00e7u scientifiquement, permet d'\u00e9clairer largement les livres et les magazines, mais il est suffisamment \u00e9troit pour ne pas g\u00eaner les personnes se trouvant \u00e0 proximit\u00e9. Le clip pratique se fixe sur des surfaces d'une \u00e9paisseur maximale de 13 mm, et le col flexible permet aux utilisateurs de diriger la lumi\u00e8re avec pr\u00e9cision.","og_url":"https:\/\/energizer.com\/eu\/france\/product\/energizer-booklight\/","og_site_name":"France","article_modified_time":"2024-08-24T04:57:29+00:00","twitter_card":"summary_large_image","schema":{"@context":"https:\/\/schema.org","@graph":[{"@type":"WebPage","@id":"https:\/\/energizer.com\/eu\/france\/product\/energizer-booklight\/","url":"https:\/\/energizer.com\/eu\/france\/product\/energizer-booklight\/","name":"Energizer Booklight - France","isPartOf":{"@id":"https:\/\/energizer.com\/eu\/france\/#website"},"datePublished":"2024-06-03T05:16:41+00:00","dateModified":"2024-08-24T04:57:29+00:00","breadcrumb":{"@id":"https:\/\/energizer.com\/eu\/france\/product\/energizer-booklight\/#breadcrumb"},"inLanguage":"en-US","potentialAction":[{"@type":"ReadAction","target":["https:\/\/energizer.com\/eu\/france\/product\/energizer-booklight\/"]}]},{"@type":"BreadcrumbList","@id":"https:\/\/energizer.com\/eu\/france\/product\/energizer-booklight\/#breadcrumb","itemListElement":[{"@type":"ListItem","position":1,"name":"Home","item":"https:\/\/energizer.com\/eu\/france\/"},{"@type":"ListItem","position":2,"name":"Energizer Booklight"}]},{"@type":"WebSite","@id":"https:\/\/energizer.com\/eu\/france\/#website","url":"https:\/\/energizer.com\/eu\/france\/","name":"Energizer France","description":"","publisher":{"@id":"https:\/\/energizer.com\/eu\/france\/#organization"},"potentialAction":[{"@type":"SearchAction","target":{"@type":"EntryPoint","urlTemplate":"https:\/\/energizer.com\/eu\/france\/?s={search_term_string}"},"query-input":{"@type":"PropertyValueSpecification","valueRequired":true,"valueName":"search_term_string"}}],"inLanguage":"en-US"},{"@type":"Organization","@id":"https:\/\/energizer.com\/eu\/france\/#organization","name":"Energizer France","url":"https:\/\/energizer.com\/eu\/france\/","logo":{"@type":"ImageObject","inLanguage":"en-US","@id":"https:\/\/energizer.com\/eu\/france\/#\/schema\/logo\/image\/","url":"https:\/\/energizer.com\/eu\/france\/wp-content\/uploads\/sites\/8\/2024\/04\/Energizer_brand.png","contentUrl":"https:\/\/energizer.com\/eu\/france\/wp-content\/uploads\/sites\/8\/2024\/04\/Energizer_brand.png","width":267,"height":100,"caption":"Energizer France"},"image":{"@id":"https:\/\/energizer.com\/eu\/france\/#\/schema\/logo\/image\/"}}]}},"_links":{"self":[{"href":"https:\/\/energizer.com\/eu\/france\/wp-json\/wp\/v2\/product\/7383","targetHints":{"allow":["GET"]}}],"collection":[{"href":"https:\/\/energizer.com\/eu\/france\/wp-json\/wp\/v2\/product"}],"about":[{"href":"https:\/\/energizer.com\/eu\/france\/wp-json\/wp\/v2\/types\/product"}],"replies":[{"embeddable":true,"href":"https:\/\/energizer.com\/eu\/france\/wp-json\/wp\/v2\/comments?post=7383"}],"version-history":[{"count":5,"href":"https:\/\/energizer.com\/eu\/france\/wp-json\/wp\/v2\/product\/7383\/revisions"}],"predecessor-version":[{"id":8237,"href":"https:\/\/energizer.com\/eu\/france\/wp-json\/wp\/v2\/product\/7383\/revisions\/8237"}],"wp:attachment":[{"href":"https:\/\/energizer.com\/eu\/france\/wp-json\/wp\/v2\/media?parent=7383"}],"wp:term":[{"taxonomy":"product_brand","embeddable":true,"href":"https:\/\/energizer.com\/eu\/france\/wp-json\/wp\/v2\/product_brand?post=7383"},{"taxonomy":"product_cat","embeddable":true,"href":"https:\/\/energizer.com\/eu\/france\/wp-json\/wp\/v2\/product_cat?post=7383"},{"taxonomy":"product_tag","embeddable":true,"href":"https:\/\/energizer.com\/eu\/france\/wp-json\/wp\/v2\/product_tag?post=7383"}],"curies":[{"name":"wp","href":"https:\/\/api.w.org\/{rel}","templated":true}]}}