{"id":7397,"date":"2024-06-03T05:16:41","date_gmt":"2024-06-03T05:16:41","guid":{"rendered":"https:\/\/23b13e8ab3.nxcli.io\/france\/?post_type=product&#038;p=7397"},"modified":"2024-08-27T07:13:47","modified_gmt":"2024-08-27T07:13:47","slug":"energizer-small-sporting-rech-headlamp","status":"publish","type":"product","link":"https:\/\/energizer.com\/eu\/france\/product\/energizer-small-sporting-rech-headlamp\/","title":{"rendered":"Energizer Small Sporting Rech. Headlamp"},"content":{"rendered":"<ul>\n<li>Rechargeable (c\u00e2ble inclus)<\/li>\n<li>Etit, compact et l\u00e9ger<\/li>\n<li>Bande fine, r\u00e9glable et tr\u00e8s confortable &#8211; stable sur la t\u00eate pour les activit\u00e9s sportives<\/li>\n<li>Panneaux r\u00e9fl\u00e9chissants pour la s\u00e9curit\u00e9 (&#8220;Soyez vu&#8221;)<\/li>\n<\/ul>\n","protected":false},"excerpt":{"rendered":"<p>La mini lampe frontale Energizer Sporting est la lampe parfaite pour toute activit\u00e9 sportive ou de plein air. Sa conception compacte et l\u00e9g\u00e8re, associ\u00e9e au fin cordon de t\u00eate r\u00e9glable, donne une sensation d&#8217;\u00eatre \u00e0 peine visible, ce qui rend cette lampe tr\u00e8s confortable \u00e0 porter tout en restant stable sur la t\u00eate pendant toutes les activit\u00e9s sportives. Le faisceau de la lampe est con\u00e7u pour les coureurs actifs. Il couvre non seulement ce qui se trouve devant vous, mais aussi le sol devant vos pieds, afin de maximiser la s\u00e9curit\u00e9. La Mini Sporting Headlamp peut \u00eatre recharg\u00e9e \u00e0 l&#8217;aide d&#8217;une prise micro-usb standard, ce qui la rend vraiment pratique pour une utilisation quotidienne.<\/p>\n","protected":false},"featured_media":0,"comment_status":"open","ping_status":"closed","template":"","meta":{"_acf_changed":false},"product_brand":[],"product_cat":[43],"product_tag":[],"class_list":{"0":"post-7397","1":"product","2":"type-product","3":"status-publish","5":"product_cat-hands-free","6":"pa_uses-everyday","8":"first","9":"instock","10":"shipping-taxable","11":"product-type-simple"},"acf":[],"yoast_head":"<!-- This site is optimized with the Yoast SEO plugin v27.2 - https:\/\/yoast.com\/product\/yoast-seo-wordpress\/ -->\n<title>Energizer Small Sporting Rech. Headlamp - France<\/title>\n<meta name=\"robots\" content=\"index, follow, max-snippet:-1, max-image-preview:large, max-video-preview:-1\" \/>\n<link rel=\"canonical\" href=\"https:\/\/energizer.com\/eu\/france\/product\/energizer-small-sporting-rech-headlamp\/\" \/>\n<meta property=\"og:locale\" content=\"en_US\" \/>\n<meta property=\"og:type\" content=\"article\" \/>\n<meta property=\"og:title\" content=\"Energizer Small Sporting Rech. Headlamp - France\" \/>\n<meta property=\"og:description\" content=\"La mini lampe frontale Energizer Sporting est la lampe parfaite pour toute activit\u00e9 sportive ou de plein air. Sa conception compacte et l\u00e9g\u00e8re, associ\u00e9e au fin cordon de t\u00eate r\u00e9glable, donne une sensation d&#039;\u00eatre \u00e0 peine visible, ce qui rend cette lampe tr\u00e8s confortable \u00e0 porter tout en restant stable sur la t\u00eate pendant toutes les activit\u00e9s sportives. Le faisceau de la lampe est con\u00e7u pour les coureurs actifs. Il couvre non seulement ce qui se trouve devant vous, mais aussi le sol devant vos pieds, afin de maximiser la s\u00e9curit\u00e9. La Mini Sporting Headlamp peut \u00eatre recharg\u00e9e \u00e0 l&#039;aide d&#039;une prise micro-usb standard, ce qui la rend vraiment pratique pour une utilisation quotidienne.\" \/>\n<meta property=\"og:url\" content=\"https:\/\/energizer.com\/eu\/france\/product\/energizer-small-sporting-rech-headlamp\/\" \/>\n<meta property=\"og:site_name\" content=\"France\" \/>\n<meta property=\"article:modified_time\" content=\"2024-08-27T07:13:47+00:00\" \/>\n<meta name=\"twitter:card\" content=\"summary_large_image\" \/>\n<script type=\"application\/ld+json\" class=\"yoast-schema-graph\">{\"@context\":\"https:\/\/schema.org\",\"@graph\":[{\"@type\":\"WebPage\",\"@id\":\"https:\/\/energizer.com\/eu\/france\/product\/energizer-small-sporting-rech-headlamp\/\",\"url\":\"https:\/\/energizer.com\/eu\/france\/product\/energizer-small-sporting-rech-headlamp\/\",\"name\":\"Energizer Small Sporting Rech. Headlamp - France\",\"isPartOf\":{\"@id\":\"https:\/\/energizer.com\/eu\/france\/#website\"},\"datePublished\":\"2024-06-03T05:16:41+00:00\",\"dateModified\":\"2024-08-27T07:13:47+00:00\",\"breadcrumb\":{\"@id\":\"https:\/\/energizer.com\/eu\/france\/product\/energizer-small-sporting-rech-headlamp\/#breadcrumb\"},\"inLanguage\":\"en-US\",\"potentialAction\":[{\"@type\":\"ReadAction\",\"target\":[\"https:\/\/energizer.com\/eu\/france\/product\/energizer-small-sporting-rech-headlamp\/\"]}]},{\"@type\":\"BreadcrumbList\",\"@id\":\"https:\/\/energizer.com\/eu\/france\/product\/energizer-small-sporting-rech-headlamp\/#breadcrumb\",\"itemListElement\":[{\"@type\":\"ListItem\",\"position\":1,\"name\":\"Home\",\"item\":\"https:\/\/energizer.com\/eu\/france\/\"},{\"@type\":\"ListItem\",\"position\":2,\"name\":\"Energizer Small Sporting Rech. Headlamp\"}]},{\"@type\":\"WebSite\",\"@id\":\"https:\/\/energizer.com\/eu\/france\/#website\",\"url\":\"https:\/\/energizer.com\/eu\/france\/\",\"name\":\"Energizer France\",\"description\":\"\",\"publisher\":{\"@id\":\"https:\/\/energizer.com\/eu\/france\/#organization\"},\"potentialAction\":[{\"@type\":\"SearchAction\",\"target\":{\"@type\":\"EntryPoint\",\"urlTemplate\":\"https:\/\/energizer.com\/eu\/france\/?s={search_term_string}\"},\"query-input\":{\"@type\":\"PropertyValueSpecification\",\"valueRequired\":true,\"valueName\":\"search_term_string\"}}],\"inLanguage\":\"en-US\"},{\"@type\":\"Organization\",\"@id\":\"https:\/\/energizer.com\/eu\/france\/#organization\",\"name\":\"Energizer France\",\"url\":\"https:\/\/energizer.com\/eu\/france\/\",\"logo\":{\"@type\":\"ImageObject\",\"inLanguage\":\"en-US\",\"@id\":\"https:\/\/energizer.com\/eu\/france\/#\/schema\/logo\/image\/\",\"url\":\"https:\/\/energizer.com\/eu\/france\/wp-content\/uploads\/sites\/8\/2024\/04\/Energizer_brand.png\",\"contentUrl\":\"https:\/\/energizer.com\/eu\/france\/wp-content\/uploads\/sites\/8\/2024\/04\/Energizer_brand.png\",\"width\":267,\"height\":100,\"caption\":\"Energizer France\"},\"image\":{\"@id\":\"https:\/\/energizer.com\/eu\/france\/#\/schema\/logo\/image\/\"}}]}<\/script>\n<!-- \/ Yoast SEO plugin. -->","yoast_head_json":{"title":"Energizer Small Sporting Rech. Headlamp - France","robots":{"index":"index","follow":"follow","max-snippet":"max-snippet:-1","max-image-preview":"max-image-preview:large","max-video-preview":"max-video-preview:-1"},"canonical":"https:\/\/energizer.com\/eu\/france\/product\/energizer-small-sporting-rech-headlamp\/","og_locale":"en_US","og_type":"article","og_title":"Energizer Small Sporting Rech. Headlamp - France","og_description":"La mini lampe frontale Energizer Sporting est la lampe parfaite pour toute activit\u00e9 sportive ou de plein air. Sa conception compacte et l\u00e9g\u00e8re, associ\u00e9e au fin cordon de t\u00eate r\u00e9glable, donne une sensation d'\u00eatre \u00e0 peine visible, ce qui rend cette lampe tr\u00e8s confortable \u00e0 porter tout en restant stable sur la t\u00eate pendant toutes les activit\u00e9s sportives. Le faisceau de la lampe est con\u00e7u pour les coureurs actifs. Il couvre non seulement ce qui se trouve devant vous, mais aussi le sol devant vos pieds, afin de maximiser la s\u00e9curit\u00e9. La Mini Sporting Headlamp peut \u00eatre recharg\u00e9e \u00e0 l'aide d'une prise micro-usb standard, ce qui la rend vraiment pratique pour une utilisation quotidienne.","og_url":"https:\/\/energizer.com\/eu\/france\/product\/energizer-small-sporting-rech-headlamp\/","og_site_name":"France","article_modified_time":"2024-08-27T07:13:47+00:00","twitter_card":"summary_large_image","schema":{"@context":"https:\/\/schema.org","@graph":[{"@type":"WebPage","@id":"https:\/\/energizer.com\/eu\/france\/product\/energizer-small-sporting-rech-headlamp\/","url":"https:\/\/energizer.com\/eu\/france\/product\/energizer-small-sporting-rech-headlamp\/","name":"Energizer Small Sporting Rech. Headlamp - France","isPartOf":{"@id":"https:\/\/energizer.com\/eu\/france\/#website"},"datePublished":"2024-06-03T05:16:41+00:00","dateModified":"2024-08-27T07:13:47+00:00","breadcrumb":{"@id":"https:\/\/energizer.com\/eu\/france\/product\/energizer-small-sporting-rech-headlamp\/#breadcrumb"},"inLanguage":"en-US","potentialAction":[{"@type":"ReadAction","target":["https:\/\/energizer.com\/eu\/france\/product\/energizer-small-sporting-rech-headlamp\/"]}]},{"@type":"BreadcrumbList","@id":"https:\/\/energizer.com\/eu\/france\/product\/energizer-small-sporting-rech-headlamp\/#breadcrumb","itemListElement":[{"@type":"ListItem","position":1,"name":"Home","item":"https:\/\/energizer.com\/eu\/france\/"},{"@type":"ListItem","position":2,"name":"Energizer Small Sporting Rech. Headlamp"}]},{"@type":"WebSite","@id":"https:\/\/energizer.com\/eu\/france\/#website","url":"https:\/\/energizer.com\/eu\/france\/","name":"Energizer France","description":"","publisher":{"@id":"https:\/\/energizer.com\/eu\/france\/#organization"},"potentialAction":[{"@type":"SearchAction","target":{"@type":"EntryPoint","urlTemplate":"https:\/\/energizer.com\/eu\/france\/?s={search_term_string}"},"query-input":{"@type":"PropertyValueSpecification","valueRequired":true,"valueName":"search_term_string"}}],"inLanguage":"en-US"},{"@type":"Organization","@id":"https:\/\/energizer.com\/eu\/france\/#organization","name":"Energizer France","url":"https:\/\/energizer.com\/eu\/france\/","logo":{"@type":"ImageObject","inLanguage":"en-US","@id":"https:\/\/energizer.com\/eu\/france\/#\/schema\/logo\/image\/","url":"https:\/\/energizer.com\/eu\/france\/wp-content\/uploads\/sites\/8\/2024\/04\/Energizer_brand.png","contentUrl":"https:\/\/energizer.com\/eu\/france\/wp-content\/uploads\/sites\/8\/2024\/04\/Energizer_brand.png","width":267,"height":100,"caption":"Energizer France"},"image":{"@id":"https:\/\/energizer.com\/eu\/france\/#\/schema\/logo\/image\/"}}]}},"_links":{"self":[{"href":"https:\/\/energizer.com\/eu\/france\/wp-json\/wp\/v2\/product\/7397","targetHints":{"allow":["GET"]}}],"collection":[{"href":"https:\/\/energizer.com\/eu\/france\/wp-json\/wp\/v2\/product"}],"about":[{"href":"https:\/\/energizer.com\/eu\/france\/wp-json\/wp\/v2\/types\/product"}],"replies":[{"embeddable":true,"href":"https:\/\/energizer.com\/eu\/france\/wp-json\/wp\/v2\/comments?post=7397"}],"version-history":[{"count":5,"href":"https:\/\/energizer.com\/eu\/france\/wp-json\/wp\/v2\/product\/7397\/revisions"}],"predecessor-version":[{"id":9768,"href":"https:\/\/energizer.com\/eu\/france\/wp-json\/wp\/v2\/product\/7397\/revisions\/9768"}],"wp:attachment":[{"href":"https:\/\/energizer.com\/eu\/france\/wp-json\/wp\/v2\/media?parent=7397"}],"wp:term":[{"taxonomy":"product_brand","embeddable":true,"href":"https:\/\/energizer.com\/eu\/france\/wp-json\/wp\/v2\/product_brand?post=7397"},{"taxonomy":"product_cat","embeddable":true,"href":"https:\/\/energizer.com\/eu\/france\/wp-json\/wp\/v2\/product_cat?post=7397"},{"taxonomy":"product_tag","embeddable":true,"href":"https:\/\/energizer.com\/eu\/france\/wp-json\/wp\/v2\/product_tag?post=7397"}],"curies":[{"name":"wp","href":"https:\/\/api.w.org\/{rel}","templated":true}]}}