{"id":7399,"date":"2024-06-03T05:16:41","date_gmt":"2024-06-03T05:16:41","guid":{"rendered":"https:\/\/23b13e8ab3.nxcli.io\/france\/?post_type=product&#038;p=7399"},"modified":"2024-08-24T04:57:36","modified_gmt":"2024-08-24T04:57:36","slug":"energizer-headlamp-multi-purpose","status":"publish","type":"product","link":"https:\/\/energizer.com\/eu\/france\/product\/energizer-headlamp-multi-purpose\/","title":{"rendered":"Energizer HeadLamp Multi Purpose"},"content":{"rendered":"<ul>\n<li>Lampe frontale polyvalente, flexible et d\u00e9tachable<\/li>\n<li>Rechargeable via USB<\/li>\n<li>Elle peut \u00e9galement servir de pince ou de lampe de poche<\/li>\n<li>La lumi\u00e8re pivote \u00e0 360 degr\u00e9s<\/li>\n<\/ul>\n","protected":false},"excerpt":{"rendered":"<p>La lampe frontale multi-usages Energizer est une lampe polyvalente qui peut \u00eatre d\u00e9tach\u00e9e du bandeau et accroch\u00e9e \u00e0 une poche, un chapeau, une ceinture, un sac \u00e0 dos, etc. Gr\u00e2ce \u00e0 cette caract\u00e9ristique, la lampe frontale COB peut \u00eatre utilis\u00e9e comme lampe \u00e0 pince ou lampe de lecture, la source d&#8217;\u00e9clairage tournant \u00e0 un angle de 360 degr\u00e9s, ce qui constitue une aide parfaite pour la lecture et le travail, et offre une polyvalence exceptionnelle. Rechargeable par USB, elle est con\u00e7ue pour vous rendre la vie plus lumineuse et plus facile en s&#8217;int\u00e9grant parfaitement \u00e0 votre quotidien.<\/p>\n","protected":false},"featured_media":0,"comment_status":"open","ping_status":"closed","template":"","meta":{"_acf_changed":false},"product_brand":[],"product_cat":[43],"product_tag":[],"class_list":{"0":"post-7399","1":"product","2":"type-product","3":"status-publish","5":"product_cat-hands-free","6":"pa_uses-everyday","8":"first","9":"instock","10":"shipping-taxable","11":"product-type-simple"},"acf":[],"yoast_head":"<!-- This site is optimized with the Yoast SEO plugin v27.2 - https:\/\/yoast.com\/product\/yoast-seo-wordpress\/ -->\n<title>Energizer HeadLamp Multi Purpose - France<\/title>\n<meta name=\"robots\" content=\"index, follow, max-snippet:-1, max-image-preview:large, max-video-preview:-1\" \/>\n<link rel=\"canonical\" href=\"https:\/\/energizer.com\/eu\/france\/product\/energizer-headlamp-multi-purpose\/\" \/>\n<meta property=\"og:locale\" content=\"en_US\" \/>\n<meta property=\"og:type\" content=\"article\" \/>\n<meta property=\"og:title\" content=\"Energizer HeadLamp Multi Purpose - France\" \/>\n<meta property=\"og:description\" content=\"La lampe frontale multi-usages Energizer est une lampe polyvalente qui peut \u00eatre d\u00e9tach\u00e9e du bandeau et accroch\u00e9e \u00e0 une poche, un chapeau, une ceinture, un sac \u00e0 dos, etc. Gr\u00e2ce \u00e0 cette caract\u00e9ristique, la lampe frontale COB peut \u00eatre utilis\u00e9e comme lampe \u00e0 pince ou lampe de lecture, la source d&#039;\u00e9clairage tournant \u00e0 un angle de 360 degr\u00e9s, ce qui constitue une aide parfaite pour la lecture et le travail, et offre une polyvalence exceptionnelle. Rechargeable par USB, elle est con\u00e7ue pour vous rendre la vie plus lumineuse et plus facile en s&#039;int\u00e9grant parfaitement \u00e0 votre quotidien.\" \/>\n<meta property=\"og:url\" content=\"https:\/\/energizer.com\/eu\/france\/product\/energizer-headlamp-multi-purpose\/\" \/>\n<meta property=\"og:site_name\" content=\"France\" \/>\n<meta property=\"article:modified_time\" content=\"2024-08-24T04:57:36+00:00\" \/>\n<meta name=\"twitter:card\" content=\"summary_large_image\" \/>\n<script type=\"application\/ld+json\" class=\"yoast-schema-graph\">{\"@context\":\"https:\/\/schema.org\",\"@graph\":[{\"@type\":\"WebPage\",\"@id\":\"https:\/\/energizer.com\/eu\/france\/product\/energizer-headlamp-multi-purpose\/\",\"url\":\"https:\/\/energizer.com\/eu\/france\/product\/energizer-headlamp-multi-purpose\/\",\"name\":\"Energizer HeadLamp Multi Purpose - France\",\"isPartOf\":{\"@id\":\"https:\/\/energizer.com\/eu\/france\/#website\"},\"datePublished\":\"2024-06-03T05:16:41+00:00\",\"dateModified\":\"2024-08-24T04:57:36+00:00\",\"breadcrumb\":{\"@id\":\"https:\/\/energizer.com\/eu\/france\/product\/energizer-headlamp-multi-purpose\/#breadcrumb\"},\"inLanguage\":\"en-US\",\"potentialAction\":[{\"@type\":\"ReadAction\",\"target\":[\"https:\/\/energizer.com\/eu\/france\/product\/energizer-headlamp-multi-purpose\/\"]}]},{\"@type\":\"BreadcrumbList\",\"@id\":\"https:\/\/energizer.com\/eu\/france\/product\/energizer-headlamp-multi-purpose\/#breadcrumb\",\"itemListElement\":[{\"@type\":\"ListItem\",\"position\":1,\"name\":\"Home\",\"item\":\"https:\/\/energizer.com\/eu\/france\/\"},{\"@type\":\"ListItem\",\"position\":2,\"name\":\"Energizer HeadLamp Multi Purpose\"}]},{\"@type\":\"WebSite\",\"@id\":\"https:\/\/energizer.com\/eu\/france\/#website\",\"url\":\"https:\/\/energizer.com\/eu\/france\/\",\"name\":\"Energizer France\",\"description\":\"\",\"publisher\":{\"@id\":\"https:\/\/energizer.com\/eu\/france\/#organization\"},\"potentialAction\":[{\"@type\":\"SearchAction\",\"target\":{\"@type\":\"EntryPoint\",\"urlTemplate\":\"https:\/\/energizer.com\/eu\/france\/?s={search_term_string}\"},\"query-input\":{\"@type\":\"PropertyValueSpecification\",\"valueRequired\":true,\"valueName\":\"search_term_string\"}}],\"inLanguage\":\"en-US\"},{\"@type\":\"Organization\",\"@id\":\"https:\/\/energizer.com\/eu\/france\/#organization\",\"name\":\"Energizer France\",\"url\":\"https:\/\/energizer.com\/eu\/france\/\",\"logo\":{\"@type\":\"ImageObject\",\"inLanguage\":\"en-US\",\"@id\":\"https:\/\/energizer.com\/eu\/france\/#\/schema\/logo\/image\/\",\"url\":\"https:\/\/energizer.com\/eu\/france\/wp-content\/uploads\/sites\/8\/2024\/04\/Energizer_brand.png\",\"contentUrl\":\"https:\/\/energizer.com\/eu\/france\/wp-content\/uploads\/sites\/8\/2024\/04\/Energizer_brand.png\",\"width\":267,\"height\":100,\"caption\":\"Energizer France\"},\"image\":{\"@id\":\"https:\/\/energizer.com\/eu\/france\/#\/schema\/logo\/image\/\"}}]}<\/script>\n<!-- \/ Yoast SEO plugin. -->","yoast_head_json":{"title":"Energizer HeadLamp Multi Purpose - France","robots":{"index":"index","follow":"follow","max-snippet":"max-snippet:-1","max-image-preview":"max-image-preview:large","max-video-preview":"max-video-preview:-1"},"canonical":"https:\/\/energizer.com\/eu\/france\/product\/energizer-headlamp-multi-purpose\/","og_locale":"en_US","og_type":"article","og_title":"Energizer HeadLamp Multi Purpose - France","og_description":"La lampe frontale multi-usages Energizer est une lampe polyvalente qui peut \u00eatre d\u00e9tach\u00e9e du bandeau et accroch\u00e9e \u00e0 une poche, un chapeau, une ceinture, un sac \u00e0 dos, etc. Gr\u00e2ce \u00e0 cette caract\u00e9ristique, la lampe frontale COB peut \u00eatre utilis\u00e9e comme lampe \u00e0 pince ou lampe de lecture, la source d'\u00e9clairage tournant \u00e0 un angle de 360 degr\u00e9s, ce qui constitue une aide parfaite pour la lecture et le travail, et offre une polyvalence exceptionnelle. Rechargeable par USB, elle est con\u00e7ue pour vous rendre la vie plus lumineuse et plus facile en s'int\u00e9grant parfaitement \u00e0 votre quotidien.","og_url":"https:\/\/energizer.com\/eu\/france\/product\/energizer-headlamp-multi-purpose\/","og_site_name":"France","article_modified_time":"2024-08-24T04:57:36+00:00","twitter_card":"summary_large_image","schema":{"@context":"https:\/\/schema.org","@graph":[{"@type":"WebPage","@id":"https:\/\/energizer.com\/eu\/france\/product\/energizer-headlamp-multi-purpose\/","url":"https:\/\/energizer.com\/eu\/france\/product\/energizer-headlamp-multi-purpose\/","name":"Energizer HeadLamp Multi Purpose - France","isPartOf":{"@id":"https:\/\/energizer.com\/eu\/france\/#website"},"datePublished":"2024-06-03T05:16:41+00:00","dateModified":"2024-08-24T04:57:36+00:00","breadcrumb":{"@id":"https:\/\/energizer.com\/eu\/france\/product\/energizer-headlamp-multi-purpose\/#breadcrumb"},"inLanguage":"en-US","potentialAction":[{"@type":"ReadAction","target":["https:\/\/energizer.com\/eu\/france\/product\/energizer-headlamp-multi-purpose\/"]}]},{"@type":"BreadcrumbList","@id":"https:\/\/energizer.com\/eu\/france\/product\/energizer-headlamp-multi-purpose\/#breadcrumb","itemListElement":[{"@type":"ListItem","position":1,"name":"Home","item":"https:\/\/energizer.com\/eu\/france\/"},{"@type":"ListItem","position":2,"name":"Energizer HeadLamp Multi Purpose"}]},{"@type":"WebSite","@id":"https:\/\/energizer.com\/eu\/france\/#website","url":"https:\/\/energizer.com\/eu\/france\/","name":"Energizer France","description":"","publisher":{"@id":"https:\/\/energizer.com\/eu\/france\/#organization"},"potentialAction":[{"@type":"SearchAction","target":{"@type":"EntryPoint","urlTemplate":"https:\/\/energizer.com\/eu\/france\/?s={search_term_string}"},"query-input":{"@type":"PropertyValueSpecification","valueRequired":true,"valueName":"search_term_string"}}],"inLanguage":"en-US"},{"@type":"Organization","@id":"https:\/\/energizer.com\/eu\/france\/#organization","name":"Energizer France","url":"https:\/\/energizer.com\/eu\/france\/","logo":{"@type":"ImageObject","inLanguage":"en-US","@id":"https:\/\/energizer.com\/eu\/france\/#\/schema\/logo\/image\/","url":"https:\/\/energizer.com\/eu\/france\/wp-content\/uploads\/sites\/8\/2024\/04\/Energizer_brand.png","contentUrl":"https:\/\/energizer.com\/eu\/france\/wp-content\/uploads\/sites\/8\/2024\/04\/Energizer_brand.png","width":267,"height":100,"caption":"Energizer France"},"image":{"@id":"https:\/\/energizer.com\/eu\/france\/#\/schema\/logo\/image\/"}}]}},"_links":{"self":[{"href":"https:\/\/energizer.com\/eu\/france\/wp-json\/wp\/v2\/product\/7399","targetHints":{"allow":["GET"]}}],"collection":[{"href":"https:\/\/energizer.com\/eu\/france\/wp-json\/wp\/v2\/product"}],"about":[{"href":"https:\/\/energizer.com\/eu\/france\/wp-json\/wp\/v2\/types\/product"}],"replies":[{"embeddable":true,"href":"https:\/\/energizer.com\/eu\/france\/wp-json\/wp\/v2\/comments?post=7399"}],"version-history":[{"count":3,"href":"https:\/\/energizer.com\/eu\/france\/wp-json\/wp\/v2\/product\/7399\/revisions"}],"predecessor-version":[{"id":8244,"href":"https:\/\/energizer.com\/eu\/france\/wp-json\/wp\/v2\/product\/7399\/revisions\/8244"}],"wp:attachment":[{"href":"https:\/\/energizer.com\/eu\/france\/wp-json\/wp\/v2\/media?parent=7399"}],"wp:term":[{"taxonomy":"product_brand","embeddable":true,"href":"https:\/\/energizer.com\/eu\/france\/wp-json\/wp\/v2\/product_brand?post=7399"},{"taxonomy":"product_cat","embeddable":true,"href":"https:\/\/energizer.com\/eu\/france\/wp-json\/wp\/v2\/product_cat?post=7399"},{"taxonomy":"product_tag","embeddable":true,"href":"https:\/\/energizer.com\/eu\/france\/wp-json\/wp\/v2\/product_tag?post=7399"}],"curies":[{"name":"wp","href":"https:\/\/api.w.org\/{rel}","templated":true}]}}