{"id":7433,"date":"2024-06-03T05:16:45","date_gmt":"2024-06-03T05:16:45","guid":{"rendered":"https:\/\/23b13e8ab3.nxcli.io\/france\/?post_type=product&#038;p=7433"},"modified":"2024-08-24T04:57:18","modified_gmt":"2024-08-24T04:57:18","slug":"energizer-bike-light","status":"publish","type":"product","link":"https:\/\/energizer.com\/eu\/france\/product\/energizer-bike-light\/","title":{"rendered":"Energizer Bike Light"},"content":{"rendered":"<ul>\n<li>\u00c9clairage avant et arri\u00e8re de v\u00e9lo Energizer avec piles AAA Energizer<\/li>\n<li>L&#8217;\u00e9clairage avant pour v\u00e9lo \u00e9met 130 lumens pendant 6 heures<\/li>\n<li>Le rayon d&#8217;\u00e9clairage de 220 degr\u00e9s de la lumi\u00e8re arri\u00e8re vous rend visible sous plusieurs angles<\/li>\n<li>Parfait comme \u00e9clairage de v\u00e9lo de route ou de v\u00e9lo de montagne<\/li>\n<li>R\u00e9sistant \u00e0 l&#8217;eau IPX4 et aux chocs jusqu&#8217;\u00e0 3 pieds<\/li>\n<li>L&#8217;\u00e9clairage compact et l\u00e9ger \u00e0 pince semble faire partie int\u00e9grante de votre v\u00e9lo<\/li>\n<li>Faites confiance \u00e0 Energizer pour obtenir les performances puissantes que nous promettons &#8211; toutes les lampes Energizer sont test\u00e9es de mani\u00e8re ind\u00e9pendante et respectent les normes ANSI strictes et fiables<\/li>\n<\/ul>\n","protected":false},"excerpt":{"rendered":"<p>Illuminez votre chemin avec la lampe Energizer Bike Light. Cette lampe LED \u00e0 clipser comprend une lampe avant et une lampe arri\u00e8re pour vous aider \u00e0 voir et \u00e0 \u00eatre vu, que vous rouliez sur la route ou sur des sentiers sombres. Le feu avant pour v\u00e9lo est dot\u00e9 d&#8217;une lentille optique pr\u00e9cise qui projette une lumi\u00e8re concentr\u00e9e droit devant, avec un faisceau d&#8217;une port\u00e9e de 175 pieds. Jusqu&#8217;\u00e0 14 fois plus lumineux que la technologie LED standard, le feu avant dispose \u00e9galement d&#8217;un mode clignotant pour les urgences. Le feu arri\u00e8re est dot\u00e9 de LED rouges clignotantes et d&#8217;un rayon d&#8217;\u00e9clairage de 220 degr\u00e9s pour \u00eatre vu sous diff\u00e9rents angles. Les deux feux de v\u00e9lo pr\u00e9sentent un design compact et l\u00e9ger avec une lentille incassable pour une utilisation tout-terrain. L&#8217;installation est simple et rapide. La lampe avant \u00e0 clip LED se fixe sur votre guidon \u00e0 l&#8217;aide d&#8217;un support facile \u00e0 utiliser, ce qui donne l&#8217;impression qu&#8217;elle fait partie int\u00e9grante de votre v\u00e9lo. Vous pouvez \u00e9galement d\u00e9tacher la petite lampe du support pour l&#8217;utiliser comme une mini torche. Le feu arri\u00e8re est fourni avec des boucles en caoutchouc de tailles multiples pour se fixer rapidement \u00e0 votre v\u00e9lo, en s&#8217;alignant commod\u00e9ment sur votre tige de selle. Faites confiance \u00e0 Energizer pour des performances fiables dans toutes les situations.<\/p>\n","protected":false},"featured_media":0,"comment_status":"open","ping_status":"closed","template":"","meta":{"_acf_changed":false},"product_brand":[],"product_cat":[43],"product_tag":[],"class_list":{"0":"post-7433","1":"product","2":"type-product","3":"status-publish","5":"product_cat-hands-free","6":"pa_uses-everyday","8":"first","9":"instock","10":"shipping-taxable","11":"product-type-simple"},"acf":[],"yoast_head":"<!-- This site is optimized with the Yoast SEO plugin v27.2 - https:\/\/yoast.com\/product\/yoast-seo-wordpress\/ -->\n<title>Energizer Bike Light - France<\/title>\n<meta name=\"robots\" content=\"index, follow, max-snippet:-1, max-image-preview:large, max-video-preview:-1\" \/>\n<link rel=\"canonical\" href=\"https:\/\/energizer.com\/eu\/france\/product\/energizer-bike-light\/\" \/>\n<meta property=\"og:locale\" content=\"en_US\" \/>\n<meta property=\"og:type\" content=\"article\" \/>\n<meta property=\"og:title\" content=\"Energizer Bike Light - France\" \/>\n<meta property=\"og:description\" content=\"Illuminez votre chemin avec la lampe Energizer Bike Light. Cette lampe LED \u00e0 clipser comprend une lampe avant et une lampe arri\u00e8re pour vous aider \u00e0 voir et \u00e0 \u00eatre vu, que vous rouliez sur la route ou sur des sentiers sombres. Le feu avant pour v\u00e9lo est dot\u00e9 d&#039;une lentille optique pr\u00e9cise qui projette une lumi\u00e8re concentr\u00e9e droit devant, avec un faisceau d&#039;une port\u00e9e de 175 pieds. Jusqu&#039;\u00e0 14 fois plus lumineux que la technologie LED standard, le feu avant dispose \u00e9galement d&#039;un mode clignotant pour les urgences. Le feu arri\u00e8re est dot\u00e9 de LED rouges clignotantes et d&#039;un rayon d&#039;\u00e9clairage de 220 degr\u00e9s pour \u00eatre vu sous diff\u00e9rents angles. Les deux feux de v\u00e9lo pr\u00e9sentent un design compact et l\u00e9ger avec une lentille incassable pour une utilisation tout-terrain. L&#039;installation est simple et rapide. La lampe avant \u00e0 clip LED se fixe sur votre guidon \u00e0 l&#039;aide d&#039;un support facile \u00e0 utiliser, ce qui donne l&#039;impression qu&#039;elle fait partie int\u00e9grante de votre v\u00e9lo. Vous pouvez \u00e9galement d\u00e9tacher la petite lampe du support pour l&#039;utiliser comme une mini torche. Le feu arri\u00e8re est fourni avec des boucles en caoutchouc de tailles multiples pour se fixer rapidement \u00e0 votre v\u00e9lo, en s&#039;alignant commod\u00e9ment sur votre tige de selle. Faites confiance \u00e0 Energizer pour des performances fiables dans toutes les situations.\" \/>\n<meta property=\"og:url\" content=\"https:\/\/energizer.com\/eu\/france\/product\/energizer-bike-light\/\" \/>\n<meta property=\"og:site_name\" content=\"France\" \/>\n<meta property=\"article:modified_time\" content=\"2024-08-24T04:57:18+00:00\" \/>\n<meta name=\"twitter:card\" content=\"summary_large_image\" \/>\n<script type=\"application\/ld+json\" class=\"yoast-schema-graph\">{\"@context\":\"https:\/\/schema.org\",\"@graph\":[{\"@type\":\"WebPage\",\"@id\":\"https:\/\/energizer.com\/eu\/france\/product\/energizer-bike-light\/\",\"url\":\"https:\/\/energizer.com\/eu\/france\/product\/energizer-bike-light\/\",\"name\":\"Energizer Bike Light - France\",\"isPartOf\":{\"@id\":\"https:\/\/energizer.com\/eu\/france\/#website\"},\"datePublished\":\"2024-06-03T05:16:45+00:00\",\"dateModified\":\"2024-08-24T04:57:18+00:00\",\"breadcrumb\":{\"@id\":\"https:\/\/energizer.com\/eu\/france\/product\/energizer-bike-light\/#breadcrumb\"},\"inLanguage\":\"en-US\",\"potentialAction\":[{\"@type\":\"ReadAction\",\"target\":[\"https:\/\/energizer.com\/eu\/france\/product\/energizer-bike-light\/\"]}]},{\"@type\":\"BreadcrumbList\",\"@id\":\"https:\/\/energizer.com\/eu\/france\/product\/energizer-bike-light\/#breadcrumb\",\"itemListElement\":[{\"@type\":\"ListItem\",\"position\":1,\"name\":\"Home\",\"item\":\"https:\/\/energizer.com\/eu\/france\/\"},{\"@type\":\"ListItem\",\"position\":2,\"name\":\"Energizer Bike Light\"}]},{\"@type\":\"WebSite\",\"@id\":\"https:\/\/energizer.com\/eu\/france\/#website\",\"url\":\"https:\/\/energizer.com\/eu\/france\/\",\"name\":\"Energizer France\",\"description\":\"\",\"publisher\":{\"@id\":\"https:\/\/energizer.com\/eu\/france\/#organization\"},\"potentialAction\":[{\"@type\":\"SearchAction\",\"target\":{\"@type\":\"EntryPoint\",\"urlTemplate\":\"https:\/\/energizer.com\/eu\/france\/?s={search_term_string}\"},\"query-input\":{\"@type\":\"PropertyValueSpecification\",\"valueRequired\":true,\"valueName\":\"search_term_string\"}}],\"inLanguage\":\"en-US\"},{\"@type\":\"Organization\",\"@id\":\"https:\/\/energizer.com\/eu\/france\/#organization\",\"name\":\"Energizer France\",\"url\":\"https:\/\/energizer.com\/eu\/france\/\",\"logo\":{\"@type\":\"ImageObject\",\"inLanguage\":\"en-US\",\"@id\":\"https:\/\/energizer.com\/eu\/france\/#\/schema\/logo\/image\/\",\"url\":\"https:\/\/energizer.com\/eu\/france\/wp-content\/uploads\/sites\/8\/2024\/04\/Energizer_brand.png\",\"contentUrl\":\"https:\/\/energizer.com\/eu\/france\/wp-content\/uploads\/sites\/8\/2024\/04\/Energizer_brand.png\",\"width\":267,\"height\":100,\"caption\":\"Energizer France\"},\"image\":{\"@id\":\"https:\/\/energizer.com\/eu\/france\/#\/schema\/logo\/image\/\"}}]}<\/script>\n<!-- \/ Yoast SEO plugin. -->","yoast_head_json":{"title":"Energizer Bike Light - France","robots":{"index":"index","follow":"follow","max-snippet":"max-snippet:-1","max-image-preview":"max-image-preview:large","max-video-preview":"max-video-preview:-1"},"canonical":"https:\/\/energizer.com\/eu\/france\/product\/energizer-bike-light\/","og_locale":"en_US","og_type":"article","og_title":"Energizer Bike Light - France","og_description":"Illuminez votre chemin avec la lampe Energizer Bike Light. Cette lampe LED \u00e0 clipser comprend une lampe avant et une lampe arri\u00e8re pour vous aider \u00e0 voir et \u00e0 \u00eatre vu, que vous rouliez sur la route ou sur des sentiers sombres. Le feu avant pour v\u00e9lo est dot\u00e9 d'une lentille optique pr\u00e9cise qui projette une lumi\u00e8re concentr\u00e9e droit devant, avec un faisceau d'une port\u00e9e de 175 pieds. Jusqu'\u00e0 14 fois plus lumineux que la technologie LED standard, le feu avant dispose \u00e9galement d'un mode clignotant pour les urgences. Le feu arri\u00e8re est dot\u00e9 de LED rouges clignotantes et d'un rayon d'\u00e9clairage de 220 degr\u00e9s pour \u00eatre vu sous diff\u00e9rents angles. Les deux feux de v\u00e9lo pr\u00e9sentent un design compact et l\u00e9ger avec une lentille incassable pour une utilisation tout-terrain. L'installation est simple et rapide. La lampe avant \u00e0 clip LED se fixe sur votre guidon \u00e0 l'aide d'un support facile \u00e0 utiliser, ce qui donne l'impression qu'elle fait partie int\u00e9grante de votre v\u00e9lo. Vous pouvez \u00e9galement d\u00e9tacher la petite lampe du support pour l'utiliser comme une mini torche. Le feu arri\u00e8re est fourni avec des boucles en caoutchouc de tailles multiples pour se fixer rapidement \u00e0 votre v\u00e9lo, en s'alignant commod\u00e9ment sur votre tige de selle. Faites confiance \u00e0 Energizer pour des performances fiables dans toutes les situations.","og_url":"https:\/\/energizer.com\/eu\/france\/product\/energizer-bike-light\/","og_site_name":"France","article_modified_time":"2024-08-24T04:57:18+00:00","twitter_card":"summary_large_image","schema":{"@context":"https:\/\/schema.org","@graph":[{"@type":"WebPage","@id":"https:\/\/energizer.com\/eu\/france\/product\/energizer-bike-light\/","url":"https:\/\/energizer.com\/eu\/france\/product\/energizer-bike-light\/","name":"Energizer Bike Light - France","isPartOf":{"@id":"https:\/\/energizer.com\/eu\/france\/#website"},"datePublished":"2024-06-03T05:16:45+00:00","dateModified":"2024-08-24T04:57:18+00:00","breadcrumb":{"@id":"https:\/\/energizer.com\/eu\/france\/product\/energizer-bike-light\/#breadcrumb"},"inLanguage":"en-US","potentialAction":[{"@type":"ReadAction","target":["https:\/\/energizer.com\/eu\/france\/product\/energizer-bike-light\/"]}]},{"@type":"BreadcrumbList","@id":"https:\/\/energizer.com\/eu\/france\/product\/energizer-bike-light\/#breadcrumb","itemListElement":[{"@type":"ListItem","position":1,"name":"Home","item":"https:\/\/energizer.com\/eu\/france\/"},{"@type":"ListItem","position":2,"name":"Energizer Bike Light"}]},{"@type":"WebSite","@id":"https:\/\/energizer.com\/eu\/france\/#website","url":"https:\/\/energizer.com\/eu\/france\/","name":"Energizer France","description":"","publisher":{"@id":"https:\/\/energizer.com\/eu\/france\/#organization"},"potentialAction":[{"@type":"SearchAction","target":{"@type":"EntryPoint","urlTemplate":"https:\/\/energizer.com\/eu\/france\/?s={search_term_string}"},"query-input":{"@type":"PropertyValueSpecification","valueRequired":true,"valueName":"search_term_string"}}],"inLanguage":"en-US"},{"@type":"Organization","@id":"https:\/\/energizer.com\/eu\/france\/#organization","name":"Energizer France","url":"https:\/\/energizer.com\/eu\/france\/","logo":{"@type":"ImageObject","inLanguage":"en-US","@id":"https:\/\/energizer.com\/eu\/france\/#\/schema\/logo\/image\/","url":"https:\/\/energizer.com\/eu\/france\/wp-content\/uploads\/sites\/8\/2024\/04\/Energizer_brand.png","contentUrl":"https:\/\/energizer.com\/eu\/france\/wp-content\/uploads\/sites\/8\/2024\/04\/Energizer_brand.png","width":267,"height":100,"caption":"Energizer France"},"image":{"@id":"https:\/\/energizer.com\/eu\/france\/#\/schema\/logo\/image\/"}}]}},"_links":{"self":[{"href":"https:\/\/energizer.com\/eu\/france\/wp-json\/wp\/v2\/product\/7433","targetHints":{"allow":["GET"]}}],"collection":[{"href":"https:\/\/energizer.com\/eu\/france\/wp-json\/wp\/v2\/product"}],"about":[{"href":"https:\/\/energizer.com\/eu\/france\/wp-json\/wp\/v2\/types\/product"}],"replies":[{"embeddable":true,"href":"https:\/\/energizer.com\/eu\/france\/wp-json\/wp\/v2\/comments?post=7433"}],"version-history":[{"count":4,"href":"https:\/\/energizer.com\/eu\/france\/wp-json\/wp\/v2\/product\/7433\/revisions"}],"predecessor-version":[{"id":9718,"href":"https:\/\/energizer.com\/eu\/france\/wp-json\/wp\/v2\/product\/7433\/revisions\/9718"}],"wp:attachment":[{"href":"https:\/\/energizer.com\/eu\/france\/wp-json\/wp\/v2\/media?parent=7433"}],"wp:term":[{"taxonomy":"product_brand","embeddable":true,"href":"https:\/\/energizer.com\/eu\/france\/wp-json\/wp\/v2\/product_brand?post=7433"},{"taxonomy":"product_cat","embeddable":true,"href":"https:\/\/energizer.com\/eu\/france\/wp-json\/wp\/v2\/product_cat?post=7433"},{"taxonomy":"product_tag","embeddable":true,"href":"https:\/\/energizer.com\/eu\/france\/wp-json\/wp\/v2\/product_tag?post=7433"}],"curies":[{"name":"wp","href":"https:\/\/api.w.org\/{rel}","templated":true}]}}