{"id":7440,"date":"2024-06-03T05:16:45","date_gmt":"2024-06-03T05:16:45","guid":{"rendered":"https:\/\/23b13e8ab3.nxcli.io\/france\/?post_type=product&#038;p=7440"},"modified":"2024-08-24T04:57:20","modified_gmt":"2024-08-24T04:57:20","slug":"energizer-headlight-10-250-lumens","status":"publish","type":"product","link":"https:\/\/energizer.com\/eu\/france\/product\/energizer-headlight-10-250-lumens\/","title":{"rendered":"Energizer Headlight 10 250 lumens"},"content":{"rendered":"<ul>\n<li>Lampe frontale LED Energizer HDL10 avec 3 piles AAA Energizer<\/li>\n<li>La lampe frontale lumineuse fournit un \u00e9clairage complet pour une utilisation mains libres<\/li>\n<li>La lampe frontale LED parfaite pour la maison, le travail et les activit\u00e9s de plein air<\/li>\n<li>Projette 250 lumens avec un faisceau de 196 pieds pendant 7 heures en mode \u00e9lev\u00e9<\/li>\n<li>R\u00e9sistante \u00e0 l&#8217;eau IPX4, lentille incassable et r\u00e9sistante aux chocs jusqu&#8217;\u00e0 3 pieds<\/li>\n<li>La t\u00eate pivotante anti-\u00e9blouissement dirige la lumi\u00e8re et les sangles r\u00e9glables offrent un ajustement confortable autour de la t\u00eate<\/li>\n<li>Faites confiance \u00e0 la marque Energizer pour une puissance et des performances fiables dans toutes les situations<\/li>\n<\/ul>\n","protected":false},"excerpt":{"rendered":"<p>La lampe frontale Energizer HDL10 LED offre une lumi\u00e8re LED brillante pour un \u00e9clairage ext\u00e9rieur puissant. Cette lampe frontale Energizer offre une bonne couverture pour les activit\u00e9s de plein air, telles que la randonn\u00e9e, le cyclisme et le camping, ainsi que pour les t\u00e2ches domestiques et professionnelles. Avec 250 lumens, cette lampe de poche Energizer est dot\u00e9e d&#8217;une puissante lumi\u00e8re LED blanche qui dure jusqu&#8217;\u00e0 7 heures en mode \u00e9lev\u00e9. Les modes haut et bas vous permettent de r\u00e9gler l&#8217;intensit\u00e9 du faisceau \u00e0 l&#8217;aide d&#8217;un bouton-poussoir pour une commutation facile. Une t\u00eate pivotante dirige la lumi\u00e8re exactement l\u00e0 o\u00f9 vous en avez besoin, et le design l\u00e9ger est dot\u00e9 d&#8217;une sangle r\u00e9glable pour un port confortable. Avec une lentille incassable et un corps r\u00e9sistant \u00e0 l&#8217;eau, cette lampe frontale \u00e0 LED Energizer est fiable dans les conditions m\u00e9t\u00e9orologiques ext\u00e9rieures et les environnements difficiles. Faites confiance \u00e0 Energizer pour obtenir les performances puissantes que nous promettons &#8211; Les lampes Energizer sont test\u00e9es et adh\u00e8rent aux normes ANSI strictes et fiables.<\/p>\n","protected":false},"featured_media":0,"comment_status":"open","ping_status":"closed","template":"","meta":{"_acf_changed":false},"product_brand":[],"product_cat":[43],"product_tag":[],"class_list":{"0":"post-7440","1":"product","2":"type-product","3":"status-publish","5":"product_cat-hands-free","6":"pa_uses-outdoor","8":"first","9":"instock","10":"shipping-taxable","11":"product-type-simple"},"acf":[],"yoast_head":"<!-- This site is optimized with the Yoast SEO plugin v27.2 - https:\/\/yoast.com\/product\/yoast-seo-wordpress\/ -->\n<title>Energizer Headlight 10 250 lumens - France<\/title>\n<meta name=\"robots\" content=\"index, follow, max-snippet:-1, max-image-preview:large, max-video-preview:-1\" \/>\n<link rel=\"canonical\" href=\"https:\/\/energizer.com\/eu\/france\/product\/energizer-headlight-10-250-lumens\/\" \/>\n<meta property=\"og:locale\" content=\"en_US\" \/>\n<meta property=\"og:type\" content=\"article\" \/>\n<meta property=\"og:title\" content=\"Energizer Headlight 10 250 lumens - France\" \/>\n<meta property=\"og:description\" content=\"La lampe frontale Energizer HDL10 LED offre une lumi\u00e8re LED brillante pour un \u00e9clairage ext\u00e9rieur puissant. Cette lampe frontale Energizer offre une bonne couverture pour les activit\u00e9s de plein air, telles que la randonn\u00e9e, le cyclisme et le camping, ainsi que pour les t\u00e2ches domestiques et professionnelles. Avec 250 lumens, cette lampe de poche Energizer est dot\u00e9e d&#039;une puissante lumi\u00e8re LED blanche qui dure jusqu&#039;\u00e0 7 heures en mode \u00e9lev\u00e9. Les modes haut et bas vous permettent de r\u00e9gler l&#039;intensit\u00e9 du faisceau \u00e0 l&#039;aide d&#039;un bouton-poussoir pour une commutation facile. Une t\u00eate pivotante dirige la lumi\u00e8re exactement l\u00e0 o\u00f9 vous en avez besoin, et le design l\u00e9ger est dot\u00e9 d&#039;une sangle r\u00e9glable pour un port confortable. Avec une lentille incassable et un corps r\u00e9sistant \u00e0 l&#039;eau, cette lampe frontale \u00e0 LED Energizer est fiable dans les conditions m\u00e9t\u00e9orologiques ext\u00e9rieures et les environnements difficiles. Faites confiance \u00e0 Energizer pour obtenir les performances puissantes que nous promettons - Les lampes Energizer sont test\u00e9es et adh\u00e8rent aux normes ANSI strictes et fiables.\" \/>\n<meta property=\"og:url\" content=\"https:\/\/energizer.com\/eu\/france\/product\/energizer-headlight-10-250-lumens\/\" \/>\n<meta property=\"og:site_name\" content=\"France\" \/>\n<meta property=\"article:modified_time\" content=\"2024-08-24T04:57:20+00:00\" \/>\n<meta name=\"twitter:card\" content=\"summary_large_image\" \/>\n<script type=\"application\/ld+json\" class=\"yoast-schema-graph\">{\"@context\":\"https:\/\/schema.org\",\"@graph\":[{\"@type\":\"WebPage\",\"@id\":\"https:\/\/energizer.com\/eu\/france\/product\/energizer-headlight-10-250-lumens\/\",\"url\":\"https:\/\/energizer.com\/eu\/france\/product\/energizer-headlight-10-250-lumens\/\",\"name\":\"Energizer Headlight 10 250 lumens - France\",\"isPartOf\":{\"@id\":\"https:\/\/energizer.com\/eu\/france\/#website\"},\"datePublished\":\"2024-06-03T05:16:45+00:00\",\"dateModified\":\"2024-08-24T04:57:20+00:00\",\"breadcrumb\":{\"@id\":\"https:\/\/energizer.com\/eu\/france\/product\/energizer-headlight-10-250-lumens\/#breadcrumb\"},\"inLanguage\":\"en-US\",\"potentialAction\":[{\"@type\":\"ReadAction\",\"target\":[\"https:\/\/energizer.com\/eu\/france\/product\/energizer-headlight-10-250-lumens\/\"]}]},{\"@type\":\"BreadcrumbList\",\"@id\":\"https:\/\/energizer.com\/eu\/france\/product\/energizer-headlight-10-250-lumens\/#breadcrumb\",\"itemListElement\":[{\"@type\":\"ListItem\",\"position\":1,\"name\":\"Home\",\"item\":\"https:\/\/energizer.com\/eu\/france\/\"},{\"@type\":\"ListItem\",\"position\":2,\"name\":\"Energizer Headlight 10 250 lumens\"}]},{\"@type\":\"WebSite\",\"@id\":\"https:\/\/energizer.com\/eu\/france\/#website\",\"url\":\"https:\/\/energizer.com\/eu\/france\/\",\"name\":\"Energizer France\",\"description\":\"\",\"publisher\":{\"@id\":\"https:\/\/energizer.com\/eu\/france\/#organization\"},\"potentialAction\":[{\"@type\":\"SearchAction\",\"target\":{\"@type\":\"EntryPoint\",\"urlTemplate\":\"https:\/\/energizer.com\/eu\/france\/?s={search_term_string}\"},\"query-input\":{\"@type\":\"PropertyValueSpecification\",\"valueRequired\":true,\"valueName\":\"search_term_string\"}}],\"inLanguage\":\"en-US\"},{\"@type\":\"Organization\",\"@id\":\"https:\/\/energizer.com\/eu\/france\/#organization\",\"name\":\"Energizer France\",\"url\":\"https:\/\/energizer.com\/eu\/france\/\",\"logo\":{\"@type\":\"ImageObject\",\"inLanguage\":\"en-US\",\"@id\":\"https:\/\/energizer.com\/eu\/france\/#\/schema\/logo\/image\/\",\"url\":\"https:\/\/energizer.com\/eu\/france\/wp-content\/uploads\/sites\/8\/2024\/04\/Energizer_brand.png\",\"contentUrl\":\"https:\/\/energizer.com\/eu\/france\/wp-content\/uploads\/sites\/8\/2024\/04\/Energizer_brand.png\",\"width\":267,\"height\":100,\"caption\":\"Energizer France\"},\"image\":{\"@id\":\"https:\/\/energizer.com\/eu\/france\/#\/schema\/logo\/image\/\"}}]}<\/script>\n<!-- \/ Yoast SEO plugin. -->","yoast_head_json":{"title":"Energizer Headlight 10 250 lumens - France","robots":{"index":"index","follow":"follow","max-snippet":"max-snippet:-1","max-image-preview":"max-image-preview:large","max-video-preview":"max-video-preview:-1"},"canonical":"https:\/\/energizer.com\/eu\/france\/product\/energizer-headlight-10-250-lumens\/","og_locale":"en_US","og_type":"article","og_title":"Energizer Headlight 10 250 lumens - France","og_description":"La lampe frontale Energizer HDL10 LED offre une lumi\u00e8re LED brillante pour un \u00e9clairage ext\u00e9rieur puissant. Cette lampe frontale Energizer offre une bonne couverture pour les activit\u00e9s de plein air, telles que la randonn\u00e9e, le cyclisme et le camping, ainsi que pour les t\u00e2ches domestiques et professionnelles. Avec 250 lumens, cette lampe de poche Energizer est dot\u00e9e d'une puissante lumi\u00e8re LED blanche qui dure jusqu'\u00e0 7 heures en mode \u00e9lev\u00e9. Les modes haut et bas vous permettent de r\u00e9gler l'intensit\u00e9 du faisceau \u00e0 l'aide d'un bouton-poussoir pour une commutation facile. Une t\u00eate pivotante dirige la lumi\u00e8re exactement l\u00e0 o\u00f9 vous en avez besoin, et le design l\u00e9ger est dot\u00e9 d'une sangle r\u00e9glable pour un port confortable. Avec une lentille incassable et un corps r\u00e9sistant \u00e0 l'eau, cette lampe frontale \u00e0 LED Energizer est fiable dans les conditions m\u00e9t\u00e9orologiques ext\u00e9rieures et les environnements difficiles. Faites confiance \u00e0 Energizer pour obtenir les performances puissantes que nous promettons - Les lampes Energizer sont test\u00e9es et adh\u00e8rent aux normes ANSI strictes et fiables.","og_url":"https:\/\/energizer.com\/eu\/france\/product\/energizer-headlight-10-250-lumens\/","og_site_name":"France","article_modified_time":"2024-08-24T04:57:20+00:00","twitter_card":"summary_large_image","schema":{"@context":"https:\/\/schema.org","@graph":[{"@type":"WebPage","@id":"https:\/\/energizer.com\/eu\/france\/product\/energizer-headlight-10-250-lumens\/","url":"https:\/\/energizer.com\/eu\/france\/product\/energizer-headlight-10-250-lumens\/","name":"Energizer Headlight 10 250 lumens - France","isPartOf":{"@id":"https:\/\/energizer.com\/eu\/france\/#website"},"datePublished":"2024-06-03T05:16:45+00:00","dateModified":"2024-08-24T04:57:20+00:00","breadcrumb":{"@id":"https:\/\/energizer.com\/eu\/france\/product\/energizer-headlight-10-250-lumens\/#breadcrumb"},"inLanguage":"en-US","potentialAction":[{"@type":"ReadAction","target":["https:\/\/energizer.com\/eu\/france\/product\/energizer-headlight-10-250-lumens\/"]}]},{"@type":"BreadcrumbList","@id":"https:\/\/energizer.com\/eu\/france\/product\/energizer-headlight-10-250-lumens\/#breadcrumb","itemListElement":[{"@type":"ListItem","position":1,"name":"Home","item":"https:\/\/energizer.com\/eu\/france\/"},{"@type":"ListItem","position":2,"name":"Energizer Headlight 10 250 lumens"}]},{"@type":"WebSite","@id":"https:\/\/energizer.com\/eu\/france\/#website","url":"https:\/\/energizer.com\/eu\/france\/","name":"Energizer France","description":"","publisher":{"@id":"https:\/\/energizer.com\/eu\/france\/#organization"},"potentialAction":[{"@type":"SearchAction","target":{"@type":"EntryPoint","urlTemplate":"https:\/\/energizer.com\/eu\/france\/?s={search_term_string}"},"query-input":{"@type":"PropertyValueSpecification","valueRequired":true,"valueName":"search_term_string"}}],"inLanguage":"en-US"},{"@type":"Organization","@id":"https:\/\/energizer.com\/eu\/france\/#organization","name":"Energizer France","url":"https:\/\/energizer.com\/eu\/france\/","logo":{"@type":"ImageObject","inLanguage":"en-US","@id":"https:\/\/energizer.com\/eu\/france\/#\/schema\/logo\/image\/","url":"https:\/\/energizer.com\/eu\/france\/wp-content\/uploads\/sites\/8\/2024\/04\/Energizer_brand.png","contentUrl":"https:\/\/energizer.com\/eu\/france\/wp-content\/uploads\/sites\/8\/2024\/04\/Energizer_brand.png","width":267,"height":100,"caption":"Energizer France"},"image":{"@id":"https:\/\/energizer.com\/eu\/france\/#\/schema\/logo\/image\/"}}]}},"_links":{"self":[{"href":"https:\/\/energizer.com\/eu\/france\/wp-json\/wp\/v2\/product\/7440","targetHints":{"allow":["GET"]}}],"collection":[{"href":"https:\/\/energizer.com\/eu\/france\/wp-json\/wp\/v2\/product"}],"about":[{"href":"https:\/\/energizer.com\/eu\/france\/wp-json\/wp\/v2\/types\/product"}],"replies":[{"embeddable":true,"href":"https:\/\/energizer.com\/eu\/france\/wp-json\/wp\/v2\/comments?post=7440"}],"version-history":[{"count":5,"href":"https:\/\/energizer.com\/eu\/france\/wp-json\/wp\/v2\/product\/7440\/revisions"}],"predecessor-version":[{"id":9743,"href":"https:\/\/energizer.com\/eu\/france\/wp-json\/wp\/v2\/product\/7440\/revisions\/9743"}],"wp:attachment":[{"href":"https:\/\/energizer.com\/eu\/france\/wp-json\/wp\/v2\/media?parent=7440"}],"wp:term":[{"taxonomy":"product_brand","embeddable":true,"href":"https:\/\/energizer.com\/eu\/france\/wp-json\/wp\/v2\/product_brand?post=7440"},{"taxonomy":"product_cat","embeddable":true,"href":"https:\/\/energizer.com\/eu\/france\/wp-json\/wp\/v2\/product_cat?post=7440"},{"taxonomy":"product_tag","embeddable":true,"href":"https:\/\/energizer.com\/eu\/france\/wp-json\/wp\/v2\/product_tag?post=7440"}],"curies":[{"name":"wp","href":"https:\/\/api.w.org\/{rel}","templated":true}]}}