{"id":7441,"date":"2024-06-03T05:16:45","date_gmt":"2024-06-03T05:16:45","guid":{"rendered":"https:\/\/23b13e8ab3.nxcli.io\/france\/?post_type=product&#038;p=7441"},"modified":"2024-08-24T04:57:23","modified_gmt":"2024-08-24T04:57:23","slug":"energizer-vision-hd-350-headlight","status":"publish","type":"product","link":"https:\/\/energizer.com\/eu\/france\/product\/energizer-vision-hd-350-headlight\/","title":{"rendered":"Energizer VISION HD+ 350 Headlight"},"content":{"rendered":"<ul>\n<li>Lampe frontale LED Energizer Vision HD+ avec 3 piles AAA incluses<\/li>\n<li>Technologie LED : Cette puissante lampe frontale de 350 lumens a une port\u00e9e de 80 m\u00e8tres, offrant une lumi\u00e8re 4 fois plus brillante que la technologie LED standard<\/li>\n<li>Technologie Next Push Off : \u00c9vitez de cliquer sur des cycles suppl\u00e9mentaires et \u00e9teignez votre lampe frontale Energizer LED imm\u00e9diatement d&#8217;une simple pression<\/li>\n<li>Construction durable : Id\u00e9ale pour une utilisation durable, cette lampe frontale Energizer r\u00e9sistante \u00e0 l&#8217;eau IPX4 r\u00e9siste au test de chute d&#8217;un m\u00e8tre<\/li>\n<li>Lampe mains libres polyvalente : Cette torche mains libres compacte et facile \u00e0 utiliser est id\u00e9ale pour les coupures de courant, le bricolage et bien plus encore<\/li>\n<li>Conception pratique : Dirigez la lumi\u00e8re l\u00e0 o\u00f9 vous en avez besoin gr\u00e2ce \u00e0 cette torche l\u00e9g\u00e8re \u00e0 t\u00eate pivotante<\/li>\n<li>Puissance fiable : Faites confiance \u00e0 Energizer pour obtenir les performances puissantes que nous promettons &#8211; toutes les lampes Energizer sont test\u00e9es et adh\u00e8rent aux normes ANSI strictes et fiables<\/li>\n<\/ul>\n","protected":false},"excerpt":{"rendered":"<p>Gardez les mains libres et profitez pleinement de chaque aventure gr\u00e2ce \u00e0 cette lampe frontale l\u00e9g\u00e8re et polyvalente. La lampe frontale Energizer Vision HD+ LED est \u00e0 la fois compacte et mains libres &#8211; id\u00e9ale pour le bricolage et les activit\u00e9s n\u00e9cessitant deux mains. Elle \u00e9clairera votre chemin lors de vos escapades \u00e0 la nuit tomb\u00e9e, que ce soit en camping, en randonn\u00e9e ou en course \u00e0 pied. Cette torche frontale \u00e0 LED de 350 lumens \u00e9clairera les espaces les plus sombres, jusqu&#8217;\u00e0 80 m\u00e8tres en mode haute luminosit\u00e9, ce qui vous permettra de b\u00e9n\u00e9ficier d&#8217;une lumi\u00e8re suffisante l\u00e0 o\u00f9 vous en avez besoin. \u00c9vitez les cycles suppl\u00e9mentaires gr\u00e2ce \u00e0 la technologie Next Push Off et contr\u00f4lez l&#8217;intensit\u00e9 de la lumi\u00e8re gr\u00e2ce \u00e0 l&#8217;option de gradation. Choisissez le mode d&#8217;\u00e9clairage id\u00e9al pour votre activit\u00e9 : mode rouge, mode projecteur haut et projecteur, mode projecteur bas et projecteur, ou mode projecteur haut et projecteur bas. Le design pratique de cette lampe frontale Energizer et sa construction durable et r\u00e9sistante \u00e0 l&#8217;eau offrent un confort et une polyvalence optimaux pour toute aventure en int\u00e9rieur ou en ext\u00e9rieur. Pionnier de l&#8217;\u00e9clairage portable depuis plus de 120 ans, Energizer a lanc\u00e9 la premi\u00e8re torche \u00e9tanche au monde en 1970. Energizer facilite l&#8217;\u00e9clairage de votre chemin.<\/p>\n","protected":false},"featured_media":0,"comment_status":"open","ping_status":"closed","template":"","meta":{"_acf_changed":false},"product_brand":[],"product_cat":[43],"product_tag":[],"class_list":{"0":"post-7441","1":"product","2":"type-product","3":"status-publish","5":"product_cat-hands-free","6":"pa_uses-outdoor","8":"first","9":"instock","10":"shipping-taxable","11":"product-type-simple"},"acf":[],"yoast_head":"<!-- This site is optimized with the Yoast SEO plugin v27.2 - https:\/\/yoast.com\/product\/yoast-seo-wordpress\/ -->\n<title>Energizer VISION HD+ 350 Headlight - France<\/title>\n<meta name=\"robots\" content=\"index, follow, max-snippet:-1, max-image-preview:large, max-video-preview:-1\" \/>\n<link rel=\"canonical\" href=\"https:\/\/energizer.com\/eu\/france\/product\/energizer-vision-hd-350-headlight\/\" \/>\n<meta property=\"og:locale\" content=\"en_US\" \/>\n<meta property=\"og:type\" content=\"article\" \/>\n<meta property=\"og:title\" content=\"Energizer VISION HD+ 350 Headlight - France\" \/>\n<meta property=\"og:description\" content=\"Gardez les mains libres et profitez pleinement de chaque aventure gr\u00e2ce \u00e0 cette lampe frontale l\u00e9g\u00e8re et polyvalente. La lampe frontale Energizer Vision HD+ LED est \u00e0 la fois compacte et mains libres - id\u00e9ale pour le bricolage et les activit\u00e9s n\u00e9cessitant deux mains. Elle \u00e9clairera votre chemin lors de vos escapades \u00e0 la nuit tomb\u00e9e, que ce soit en camping, en randonn\u00e9e ou en course \u00e0 pied. Cette torche frontale \u00e0 LED de 350 lumens \u00e9clairera les espaces les plus sombres, jusqu&#039;\u00e0 80 m\u00e8tres en mode haute luminosit\u00e9, ce qui vous permettra de b\u00e9n\u00e9ficier d&#039;une lumi\u00e8re suffisante l\u00e0 o\u00f9 vous en avez besoin. \u00c9vitez les cycles suppl\u00e9mentaires gr\u00e2ce \u00e0 la technologie Next Push Off et contr\u00f4lez l&#039;intensit\u00e9 de la lumi\u00e8re gr\u00e2ce \u00e0 l&#039;option de gradation. Choisissez le mode d&#039;\u00e9clairage id\u00e9al pour votre activit\u00e9 : mode rouge, mode projecteur haut et projecteur, mode projecteur bas et projecteur, ou mode projecteur haut et projecteur bas. Le design pratique de cette lampe frontale Energizer et sa construction durable et r\u00e9sistante \u00e0 l&#039;eau offrent un confort et une polyvalence optimaux pour toute aventure en int\u00e9rieur ou en ext\u00e9rieur. Pionnier de l&#039;\u00e9clairage portable depuis plus de 120 ans, Energizer a lanc\u00e9 la premi\u00e8re torche \u00e9tanche au monde en 1970. Energizer facilite l&#039;\u00e9clairage de votre chemin.\" \/>\n<meta property=\"og:url\" content=\"https:\/\/energizer.com\/eu\/france\/product\/energizer-vision-hd-350-headlight\/\" \/>\n<meta property=\"og:site_name\" content=\"France\" \/>\n<meta property=\"article:modified_time\" content=\"2024-08-24T04:57:23+00:00\" \/>\n<meta name=\"twitter:card\" content=\"summary_large_image\" \/>\n<script type=\"application\/ld+json\" class=\"yoast-schema-graph\">{\"@context\":\"https:\/\/schema.org\",\"@graph\":[{\"@type\":\"WebPage\",\"@id\":\"https:\/\/energizer.com\/eu\/france\/product\/energizer-vision-hd-350-headlight\/\",\"url\":\"https:\/\/energizer.com\/eu\/france\/product\/energizer-vision-hd-350-headlight\/\",\"name\":\"Energizer VISION HD+ 350 Headlight - France\",\"isPartOf\":{\"@id\":\"https:\/\/energizer.com\/eu\/france\/#website\"},\"datePublished\":\"2024-06-03T05:16:45+00:00\",\"dateModified\":\"2024-08-24T04:57:23+00:00\",\"breadcrumb\":{\"@id\":\"https:\/\/energizer.com\/eu\/france\/product\/energizer-vision-hd-350-headlight\/#breadcrumb\"},\"inLanguage\":\"en-US\",\"potentialAction\":[{\"@type\":\"ReadAction\",\"target\":[\"https:\/\/energizer.com\/eu\/france\/product\/energizer-vision-hd-350-headlight\/\"]}]},{\"@type\":\"BreadcrumbList\",\"@id\":\"https:\/\/energizer.com\/eu\/france\/product\/energizer-vision-hd-350-headlight\/#breadcrumb\",\"itemListElement\":[{\"@type\":\"ListItem\",\"position\":1,\"name\":\"Home\",\"item\":\"https:\/\/energizer.com\/eu\/france\/\"},{\"@type\":\"ListItem\",\"position\":2,\"name\":\"Energizer VISION HD+ 350 Headlight\"}]},{\"@type\":\"WebSite\",\"@id\":\"https:\/\/energizer.com\/eu\/france\/#website\",\"url\":\"https:\/\/energizer.com\/eu\/france\/\",\"name\":\"Energizer France\",\"description\":\"\",\"publisher\":{\"@id\":\"https:\/\/energizer.com\/eu\/france\/#organization\"},\"potentialAction\":[{\"@type\":\"SearchAction\",\"target\":{\"@type\":\"EntryPoint\",\"urlTemplate\":\"https:\/\/energizer.com\/eu\/france\/?s={search_term_string}\"},\"query-input\":{\"@type\":\"PropertyValueSpecification\",\"valueRequired\":true,\"valueName\":\"search_term_string\"}}],\"inLanguage\":\"en-US\"},{\"@type\":\"Organization\",\"@id\":\"https:\/\/energizer.com\/eu\/france\/#organization\",\"name\":\"Energizer France\",\"url\":\"https:\/\/energizer.com\/eu\/france\/\",\"logo\":{\"@type\":\"ImageObject\",\"inLanguage\":\"en-US\",\"@id\":\"https:\/\/energizer.com\/eu\/france\/#\/schema\/logo\/image\/\",\"url\":\"https:\/\/energizer.com\/eu\/france\/wp-content\/uploads\/sites\/8\/2024\/04\/Energizer_brand.png\",\"contentUrl\":\"https:\/\/energizer.com\/eu\/france\/wp-content\/uploads\/sites\/8\/2024\/04\/Energizer_brand.png\",\"width\":267,\"height\":100,\"caption\":\"Energizer France\"},\"image\":{\"@id\":\"https:\/\/energizer.com\/eu\/france\/#\/schema\/logo\/image\/\"}}]}<\/script>\n<!-- \/ Yoast SEO plugin. -->","yoast_head_json":{"title":"Energizer VISION HD+ 350 Headlight - France","robots":{"index":"index","follow":"follow","max-snippet":"max-snippet:-1","max-image-preview":"max-image-preview:large","max-video-preview":"max-video-preview:-1"},"canonical":"https:\/\/energizer.com\/eu\/france\/product\/energizer-vision-hd-350-headlight\/","og_locale":"en_US","og_type":"article","og_title":"Energizer VISION HD+ 350 Headlight - France","og_description":"Gardez les mains libres et profitez pleinement de chaque aventure gr\u00e2ce \u00e0 cette lampe frontale l\u00e9g\u00e8re et polyvalente. La lampe frontale Energizer Vision HD+ LED est \u00e0 la fois compacte et mains libres - id\u00e9ale pour le bricolage et les activit\u00e9s n\u00e9cessitant deux mains. Elle \u00e9clairera votre chemin lors de vos escapades \u00e0 la nuit tomb\u00e9e, que ce soit en camping, en randonn\u00e9e ou en course \u00e0 pied. Cette torche frontale \u00e0 LED de 350 lumens \u00e9clairera les espaces les plus sombres, jusqu'\u00e0 80 m\u00e8tres en mode haute luminosit\u00e9, ce qui vous permettra de b\u00e9n\u00e9ficier d'une lumi\u00e8re suffisante l\u00e0 o\u00f9 vous en avez besoin. \u00c9vitez les cycles suppl\u00e9mentaires gr\u00e2ce \u00e0 la technologie Next Push Off et contr\u00f4lez l'intensit\u00e9 de la lumi\u00e8re gr\u00e2ce \u00e0 l'option de gradation. Choisissez le mode d'\u00e9clairage id\u00e9al pour votre activit\u00e9 : mode rouge, mode projecteur haut et projecteur, mode projecteur bas et projecteur, ou mode projecteur haut et projecteur bas. Le design pratique de cette lampe frontale Energizer et sa construction durable et r\u00e9sistante \u00e0 l'eau offrent un confort et une polyvalence optimaux pour toute aventure en int\u00e9rieur ou en ext\u00e9rieur. Pionnier de l'\u00e9clairage portable depuis plus de 120 ans, Energizer a lanc\u00e9 la premi\u00e8re torche \u00e9tanche au monde en 1970. Energizer facilite l'\u00e9clairage de votre chemin.","og_url":"https:\/\/energizer.com\/eu\/france\/product\/energizer-vision-hd-350-headlight\/","og_site_name":"France","article_modified_time":"2024-08-24T04:57:23+00:00","twitter_card":"summary_large_image","schema":{"@context":"https:\/\/schema.org","@graph":[{"@type":"WebPage","@id":"https:\/\/energizer.com\/eu\/france\/product\/energizer-vision-hd-350-headlight\/","url":"https:\/\/energizer.com\/eu\/france\/product\/energizer-vision-hd-350-headlight\/","name":"Energizer VISION HD+ 350 Headlight - France","isPartOf":{"@id":"https:\/\/energizer.com\/eu\/france\/#website"},"datePublished":"2024-06-03T05:16:45+00:00","dateModified":"2024-08-24T04:57:23+00:00","breadcrumb":{"@id":"https:\/\/energizer.com\/eu\/france\/product\/energizer-vision-hd-350-headlight\/#breadcrumb"},"inLanguage":"en-US","potentialAction":[{"@type":"ReadAction","target":["https:\/\/energizer.com\/eu\/france\/product\/energizer-vision-hd-350-headlight\/"]}]},{"@type":"BreadcrumbList","@id":"https:\/\/energizer.com\/eu\/france\/product\/energizer-vision-hd-350-headlight\/#breadcrumb","itemListElement":[{"@type":"ListItem","position":1,"name":"Home","item":"https:\/\/energizer.com\/eu\/france\/"},{"@type":"ListItem","position":2,"name":"Energizer VISION HD+ 350 Headlight"}]},{"@type":"WebSite","@id":"https:\/\/energizer.com\/eu\/france\/#website","url":"https:\/\/energizer.com\/eu\/france\/","name":"Energizer France","description":"","publisher":{"@id":"https:\/\/energizer.com\/eu\/france\/#organization"},"potentialAction":[{"@type":"SearchAction","target":{"@type":"EntryPoint","urlTemplate":"https:\/\/energizer.com\/eu\/france\/?s={search_term_string}"},"query-input":{"@type":"PropertyValueSpecification","valueRequired":true,"valueName":"search_term_string"}}],"inLanguage":"en-US"},{"@type":"Organization","@id":"https:\/\/energizer.com\/eu\/france\/#organization","name":"Energizer France","url":"https:\/\/energizer.com\/eu\/france\/","logo":{"@type":"ImageObject","inLanguage":"en-US","@id":"https:\/\/energizer.com\/eu\/france\/#\/schema\/logo\/image\/","url":"https:\/\/energizer.com\/eu\/france\/wp-content\/uploads\/sites\/8\/2024\/04\/Energizer_brand.png","contentUrl":"https:\/\/energizer.com\/eu\/france\/wp-content\/uploads\/sites\/8\/2024\/04\/Energizer_brand.png","width":267,"height":100,"caption":"Energizer France"},"image":{"@id":"https:\/\/energizer.com\/eu\/france\/#\/schema\/logo\/image\/"}}]}},"_links":{"self":[{"href":"https:\/\/energizer.com\/eu\/france\/wp-json\/wp\/v2\/product\/7441","targetHints":{"allow":["GET"]}}],"collection":[{"href":"https:\/\/energizer.com\/eu\/france\/wp-json\/wp\/v2\/product"}],"about":[{"href":"https:\/\/energizer.com\/eu\/france\/wp-json\/wp\/v2\/types\/product"}],"replies":[{"embeddable":true,"href":"https:\/\/energizer.com\/eu\/france\/wp-json\/wp\/v2\/comments?post=7441"}],"version-history":[{"count":4,"href":"https:\/\/energizer.com\/eu\/france\/wp-json\/wp\/v2\/product\/7441\/revisions"}],"predecessor-version":[{"id":9721,"href":"https:\/\/energizer.com\/eu\/france\/wp-json\/wp\/v2\/product\/7441\/revisions\/9721"}],"wp:attachment":[{"href":"https:\/\/energizer.com\/eu\/france\/wp-json\/wp\/v2\/media?parent=7441"}],"wp:term":[{"taxonomy":"product_brand","embeddable":true,"href":"https:\/\/energizer.com\/eu\/france\/wp-json\/wp\/v2\/product_brand?post=7441"},{"taxonomy":"product_cat","embeddable":true,"href":"https:\/\/energizer.com\/eu\/france\/wp-json\/wp\/v2\/product_cat?post=7441"},{"taxonomy":"product_tag","embeddable":true,"href":"https:\/\/energizer.com\/eu\/france\/wp-json\/wp\/v2\/product_tag?post=7441"}],"curies":[{"name":"wp","href":"https:\/\/api.w.org\/{rel}","templated":true}]}}