{"id":7442,"date":"2024-06-03T05:16:45","date_gmt":"2024-06-03T05:16:45","guid":{"rendered":"https:\/\/23b13e8ab3.nxcli.io\/france\/?post_type=product&#038;p=7442"},"modified":"2024-08-24T04:52:36","modified_gmt":"2024-08-24T04:52:36","slug":"energizer-led-lantern","status":"publish","type":"product","link":"https:\/\/energizer.com\/eu\/france\/product\/energizer-led-lantern\/","title":{"rendered":"Energizer LED Lantern"},"content":{"rendered":"<ul>\n<li>Con\u00e7u pour flotter sur l&#8217;eau<\/li>\n<li>R\u00e9flecteur et lentille puissants<\/li>\n<li>Poign\u00e9e facile \u00e0 tenir<\/li>\n<li>D\u00e9tail anti-roulement<\/li>\n<li>1 LED<\/li>\n<li>Fonctionne avec 2 ou 4 piles D (non incluses)<\/li>\n<\/ul>\n","protected":false},"excerpt":{"rendered":"<p>Lumineuse et fiable, la lanterne LED Energizer est un excellent choix pour les besoins quotidiens. Dot\u00e9e de la technologie LED longue dur\u00e9e, cette solution ergonomique brille jusqu&#8217;\u00e0 5 fois plus que la technologie LED standard. Gr\u00e2ce \u00e0 la technologie POWER SWITCH, les utilisateurs ont la possibilit\u00e9 de fonctionner avec 2 ou 4 piles. Les utilisateurs peuvent \u00eatre pr\u00eats pour les situations quotidiennes ou d&#8217;urgence avec seulement 2 piles D, ou ils peuvent prolonger l&#8217;autonomie pendant des jours avec 4 piles D. Avec des heures et des heures de lumi\u00e8re claire et uniforme, les utilisateurs seront pr\u00eats pour une grande vari\u00e9t\u00e9 de t\u00e2ches \u00e0 l&#8217;ext\u00e9rieur et \u00e0 l&#8217;int\u00e9rieur.<\/p>\n","protected":false},"featured_media":0,"comment_status":"open","ping_status":"closed","template":"","meta":{"_acf_changed":false},"product_brand":[],"product_cat":[97],"product_tag":[],"class_list":{"0":"post-7442","1":"product","2":"type-product","3":"status-publish","5":"product_cat-handheld","6":"pa_uses-outdoor","8":"first","9":"instock","10":"shipping-taxable","11":"product-type-simple"},"acf":[],"yoast_head":"<!-- This site is optimized with the Yoast SEO plugin v27.4 - https:\/\/yoast.com\/product\/yoast-seo-wordpress\/ -->\n<title>Energizer LED Lantern - France<\/title>\n<meta name=\"robots\" content=\"index, follow, max-snippet:-1, max-image-preview:large, max-video-preview:-1\" \/>\n<link rel=\"canonical\" href=\"https:\/\/energizer.com\/eu\/france\/product\/energizer-led-lantern\/\" \/>\n<meta property=\"og:locale\" content=\"en_US\" \/>\n<meta property=\"og:type\" content=\"article\" \/>\n<meta property=\"og:title\" content=\"Energizer LED Lantern - France\" \/>\n<meta property=\"og:description\" content=\"Lumineuse et fiable, la lanterne LED Energizer est un excellent choix pour les besoins quotidiens. Dot\u00e9e de la technologie LED longue dur\u00e9e, cette solution ergonomique brille jusqu&#039;\u00e0 5 fois plus que la technologie LED standard. Gr\u00e2ce \u00e0 la technologie POWER SWITCH, les utilisateurs ont la possibilit\u00e9 de fonctionner avec 2 ou 4 piles. Les utilisateurs peuvent \u00eatre pr\u00eats pour les situations quotidiennes ou d&#039;urgence avec seulement 2 piles D, ou ils peuvent prolonger l&#039;autonomie pendant des jours avec 4 piles D. Avec des heures et des heures de lumi\u00e8re claire et uniforme, les utilisateurs seront pr\u00eats pour une grande vari\u00e9t\u00e9 de t\u00e2ches \u00e0 l&#039;ext\u00e9rieur et \u00e0 l&#039;int\u00e9rieur.\" \/>\n<meta property=\"og:url\" content=\"https:\/\/energizer.com\/eu\/france\/product\/energizer-led-lantern\/\" \/>\n<meta property=\"og:site_name\" content=\"France\" \/>\n<meta property=\"article:modified_time\" content=\"2024-08-24T04:52:36+00:00\" \/>\n<meta name=\"twitter:card\" content=\"summary_large_image\" \/>\n<script type=\"application\/ld+json\" class=\"yoast-schema-graph\">{\"@context\":\"https:\\\/\\\/schema.org\",\"@graph\":[{\"@type\":\"WebPage\",\"@id\":\"https:\\\/\\\/energizer.com\\\/eu\\\/france\\\/product\\\/energizer-led-lantern\\\/\",\"url\":\"https:\\\/\\\/energizer.com\\\/eu\\\/france\\\/product\\\/energizer-led-lantern\\\/\",\"name\":\"Energizer LED Lantern - France\",\"isPartOf\":{\"@id\":\"https:\\\/\\\/energizer.com\\\/eu\\\/france\\\/#website\"},\"datePublished\":\"2024-06-03T05:16:45+00:00\",\"dateModified\":\"2024-08-24T04:52:36+00:00\",\"breadcrumb\":{\"@id\":\"https:\\\/\\\/energizer.com\\\/eu\\\/france\\\/product\\\/energizer-led-lantern\\\/#breadcrumb\"},\"inLanguage\":\"en-US\",\"potentialAction\":[{\"@type\":\"ReadAction\",\"target\":[\"https:\\\/\\\/energizer.com\\\/eu\\\/france\\\/product\\\/energizer-led-lantern\\\/\"]}]},{\"@type\":\"BreadcrumbList\",\"@id\":\"https:\\\/\\\/energizer.com\\\/eu\\\/france\\\/product\\\/energizer-led-lantern\\\/#breadcrumb\",\"itemListElement\":[{\"@type\":\"ListItem\",\"position\":1,\"name\":\"Home\",\"item\":\"https:\\\/\\\/energizer.com\\\/eu\\\/france\\\/\"},{\"@type\":\"ListItem\",\"position\":2,\"name\":\"Energizer LED Lantern\"}]},{\"@type\":\"WebSite\",\"@id\":\"https:\\\/\\\/energizer.com\\\/eu\\\/france\\\/#website\",\"url\":\"https:\\\/\\\/energizer.com\\\/eu\\\/france\\\/\",\"name\":\"Energizer France\",\"description\":\"\",\"publisher\":{\"@id\":\"https:\\\/\\\/energizer.com\\\/eu\\\/france\\\/#organization\"},\"potentialAction\":[{\"@type\":\"SearchAction\",\"target\":{\"@type\":\"EntryPoint\",\"urlTemplate\":\"https:\\\/\\\/energizer.com\\\/eu\\\/france\\\/?s={search_term_string}\"},\"query-input\":{\"@type\":\"PropertyValueSpecification\",\"valueRequired\":true,\"valueName\":\"search_term_string\"}}],\"inLanguage\":\"en-US\"},{\"@type\":\"Organization\",\"@id\":\"https:\\\/\\\/energizer.com\\\/eu\\\/france\\\/#organization\",\"name\":\"Energizer France\",\"url\":\"https:\\\/\\\/energizer.com\\\/eu\\\/france\\\/\",\"logo\":{\"@type\":\"ImageObject\",\"inLanguage\":\"en-US\",\"@id\":\"https:\\\/\\\/energizer.com\\\/eu\\\/france\\\/#\\\/schema\\\/logo\\\/image\\\/\",\"url\":\"https:\\\/\\\/energizer.com\\\/eu\\\/france\\\/wp-content\\\/uploads\\\/sites\\\/8\\\/2024\\\/04\\\/Energizer_brand.png\",\"contentUrl\":\"https:\\\/\\\/energizer.com\\\/eu\\\/france\\\/wp-content\\\/uploads\\\/sites\\\/8\\\/2024\\\/04\\\/Energizer_brand.png\",\"width\":267,\"height\":100,\"caption\":\"Energizer France\"},\"image\":{\"@id\":\"https:\\\/\\\/energizer.com\\\/eu\\\/france\\\/#\\\/schema\\\/logo\\\/image\\\/\"}}]}<\/script>\n<!-- \/ Yoast SEO plugin. -->","yoast_head_json":{"title":"Energizer LED Lantern - France","robots":{"index":"index","follow":"follow","max-snippet":"max-snippet:-1","max-image-preview":"max-image-preview:large","max-video-preview":"max-video-preview:-1"},"canonical":"https:\/\/energizer.com\/eu\/france\/product\/energizer-led-lantern\/","og_locale":"en_US","og_type":"article","og_title":"Energizer LED Lantern - France","og_description":"Lumineuse et fiable, la lanterne LED Energizer est un excellent choix pour les besoins quotidiens. Dot\u00e9e de la technologie LED longue dur\u00e9e, cette solution ergonomique brille jusqu'\u00e0 5 fois plus que la technologie LED standard. Gr\u00e2ce \u00e0 la technologie POWER SWITCH, les utilisateurs ont la possibilit\u00e9 de fonctionner avec 2 ou 4 piles. Les utilisateurs peuvent \u00eatre pr\u00eats pour les situations quotidiennes ou d'urgence avec seulement 2 piles D, ou ils peuvent prolonger l'autonomie pendant des jours avec 4 piles D. Avec des heures et des heures de lumi\u00e8re claire et uniforme, les utilisateurs seront pr\u00eats pour une grande vari\u00e9t\u00e9 de t\u00e2ches \u00e0 l'ext\u00e9rieur et \u00e0 l'int\u00e9rieur.","og_url":"https:\/\/energizer.com\/eu\/france\/product\/energizer-led-lantern\/","og_site_name":"France","article_modified_time":"2024-08-24T04:52:36+00:00","twitter_card":"summary_large_image","schema":{"@context":"https:\/\/schema.org","@graph":[{"@type":"WebPage","@id":"https:\/\/energizer.com\/eu\/france\/product\/energizer-led-lantern\/","url":"https:\/\/energizer.com\/eu\/france\/product\/energizer-led-lantern\/","name":"Energizer LED Lantern - France","isPartOf":{"@id":"https:\/\/energizer.com\/eu\/france\/#website"},"datePublished":"2024-06-03T05:16:45+00:00","dateModified":"2024-08-24T04:52:36+00:00","breadcrumb":{"@id":"https:\/\/energizer.com\/eu\/france\/product\/energizer-led-lantern\/#breadcrumb"},"inLanguage":"en-US","potentialAction":[{"@type":"ReadAction","target":["https:\/\/energizer.com\/eu\/france\/product\/energizer-led-lantern\/"]}]},{"@type":"BreadcrumbList","@id":"https:\/\/energizer.com\/eu\/france\/product\/energizer-led-lantern\/#breadcrumb","itemListElement":[{"@type":"ListItem","position":1,"name":"Home","item":"https:\/\/energizer.com\/eu\/france\/"},{"@type":"ListItem","position":2,"name":"Energizer LED Lantern"}]},{"@type":"WebSite","@id":"https:\/\/energizer.com\/eu\/france\/#website","url":"https:\/\/energizer.com\/eu\/france\/","name":"Energizer France","description":"","publisher":{"@id":"https:\/\/energizer.com\/eu\/france\/#organization"},"potentialAction":[{"@type":"SearchAction","target":{"@type":"EntryPoint","urlTemplate":"https:\/\/energizer.com\/eu\/france\/?s={search_term_string}"},"query-input":{"@type":"PropertyValueSpecification","valueRequired":true,"valueName":"search_term_string"}}],"inLanguage":"en-US"},{"@type":"Organization","@id":"https:\/\/energizer.com\/eu\/france\/#organization","name":"Energizer France","url":"https:\/\/energizer.com\/eu\/france\/","logo":{"@type":"ImageObject","inLanguage":"en-US","@id":"https:\/\/energizer.com\/eu\/france\/#\/schema\/logo\/image\/","url":"https:\/\/energizer.com\/eu\/france\/wp-content\/uploads\/sites\/8\/2024\/04\/Energizer_brand.png","contentUrl":"https:\/\/energizer.com\/eu\/france\/wp-content\/uploads\/sites\/8\/2024\/04\/Energizer_brand.png","width":267,"height":100,"caption":"Energizer France"},"image":{"@id":"https:\/\/energizer.com\/eu\/france\/#\/schema\/logo\/image\/"}}]}},"_links":{"self":[{"href":"https:\/\/energizer.com\/eu\/france\/wp-json\/wp\/v2\/product\/7442","targetHints":{"allow":["GET"]}}],"collection":[{"href":"https:\/\/energizer.com\/eu\/france\/wp-json\/wp\/v2\/product"}],"about":[{"href":"https:\/\/energizer.com\/eu\/france\/wp-json\/wp\/v2\/types\/product"}],"replies":[{"embeddable":true,"href":"https:\/\/energizer.com\/eu\/france\/wp-json\/wp\/v2\/comments?post=7442"}],"version-history":[{"count":3,"href":"https:\/\/energizer.com\/eu\/france\/wp-json\/wp\/v2\/product\/7442\/revisions"}],"predecessor-version":[{"id":8152,"href":"https:\/\/energizer.com\/eu\/france\/wp-json\/wp\/v2\/product\/7442\/revisions\/8152"}],"wp:attachment":[{"href":"https:\/\/energizer.com\/eu\/france\/wp-json\/wp\/v2\/media?parent=7442"}],"wp:term":[{"taxonomy":"product_brand","embeddable":true,"href":"https:\/\/energizer.com\/eu\/france\/wp-json\/wp\/v2\/product_brand?post=7442"},{"taxonomy":"product_cat","embeddable":true,"href":"https:\/\/energizer.com\/eu\/france\/wp-json\/wp\/v2\/product_cat?post=7442"},{"taxonomy":"product_tag","embeddable":true,"href":"https:\/\/energizer.com\/eu\/france\/wp-json\/wp\/v2\/product_tag?post=7442"}],"curies":[{"name":"wp","href":"https:\/\/api.w.org\/{rel}","templated":true}]}}