{"id":7444,"date":"2024-06-03T05:16:45","date_gmt":"2024-06-03T05:16:45","guid":{"rendered":"https:\/\/23b13e8ab3.nxcli.io\/france\/?post_type=product&#038;p=7444"},"modified":"2024-08-24T04:52:38","modified_gmt":"2024-08-24T04:52:38","slug":"energizer-waterproof-handheld-led-torch","status":"publish","type":"product","link":"https:\/\/energizer.com\/eu\/france\/product\/energizer-waterproof-handheld-led-torch\/","title":{"rendered":"Energizer Waterproof Handheld LED Torch"},"content":{"rendered":"<ul>\n<li>Torche LED durable et \u00e9tanche fonctionnant avec 2 piles Energizer MAX AA (incluses)<\/li>\n<li>Gr\u00e2ce \u00e0 sa technologie \u00e9tanche, la torche ne se contente pas de flotter, elle fonctionne m\u00eame lorsqu&#8217;elle est compl\u00e8tement immerg\u00e9e (jusqu&#8217;\u00e0 1 m\u00e8tre de profondeur, pendant 30 minutes)<\/li>\n<li>Cette lampe de poche offre 35 heures d&#8217;autonomie et 55 lumens, soit 4 fois plus de luminosit\u00e9 que la technologie LED standard<\/li>\n<li>Avec une r\u00e9sistance aux chocs contre des chutes allant jusqu&#8217;\u00e0 1 m\u00e8tre, un bo\u00eetier orange haute visibilit\u00e9 et des panneaux r\u00e9fl\u00e9chissants, cette lampe constitue une torche d&#8217;urgence id\u00e9ale<\/li>\n<li>Con\u00e7ue pour \u00eatre fiable dans d&#8217;innombrables situations, qu&#8217;il s&#8217;agisse de projets de bricolage \u00e0 la maison, d&#8217;activit\u00e9s de plein air telles que la randonn\u00e9e et le camping, ou de situations d&#8217;urgence<\/li>\n<\/ul>\n","protected":false},"excerpt":{"rendered":"<p>Apportez cette torche \u00e0 la piscine. Dans la for\u00eat. Et m\u00eame dans un ouragan. La lampe de poche \u00e9tanche Energizer est con\u00e7ue pour les conditions humides. Immergez-la jusqu&#8217;\u00e0 1 m\u00e8tre, et m\u00eame apr\u00e8s 30 minutes, cette torche LED \u00e9met toujours 55 lumens de lumi\u00e8re vive avec une autonomie de 35 heures. Que se passe-t-il si vous l\u00e2chez prise alors que vous \u00eates dans l&#8217;eau ? Pas de souci, elle flotte. Et si cela n&#8217;est pas assez impressionnant, cette lampe de poche est tout aussi performante sur la terre ferme. Elle r\u00e9siste \u00e0 des chutes d&#8217;un m\u00e8tre sur du b\u00e9ton. Si vous aimez \u00eatre pr\u00eat pour les situations d&#8217;urgence (comme les r\u00e9parations automobiles sur le bord de la route ou les coupures de courant), elle est disponible dans votre couleur pr\u00e9f\u00e9r\u00e9e : l&#8217;orange haute visibilit\u00e9.<\/p>\n","protected":false},"featured_media":0,"comment_status":"open","ping_status":"closed","template":"","meta":{"_acf_changed":false},"product_brand":[],"product_cat":[97],"product_tag":[],"class_list":{"0":"post-7444","1":"product","2":"type-product","3":"status-publish","5":"product_cat-handheld","6":"pa_uses-outdoor","8":"first","9":"instock","10":"shipping-taxable","11":"product-type-simple"},"acf":[],"yoast_head":"<!-- This site is optimized with the Yoast SEO plugin v27.4 - https:\/\/yoast.com\/product\/yoast-seo-wordpress\/ -->\n<title>Energizer Waterproof Handheld LED Torch - France<\/title>\n<meta name=\"robots\" content=\"index, follow, max-snippet:-1, max-image-preview:large, max-video-preview:-1\" \/>\n<link rel=\"canonical\" href=\"https:\/\/energizer.com\/eu\/france\/product\/energizer-waterproof-handheld-led-torch\/\" \/>\n<meta property=\"og:locale\" content=\"en_US\" \/>\n<meta property=\"og:type\" content=\"article\" \/>\n<meta property=\"og:title\" content=\"Energizer Waterproof Handheld LED Torch - France\" \/>\n<meta property=\"og:description\" content=\"Apportez cette torche \u00e0 la piscine. Dans la for\u00eat. Et m\u00eame dans un ouragan. La lampe de poche \u00e9tanche Energizer est con\u00e7ue pour les conditions humides. Immergez-la jusqu&#039;\u00e0 1 m\u00e8tre, et m\u00eame apr\u00e8s 30 minutes, cette torche LED \u00e9met toujours 55 lumens de lumi\u00e8re vive avec une autonomie de 35 heures. Que se passe-t-il si vous l\u00e2chez prise alors que vous \u00eates dans l&#039;eau ? Pas de souci, elle flotte. Et si cela n&#039;est pas assez impressionnant, cette lampe de poche est tout aussi performante sur la terre ferme. Elle r\u00e9siste \u00e0 des chutes d&#039;un m\u00e8tre sur du b\u00e9ton. Si vous aimez \u00eatre pr\u00eat pour les situations d&#039;urgence (comme les r\u00e9parations automobiles sur le bord de la route ou les coupures de courant), elle est disponible dans votre couleur pr\u00e9f\u00e9r\u00e9e : l&#039;orange haute visibilit\u00e9.\" \/>\n<meta property=\"og:url\" content=\"https:\/\/energizer.com\/eu\/france\/product\/energizer-waterproof-handheld-led-torch\/\" \/>\n<meta property=\"og:site_name\" content=\"France\" \/>\n<meta property=\"article:modified_time\" content=\"2024-08-24T04:52:38+00:00\" \/>\n<meta name=\"twitter:card\" content=\"summary_large_image\" \/>\n<script type=\"application\/ld+json\" class=\"yoast-schema-graph\">{\"@context\":\"https:\\\/\\\/schema.org\",\"@graph\":[{\"@type\":\"WebPage\",\"@id\":\"https:\\\/\\\/energizer.com\\\/eu\\\/france\\\/product\\\/energizer-waterproof-handheld-led-torch\\\/\",\"url\":\"https:\\\/\\\/energizer.com\\\/eu\\\/france\\\/product\\\/energizer-waterproof-handheld-led-torch\\\/\",\"name\":\"Energizer Waterproof Handheld LED Torch - France\",\"isPartOf\":{\"@id\":\"https:\\\/\\\/energizer.com\\\/eu\\\/france\\\/#website\"},\"datePublished\":\"2024-06-03T05:16:45+00:00\",\"dateModified\":\"2024-08-24T04:52:38+00:00\",\"breadcrumb\":{\"@id\":\"https:\\\/\\\/energizer.com\\\/eu\\\/france\\\/product\\\/energizer-waterproof-handheld-led-torch\\\/#breadcrumb\"},\"inLanguage\":\"en-US\",\"potentialAction\":[{\"@type\":\"ReadAction\",\"target\":[\"https:\\\/\\\/energizer.com\\\/eu\\\/france\\\/product\\\/energizer-waterproof-handheld-led-torch\\\/\"]}]},{\"@type\":\"BreadcrumbList\",\"@id\":\"https:\\\/\\\/energizer.com\\\/eu\\\/france\\\/product\\\/energizer-waterproof-handheld-led-torch\\\/#breadcrumb\",\"itemListElement\":[{\"@type\":\"ListItem\",\"position\":1,\"name\":\"Home\",\"item\":\"https:\\\/\\\/energizer.com\\\/eu\\\/france\\\/\"},{\"@type\":\"ListItem\",\"position\":2,\"name\":\"Energizer Waterproof Handheld LED Torch\"}]},{\"@type\":\"WebSite\",\"@id\":\"https:\\\/\\\/energizer.com\\\/eu\\\/france\\\/#website\",\"url\":\"https:\\\/\\\/energizer.com\\\/eu\\\/france\\\/\",\"name\":\"Energizer France\",\"description\":\"\",\"publisher\":{\"@id\":\"https:\\\/\\\/energizer.com\\\/eu\\\/france\\\/#organization\"},\"potentialAction\":[{\"@type\":\"SearchAction\",\"target\":{\"@type\":\"EntryPoint\",\"urlTemplate\":\"https:\\\/\\\/energizer.com\\\/eu\\\/france\\\/?s={search_term_string}\"},\"query-input\":{\"@type\":\"PropertyValueSpecification\",\"valueRequired\":true,\"valueName\":\"search_term_string\"}}],\"inLanguage\":\"en-US\"},{\"@type\":\"Organization\",\"@id\":\"https:\\\/\\\/energizer.com\\\/eu\\\/france\\\/#organization\",\"name\":\"Energizer France\",\"url\":\"https:\\\/\\\/energizer.com\\\/eu\\\/france\\\/\",\"logo\":{\"@type\":\"ImageObject\",\"inLanguage\":\"en-US\",\"@id\":\"https:\\\/\\\/energizer.com\\\/eu\\\/france\\\/#\\\/schema\\\/logo\\\/image\\\/\",\"url\":\"https:\\\/\\\/energizer.com\\\/eu\\\/france\\\/wp-content\\\/uploads\\\/sites\\\/8\\\/2024\\\/04\\\/Energizer_brand.png\",\"contentUrl\":\"https:\\\/\\\/energizer.com\\\/eu\\\/france\\\/wp-content\\\/uploads\\\/sites\\\/8\\\/2024\\\/04\\\/Energizer_brand.png\",\"width\":267,\"height\":100,\"caption\":\"Energizer France\"},\"image\":{\"@id\":\"https:\\\/\\\/energizer.com\\\/eu\\\/france\\\/#\\\/schema\\\/logo\\\/image\\\/\"}}]}<\/script>\n<!-- \/ Yoast SEO plugin. -->","yoast_head_json":{"title":"Energizer Waterproof Handheld LED Torch - France","robots":{"index":"index","follow":"follow","max-snippet":"max-snippet:-1","max-image-preview":"max-image-preview:large","max-video-preview":"max-video-preview:-1"},"canonical":"https:\/\/energizer.com\/eu\/france\/product\/energizer-waterproof-handheld-led-torch\/","og_locale":"en_US","og_type":"article","og_title":"Energizer Waterproof Handheld LED Torch - France","og_description":"Apportez cette torche \u00e0 la piscine. Dans la for\u00eat. Et m\u00eame dans un ouragan. La lampe de poche \u00e9tanche Energizer est con\u00e7ue pour les conditions humides. Immergez-la jusqu'\u00e0 1 m\u00e8tre, et m\u00eame apr\u00e8s 30 minutes, cette torche LED \u00e9met toujours 55 lumens de lumi\u00e8re vive avec une autonomie de 35 heures. Que se passe-t-il si vous l\u00e2chez prise alors que vous \u00eates dans l'eau ? Pas de souci, elle flotte. Et si cela n'est pas assez impressionnant, cette lampe de poche est tout aussi performante sur la terre ferme. Elle r\u00e9siste \u00e0 des chutes d'un m\u00e8tre sur du b\u00e9ton. Si vous aimez \u00eatre pr\u00eat pour les situations d'urgence (comme les r\u00e9parations automobiles sur le bord de la route ou les coupures de courant), elle est disponible dans votre couleur pr\u00e9f\u00e9r\u00e9e : l'orange haute visibilit\u00e9.","og_url":"https:\/\/energizer.com\/eu\/france\/product\/energizer-waterproof-handheld-led-torch\/","og_site_name":"France","article_modified_time":"2024-08-24T04:52:38+00:00","twitter_card":"summary_large_image","schema":{"@context":"https:\/\/schema.org","@graph":[{"@type":"WebPage","@id":"https:\/\/energizer.com\/eu\/france\/product\/energizer-waterproof-handheld-led-torch\/","url":"https:\/\/energizer.com\/eu\/france\/product\/energizer-waterproof-handheld-led-torch\/","name":"Energizer Waterproof Handheld LED Torch - France","isPartOf":{"@id":"https:\/\/energizer.com\/eu\/france\/#website"},"datePublished":"2024-06-03T05:16:45+00:00","dateModified":"2024-08-24T04:52:38+00:00","breadcrumb":{"@id":"https:\/\/energizer.com\/eu\/france\/product\/energizer-waterproof-handheld-led-torch\/#breadcrumb"},"inLanguage":"en-US","potentialAction":[{"@type":"ReadAction","target":["https:\/\/energizer.com\/eu\/france\/product\/energizer-waterproof-handheld-led-torch\/"]}]},{"@type":"BreadcrumbList","@id":"https:\/\/energizer.com\/eu\/france\/product\/energizer-waterproof-handheld-led-torch\/#breadcrumb","itemListElement":[{"@type":"ListItem","position":1,"name":"Home","item":"https:\/\/energizer.com\/eu\/france\/"},{"@type":"ListItem","position":2,"name":"Energizer Waterproof Handheld LED Torch"}]},{"@type":"WebSite","@id":"https:\/\/energizer.com\/eu\/france\/#website","url":"https:\/\/energizer.com\/eu\/france\/","name":"Energizer France","description":"","publisher":{"@id":"https:\/\/energizer.com\/eu\/france\/#organization"},"potentialAction":[{"@type":"SearchAction","target":{"@type":"EntryPoint","urlTemplate":"https:\/\/energizer.com\/eu\/france\/?s={search_term_string}"},"query-input":{"@type":"PropertyValueSpecification","valueRequired":true,"valueName":"search_term_string"}}],"inLanguage":"en-US"},{"@type":"Organization","@id":"https:\/\/energizer.com\/eu\/france\/#organization","name":"Energizer France","url":"https:\/\/energizer.com\/eu\/france\/","logo":{"@type":"ImageObject","inLanguage":"en-US","@id":"https:\/\/energizer.com\/eu\/france\/#\/schema\/logo\/image\/","url":"https:\/\/energizer.com\/eu\/france\/wp-content\/uploads\/sites\/8\/2024\/04\/Energizer_brand.png","contentUrl":"https:\/\/energizer.com\/eu\/france\/wp-content\/uploads\/sites\/8\/2024\/04\/Energizer_brand.png","width":267,"height":100,"caption":"Energizer France"},"image":{"@id":"https:\/\/energizer.com\/eu\/france\/#\/schema\/logo\/image\/"}}]}},"_links":{"self":[{"href":"https:\/\/energizer.com\/eu\/france\/wp-json\/wp\/v2\/product\/7444","targetHints":{"allow":["GET"]}}],"collection":[{"href":"https:\/\/energizer.com\/eu\/france\/wp-json\/wp\/v2\/product"}],"about":[{"href":"https:\/\/energizer.com\/eu\/france\/wp-json\/wp\/v2\/types\/product"}],"replies":[{"embeddable":true,"href":"https:\/\/energizer.com\/eu\/france\/wp-json\/wp\/v2\/comments?post=7444"}],"version-history":[{"count":4,"href":"https:\/\/energizer.com\/eu\/france\/wp-json\/wp\/v2\/product\/7444\/revisions"}],"predecessor-version":[{"id":9725,"href":"https:\/\/energizer.com\/eu\/france\/wp-json\/wp\/v2\/product\/7444\/revisions\/9725"}],"wp:attachment":[{"href":"https:\/\/energizer.com\/eu\/france\/wp-json\/wp\/v2\/media?parent=7444"}],"wp:term":[{"taxonomy":"product_brand","embeddable":true,"href":"https:\/\/energizer.com\/eu\/france\/wp-json\/wp\/v2\/product_brand?post=7444"},{"taxonomy":"product_cat","embeddable":true,"href":"https:\/\/energizer.com\/eu\/france\/wp-json\/wp\/v2\/product_cat?post=7444"},{"taxonomy":"product_tag","embeddable":true,"href":"https:\/\/energizer.com\/eu\/france\/wp-json\/wp\/v2\/product_tag?post=7444"}],"curies":[{"name":"wp","href":"https:\/\/api.w.org\/{rel}","templated":true}]}}