{"id":7446,"date":"2024-06-03T05:16:45","date_gmt":"2024-06-03T05:16:45","guid":{"rendered":"https:\/\/23b13e8ab3.nxcli.io\/france\/?post_type=product&#038;p=7446"},"modified":"2024-08-24T04:57:26","modified_gmt":"2024-08-24T04:57:26","slug":"energizer-vision-450-ultra-headlight","status":"publish","type":"product","link":"https:\/\/energizer.com\/eu\/france\/product\/energizer-vision-450-ultra-headlight\/","title":{"rendered":"Energizer VISION 450 ULTRA Headlight"},"content":{"rendered":"<ul>\n<li>Lampe frontale Energizer Vision Ultra HD LED avec technologie LED et 3 piles AAA Energizer MAX incluses<\/li>\n<li>Technologie LED : Cette puissante lampe frontale de 450 lumens a une port\u00e9e de 85 m\u00e8tres en mode \u00e9lev\u00e9 &#8211; 15 fois plus lumineuse que la technologie LED standard<\/li>\n<li>Mode nuit avec lumi\u00e8re rouge : La lumi\u00e8re rouge am\u00e9liore votre vision nocturne pour des activit\u00e9s telles que le camping, les promenades avec le chien et les randonn\u00e9es apr\u00e8s la tomb\u00e9e de la nuit<\/li>\n<li>Construction durable Id\u00e9ale pour une utilisation durable, cette lampe frontale Energizer r\u00e9siste au test de chute d&#8217;un m\u00e8tre, avec une lentille incassable et un corps r\u00e9sistant \u00e0 l&#8217;eau<\/li>\n<li>Lampe mains libres polyvalente : Cette torche mains libres compacte et facile \u00e0 utiliser est id\u00e9ale pour les coupures de courant, le bricolage et bien plus encore<\/li>\n<li>Conception pratique : Dirigez la lumi\u00e8re l\u00e0 o\u00f9 vous en avez besoin gr\u00e2ce \u00e0 cette lampe frontale l\u00e9g\u00e8re, qui s&#8217;ajuste parfaitement gr\u00e2ce \u00e0 son bandeau r\u00e9glable et \u00e0 sa t\u00eate pivotante<\/li>\n<li>Technologie de gradation intelligente : R\u00e9glez l&#8217;intensit\u00e9 de 10 % \u00e0 100 % sur tous les modes, y compris haut, spot et large<\/li>\n<\/ul>\n","protected":false},"excerpt":{"rendered":"<p>Gardez les mains libres et profitez pleinement de chaque aventure gr\u00e2ce \u00e0 cette lampe frontale l\u00e9g\u00e8re et polyvalente. La lampe frontale Energizer Vision Ultra HD LED offre un \u00e9clairage compact et mains libres, id\u00e9al pour le bricolage et les activit\u00e9s n\u00e9cessitant les deux mains. Elle vous \u00e9clairera lors de vos escapades \u00e0 la nuit tomb\u00e9e, que ce soit en camping, en randonn\u00e9e ou en course \u00e0 pied. Cette torche frontale de 450 lumens \u00e9clairera les espaces les plus sombres, jusqu&#8217;\u00e0 85 m\u00e8tres en mode \u00e9lev\u00e9, et vous permettra de r\u00e9gler l&#8217;intensit\u00e9 lumineuse de 100 % \u00e0 10 % gr\u00e2ce \u00e0 la technologie Smart Dimming. Choisissez le mode d&#8217;\u00e9clairage id\u00e9al pour votre activit\u00e9, parmi 7 modes diff\u00e9rents (dont 2 modes de vision nocturne LED) : haut, bas, large, large-basse (dim), rouge, rouge clignotant et vert. Utilisez le mode de vision nocturne rouge pour mieux voir dans l&#8217;obscurit\u00e9, et voyez facilement si la batterie est faible gr\u00e2ce \u00e0 l&#8217;indicateur rouge de batterie faible. Vous pouvez m\u00eame minimiser l&#8217;\u00e9blouissement des passants en augmentant lentement l&#8217;intensit\u00e9 de la lumi\u00e8re, gr\u00e2ce \u00e0 la fonction VisionGuard. Le design pratique de la lampe frontale Energizer Vision Ultra HD LED et sa construction durable et r\u00e9sistante \u00e0 l&#8217;eau offrent un confort et une polyvalence optimaux. Son bandeau r\u00e9glable, sa t\u00eate pivotante et sa lentille incassable en font une option confortable pour toute aventure en int\u00e9rieur ou en ext\u00e9rieur. Pionnier de l&#8217;\u00e9clairage portable depuis plus de 120 ans, Energizer a lanc\u00e9 la premi\u00e8re torche \u00e9tanche au monde en 1970. Energizer facilite l&#8217;\u00e9clairage de votre chemin.<\/p>\n","protected":false},"featured_media":0,"comment_status":"open","ping_status":"closed","template":"","meta":{"_acf_changed":false},"product_brand":[],"product_cat":[43],"product_tag":[],"class_list":{"0":"post-7446","1":"product","2":"type-product","3":"status-publish","5":"product_cat-hands-free","6":"pa_uses-outdoor","8":"first","9":"instock","10":"shipping-taxable","11":"product-type-simple"},"acf":[],"yoast_head":"<!-- This site is optimized with the Yoast SEO plugin v27.2 - https:\/\/yoast.com\/product\/yoast-seo-wordpress\/ -->\n<title>Energizer VISION 450 ULTRA Headlight - France<\/title>\n<meta name=\"robots\" content=\"index, follow, max-snippet:-1, max-image-preview:large, max-video-preview:-1\" \/>\n<link rel=\"canonical\" href=\"https:\/\/energizer.com\/eu\/france\/product\/energizer-vision-450-ultra-headlight\/\" \/>\n<meta property=\"og:locale\" content=\"en_US\" \/>\n<meta property=\"og:type\" content=\"article\" \/>\n<meta property=\"og:title\" content=\"Energizer VISION 450 ULTRA Headlight - France\" \/>\n<meta property=\"og:description\" content=\"Gardez les mains libres et profitez pleinement de chaque aventure gr\u00e2ce \u00e0 cette lampe frontale l\u00e9g\u00e8re et polyvalente. La lampe frontale Energizer Vision Ultra HD LED offre un \u00e9clairage compact et mains libres, id\u00e9al pour le bricolage et les activit\u00e9s n\u00e9cessitant les deux mains. Elle vous \u00e9clairera lors de vos escapades \u00e0 la nuit tomb\u00e9e, que ce soit en camping, en randonn\u00e9e ou en course \u00e0 pied. Cette torche frontale de 450 lumens \u00e9clairera les espaces les plus sombres, jusqu&#039;\u00e0 85 m\u00e8tres en mode \u00e9lev\u00e9, et vous permettra de r\u00e9gler l&#039;intensit\u00e9 lumineuse de 100 % \u00e0 10 % gr\u00e2ce \u00e0 la technologie Smart Dimming. Choisissez le mode d&#039;\u00e9clairage id\u00e9al pour votre activit\u00e9, parmi 7 modes diff\u00e9rents (dont 2 modes de vision nocturne LED) : haut, bas, large, large-basse (dim), rouge, rouge clignotant et vert. Utilisez le mode de vision nocturne rouge pour mieux voir dans l&#039;obscurit\u00e9, et voyez facilement si la batterie est faible gr\u00e2ce \u00e0 l&#039;indicateur rouge de batterie faible. Vous pouvez m\u00eame minimiser l&#039;\u00e9blouissement des passants en augmentant lentement l&#039;intensit\u00e9 de la lumi\u00e8re, gr\u00e2ce \u00e0 la fonction VisionGuard. Le design pratique de la lampe frontale Energizer Vision Ultra HD LED et sa construction durable et r\u00e9sistante \u00e0 l&#039;eau offrent un confort et une polyvalence optimaux. Son bandeau r\u00e9glable, sa t\u00eate pivotante et sa lentille incassable en font une option confortable pour toute aventure en int\u00e9rieur ou en ext\u00e9rieur. Pionnier de l&#039;\u00e9clairage portable depuis plus de 120 ans, Energizer a lanc\u00e9 la premi\u00e8re torche \u00e9tanche au monde en 1970. Energizer facilite l&#039;\u00e9clairage de votre chemin.\" \/>\n<meta property=\"og:url\" content=\"https:\/\/energizer.com\/eu\/france\/product\/energizer-vision-450-ultra-headlight\/\" \/>\n<meta property=\"og:site_name\" content=\"France\" \/>\n<meta property=\"article:modified_time\" content=\"2024-08-24T04:57:26+00:00\" \/>\n<meta name=\"twitter:card\" content=\"summary_large_image\" \/>\n<script type=\"application\/ld+json\" class=\"yoast-schema-graph\">{\"@context\":\"https:\/\/schema.org\",\"@graph\":[{\"@type\":\"WebPage\",\"@id\":\"https:\/\/energizer.com\/eu\/france\/product\/energizer-vision-450-ultra-headlight\/\",\"url\":\"https:\/\/energizer.com\/eu\/france\/product\/energizer-vision-450-ultra-headlight\/\",\"name\":\"Energizer VISION 450 ULTRA Headlight - France\",\"isPartOf\":{\"@id\":\"https:\/\/energizer.com\/eu\/france\/#website\"},\"datePublished\":\"2024-06-03T05:16:45+00:00\",\"dateModified\":\"2024-08-24T04:57:26+00:00\",\"breadcrumb\":{\"@id\":\"https:\/\/energizer.com\/eu\/france\/product\/energizer-vision-450-ultra-headlight\/#breadcrumb\"},\"inLanguage\":\"en-US\",\"potentialAction\":[{\"@type\":\"ReadAction\",\"target\":[\"https:\/\/energizer.com\/eu\/france\/product\/energizer-vision-450-ultra-headlight\/\"]}]},{\"@type\":\"BreadcrumbList\",\"@id\":\"https:\/\/energizer.com\/eu\/france\/product\/energizer-vision-450-ultra-headlight\/#breadcrumb\",\"itemListElement\":[{\"@type\":\"ListItem\",\"position\":1,\"name\":\"Home\",\"item\":\"https:\/\/energizer.com\/eu\/france\/\"},{\"@type\":\"ListItem\",\"position\":2,\"name\":\"Energizer VISION 450 ULTRA Headlight\"}]},{\"@type\":\"WebSite\",\"@id\":\"https:\/\/energizer.com\/eu\/france\/#website\",\"url\":\"https:\/\/energizer.com\/eu\/france\/\",\"name\":\"Energizer France\",\"description\":\"\",\"publisher\":{\"@id\":\"https:\/\/energizer.com\/eu\/france\/#organization\"},\"potentialAction\":[{\"@type\":\"SearchAction\",\"target\":{\"@type\":\"EntryPoint\",\"urlTemplate\":\"https:\/\/energizer.com\/eu\/france\/?s={search_term_string}\"},\"query-input\":{\"@type\":\"PropertyValueSpecification\",\"valueRequired\":true,\"valueName\":\"search_term_string\"}}],\"inLanguage\":\"en-US\"},{\"@type\":\"Organization\",\"@id\":\"https:\/\/energizer.com\/eu\/france\/#organization\",\"name\":\"Energizer France\",\"url\":\"https:\/\/energizer.com\/eu\/france\/\",\"logo\":{\"@type\":\"ImageObject\",\"inLanguage\":\"en-US\",\"@id\":\"https:\/\/energizer.com\/eu\/france\/#\/schema\/logo\/image\/\",\"url\":\"https:\/\/energizer.com\/eu\/france\/wp-content\/uploads\/sites\/8\/2024\/04\/Energizer_brand.png\",\"contentUrl\":\"https:\/\/energizer.com\/eu\/france\/wp-content\/uploads\/sites\/8\/2024\/04\/Energizer_brand.png\",\"width\":267,\"height\":100,\"caption\":\"Energizer France\"},\"image\":{\"@id\":\"https:\/\/energizer.com\/eu\/france\/#\/schema\/logo\/image\/\"}}]}<\/script>\n<!-- \/ Yoast SEO plugin. -->","yoast_head_json":{"title":"Energizer VISION 450 ULTRA Headlight - France","robots":{"index":"index","follow":"follow","max-snippet":"max-snippet:-1","max-image-preview":"max-image-preview:large","max-video-preview":"max-video-preview:-1"},"canonical":"https:\/\/energizer.com\/eu\/france\/product\/energizer-vision-450-ultra-headlight\/","og_locale":"en_US","og_type":"article","og_title":"Energizer VISION 450 ULTRA Headlight - France","og_description":"Gardez les mains libres et profitez pleinement de chaque aventure gr\u00e2ce \u00e0 cette lampe frontale l\u00e9g\u00e8re et polyvalente. La lampe frontale Energizer Vision Ultra HD LED offre un \u00e9clairage compact et mains libres, id\u00e9al pour le bricolage et les activit\u00e9s n\u00e9cessitant les deux mains. Elle vous \u00e9clairera lors de vos escapades \u00e0 la nuit tomb\u00e9e, que ce soit en camping, en randonn\u00e9e ou en course \u00e0 pied. Cette torche frontale de 450 lumens \u00e9clairera les espaces les plus sombres, jusqu'\u00e0 85 m\u00e8tres en mode \u00e9lev\u00e9, et vous permettra de r\u00e9gler l'intensit\u00e9 lumineuse de 100 % \u00e0 10 % gr\u00e2ce \u00e0 la technologie Smart Dimming. Choisissez le mode d'\u00e9clairage id\u00e9al pour votre activit\u00e9, parmi 7 modes diff\u00e9rents (dont 2 modes de vision nocturne LED) : haut, bas, large, large-basse (dim), rouge, rouge clignotant et vert. Utilisez le mode de vision nocturne rouge pour mieux voir dans l'obscurit\u00e9, et voyez facilement si la batterie est faible gr\u00e2ce \u00e0 l'indicateur rouge de batterie faible. Vous pouvez m\u00eame minimiser l'\u00e9blouissement des passants en augmentant lentement l'intensit\u00e9 de la lumi\u00e8re, gr\u00e2ce \u00e0 la fonction VisionGuard. Le design pratique de la lampe frontale Energizer Vision Ultra HD LED et sa construction durable et r\u00e9sistante \u00e0 l'eau offrent un confort et une polyvalence optimaux. Son bandeau r\u00e9glable, sa t\u00eate pivotante et sa lentille incassable en font une option confortable pour toute aventure en int\u00e9rieur ou en ext\u00e9rieur. Pionnier de l'\u00e9clairage portable depuis plus de 120 ans, Energizer a lanc\u00e9 la premi\u00e8re torche \u00e9tanche au monde en 1970. Energizer facilite l'\u00e9clairage de votre chemin.","og_url":"https:\/\/energizer.com\/eu\/france\/product\/energizer-vision-450-ultra-headlight\/","og_site_name":"France","article_modified_time":"2024-08-24T04:57:26+00:00","twitter_card":"summary_large_image","schema":{"@context":"https:\/\/schema.org","@graph":[{"@type":"WebPage","@id":"https:\/\/energizer.com\/eu\/france\/product\/energizer-vision-450-ultra-headlight\/","url":"https:\/\/energizer.com\/eu\/france\/product\/energizer-vision-450-ultra-headlight\/","name":"Energizer VISION 450 ULTRA Headlight - France","isPartOf":{"@id":"https:\/\/energizer.com\/eu\/france\/#website"},"datePublished":"2024-06-03T05:16:45+00:00","dateModified":"2024-08-24T04:57:26+00:00","breadcrumb":{"@id":"https:\/\/energizer.com\/eu\/france\/product\/energizer-vision-450-ultra-headlight\/#breadcrumb"},"inLanguage":"en-US","potentialAction":[{"@type":"ReadAction","target":["https:\/\/energizer.com\/eu\/france\/product\/energizer-vision-450-ultra-headlight\/"]}]},{"@type":"BreadcrumbList","@id":"https:\/\/energizer.com\/eu\/france\/product\/energizer-vision-450-ultra-headlight\/#breadcrumb","itemListElement":[{"@type":"ListItem","position":1,"name":"Home","item":"https:\/\/energizer.com\/eu\/france\/"},{"@type":"ListItem","position":2,"name":"Energizer VISION 450 ULTRA Headlight"}]},{"@type":"WebSite","@id":"https:\/\/energizer.com\/eu\/france\/#website","url":"https:\/\/energizer.com\/eu\/france\/","name":"Energizer France","description":"","publisher":{"@id":"https:\/\/energizer.com\/eu\/france\/#organization"},"potentialAction":[{"@type":"SearchAction","target":{"@type":"EntryPoint","urlTemplate":"https:\/\/energizer.com\/eu\/france\/?s={search_term_string}"},"query-input":{"@type":"PropertyValueSpecification","valueRequired":true,"valueName":"search_term_string"}}],"inLanguage":"en-US"},{"@type":"Organization","@id":"https:\/\/energizer.com\/eu\/france\/#organization","name":"Energizer France","url":"https:\/\/energizer.com\/eu\/france\/","logo":{"@type":"ImageObject","inLanguage":"en-US","@id":"https:\/\/energizer.com\/eu\/france\/#\/schema\/logo\/image\/","url":"https:\/\/energizer.com\/eu\/france\/wp-content\/uploads\/sites\/8\/2024\/04\/Energizer_brand.png","contentUrl":"https:\/\/energizer.com\/eu\/france\/wp-content\/uploads\/sites\/8\/2024\/04\/Energizer_brand.png","width":267,"height":100,"caption":"Energizer France"},"image":{"@id":"https:\/\/energizer.com\/eu\/france\/#\/schema\/logo\/image\/"}}]}},"_links":{"self":[{"href":"https:\/\/energizer.com\/eu\/france\/wp-json\/wp\/v2\/product\/7446","targetHints":{"allow":["GET"]}}],"collection":[{"href":"https:\/\/energizer.com\/eu\/france\/wp-json\/wp\/v2\/product"}],"about":[{"href":"https:\/\/energizer.com\/eu\/france\/wp-json\/wp\/v2\/types\/product"}],"replies":[{"embeddable":true,"href":"https:\/\/energizer.com\/eu\/france\/wp-json\/wp\/v2\/comments?post=7446"}],"version-history":[{"count":4,"href":"https:\/\/energizer.com\/eu\/france\/wp-json\/wp\/v2\/product\/7446\/revisions"}],"predecessor-version":[{"id":9722,"href":"https:\/\/energizer.com\/eu\/france\/wp-json\/wp\/v2\/product\/7446\/revisions\/9722"}],"wp:attachment":[{"href":"https:\/\/energizer.com\/eu\/france\/wp-json\/wp\/v2\/media?parent=7446"}],"wp:term":[{"taxonomy":"product_brand","embeddable":true,"href":"https:\/\/energizer.com\/eu\/france\/wp-json\/wp\/v2\/product_brand?post=7446"},{"taxonomy":"product_cat","embeddable":true,"href":"https:\/\/energizer.com\/eu\/france\/wp-json\/wp\/v2\/product_cat?post=7446"},{"taxonomy":"product_tag","embeddable":true,"href":"https:\/\/energizer.com\/eu\/france\/wp-json\/wp\/v2\/product_tag?post=7446"}],"curies":[{"name":"wp","href":"https:\/\/api.w.org\/{rel}","templated":true}]}}