{"id":7448,"date":"2024-06-03T05:16:45","date_gmt":"2024-06-03T05:16:45","guid":{"rendered":"https:\/\/23b13e8ab3.nxcli.io\/france\/?post_type=product&#038;p=7448"},"modified":"2024-08-24T04:52:49","modified_gmt":"2024-08-24T04:52:49","slug":"energizer-rechargeable-torch","status":"publish","type":"product","link":"https:\/\/energizer.com\/eu\/france\/product\/energizer-rechargeable-torch\/","title":{"rendered":"Energizer Rechargeable Torch"},"content":{"rendered":"<ul>\n<li>Torche m\u00e9tallique rechargeable Energizer Vision HD avec mise au point num\u00e9rique et c\u00e2ble de chargement USB bidirectionnel<\/li>\n<li>Torche super lumineuse : Cette torche rechargeable \u00e0 LED de 1200 lumens offre une luminosit\u00e9 exceptionnelle et de hautes performances, vous permettant de voir jusqu&#8217;\u00e0 200 m\u00e8tres<\/li>\n<li>Mise au point num\u00e9rique : Excellent contr\u00f4le du faisceau et utilisation facile d&#8217;une seule main<\/li>\n<li>Alimentation rechargeable : cette lampe de poche en m\u00e9tal est dot\u00e9e de ports d&#8217;entr\u00e9e et de sortie USB, ce qui permet de recharger d&#8217;autres appareils, ainsi que la lampe elle-m\u00eame<\/li>\n<li>Construction durable : Le corps robuste en aluminium de qualit\u00e9 a\u00e9ronautique et la construction IPX4 offrent une protection contre les dommages et les \u00e9claboussures<\/li>\n<li>Heures d&#8217;autonomie : La torche haute puissance peut briller jusqu&#8217;\u00e0 8 heures en mode bas<\/li>\n<li>Technologie MAX-VIZ fiable : La puissante technologie Energizer reproduit la lumi\u00e8re du jour pour une vision haute d\u00e9finition sur laquelle vous pouvez compter<\/li>\n<\/ul>\n","protected":false},"excerpt":{"rendered":"<p>Illuminez votre environnement sans effort gr\u00e2ce \u00e0 cette torche tr\u00e8s performante et tr\u00e8s lumineuse. La torche m\u00e9tallique rechargeable Energizer Vision HD offre une luminosit\u00e9 exceptionnelle, que vous partiez \u00e0 l&#8217;aventure ou que vous vous pr\u00e9pariez \u00e0 des situations d&#8217;urgence \u00e0 la maison. Id\u00e9ale pour le camping, le bricolage ou les coupures de courant \u00e0 la maison, votre torche Energizer est l\u00e0 pour vous aider \u00e0 trouver votre chemin dans l&#8217;obscurit\u00e9. Cette torche LED rechargeable de 1200 lumens \u00e9clairera les espaces les plus sombres, jusqu&#8217;\u00e0 200 m\u00e8tres en mode haut. La fonction Digital Focus vous permet de contr\u00f4ler le faisceau d&#8217;une seule main et de passer en douceur d&#8217;une lumi\u00e8re vive \u00e0 une lumi\u00e8re large.<\/p>\n","protected":false},"featured_media":0,"comment_status":"open","ping_status":"closed","template":"","meta":{"_acf_changed":false},"product_brand":[],"product_cat":[97],"product_tag":[],"class_list":{"0":"post-7448","1":"product","2":"type-product","3":"status-publish","5":"product_cat-handheld","6":"pa_uses-outdoor","8":"first","9":"instock","10":"shipping-taxable","11":"product-type-simple"},"acf":[],"yoast_head":"<!-- This site is optimized with the Yoast SEO plugin v27.4 - https:\/\/yoast.com\/product\/yoast-seo-wordpress\/ -->\n<title>Energizer Rechargeable Torch - France<\/title>\n<meta name=\"robots\" content=\"index, follow, max-snippet:-1, max-image-preview:large, max-video-preview:-1\" \/>\n<link rel=\"canonical\" href=\"https:\/\/energizer.com\/eu\/france\/product\/energizer-rechargeable-torch\/\" \/>\n<meta property=\"og:locale\" content=\"en_US\" \/>\n<meta property=\"og:type\" content=\"article\" \/>\n<meta property=\"og:title\" content=\"Energizer Rechargeable Torch - France\" \/>\n<meta property=\"og:description\" content=\"Illuminez votre environnement sans effort gr\u00e2ce \u00e0 cette torche tr\u00e8s performante et tr\u00e8s lumineuse. La torche m\u00e9tallique rechargeable Energizer Vision HD offre une luminosit\u00e9 exceptionnelle, que vous partiez \u00e0 l&#039;aventure ou que vous vous pr\u00e9pariez \u00e0 des situations d&#039;urgence \u00e0 la maison. Id\u00e9ale pour le camping, le bricolage ou les coupures de courant \u00e0 la maison, votre torche Energizer est l\u00e0 pour vous aider \u00e0 trouver votre chemin dans l&#039;obscurit\u00e9. Cette torche LED rechargeable de 1200 lumens \u00e9clairera les espaces les plus sombres, jusqu&#039;\u00e0 200 m\u00e8tres en mode haut. La fonction Digital Focus vous permet de contr\u00f4ler le faisceau d&#039;une seule main et de passer en douceur d&#039;une lumi\u00e8re vive \u00e0 une lumi\u00e8re large.\" \/>\n<meta property=\"og:url\" content=\"https:\/\/energizer.com\/eu\/france\/product\/energizer-rechargeable-torch\/\" \/>\n<meta property=\"og:site_name\" content=\"France\" \/>\n<meta property=\"article:modified_time\" content=\"2024-08-24T04:52:49+00:00\" \/>\n<meta name=\"twitter:card\" content=\"summary_large_image\" \/>\n<script type=\"application\/ld+json\" class=\"yoast-schema-graph\">{\"@context\":\"https:\\\/\\\/schema.org\",\"@graph\":[{\"@type\":\"WebPage\",\"@id\":\"https:\\\/\\\/energizer.com\\\/eu\\\/france\\\/product\\\/energizer-rechargeable-torch\\\/\",\"url\":\"https:\\\/\\\/energizer.com\\\/eu\\\/france\\\/product\\\/energizer-rechargeable-torch\\\/\",\"name\":\"Energizer Rechargeable Torch - France\",\"isPartOf\":{\"@id\":\"https:\\\/\\\/energizer.com\\\/eu\\\/france\\\/#website\"},\"datePublished\":\"2024-06-03T05:16:45+00:00\",\"dateModified\":\"2024-08-24T04:52:49+00:00\",\"breadcrumb\":{\"@id\":\"https:\\\/\\\/energizer.com\\\/eu\\\/france\\\/product\\\/energizer-rechargeable-torch\\\/#breadcrumb\"},\"inLanguage\":\"en-US\",\"potentialAction\":[{\"@type\":\"ReadAction\",\"target\":[\"https:\\\/\\\/energizer.com\\\/eu\\\/france\\\/product\\\/energizer-rechargeable-torch\\\/\"]}]},{\"@type\":\"BreadcrumbList\",\"@id\":\"https:\\\/\\\/energizer.com\\\/eu\\\/france\\\/product\\\/energizer-rechargeable-torch\\\/#breadcrumb\",\"itemListElement\":[{\"@type\":\"ListItem\",\"position\":1,\"name\":\"Home\",\"item\":\"https:\\\/\\\/energizer.com\\\/eu\\\/france\\\/\"},{\"@type\":\"ListItem\",\"position\":2,\"name\":\"Energizer Rechargeable Torch\"}]},{\"@type\":\"WebSite\",\"@id\":\"https:\\\/\\\/energizer.com\\\/eu\\\/france\\\/#website\",\"url\":\"https:\\\/\\\/energizer.com\\\/eu\\\/france\\\/\",\"name\":\"Energizer France\",\"description\":\"\",\"publisher\":{\"@id\":\"https:\\\/\\\/energizer.com\\\/eu\\\/france\\\/#organization\"},\"potentialAction\":[{\"@type\":\"SearchAction\",\"target\":{\"@type\":\"EntryPoint\",\"urlTemplate\":\"https:\\\/\\\/energizer.com\\\/eu\\\/france\\\/?s={search_term_string}\"},\"query-input\":{\"@type\":\"PropertyValueSpecification\",\"valueRequired\":true,\"valueName\":\"search_term_string\"}}],\"inLanguage\":\"en-US\"},{\"@type\":\"Organization\",\"@id\":\"https:\\\/\\\/energizer.com\\\/eu\\\/france\\\/#organization\",\"name\":\"Energizer France\",\"url\":\"https:\\\/\\\/energizer.com\\\/eu\\\/france\\\/\",\"logo\":{\"@type\":\"ImageObject\",\"inLanguage\":\"en-US\",\"@id\":\"https:\\\/\\\/energizer.com\\\/eu\\\/france\\\/#\\\/schema\\\/logo\\\/image\\\/\",\"url\":\"https:\\\/\\\/energizer.com\\\/eu\\\/france\\\/wp-content\\\/uploads\\\/sites\\\/8\\\/2024\\\/04\\\/Energizer_brand.png\",\"contentUrl\":\"https:\\\/\\\/energizer.com\\\/eu\\\/france\\\/wp-content\\\/uploads\\\/sites\\\/8\\\/2024\\\/04\\\/Energizer_brand.png\",\"width\":267,\"height\":100,\"caption\":\"Energizer France\"},\"image\":{\"@id\":\"https:\\\/\\\/energizer.com\\\/eu\\\/france\\\/#\\\/schema\\\/logo\\\/image\\\/\"}}]}<\/script>\n<!-- \/ Yoast SEO plugin. -->","yoast_head_json":{"title":"Energizer Rechargeable Torch - France","robots":{"index":"index","follow":"follow","max-snippet":"max-snippet:-1","max-image-preview":"max-image-preview:large","max-video-preview":"max-video-preview:-1"},"canonical":"https:\/\/energizer.com\/eu\/france\/product\/energizer-rechargeable-torch\/","og_locale":"en_US","og_type":"article","og_title":"Energizer Rechargeable Torch - France","og_description":"Illuminez votre environnement sans effort gr\u00e2ce \u00e0 cette torche tr\u00e8s performante et tr\u00e8s lumineuse. La torche m\u00e9tallique rechargeable Energizer Vision HD offre une luminosit\u00e9 exceptionnelle, que vous partiez \u00e0 l'aventure ou que vous vous pr\u00e9pariez \u00e0 des situations d'urgence \u00e0 la maison. Id\u00e9ale pour le camping, le bricolage ou les coupures de courant \u00e0 la maison, votre torche Energizer est l\u00e0 pour vous aider \u00e0 trouver votre chemin dans l'obscurit\u00e9. Cette torche LED rechargeable de 1200 lumens \u00e9clairera les espaces les plus sombres, jusqu'\u00e0 200 m\u00e8tres en mode haut. La fonction Digital Focus vous permet de contr\u00f4ler le faisceau d'une seule main et de passer en douceur d'une lumi\u00e8re vive \u00e0 une lumi\u00e8re large.","og_url":"https:\/\/energizer.com\/eu\/france\/product\/energizer-rechargeable-torch\/","og_site_name":"France","article_modified_time":"2024-08-24T04:52:49+00:00","twitter_card":"summary_large_image","schema":{"@context":"https:\/\/schema.org","@graph":[{"@type":"WebPage","@id":"https:\/\/energizer.com\/eu\/france\/product\/energizer-rechargeable-torch\/","url":"https:\/\/energizer.com\/eu\/france\/product\/energizer-rechargeable-torch\/","name":"Energizer Rechargeable Torch - France","isPartOf":{"@id":"https:\/\/energizer.com\/eu\/france\/#website"},"datePublished":"2024-06-03T05:16:45+00:00","dateModified":"2024-08-24T04:52:49+00:00","breadcrumb":{"@id":"https:\/\/energizer.com\/eu\/france\/product\/energizer-rechargeable-torch\/#breadcrumb"},"inLanguage":"en-US","potentialAction":[{"@type":"ReadAction","target":["https:\/\/energizer.com\/eu\/france\/product\/energizer-rechargeable-torch\/"]}]},{"@type":"BreadcrumbList","@id":"https:\/\/energizer.com\/eu\/france\/product\/energizer-rechargeable-torch\/#breadcrumb","itemListElement":[{"@type":"ListItem","position":1,"name":"Home","item":"https:\/\/energizer.com\/eu\/france\/"},{"@type":"ListItem","position":2,"name":"Energizer Rechargeable Torch"}]},{"@type":"WebSite","@id":"https:\/\/energizer.com\/eu\/france\/#website","url":"https:\/\/energizer.com\/eu\/france\/","name":"Energizer France","description":"","publisher":{"@id":"https:\/\/energizer.com\/eu\/france\/#organization"},"potentialAction":[{"@type":"SearchAction","target":{"@type":"EntryPoint","urlTemplate":"https:\/\/energizer.com\/eu\/france\/?s={search_term_string}"},"query-input":{"@type":"PropertyValueSpecification","valueRequired":true,"valueName":"search_term_string"}}],"inLanguage":"en-US"},{"@type":"Organization","@id":"https:\/\/energizer.com\/eu\/france\/#organization","name":"Energizer France","url":"https:\/\/energizer.com\/eu\/france\/","logo":{"@type":"ImageObject","inLanguage":"en-US","@id":"https:\/\/energizer.com\/eu\/france\/#\/schema\/logo\/image\/","url":"https:\/\/energizer.com\/eu\/france\/wp-content\/uploads\/sites\/8\/2024\/04\/Energizer_brand.png","contentUrl":"https:\/\/energizer.com\/eu\/france\/wp-content\/uploads\/sites\/8\/2024\/04\/Energizer_brand.png","width":267,"height":100,"caption":"Energizer France"},"image":{"@id":"https:\/\/energizer.com\/eu\/france\/#\/schema\/logo\/image\/"}}]}},"_links":{"self":[{"href":"https:\/\/energizer.com\/eu\/france\/wp-json\/wp\/v2\/product\/7448","targetHints":{"allow":["GET"]}}],"collection":[{"href":"https:\/\/energizer.com\/eu\/france\/wp-json\/wp\/v2\/product"}],"about":[{"href":"https:\/\/energizer.com\/eu\/france\/wp-json\/wp\/v2\/types\/product"}],"replies":[{"embeddable":true,"href":"https:\/\/energizer.com\/eu\/france\/wp-json\/wp\/v2\/comments?post=7448"}],"version-history":[{"count":4,"href":"https:\/\/energizer.com\/eu\/france\/wp-json\/wp\/v2\/product\/7448\/revisions"}],"predecessor-version":[{"id":8160,"href":"https:\/\/energizer.com\/eu\/france\/wp-json\/wp\/v2\/product\/7448\/revisions\/8160"}],"wp:attachment":[{"href":"https:\/\/energizer.com\/eu\/france\/wp-json\/wp\/v2\/media?parent=7448"}],"wp:term":[{"taxonomy":"product_brand","embeddable":true,"href":"https:\/\/energizer.com\/eu\/france\/wp-json\/wp\/v2\/product_brand?post=7448"},{"taxonomy":"product_cat","embeddable":true,"href":"https:\/\/energizer.com\/eu\/france\/wp-json\/wp\/v2\/product_cat?post=7448"},{"taxonomy":"product_tag","embeddable":true,"href":"https:\/\/energizer.com\/eu\/france\/wp-json\/wp\/v2\/product_tag?post=7448"}],"curies":[{"name":"wp","href":"https:\/\/api.w.org\/{rel}","templated":true}]}}