{"id":7451,"date":"2024-06-03T05:16:45","date_gmt":"2024-06-03T05:16:45","guid":{"rendered":"https:\/\/23b13e8ab3.nxcli.io\/france\/?post_type=product&#038;p=7451"},"modified":"2024-08-24T04:52:56","modified_gmt":"2024-08-24T04:52:56","slug":"energizer-tactical-rechargeable-1200-torch","status":"publish","type":"product","link":"https:\/\/energizer.com\/eu\/france\/product\/energizer-tactical-rechargeable-1200-torch\/","title":{"rendered":"Energizer Tactical Rechargeable 1200 Torch"},"content":{"rendered":"<ul>\n<li>Lampe tactique rechargeable grand format en m\u00e9tal<\/li>\n<li>Recharge par c\u00e2ble USB (inclus)<\/li>\n<li>Recharge d&#8217;autres appareils (port USB en dehors)<\/li>\n<li>1 200 lumens<\/li>\n<li>T\u00eate de la lunette de frappe<\/li>\n<li>Bouton poussoir \u00e0 l&#8217;arri\u00e8re pour une utilisation d&#8217;une seule main<\/li>\n<\/ul>\n","protected":false},"excerpt":{"rendered":"<p>La lampe tactique rechargeable Energizer 1200 offre des performances \u00e9lev\u00e9es dans une construction durable et fiable. Avec des caract\u00e9ristiques telles que le bouton-poussoir arri\u00e8re, le mode stroboscopique d&#8217;urgence et l&#8217;aluminium a\u00e9ronautique durable, cette lampe tactique est un excellent premier choix pour apporter de la s\u00e9curit\u00e9 dans toute situation sombre. Sa luminosit\u00e9 puissante et son mode stroboscopique d&#8217;urgence vous aideront \u00e0 faire face aux situations d&#8217;urgence. Elle peut \u00eatre recharg\u00e9e via un port USB et peut \u00e9galement recharger d&#8217;autres appareils tels que les smartphones, ce qui vous permet de ne jamais \u00eatre \u00e0 court d&#8217;\u00e9nergie.<\/p>\n","protected":false},"featured_media":0,"comment_status":"open","ping_status":"closed","template":"","meta":{"_acf_changed":false},"product_brand":[],"product_cat":[97],"product_tag":[],"class_list":{"0":"post-7451","1":"product","2":"type-product","3":"status-publish","5":"product_cat-handheld","6":"pa_uses-outdoor","8":"first","9":"instock","10":"shipping-taxable","11":"product-type-simple"},"acf":[],"yoast_head":"<!-- This site is optimized with the Yoast SEO plugin v27.4 - https:\/\/yoast.com\/product\/yoast-seo-wordpress\/ -->\n<title>Energizer Tactical Rechargeable 1200 Torch - France<\/title>\n<meta name=\"robots\" content=\"index, follow, max-snippet:-1, max-image-preview:large, max-video-preview:-1\" \/>\n<link rel=\"canonical\" href=\"https:\/\/energizer.com\/eu\/france\/product\/energizer-tactical-rechargeable-1200-torch\/\" \/>\n<meta property=\"og:locale\" content=\"en_US\" \/>\n<meta property=\"og:type\" content=\"article\" \/>\n<meta property=\"og:title\" content=\"Energizer Tactical Rechargeable 1200 Torch - France\" \/>\n<meta property=\"og:description\" content=\"La lampe tactique rechargeable Energizer 1200 offre des performances \u00e9lev\u00e9es dans une construction durable et fiable. Avec des caract\u00e9ristiques telles que le bouton-poussoir arri\u00e8re, le mode stroboscopique d&#039;urgence et l&#039;aluminium a\u00e9ronautique durable, cette lampe tactique est un excellent premier choix pour apporter de la s\u00e9curit\u00e9 dans toute situation sombre. Sa luminosit\u00e9 puissante et son mode stroboscopique d&#039;urgence vous aideront \u00e0 faire face aux situations d&#039;urgence. Elle peut \u00eatre recharg\u00e9e via un port USB et peut \u00e9galement recharger d&#039;autres appareils tels que les smartphones, ce qui vous permet de ne jamais \u00eatre \u00e0 court d&#039;\u00e9nergie.\" \/>\n<meta property=\"og:url\" content=\"https:\/\/energizer.com\/eu\/france\/product\/energizer-tactical-rechargeable-1200-torch\/\" \/>\n<meta property=\"og:site_name\" content=\"France\" \/>\n<meta property=\"article:modified_time\" content=\"2024-08-24T04:52:56+00:00\" \/>\n<meta name=\"twitter:card\" content=\"summary_large_image\" \/>\n<script type=\"application\/ld+json\" class=\"yoast-schema-graph\">{\"@context\":\"https:\\\/\\\/schema.org\",\"@graph\":[{\"@type\":\"WebPage\",\"@id\":\"https:\\\/\\\/energizer.com\\\/eu\\\/france\\\/product\\\/energizer-tactical-rechargeable-1200-torch\\\/\",\"url\":\"https:\\\/\\\/energizer.com\\\/eu\\\/france\\\/product\\\/energizer-tactical-rechargeable-1200-torch\\\/\",\"name\":\"Energizer Tactical Rechargeable 1200 Torch - France\",\"isPartOf\":{\"@id\":\"https:\\\/\\\/energizer.com\\\/eu\\\/france\\\/#website\"},\"datePublished\":\"2024-06-03T05:16:45+00:00\",\"dateModified\":\"2024-08-24T04:52:56+00:00\",\"breadcrumb\":{\"@id\":\"https:\\\/\\\/energizer.com\\\/eu\\\/france\\\/product\\\/energizer-tactical-rechargeable-1200-torch\\\/#breadcrumb\"},\"inLanguage\":\"en-US\",\"potentialAction\":[{\"@type\":\"ReadAction\",\"target\":[\"https:\\\/\\\/energizer.com\\\/eu\\\/france\\\/product\\\/energizer-tactical-rechargeable-1200-torch\\\/\"]}]},{\"@type\":\"BreadcrumbList\",\"@id\":\"https:\\\/\\\/energizer.com\\\/eu\\\/france\\\/product\\\/energizer-tactical-rechargeable-1200-torch\\\/#breadcrumb\",\"itemListElement\":[{\"@type\":\"ListItem\",\"position\":1,\"name\":\"Home\",\"item\":\"https:\\\/\\\/energizer.com\\\/eu\\\/france\\\/\"},{\"@type\":\"ListItem\",\"position\":2,\"name\":\"Energizer Tactical Rechargeable 1200 Torch\"}]},{\"@type\":\"WebSite\",\"@id\":\"https:\\\/\\\/energizer.com\\\/eu\\\/france\\\/#website\",\"url\":\"https:\\\/\\\/energizer.com\\\/eu\\\/france\\\/\",\"name\":\"Energizer France\",\"description\":\"\",\"publisher\":{\"@id\":\"https:\\\/\\\/energizer.com\\\/eu\\\/france\\\/#organization\"},\"potentialAction\":[{\"@type\":\"SearchAction\",\"target\":{\"@type\":\"EntryPoint\",\"urlTemplate\":\"https:\\\/\\\/energizer.com\\\/eu\\\/france\\\/?s={search_term_string}\"},\"query-input\":{\"@type\":\"PropertyValueSpecification\",\"valueRequired\":true,\"valueName\":\"search_term_string\"}}],\"inLanguage\":\"en-US\"},{\"@type\":\"Organization\",\"@id\":\"https:\\\/\\\/energizer.com\\\/eu\\\/france\\\/#organization\",\"name\":\"Energizer France\",\"url\":\"https:\\\/\\\/energizer.com\\\/eu\\\/france\\\/\",\"logo\":{\"@type\":\"ImageObject\",\"inLanguage\":\"en-US\",\"@id\":\"https:\\\/\\\/energizer.com\\\/eu\\\/france\\\/#\\\/schema\\\/logo\\\/image\\\/\",\"url\":\"https:\\\/\\\/energizer.com\\\/eu\\\/france\\\/wp-content\\\/uploads\\\/sites\\\/8\\\/2024\\\/04\\\/Energizer_brand.png\",\"contentUrl\":\"https:\\\/\\\/energizer.com\\\/eu\\\/france\\\/wp-content\\\/uploads\\\/sites\\\/8\\\/2024\\\/04\\\/Energizer_brand.png\",\"width\":267,\"height\":100,\"caption\":\"Energizer France\"},\"image\":{\"@id\":\"https:\\\/\\\/energizer.com\\\/eu\\\/france\\\/#\\\/schema\\\/logo\\\/image\\\/\"}}]}<\/script>\n<!-- \/ Yoast SEO plugin. -->","yoast_head_json":{"title":"Energizer Tactical Rechargeable 1200 Torch - France","robots":{"index":"index","follow":"follow","max-snippet":"max-snippet:-1","max-image-preview":"max-image-preview:large","max-video-preview":"max-video-preview:-1"},"canonical":"https:\/\/energizer.com\/eu\/france\/product\/energizer-tactical-rechargeable-1200-torch\/","og_locale":"en_US","og_type":"article","og_title":"Energizer Tactical Rechargeable 1200 Torch - France","og_description":"La lampe tactique rechargeable Energizer 1200 offre des performances \u00e9lev\u00e9es dans une construction durable et fiable. Avec des caract\u00e9ristiques telles que le bouton-poussoir arri\u00e8re, le mode stroboscopique d'urgence et l'aluminium a\u00e9ronautique durable, cette lampe tactique est un excellent premier choix pour apporter de la s\u00e9curit\u00e9 dans toute situation sombre. Sa luminosit\u00e9 puissante et son mode stroboscopique d'urgence vous aideront \u00e0 faire face aux situations d'urgence. Elle peut \u00eatre recharg\u00e9e via un port USB et peut \u00e9galement recharger d'autres appareils tels que les smartphones, ce qui vous permet de ne jamais \u00eatre \u00e0 court d'\u00e9nergie.","og_url":"https:\/\/energizer.com\/eu\/france\/product\/energizer-tactical-rechargeable-1200-torch\/","og_site_name":"France","article_modified_time":"2024-08-24T04:52:56+00:00","twitter_card":"summary_large_image","schema":{"@context":"https:\/\/schema.org","@graph":[{"@type":"WebPage","@id":"https:\/\/energizer.com\/eu\/france\/product\/energizer-tactical-rechargeable-1200-torch\/","url":"https:\/\/energizer.com\/eu\/france\/product\/energizer-tactical-rechargeable-1200-torch\/","name":"Energizer Tactical Rechargeable 1200 Torch - France","isPartOf":{"@id":"https:\/\/energizer.com\/eu\/france\/#website"},"datePublished":"2024-06-03T05:16:45+00:00","dateModified":"2024-08-24T04:52:56+00:00","breadcrumb":{"@id":"https:\/\/energizer.com\/eu\/france\/product\/energizer-tactical-rechargeable-1200-torch\/#breadcrumb"},"inLanguage":"en-US","potentialAction":[{"@type":"ReadAction","target":["https:\/\/energizer.com\/eu\/france\/product\/energizer-tactical-rechargeable-1200-torch\/"]}]},{"@type":"BreadcrumbList","@id":"https:\/\/energizer.com\/eu\/france\/product\/energizer-tactical-rechargeable-1200-torch\/#breadcrumb","itemListElement":[{"@type":"ListItem","position":1,"name":"Home","item":"https:\/\/energizer.com\/eu\/france\/"},{"@type":"ListItem","position":2,"name":"Energizer Tactical Rechargeable 1200 Torch"}]},{"@type":"WebSite","@id":"https:\/\/energizer.com\/eu\/france\/#website","url":"https:\/\/energizer.com\/eu\/france\/","name":"Energizer France","description":"","publisher":{"@id":"https:\/\/energizer.com\/eu\/france\/#organization"},"potentialAction":[{"@type":"SearchAction","target":{"@type":"EntryPoint","urlTemplate":"https:\/\/energizer.com\/eu\/france\/?s={search_term_string}"},"query-input":{"@type":"PropertyValueSpecification","valueRequired":true,"valueName":"search_term_string"}}],"inLanguage":"en-US"},{"@type":"Organization","@id":"https:\/\/energizer.com\/eu\/france\/#organization","name":"Energizer France","url":"https:\/\/energizer.com\/eu\/france\/","logo":{"@type":"ImageObject","inLanguage":"en-US","@id":"https:\/\/energizer.com\/eu\/france\/#\/schema\/logo\/image\/","url":"https:\/\/energizer.com\/eu\/france\/wp-content\/uploads\/sites\/8\/2024\/04\/Energizer_brand.png","contentUrl":"https:\/\/energizer.com\/eu\/france\/wp-content\/uploads\/sites\/8\/2024\/04\/Energizer_brand.png","width":267,"height":100,"caption":"Energizer France"},"image":{"@id":"https:\/\/energizer.com\/eu\/france\/#\/schema\/logo\/image\/"}}]}},"_links":{"self":[{"href":"https:\/\/energizer.com\/eu\/france\/wp-json\/wp\/v2\/product\/7451","targetHints":{"allow":["GET"]}}],"collection":[{"href":"https:\/\/energizer.com\/eu\/france\/wp-json\/wp\/v2\/product"}],"about":[{"href":"https:\/\/energizer.com\/eu\/france\/wp-json\/wp\/v2\/types\/product"}],"replies":[{"embeddable":true,"href":"https:\/\/energizer.com\/eu\/france\/wp-json\/wp\/v2\/comments?post=7451"}],"version-history":[{"count":3,"href":"https:\/\/energizer.com\/eu\/france\/wp-json\/wp\/v2\/product\/7451\/revisions"}],"predecessor-version":[{"id":8165,"href":"https:\/\/energizer.com\/eu\/france\/wp-json\/wp\/v2\/product\/7451\/revisions\/8165"}],"wp:attachment":[{"href":"https:\/\/energizer.com\/eu\/france\/wp-json\/wp\/v2\/media?parent=7451"}],"wp:term":[{"taxonomy":"product_brand","embeddable":true,"href":"https:\/\/energizer.com\/eu\/france\/wp-json\/wp\/v2\/product_brand?post=7451"},{"taxonomy":"product_cat","embeddable":true,"href":"https:\/\/energizer.com\/eu\/france\/wp-json\/wp\/v2\/product_cat?post=7451"},{"taxonomy":"product_tag","embeddable":true,"href":"https:\/\/energizer.com\/eu\/france\/wp-json\/wp\/v2\/product_tag?post=7451"}],"curies":[{"name":"wp","href":"https:\/\/api.w.org\/{rel}","templated":true}]}}