{"id":7452,"date":"2024-06-03T05:16:46","date_gmt":"2024-06-03T05:16:46","guid":{"rendered":"https:\/\/23b13e8ab3.nxcli.io\/france\/?post_type=product&#038;p=7452"},"modified":"2024-08-24T04:52:33","modified_gmt":"2024-08-24T04:52:33","slug":"energizer-vision-hd-metal-9aa","status":"publish","type":"product","link":"https:\/\/energizer.com\/eu\/france\/product\/energizer-vision-hd-metal-9aa\/","title":{"rendered":"Energizer Vision HD Metal 9AA"},"content":{"rendered":"<ul>\n<li>Puissant appareil portatif en m\u00e9tal de grande taille<\/li>\n<li>Modes multiples et mise au point num\u00e9rique pour une plus grande polyvalence<\/li>\n<li>2 000 lumens &#8211; la torche la plus puissante \u00e0 ce jour<\/li>\n<li>Aliment\u00e9e par des piles 9AA<\/li>\n<li>Aluminium de qualit\u00e9 a\u00e9ronautique &#8211; Solide<\/li>\n<\/ul>\n","protected":false},"excerpt":{"rendered":"<p>La derni\u00e8re nouveaut\u00e9 de la gamme Metal Vision HD, qui \u00e9tablit une nouvelle norme de performance parmi les torches m\u00e9talliques concurrentes. La Metal 9AA est une puissante torche portative en m\u00e9tal de grande taille, id\u00e9ale pour apporter de la s\u00e9curit\u00e9 dans toutes les situations d&#8217;obscurit\u00e9. Elle est aliment\u00e9e par des piles 9AA, ce qui lui conf\u00e8re une capacit\u00e9 de 2 000 lumens. Fabriqu\u00e9e en aluminium de qualit\u00e9 a\u00e9ronautique, elle offre plusieurs modes ainsi qu&#8217;une mise au point num\u00e9rique pour une plus grande polyvalence.<\/p>\n","protected":false},"featured_media":0,"comment_status":"open","ping_status":"closed","template":"","meta":{"_acf_changed":false},"product_brand":[],"product_cat":[97],"product_tag":[],"class_list":{"0":"post-7452","1":"product","2":"type-product","3":"status-publish","5":"product_cat-handheld","6":"pa_uses-outdoor","8":"first","9":"instock","10":"shipping-taxable","11":"product-type-simple"},"acf":[],"yoast_head":"<!-- This site is optimized with the Yoast SEO plugin v27.4 - https:\/\/yoast.com\/product\/yoast-seo-wordpress\/ -->\n<title>Energizer Vision HD Metal 9AA - France<\/title>\n<meta name=\"robots\" content=\"index, follow, max-snippet:-1, max-image-preview:large, max-video-preview:-1\" \/>\n<link rel=\"canonical\" href=\"https:\/\/energizer.com\/eu\/france\/product\/energizer-vision-hd-metal-9aa\/\" \/>\n<meta property=\"og:locale\" content=\"en_US\" \/>\n<meta property=\"og:type\" content=\"article\" \/>\n<meta property=\"og:title\" content=\"Energizer Vision HD Metal 9AA - France\" \/>\n<meta property=\"og:description\" content=\"La derni\u00e8re nouveaut\u00e9 de la gamme Metal Vision HD, qui \u00e9tablit une nouvelle norme de performance parmi les torches m\u00e9talliques concurrentes. La Metal 9AA est une puissante torche portative en m\u00e9tal de grande taille, id\u00e9ale pour apporter de la s\u00e9curit\u00e9 dans toutes les situations d&#039;obscurit\u00e9. Elle est aliment\u00e9e par des piles 9AA, ce qui lui conf\u00e8re une capacit\u00e9 de 2 000 lumens. Fabriqu\u00e9e en aluminium de qualit\u00e9 a\u00e9ronautique, elle offre plusieurs modes ainsi qu&#039;une mise au point num\u00e9rique pour une plus grande polyvalence.\" \/>\n<meta property=\"og:url\" content=\"https:\/\/energizer.com\/eu\/france\/product\/energizer-vision-hd-metal-9aa\/\" \/>\n<meta property=\"og:site_name\" content=\"France\" \/>\n<meta property=\"article:modified_time\" content=\"2024-08-24T04:52:33+00:00\" \/>\n<meta name=\"twitter:card\" content=\"summary_large_image\" \/>\n<script type=\"application\/ld+json\" class=\"yoast-schema-graph\">{\"@context\":\"https:\\\/\\\/schema.org\",\"@graph\":[{\"@type\":\"WebPage\",\"@id\":\"https:\\\/\\\/energizer.com\\\/eu\\\/france\\\/product\\\/energizer-vision-hd-metal-9aa\\\/\",\"url\":\"https:\\\/\\\/energizer.com\\\/eu\\\/france\\\/product\\\/energizer-vision-hd-metal-9aa\\\/\",\"name\":\"Energizer Vision HD Metal 9AA - France\",\"isPartOf\":{\"@id\":\"https:\\\/\\\/energizer.com\\\/eu\\\/france\\\/#website\"},\"datePublished\":\"2024-06-03T05:16:46+00:00\",\"dateModified\":\"2024-08-24T04:52:33+00:00\",\"breadcrumb\":{\"@id\":\"https:\\\/\\\/energizer.com\\\/eu\\\/france\\\/product\\\/energizer-vision-hd-metal-9aa\\\/#breadcrumb\"},\"inLanguage\":\"en-US\",\"potentialAction\":[{\"@type\":\"ReadAction\",\"target\":[\"https:\\\/\\\/energizer.com\\\/eu\\\/france\\\/product\\\/energizer-vision-hd-metal-9aa\\\/\"]}]},{\"@type\":\"BreadcrumbList\",\"@id\":\"https:\\\/\\\/energizer.com\\\/eu\\\/france\\\/product\\\/energizer-vision-hd-metal-9aa\\\/#breadcrumb\",\"itemListElement\":[{\"@type\":\"ListItem\",\"position\":1,\"name\":\"Home\",\"item\":\"https:\\\/\\\/energizer.com\\\/eu\\\/france\\\/\"},{\"@type\":\"ListItem\",\"position\":2,\"name\":\"Energizer Vision HD Metal 9AA\"}]},{\"@type\":\"WebSite\",\"@id\":\"https:\\\/\\\/energizer.com\\\/eu\\\/france\\\/#website\",\"url\":\"https:\\\/\\\/energizer.com\\\/eu\\\/france\\\/\",\"name\":\"Energizer France\",\"description\":\"\",\"publisher\":{\"@id\":\"https:\\\/\\\/energizer.com\\\/eu\\\/france\\\/#organization\"},\"potentialAction\":[{\"@type\":\"SearchAction\",\"target\":{\"@type\":\"EntryPoint\",\"urlTemplate\":\"https:\\\/\\\/energizer.com\\\/eu\\\/france\\\/?s={search_term_string}\"},\"query-input\":{\"@type\":\"PropertyValueSpecification\",\"valueRequired\":true,\"valueName\":\"search_term_string\"}}],\"inLanguage\":\"en-US\"},{\"@type\":\"Organization\",\"@id\":\"https:\\\/\\\/energizer.com\\\/eu\\\/france\\\/#organization\",\"name\":\"Energizer France\",\"url\":\"https:\\\/\\\/energizer.com\\\/eu\\\/france\\\/\",\"logo\":{\"@type\":\"ImageObject\",\"inLanguage\":\"en-US\",\"@id\":\"https:\\\/\\\/energizer.com\\\/eu\\\/france\\\/#\\\/schema\\\/logo\\\/image\\\/\",\"url\":\"https:\\\/\\\/energizer.com\\\/eu\\\/france\\\/wp-content\\\/uploads\\\/sites\\\/8\\\/2024\\\/04\\\/Energizer_brand.png\",\"contentUrl\":\"https:\\\/\\\/energizer.com\\\/eu\\\/france\\\/wp-content\\\/uploads\\\/sites\\\/8\\\/2024\\\/04\\\/Energizer_brand.png\",\"width\":267,\"height\":100,\"caption\":\"Energizer France\"},\"image\":{\"@id\":\"https:\\\/\\\/energizer.com\\\/eu\\\/france\\\/#\\\/schema\\\/logo\\\/image\\\/\"}}]}<\/script>\n<!-- \/ Yoast SEO plugin. -->","yoast_head_json":{"title":"Energizer Vision HD Metal 9AA - France","robots":{"index":"index","follow":"follow","max-snippet":"max-snippet:-1","max-image-preview":"max-image-preview:large","max-video-preview":"max-video-preview:-1"},"canonical":"https:\/\/energizer.com\/eu\/france\/product\/energizer-vision-hd-metal-9aa\/","og_locale":"en_US","og_type":"article","og_title":"Energizer Vision HD Metal 9AA - France","og_description":"La derni\u00e8re nouveaut\u00e9 de la gamme Metal Vision HD, qui \u00e9tablit une nouvelle norme de performance parmi les torches m\u00e9talliques concurrentes. La Metal 9AA est une puissante torche portative en m\u00e9tal de grande taille, id\u00e9ale pour apporter de la s\u00e9curit\u00e9 dans toutes les situations d'obscurit\u00e9. Elle est aliment\u00e9e par des piles 9AA, ce qui lui conf\u00e8re une capacit\u00e9 de 2 000 lumens. Fabriqu\u00e9e en aluminium de qualit\u00e9 a\u00e9ronautique, elle offre plusieurs modes ainsi qu'une mise au point num\u00e9rique pour une plus grande polyvalence.","og_url":"https:\/\/energizer.com\/eu\/france\/product\/energizer-vision-hd-metal-9aa\/","og_site_name":"France","article_modified_time":"2024-08-24T04:52:33+00:00","twitter_card":"summary_large_image","schema":{"@context":"https:\/\/schema.org","@graph":[{"@type":"WebPage","@id":"https:\/\/energizer.com\/eu\/france\/product\/energizer-vision-hd-metal-9aa\/","url":"https:\/\/energizer.com\/eu\/france\/product\/energizer-vision-hd-metal-9aa\/","name":"Energizer Vision HD Metal 9AA - France","isPartOf":{"@id":"https:\/\/energizer.com\/eu\/france\/#website"},"datePublished":"2024-06-03T05:16:46+00:00","dateModified":"2024-08-24T04:52:33+00:00","breadcrumb":{"@id":"https:\/\/energizer.com\/eu\/france\/product\/energizer-vision-hd-metal-9aa\/#breadcrumb"},"inLanguage":"en-US","potentialAction":[{"@type":"ReadAction","target":["https:\/\/energizer.com\/eu\/france\/product\/energizer-vision-hd-metal-9aa\/"]}]},{"@type":"BreadcrumbList","@id":"https:\/\/energizer.com\/eu\/france\/product\/energizer-vision-hd-metal-9aa\/#breadcrumb","itemListElement":[{"@type":"ListItem","position":1,"name":"Home","item":"https:\/\/energizer.com\/eu\/france\/"},{"@type":"ListItem","position":2,"name":"Energizer Vision HD Metal 9AA"}]},{"@type":"WebSite","@id":"https:\/\/energizer.com\/eu\/france\/#website","url":"https:\/\/energizer.com\/eu\/france\/","name":"Energizer France","description":"","publisher":{"@id":"https:\/\/energizer.com\/eu\/france\/#organization"},"potentialAction":[{"@type":"SearchAction","target":{"@type":"EntryPoint","urlTemplate":"https:\/\/energizer.com\/eu\/france\/?s={search_term_string}"},"query-input":{"@type":"PropertyValueSpecification","valueRequired":true,"valueName":"search_term_string"}}],"inLanguage":"en-US"},{"@type":"Organization","@id":"https:\/\/energizer.com\/eu\/france\/#organization","name":"Energizer France","url":"https:\/\/energizer.com\/eu\/france\/","logo":{"@type":"ImageObject","inLanguage":"en-US","@id":"https:\/\/energizer.com\/eu\/france\/#\/schema\/logo\/image\/","url":"https:\/\/energizer.com\/eu\/france\/wp-content\/uploads\/sites\/8\/2024\/04\/Energizer_brand.png","contentUrl":"https:\/\/energizer.com\/eu\/france\/wp-content\/uploads\/sites\/8\/2024\/04\/Energizer_brand.png","width":267,"height":100,"caption":"Energizer France"},"image":{"@id":"https:\/\/energizer.com\/eu\/france\/#\/schema\/logo\/image\/"}}]}},"_links":{"self":[{"href":"https:\/\/energizer.com\/eu\/france\/wp-json\/wp\/v2\/product\/7452","targetHints":{"allow":["GET"]}}],"collection":[{"href":"https:\/\/energizer.com\/eu\/france\/wp-json\/wp\/v2\/product"}],"about":[{"href":"https:\/\/energizer.com\/eu\/france\/wp-json\/wp\/v2\/types\/product"}],"replies":[{"embeddable":true,"href":"https:\/\/energizer.com\/eu\/france\/wp-json\/wp\/v2\/comments?post=7452"}],"version-history":[{"count":4,"href":"https:\/\/energizer.com\/eu\/france\/wp-json\/wp\/v2\/product\/7452\/revisions"}],"predecessor-version":[{"id":9717,"href":"https:\/\/energizer.com\/eu\/france\/wp-json\/wp\/v2\/product\/7452\/revisions\/9717"}],"wp:attachment":[{"href":"https:\/\/energizer.com\/eu\/france\/wp-json\/wp\/v2\/media?parent=7452"}],"wp:term":[{"taxonomy":"product_brand","embeddable":true,"href":"https:\/\/energizer.com\/eu\/france\/wp-json\/wp\/v2\/product_brand?post=7452"},{"taxonomy":"product_cat","embeddable":true,"href":"https:\/\/energizer.com\/eu\/france\/wp-json\/wp\/v2\/product_cat?post=7452"},{"taxonomy":"product_tag","embeddable":true,"href":"https:\/\/energizer.com\/eu\/france\/wp-json\/wp\/v2\/product_tag?post=7452"}],"curies":[{"name":"wp","href":"https:\/\/api.w.org\/{rel}","templated":true}]}}