{"id":7453,"date":"2024-06-03T05:16:46","date_gmt":"2024-06-03T05:16:46","guid":{"rendered":"https:\/\/23b13e8ab3.nxcli.io\/france\/?post_type=product&#038;p=7453"},"modified":"2024-08-24T04:56:17","modified_gmt":"2024-08-24T04:56:17","slug":"energizer-rechargeable-industrial-headlight","status":"publish","type":"product","link":"https:\/\/energizer.com\/eu\/france\/product\/energizer-rechargeable-industrial-headlight\/","title":{"rendered":"Energizer Rechargeable Industrial Headlight"},"content":{"rendered":"<ul>\n<li>Id\u00e9al pour les utilisateurs fr\u00e9quents et les utilisateurs soucieux de l&#8217;environnement<\/li>\n<li>Rechargeable (c\u00e2ble USB inclus)<\/li>\n<li>Technologie Energizer Smart Dimming pour contr\u00f4ler l&#8217;intensit\u00e9 lumineuse<\/li>\n<li>VisionGuard prot\u00e8ge la vision en augmentant progressivement l&#8217;intensit\u00e9 lumineuse<\/li>\n<li>LED rouges et vertes pour la vision nocturne<\/li>\n<\/ul>\n","protected":false},"excerpt":{"rendered":"<p>La lampe frontale rechargeable Energizer Vision Ultra HD offre des performances exceptionnelles dans un design compact. La lampe frontale pr\u00e9sente des caract\u00e9ristiques innovantes avec sa recharge (port USB) et la technologie Energizer Smart Dimming qui permet de contr\u00f4ler facilement l&#8217;intensit\u00e9 lumineuse. En plus des LED blanches, cette lampe poss\u00e8de des LED vertes et rouges qui pr\u00e9servent la vision nocturne pour les activit\u00e9s de plein air telles que la chasse et la p\u00eache. La technologie VisionGuard augmente progressivement l&#8217;intensit\u00e9 lumineuse afin d&#8217;\u00e9viter que l&#8217;utilisateur n&#8217;ait les yeux riv\u00e9s sur le faisceau.<\/p>\n","protected":false},"featured_media":0,"comment_status":"open","ping_status":"closed","template":"","meta":{"_acf_changed":false},"product_brand":[],"product_cat":[43],"product_tag":[],"class_list":{"0":"post-7453","1":"product","2":"type-product","3":"status-publish","5":"product_cat-hands-free","6":"pa_uses-outdoor","8":"first","9":"instock","10":"shipping-taxable","11":"product-type-simple"},"acf":[],"yoast_head":"<!-- This site is optimized with the Yoast SEO plugin v27.2 - https:\/\/yoast.com\/product\/yoast-seo-wordpress\/ -->\n<title>Energizer Rechargeable Industrial Headlight - France<\/title>\n<meta name=\"robots\" content=\"index, follow, max-snippet:-1, max-image-preview:large, max-video-preview:-1\" \/>\n<link rel=\"canonical\" href=\"https:\/\/energizer.com\/eu\/france\/product\/energizer-rechargeable-industrial-headlight\/\" \/>\n<meta property=\"og:locale\" content=\"en_US\" \/>\n<meta property=\"og:type\" content=\"article\" \/>\n<meta property=\"og:title\" content=\"Energizer Rechargeable Industrial Headlight - France\" \/>\n<meta property=\"og:description\" content=\"La lampe frontale rechargeable Energizer Vision Ultra HD offre des performances exceptionnelles dans un design compact. La lampe frontale pr\u00e9sente des caract\u00e9ristiques innovantes avec sa recharge (port USB) et la technologie Energizer Smart Dimming qui permet de contr\u00f4ler facilement l&#039;intensit\u00e9 lumineuse. En plus des LED blanches, cette lampe poss\u00e8de des LED vertes et rouges qui pr\u00e9servent la vision nocturne pour les activit\u00e9s de plein air telles que la chasse et la p\u00eache. La technologie VisionGuard augmente progressivement l&#039;intensit\u00e9 lumineuse afin d&#039;\u00e9viter que l&#039;utilisateur n&#039;ait les yeux riv\u00e9s sur le faisceau.\" \/>\n<meta property=\"og:url\" content=\"https:\/\/energizer.com\/eu\/france\/product\/energizer-rechargeable-industrial-headlight\/\" \/>\n<meta property=\"og:site_name\" content=\"France\" \/>\n<meta property=\"article:modified_time\" content=\"2024-08-24T04:56:17+00:00\" \/>\n<meta name=\"twitter:card\" content=\"summary_large_image\" \/>\n<script type=\"application\/ld+json\" class=\"yoast-schema-graph\">{\"@context\":\"https:\/\/schema.org\",\"@graph\":[{\"@type\":\"WebPage\",\"@id\":\"https:\/\/energizer.com\/eu\/france\/product\/energizer-rechargeable-industrial-headlight\/\",\"url\":\"https:\/\/energizer.com\/eu\/france\/product\/energizer-rechargeable-industrial-headlight\/\",\"name\":\"Energizer Rechargeable Industrial Headlight - France\",\"isPartOf\":{\"@id\":\"https:\/\/energizer.com\/eu\/france\/#website\"},\"datePublished\":\"2024-06-03T05:16:46+00:00\",\"dateModified\":\"2024-08-24T04:56:17+00:00\",\"breadcrumb\":{\"@id\":\"https:\/\/energizer.com\/eu\/france\/product\/energizer-rechargeable-industrial-headlight\/#breadcrumb\"},\"inLanguage\":\"en-US\",\"potentialAction\":[{\"@type\":\"ReadAction\",\"target\":[\"https:\/\/energizer.com\/eu\/france\/product\/energizer-rechargeable-industrial-headlight\/\"]}]},{\"@type\":\"BreadcrumbList\",\"@id\":\"https:\/\/energizer.com\/eu\/france\/product\/energizer-rechargeable-industrial-headlight\/#breadcrumb\",\"itemListElement\":[{\"@type\":\"ListItem\",\"position\":1,\"name\":\"Home\",\"item\":\"https:\/\/energizer.com\/eu\/france\/\"},{\"@type\":\"ListItem\",\"position\":2,\"name\":\"Energizer Rechargeable Industrial Headlight\"}]},{\"@type\":\"WebSite\",\"@id\":\"https:\/\/energizer.com\/eu\/france\/#website\",\"url\":\"https:\/\/energizer.com\/eu\/france\/\",\"name\":\"Energizer France\",\"description\":\"\",\"publisher\":{\"@id\":\"https:\/\/energizer.com\/eu\/france\/#organization\"},\"potentialAction\":[{\"@type\":\"SearchAction\",\"target\":{\"@type\":\"EntryPoint\",\"urlTemplate\":\"https:\/\/energizer.com\/eu\/france\/?s={search_term_string}\"},\"query-input\":{\"@type\":\"PropertyValueSpecification\",\"valueRequired\":true,\"valueName\":\"search_term_string\"}}],\"inLanguage\":\"en-US\"},{\"@type\":\"Organization\",\"@id\":\"https:\/\/energizer.com\/eu\/france\/#organization\",\"name\":\"Energizer France\",\"url\":\"https:\/\/energizer.com\/eu\/france\/\",\"logo\":{\"@type\":\"ImageObject\",\"inLanguage\":\"en-US\",\"@id\":\"https:\/\/energizer.com\/eu\/france\/#\/schema\/logo\/image\/\",\"url\":\"https:\/\/energizer.com\/eu\/france\/wp-content\/uploads\/sites\/8\/2024\/04\/Energizer_brand.png\",\"contentUrl\":\"https:\/\/energizer.com\/eu\/france\/wp-content\/uploads\/sites\/8\/2024\/04\/Energizer_brand.png\",\"width\":267,\"height\":100,\"caption\":\"Energizer France\"},\"image\":{\"@id\":\"https:\/\/energizer.com\/eu\/france\/#\/schema\/logo\/image\/\"}}]}<\/script>\n<!-- \/ Yoast SEO plugin. -->","yoast_head_json":{"title":"Energizer Rechargeable Industrial Headlight - France","robots":{"index":"index","follow":"follow","max-snippet":"max-snippet:-1","max-image-preview":"max-image-preview:large","max-video-preview":"max-video-preview:-1"},"canonical":"https:\/\/energizer.com\/eu\/france\/product\/energizer-rechargeable-industrial-headlight\/","og_locale":"en_US","og_type":"article","og_title":"Energizer Rechargeable Industrial Headlight - France","og_description":"La lampe frontale rechargeable Energizer Vision Ultra HD offre des performances exceptionnelles dans un design compact. La lampe frontale pr\u00e9sente des caract\u00e9ristiques innovantes avec sa recharge (port USB) et la technologie Energizer Smart Dimming qui permet de contr\u00f4ler facilement l'intensit\u00e9 lumineuse. En plus des LED blanches, cette lampe poss\u00e8de des LED vertes et rouges qui pr\u00e9servent la vision nocturne pour les activit\u00e9s de plein air telles que la chasse et la p\u00eache. La technologie VisionGuard augmente progressivement l'intensit\u00e9 lumineuse afin d'\u00e9viter que l'utilisateur n'ait les yeux riv\u00e9s sur le faisceau.","og_url":"https:\/\/energizer.com\/eu\/france\/product\/energizer-rechargeable-industrial-headlight\/","og_site_name":"France","article_modified_time":"2024-08-24T04:56:17+00:00","twitter_card":"summary_large_image","schema":{"@context":"https:\/\/schema.org","@graph":[{"@type":"WebPage","@id":"https:\/\/energizer.com\/eu\/france\/product\/energizer-rechargeable-industrial-headlight\/","url":"https:\/\/energizer.com\/eu\/france\/product\/energizer-rechargeable-industrial-headlight\/","name":"Energizer Rechargeable Industrial Headlight - France","isPartOf":{"@id":"https:\/\/energizer.com\/eu\/france\/#website"},"datePublished":"2024-06-03T05:16:46+00:00","dateModified":"2024-08-24T04:56:17+00:00","breadcrumb":{"@id":"https:\/\/energizer.com\/eu\/france\/product\/energizer-rechargeable-industrial-headlight\/#breadcrumb"},"inLanguage":"en-US","potentialAction":[{"@type":"ReadAction","target":["https:\/\/energizer.com\/eu\/france\/product\/energizer-rechargeable-industrial-headlight\/"]}]},{"@type":"BreadcrumbList","@id":"https:\/\/energizer.com\/eu\/france\/product\/energizer-rechargeable-industrial-headlight\/#breadcrumb","itemListElement":[{"@type":"ListItem","position":1,"name":"Home","item":"https:\/\/energizer.com\/eu\/france\/"},{"@type":"ListItem","position":2,"name":"Energizer Rechargeable Industrial Headlight"}]},{"@type":"WebSite","@id":"https:\/\/energizer.com\/eu\/france\/#website","url":"https:\/\/energizer.com\/eu\/france\/","name":"Energizer France","description":"","publisher":{"@id":"https:\/\/energizer.com\/eu\/france\/#organization"},"potentialAction":[{"@type":"SearchAction","target":{"@type":"EntryPoint","urlTemplate":"https:\/\/energizer.com\/eu\/france\/?s={search_term_string}"},"query-input":{"@type":"PropertyValueSpecification","valueRequired":true,"valueName":"search_term_string"}}],"inLanguage":"en-US"},{"@type":"Organization","@id":"https:\/\/energizer.com\/eu\/france\/#organization","name":"Energizer France","url":"https:\/\/energizer.com\/eu\/france\/","logo":{"@type":"ImageObject","inLanguage":"en-US","@id":"https:\/\/energizer.com\/eu\/france\/#\/schema\/logo\/image\/","url":"https:\/\/energizer.com\/eu\/france\/wp-content\/uploads\/sites\/8\/2024\/04\/Energizer_brand.png","contentUrl":"https:\/\/energizer.com\/eu\/france\/wp-content\/uploads\/sites\/8\/2024\/04\/Energizer_brand.png","width":267,"height":100,"caption":"Energizer France"},"image":{"@id":"https:\/\/energizer.com\/eu\/france\/#\/schema\/logo\/image\/"}}]}},"_links":{"self":[{"href":"https:\/\/energizer.com\/eu\/france\/wp-json\/wp\/v2\/product\/7453","targetHints":{"allow":["GET"]}}],"collection":[{"href":"https:\/\/energizer.com\/eu\/france\/wp-json\/wp\/v2\/product"}],"about":[{"href":"https:\/\/energizer.com\/eu\/france\/wp-json\/wp\/v2\/types\/product"}],"replies":[{"embeddable":true,"href":"https:\/\/energizer.com\/eu\/france\/wp-json\/wp\/v2\/comments?post=7453"}],"version-history":[{"count":3,"href":"https:\/\/energizer.com\/eu\/france\/wp-json\/wp\/v2\/product\/7453\/revisions"}],"predecessor-version":[{"id":8215,"href":"https:\/\/energizer.com\/eu\/france\/wp-json\/wp\/v2\/product\/7453\/revisions\/8215"}],"wp:attachment":[{"href":"https:\/\/energizer.com\/eu\/france\/wp-json\/wp\/v2\/media?parent=7453"}],"wp:term":[{"taxonomy":"product_brand","embeddable":true,"href":"https:\/\/energizer.com\/eu\/france\/wp-json\/wp\/v2\/product_brand?post=7453"},{"taxonomy":"product_cat","embeddable":true,"href":"https:\/\/energizer.com\/eu\/france\/wp-json\/wp\/v2\/product_cat?post=7453"},{"taxonomy":"product_tag","embeddable":true,"href":"https:\/\/energizer.com\/eu\/france\/wp-json\/wp\/v2\/product_tag?post=7453"}],"curies":[{"name":"wp","href":"https:\/\/api.w.org\/{rel}","templated":true}]}}