{"id":7455,"date":"2024-06-03T05:16:46","date_gmt":"2024-06-03T05:16:46","guid":{"rendered":"https:\/\/23b13e8ab3.nxcli.io\/france\/?post_type=product&#038;p=7455"},"modified":"2024-11-18T05:56:52","modified_gmt":"2024-11-18T05:56:52","slug":"energizer-hdl60-head-torch","status":"publish","type":"product","link":"https:\/\/energizer.com\/eu\/france\/product\/energizer-hdl60-head-torch\/","title":{"rendered":"Energizer HDL60 Head Torch"},"content":{"rendered":"<ul>\n<li>Torche frontale Energizer HDL60, torche hybride avec batterie lithium-ion ou piles Energizer 3AAA incluses<\/li>\n<li>Technologie LED : Cette puissante torche mains libres de 575 lumens* est dot\u00e9e d&#8217;une technologie LED durable et \u00e9conome en \u00e9nergie *Avec piles AAA<\/li>\n<li>Technologie avanc\u00e9e de gradation : R\u00e9glez l&#8217;intensit\u00e9 de 10 % \u00e0 100 % dans tous les modes<\/li>\n<li>Mode nuit \u00e0 lumi\u00e8re rouge : Le mode lumi\u00e8re rouge am\u00e9liore votre vision nocturne pour des activit\u00e9s telles que le camping, la p\u00eache et la randonn\u00e9e apr\u00e8s la tomb\u00e9e de la nuit<\/li>\n<li>Construction durable : Id\u00e9ale pour une utilisation prolong\u00e9e, cette torche hybride compacte et l\u00e9g\u00e8re est \u00e9tanche avec des piles primaires et dispose d&#8217;une lentille incassable<\/li>\n<li>Lumi\u00e8re polyvalente mains libres : Cette lampe frontale compacte et \u00e9tanche, facile \u00e0 utiliser, est dot\u00e9e d&#8217;une sangle r\u00e9glable et d&#8217;un design anti-\u00e9blouissement<\/li>\n<li>Elle vous prot\u00e8ge contre\u00a0 es coupures de courant, les travaux de bricolage et bien plus encore<\/li>\n<li>Des heures d&#8217;autonomie :\u202f\u202fCette lampe frontale durable et efficace peut briller jusqu&#8217;\u00e0 21 heures en mode bas<\/li>\n<\/ul>\n","protected":false},"excerpt":{"rendered":"<p>La frontale Energizer\u00ae poss\u00e8de de multiples fonctionnalit\u00e9s flexibles et polyvalentes. Hybride, elle peut \u00eatre recharg\u00e9e via c\u00e2ble USB et fonctionner par piles. Puissante, la torche offre jusqu\u2019\u00e0 575 Lumens et 7 modes d\u2019\u00e9clairage avec diff\u00e9rents types de faisceaux, chacun d\u2019eux en modes haute et basse intensit\u00e9s gr\u00e2ce au Smart Dimming : 1 mode faisceau mixte (faisceau large + faisceau concentr\u00e9) pour un \u00e9clairage lointain et p\u00e9riph\u00e9rique, 1 mode faisceau concentr\u00e9, pour une port\u00e9e optimale, 1 mode faisceau large pour une meilleure vision p\u00e9riph\u00e9rique. Elle poss\u00e8de \u00e9galement un mode LED rouge pour une vision de nuit non \u00e9blouissante<\/p>\n","protected":false},"featured_media":0,"comment_status":"open","ping_status":"closed","template":"","meta":{"_acf_changed":false},"product_brand":[],"product_cat":[43],"product_tag":[],"class_list":{"0":"post-7455","1":"product","2":"type-product","3":"status-publish","5":"product_cat-hands-free","6":"pa_uses-outdoor","8":"first","9":"instock","10":"shipping-taxable","11":"product-type-simple"},"acf":[],"yoast_head":"<!-- This site is optimized with the Yoast SEO plugin v27.2 - https:\/\/yoast.com\/product\/yoast-seo-wordpress\/ -->\n<title>Energizer HDL60 Head Torch - France<\/title>\n<meta name=\"robots\" content=\"index, follow, max-snippet:-1, max-image-preview:large, max-video-preview:-1\" \/>\n<link rel=\"canonical\" href=\"https:\/\/energizer.com\/eu\/france\/product\/energizer-hdl60-head-torch\/\" \/>\n<meta property=\"og:locale\" content=\"en_US\" \/>\n<meta property=\"og:type\" content=\"article\" \/>\n<meta property=\"og:title\" content=\"Energizer HDL60 Head Torch - France\" \/>\n<meta property=\"og:description\" content=\"La frontale Energizer\u00ae poss\u00e8de de multiples fonctionnalit\u00e9s flexibles et polyvalentes. Hybride, elle peut \u00eatre recharg\u00e9e via c\u00e2ble USB et fonctionner par piles. Puissante, la torche offre jusqu\u2019\u00e0 575 Lumens et 7 modes d\u2019\u00e9clairage avec diff\u00e9rents types de faisceaux, chacun d\u2019eux en modes haute et basse intensit\u00e9s gr\u00e2ce au Smart Dimming : 1 mode faisceau mixte (faisceau large + faisceau concentr\u00e9) pour un \u00e9clairage lointain et p\u00e9riph\u00e9rique, 1 mode faisceau concentr\u00e9, pour une port\u00e9e optimale, 1 mode faisceau large pour une meilleure vision p\u00e9riph\u00e9rique. Elle poss\u00e8de \u00e9galement un mode LED rouge pour une vision de nuit non \u00e9blouissante\" \/>\n<meta property=\"og:url\" content=\"https:\/\/energizer.com\/eu\/france\/product\/energizer-hdl60-head-torch\/\" \/>\n<meta property=\"og:site_name\" content=\"France\" \/>\n<meta property=\"article:modified_time\" content=\"2024-11-18T05:56:52+00:00\" \/>\n<meta name=\"twitter:card\" content=\"summary_large_image\" \/>\n<script type=\"application\/ld+json\" class=\"yoast-schema-graph\">{\"@context\":\"https:\/\/schema.org\",\"@graph\":[{\"@type\":\"WebPage\",\"@id\":\"https:\/\/energizer.com\/eu\/france\/product\/energizer-hdl60-head-torch\/\",\"url\":\"https:\/\/energizer.com\/eu\/france\/product\/energizer-hdl60-head-torch\/\",\"name\":\"Energizer HDL60 Head Torch - France\",\"isPartOf\":{\"@id\":\"https:\/\/energizer.com\/eu\/france\/#website\"},\"datePublished\":\"2024-06-03T05:16:46+00:00\",\"dateModified\":\"2024-11-18T05:56:52+00:00\",\"breadcrumb\":{\"@id\":\"https:\/\/energizer.com\/eu\/france\/product\/energizer-hdl60-head-torch\/#breadcrumb\"},\"inLanguage\":\"en-US\",\"potentialAction\":[{\"@type\":\"ReadAction\",\"target\":[\"https:\/\/energizer.com\/eu\/france\/product\/energizer-hdl60-head-torch\/\"]}]},{\"@type\":\"BreadcrumbList\",\"@id\":\"https:\/\/energizer.com\/eu\/france\/product\/energizer-hdl60-head-torch\/#breadcrumb\",\"itemListElement\":[{\"@type\":\"ListItem\",\"position\":1,\"name\":\"Home\",\"item\":\"https:\/\/energizer.com\/eu\/france\/\"},{\"@type\":\"ListItem\",\"position\":2,\"name\":\"Energizer HDL60 Head Torch\"}]},{\"@type\":\"WebSite\",\"@id\":\"https:\/\/energizer.com\/eu\/france\/#website\",\"url\":\"https:\/\/energizer.com\/eu\/france\/\",\"name\":\"Energizer France\",\"description\":\"\",\"publisher\":{\"@id\":\"https:\/\/energizer.com\/eu\/france\/#organization\"},\"potentialAction\":[{\"@type\":\"SearchAction\",\"target\":{\"@type\":\"EntryPoint\",\"urlTemplate\":\"https:\/\/energizer.com\/eu\/france\/?s={search_term_string}\"},\"query-input\":{\"@type\":\"PropertyValueSpecification\",\"valueRequired\":true,\"valueName\":\"search_term_string\"}}],\"inLanguage\":\"en-US\"},{\"@type\":\"Organization\",\"@id\":\"https:\/\/energizer.com\/eu\/france\/#organization\",\"name\":\"Energizer France\",\"url\":\"https:\/\/energizer.com\/eu\/france\/\",\"logo\":{\"@type\":\"ImageObject\",\"inLanguage\":\"en-US\",\"@id\":\"https:\/\/energizer.com\/eu\/france\/#\/schema\/logo\/image\/\",\"url\":\"https:\/\/energizer.com\/eu\/france\/wp-content\/uploads\/sites\/8\/2024\/04\/Energizer_brand.png\",\"contentUrl\":\"https:\/\/energizer.com\/eu\/france\/wp-content\/uploads\/sites\/8\/2024\/04\/Energizer_brand.png\",\"width\":267,\"height\":100,\"caption\":\"Energizer France\"},\"image\":{\"@id\":\"https:\/\/energizer.com\/eu\/france\/#\/schema\/logo\/image\/\"}}]}<\/script>\n<!-- \/ Yoast SEO plugin. -->","yoast_head_json":{"title":"Energizer HDL60 Head Torch - France","robots":{"index":"index","follow":"follow","max-snippet":"max-snippet:-1","max-image-preview":"max-image-preview:large","max-video-preview":"max-video-preview:-1"},"canonical":"https:\/\/energizer.com\/eu\/france\/product\/energizer-hdl60-head-torch\/","og_locale":"en_US","og_type":"article","og_title":"Energizer HDL60 Head Torch - France","og_description":"La frontale Energizer\u00ae poss\u00e8de de multiples fonctionnalit\u00e9s flexibles et polyvalentes. Hybride, elle peut \u00eatre recharg\u00e9e via c\u00e2ble USB et fonctionner par piles. Puissante, la torche offre jusqu\u2019\u00e0 575 Lumens et 7 modes d\u2019\u00e9clairage avec diff\u00e9rents types de faisceaux, chacun d\u2019eux en modes haute et basse intensit\u00e9s gr\u00e2ce au Smart Dimming : 1 mode faisceau mixte (faisceau large + faisceau concentr\u00e9) pour un \u00e9clairage lointain et p\u00e9riph\u00e9rique, 1 mode faisceau concentr\u00e9, pour une port\u00e9e optimale, 1 mode faisceau large pour une meilleure vision p\u00e9riph\u00e9rique. Elle poss\u00e8de \u00e9galement un mode LED rouge pour une vision de nuit non \u00e9blouissante","og_url":"https:\/\/energizer.com\/eu\/france\/product\/energizer-hdl60-head-torch\/","og_site_name":"France","article_modified_time":"2024-11-18T05:56:52+00:00","twitter_card":"summary_large_image","schema":{"@context":"https:\/\/schema.org","@graph":[{"@type":"WebPage","@id":"https:\/\/energizer.com\/eu\/france\/product\/energizer-hdl60-head-torch\/","url":"https:\/\/energizer.com\/eu\/france\/product\/energizer-hdl60-head-torch\/","name":"Energizer HDL60 Head Torch - France","isPartOf":{"@id":"https:\/\/energizer.com\/eu\/france\/#website"},"datePublished":"2024-06-03T05:16:46+00:00","dateModified":"2024-11-18T05:56:52+00:00","breadcrumb":{"@id":"https:\/\/energizer.com\/eu\/france\/product\/energizer-hdl60-head-torch\/#breadcrumb"},"inLanguage":"en-US","potentialAction":[{"@type":"ReadAction","target":["https:\/\/energizer.com\/eu\/france\/product\/energizer-hdl60-head-torch\/"]}]},{"@type":"BreadcrumbList","@id":"https:\/\/energizer.com\/eu\/france\/product\/energizer-hdl60-head-torch\/#breadcrumb","itemListElement":[{"@type":"ListItem","position":1,"name":"Home","item":"https:\/\/energizer.com\/eu\/france\/"},{"@type":"ListItem","position":2,"name":"Energizer HDL60 Head Torch"}]},{"@type":"WebSite","@id":"https:\/\/energizer.com\/eu\/france\/#website","url":"https:\/\/energizer.com\/eu\/france\/","name":"Energizer France","description":"","publisher":{"@id":"https:\/\/energizer.com\/eu\/france\/#organization"},"potentialAction":[{"@type":"SearchAction","target":{"@type":"EntryPoint","urlTemplate":"https:\/\/energizer.com\/eu\/france\/?s={search_term_string}"},"query-input":{"@type":"PropertyValueSpecification","valueRequired":true,"valueName":"search_term_string"}}],"inLanguage":"en-US"},{"@type":"Organization","@id":"https:\/\/energizer.com\/eu\/france\/#organization","name":"Energizer France","url":"https:\/\/energizer.com\/eu\/france\/","logo":{"@type":"ImageObject","inLanguage":"en-US","@id":"https:\/\/energizer.com\/eu\/france\/#\/schema\/logo\/image\/","url":"https:\/\/energizer.com\/eu\/france\/wp-content\/uploads\/sites\/8\/2024\/04\/Energizer_brand.png","contentUrl":"https:\/\/energizer.com\/eu\/france\/wp-content\/uploads\/sites\/8\/2024\/04\/Energizer_brand.png","width":267,"height":100,"caption":"Energizer France"},"image":{"@id":"https:\/\/energizer.com\/eu\/france\/#\/schema\/logo\/image\/"}}]}},"_links":{"self":[{"href":"https:\/\/energizer.com\/eu\/france\/wp-json\/wp\/v2\/product\/7455","targetHints":{"allow":["GET"]}}],"collection":[{"href":"https:\/\/energizer.com\/eu\/france\/wp-json\/wp\/v2\/product"}],"about":[{"href":"https:\/\/energizer.com\/eu\/france\/wp-json\/wp\/v2\/types\/product"}],"replies":[{"embeddable":true,"href":"https:\/\/energizer.com\/eu\/france\/wp-json\/wp\/v2\/comments?post=7455"}],"version-history":[{"count":5,"href":"https:\/\/energizer.com\/eu\/france\/wp-json\/wp\/v2\/product\/7455\/revisions"}],"predecessor-version":[{"id":10093,"href":"https:\/\/energizer.com\/eu\/france\/wp-json\/wp\/v2\/product\/7455\/revisions\/10093"}],"wp:attachment":[{"href":"https:\/\/energizer.com\/eu\/france\/wp-json\/wp\/v2\/media?parent=7455"}],"wp:term":[{"taxonomy":"product_brand","embeddable":true,"href":"https:\/\/energizer.com\/eu\/france\/wp-json\/wp\/v2\/product_brand?post=7455"},{"taxonomy":"product_cat","embeddable":true,"href":"https:\/\/energizer.com\/eu\/france\/wp-json\/wp\/v2\/product_cat?post=7455"},{"taxonomy":"product_tag","embeddable":true,"href":"https:\/\/energizer.com\/eu\/france\/wp-json\/wp\/v2\/product_tag?post=7455"}],"curies":[{"name":"wp","href":"https:\/\/api.w.org\/{rel}","templated":true}]}}