{"id":7456,"date":"2024-06-03T05:16:46","date_gmt":"2024-06-03T05:16:46","guid":{"rendered":"https:\/\/23b13e8ab3.nxcli.io\/france\/?post_type=product&#038;p=7456"},"modified":"2024-12-17T12:20:08","modified_gmt":"2024-12-17T12:20:08","slug":"energizer-hybri-1000-headlight","status":"publish","type":"product","link":"https:\/\/energizer.com\/eu\/france\/product\/energizer-hybri-1000-headlight\/","title":{"rendered":"Energizer HYBRI 1000 Headlight"},"content":{"rendered":"<ul>\n<li>Lampe frontale hybride \u00e0 LED haute luminosit\u00e9 Energizer avec deux (2) piles CR123La conception hybride peut \u00eatre aliment\u00e9e par des piles lithium-ion rechargeables ou des piles CR123<\/li>\n<li>Excellente lampe rechargeable pour une utilisation \u00e0 la main ou en mains libres pour les t\u00e2ches professionnelles<\/li>\n<li>Faisceau puissant de 400 lumens en mode High et de 1000 lumens en mode Turbo<\/li>\n<li>Se d\u00e9tache de la base pour \u00eatre utilis\u00e9e comme lampe LED \u00e0 main<\/li>\n<li>Cette lampe aliment\u00e9e par batterie est r\u00e9sistante \u00e0 l&#8217;eau IPX4 et aux chocs jusqu&#8217;\u00e0 1 m\u00e8tre pour des performances fiables<\/li>\n<li>Le design confortable et compact et la construction m\u00e9tallique durable offrent commodit\u00e9 et fiabilit\u00e9<\/li>\n<\/ul>\n","protected":false},"excerpt":{"rendered":"<p>Travaillez dans les endroits les plus sombres avec la lampe frontale \u00e0 LED hybride haute luminosit\u00e9 Energizer. La lampe frontale Energizer est confortable \u00e0 porter et a une port\u00e9e de plus de 100 m\u00e8tres pour fournir une lumi\u00e8re brillante et mains libres. Fonctionnant sur une alimentation hybride, cette petite lampe LED fonctionne avec deux piles CR123 ou des piles rechargeables qui peuvent \u00eatre charg\u00e9es via USB. Avec une autonomie de plus de 4 heures en mode \u00e9lev\u00e9, vous b\u00e9n\u00e9ficiez d&#8217;une luminosit\u00e9 fiable lorsque vous avez besoin d&#8217;avoir les mains libres. La lampe rechargeable se d\u00e9tache \u00e9galement de la base pour servir de lampe de poche. Lorsque vous avez besoin d&#8217;une luminosit\u00e9 exceptionnelle, le mode Turbo d\u00e9livre 1 000 lumens pour un \u00e9clairage ultra brillant. Cette petite lampe est compacte, l\u00e9g\u00e8re et agr\u00e9able \u00e0 porter. La construction m\u00e9tallique durable garantit la fiabilit\u00e9 sur laquelle vous comptez chez Energizer. Pour des performances fiables dans toutes les situations, faites confiance \u00e0 Energizer.<\/p>\n","protected":false},"featured_media":0,"comment_status":"open","ping_status":"closed","template":"","meta":{"_acf_changed":false},"product_brand":[],"product_cat":[43],"product_tag":[],"class_list":{"0":"post-7456","1":"product","2":"type-product","3":"status-publish","5":"product_cat-hands-free","6":"pa_uses-outdoor","8":"first","9":"instock","10":"shipping-taxable","11":"product-type-simple"},"acf":[],"yoast_head":"<!-- This site is optimized with the Yoast SEO plugin v27.2 - https:\/\/yoast.com\/product\/yoast-seo-wordpress\/ -->\n<title>Energizer HYBRI 1000 Headlight - France<\/title>\n<meta name=\"robots\" content=\"index, follow, max-snippet:-1, max-image-preview:large, max-video-preview:-1\" \/>\n<link rel=\"canonical\" href=\"https:\/\/energizer.com\/eu\/france\/product\/energizer-hybri-1000-headlight\/\" \/>\n<meta property=\"og:locale\" content=\"en_US\" \/>\n<meta property=\"og:type\" content=\"article\" \/>\n<meta property=\"og:title\" content=\"Energizer HYBRI 1000 Headlight - France\" \/>\n<meta property=\"og:description\" content=\"Travaillez dans les endroits les plus sombres avec la lampe frontale \u00e0 LED hybride haute luminosit\u00e9 Energizer. La lampe frontale Energizer est confortable \u00e0 porter et a une port\u00e9e de plus de 100 m\u00e8tres pour fournir une lumi\u00e8re brillante et mains libres. Fonctionnant sur une alimentation hybride, cette petite lampe LED fonctionne avec deux piles CR123 ou des piles rechargeables qui peuvent \u00eatre charg\u00e9es via USB. Avec une autonomie de plus de 4 heures en mode \u00e9lev\u00e9, vous b\u00e9n\u00e9ficiez d&#039;une luminosit\u00e9 fiable lorsque vous avez besoin d&#039;avoir les mains libres. La lampe rechargeable se d\u00e9tache \u00e9galement de la base pour servir de lampe de poche. Lorsque vous avez besoin d&#039;une luminosit\u00e9 exceptionnelle, le mode Turbo d\u00e9livre 1 000 lumens pour un \u00e9clairage ultra brillant. Cette petite lampe est compacte, l\u00e9g\u00e8re et agr\u00e9able \u00e0 porter. La construction m\u00e9tallique durable garantit la fiabilit\u00e9 sur laquelle vous comptez chez Energizer. Pour des performances fiables dans toutes les situations, faites confiance \u00e0 Energizer.\" \/>\n<meta property=\"og:url\" content=\"https:\/\/energizer.com\/eu\/france\/product\/energizer-hybri-1000-headlight\/\" \/>\n<meta property=\"og:site_name\" content=\"France\" \/>\n<meta property=\"article:modified_time\" content=\"2024-12-17T12:20:08+00:00\" \/>\n<meta name=\"twitter:card\" content=\"summary_large_image\" \/>\n<script type=\"application\/ld+json\" class=\"yoast-schema-graph\">{\"@context\":\"https:\/\/schema.org\",\"@graph\":[{\"@type\":\"WebPage\",\"@id\":\"https:\/\/energizer.com\/eu\/france\/product\/energizer-hybri-1000-headlight\/\",\"url\":\"https:\/\/energizer.com\/eu\/france\/product\/energizer-hybri-1000-headlight\/\",\"name\":\"Energizer HYBRI 1000 Headlight - France\",\"isPartOf\":{\"@id\":\"https:\/\/energizer.com\/eu\/france\/#website\"},\"datePublished\":\"2024-06-03T05:16:46+00:00\",\"dateModified\":\"2024-12-17T12:20:08+00:00\",\"breadcrumb\":{\"@id\":\"https:\/\/energizer.com\/eu\/france\/product\/energizer-hybri-1000-headlight\/#breadcrumb\"},\"inLanguage\":\"en-US\",\"potentialAction\":[{\"@type\":\"ReadAction\",\"target\":[\"https:\/\/energizer.com\/eu\/france\/product\/energizer-hybri-1000-headlight\/\"]}]},{\"@type\":\"BreadcrumbList\",\"@id\":\"https:\/\/energizer.com\/eu\/france\/product\/energizer-hybri-1000-headlight\/#breadcrumb\",\"itemListElement\":[{\"@type\":\"ListItem\",\"position\":1,\"name\":\"Home\",\"item\":\"https:\/\/energizer.com\/eu\/france\/\"},{\"@type\":\"ListItem\",\"position\":2,\"name\":\"Energizer HYBRI 1000 Headlight\"}]},{\"@type\":\"WebSite\",\"@id\":\"https:\/\/energizer.com\/eu\/france\/#website\",\"url\":\"https:\/\/energizer.com\/eu\/france\/\",\"name\":\"Energizer France\",\"description\":\"\",\"publisher\":{\"@id\":\"https:\/\/energizer.com\/eu\/france\/#organization\"},\"potentialAction\":[{\"@type\":\"SearchAction\",\"target\":{\"@type\":\"EntryPoint\",\"urlTemplate\":\"https:\/\/energizer.com\/eu\/france\/?s={search_term_string}\"},\"query-input\":{\"@type\":\"PropertyValueSpecification\",\"valueRequired\":true,\"valueName\":\"search_term_string\"}}],\"inLanguage\":\"en-US\"},{\"@type\":\"Organization\",\"@id\":\"https:\/\/energizer.com\/eu\/france\/#organization\",\"name\":\"Energizer France\",\"url\":\"https:\/\/energizer.com\/eu\/france\/\",\"logo\":{\"@type\":\"ImageObject\",\"inLanguage\":\"en-US\",\"@id\":\"https:\/\/energizer.com\/eu\/france\/#\/schema\/logo\/image\/\",\"url\":\"https:\/\/energizer.com\/eu\/france\/wp-content\/uploads\/sites\/8\/2024\/04\/Energizer_brand.png\",\"contentUrl\":\"https:\/\/energizer.com\/eu\/france\/wp-content\/uploads\/sites\/8\/2024\/04\/Energizer_brand.png\",\"width\":267,\"height\":100,\"caption\":\"Energizer France\"},\"image\":{\"@id\":\"https:\/\/energizer.com\/eu\/france\/#\/schema\/logo\/image\/\"}}]}<\/script>\n<!-- \/ Yoast SEO plugin. -->","yoast_head_json":{"title":"Energizer HYBRI 1000 Headlight - France","robots":{"index":"index","follow":"follow","max-snippet":"max-snippet:-1","max-image-preview":"max-image-preview:large","max-video-preview":"max-video-preview:-1"},"canonical":"https:\/\/energizer.com\/eu\/france\/product\/energizer-hybri-1000-headlight\/","og_locale":"en_US","og_type":"article","og_title":"Energizer HYBRI 1000 Headlight - France","og_description":"Travaillez dans les endroits les plus sombres avec la lampe frontale \u00e0 LED hybride haute luminosit\u00e9 Energizer. La lampe frontale Energizer est confortable \u00e0 porter et a une port\u00e9e de plus de 100 m\u00e8tres pour fournir une lumi\u00e8re brillante et mains libres. Fonctionnant sur une alimentation hybride, cette petite lampe LED fonctionne avec deux piles CR123 ou des piles rechargeables qui peuvent \u00eatre charg\u00e9es via USB. Avec une autonomie de plus de 4 heures en mode \u00e9lev\u00e9, vous b\u00e9n\u00e9ficiez d'une luminosit\u00e9 fiable lorsque vous avez besoin d'avoir les mains libres. La lampe rechargeable se d\u00e9tache \u00e9galement de la base pour servir de lampe de poche. Lorsque vous avez besoin d'une luminosit\u00e9 exceptionnelle, le mode Turbo d\u00e9livre 1 000 lumens pour un \u00e9clairage ultra brillant. Cette petite lampe est compacte, l\u00e9g\u00e8re et agr\u00e9able \u00e0 porter. La construction m\u00e9tallique durable garantit la fiabilit\u00e9 sur laquelle vous comptez chez Energizer. Pour des performances fiables dans toutes les situations, faites confiance \u00e0 Energizer.","og_url":"https:\/\/energizer.com\/eu\/france\/product\/energizer-hybri-1000-headlight\/","og_site_name":"France","article_modified_time":"2024-12-17T12:20:08+00:00","twitter_card":"summary_large_image","schema":{"@context":"https:\/\/schema.org","@graph":[{"@type":"WebPage","@id":"https:\/\/energizer.com\/eu\/france\/product\/energizer-hybri-1000-headlight\/","url":"https:\/\/energizer.com\/eu\/france\/product\/energizer-hybri-1000-headlight\/","name":"Energizer HYBRI 1000 Headlight - France","isPartOf":{"@id":"https:\/\/energizer.com\/eu\/france\/#website"},"datePublished":"2024-06-03T05:16:46+00:00","dateModified":"2024-12-17T12:20:08+00:00","breadcrumb":{"@id":"https:\/\/energizer.com\/eu\/france\/product\/energizer-hybri-1000-headlight\/#breadcrumb"},"inLanguage":"en-US","potentialAction":[{"@type":"ReadAction","target":["https:\/\/energizer.com\/eu\/france\/product\/energizer-hybri-1000-headlight\/"]}]},{"@type":"BreadcrumbList","@id":"https:\/\/energizer.com\/eu\/france\/product\/energizer-hybri-1000-headlight\/#breadcrumb","itemListElement":[{"@type":"ListItem","position":1,"name":"Home","item":"https:\/\/energizer.com\/eu\/france\/"},{"@type":"ListItem","position":2,"name":"Energizer HYBRI 1000 Headlight"}]},{"@type":"WebSite","@id":"https:\/\/energizer.com\/eu\/france\/#website","url":"https:\/\/energizer.com\/eu\/france\/","name":"Energizer France","description":"","publisher":{"@id":"https:\/\/energizer.com\/eu\/france\/#organization"},"potentialAction":[{"@type":"SearchAction","target":{"@type":"EntryPoint","urlTemplate":"https:\/\/energizer.com\/eu\/france\/?s={search_term_string}"},"query-input":{"@type":"PropertyValueSpecification","valueRequired":true,"valueName":"search_term_string"}}],"inLanguage":"en-US"},{"@type":"Organization","@id":"https:\/\/energizer.com\/eu\/france\/#organization","name":"Energizer France","url":"https:\/\/energizer.com\/eu\/france\/","logo":{"@type":"ImageObject","inLanguage":"en-US","@id":"https:\/\/energizer.com\/eu\/france\/#\/schema\/logo\/image\/","url":"https:\/\/energizer.com\/eu\/france\/wp-content\/uploads\/sites\/8\/2024\/04\/Energizer_brand.png","contentUrl":"https:\/\/energizer.com\/eu\/france\/wp-content\/uploads\/sites\/8\/2024\/04\/Energizer_brand.png","width":267,"height":100,"caption":"Energizer France"},"image":{"@id":"https:\/\/energizer.com\/eu\/france\/#\/schema\/logo\/image\/"}}]}},"_links":{"self":[{"href":"https:\/\/energizer.com\/eu\/france\/wp-json\/wp\/v2\/product\/7456","targetHints":{"allow":["GET"]}}],"collection":[{"href":"https:\/\/energizer.com\/eu\/france\/wp-json\/wp\/v2\/product"}],"about":[{"href":"https:\/\/energizer.com\/eu\/france\/wp-json\/wp\/v2\/types\/product"}],"replies":[{"embeddable":true,"href":"https:\/\/energizer.com\/eu\/france\/wp-json\/wp\/v2\/comments?post=7456"}],"version-history":[{"count":6,"href":"https:\/\/energizer.com\/eu\/france\/wp-json\/wp\/v2\/product\/7456\/revisions"}],"predecessor-version":[{"id":10404,"href":"https:\/\/energizer.com\/eu\/france\/wp-json\/wp\/v2\/product\/7456\/revisions\/10404"}],"wp:attachment":[{"href":"https:\/\/energizer.com\/eu\/france\/wp-json\/wp\/v2\/media?parent=7456"}],"wp:term":[{"taxonomy":"product_brand","embeddable":true,"href":"https:\/\/energizer.com\/eu\/france\/wp-json\/wp\/v2\/product_brand?post=7456"},{"taxonomy":"product_cat","embeddable":true,"href":"https:\/\/energizer.com\/eu\/france\/wp-json\/wp\/v2\/product_cat?post=7456"},{"taxonomy":"product_tag","embeddable":true,"href":"https:\/\/energizer.com\/eu\/france\/wp-json\/wp\/v2\/product_tag?post=7456"}],"curies":[{"name":"wp","href":"https:\/\/api.w.org\/{rel}","templated":true}]}}