{"id":7459,"date":"2024-06-03T05:16:46","date_gmt":"2024-06-03T05:16:46","guid":{"rendered":"https:\/\/23b13e8ab3.nxcli.io\/france\/?post_type=product&#038;p=7459"},"modified":"2024-08-24T04:56:35","modified_gmt":"2024-08-24T04:56:35","slug":"energizer-headlight-30-400-lumens","status":"publish","type":"product","link":"https:\/\/energizer.com\/eu\/france\/product\/energizer-headlight-30-400-lumens\/","title":{"rendered":"Energizer Headlight 30 400 lumens"},"content":{"rendered":"<ul>\n<li>Torche frontale Energizer HDL30 avec batterie lithium-ion ou piles Energizer 3AAA incluses<\/li>\n<li>Technologie LED : Cette puissante lampe frontale mains libres de 400 lumens est dot\u00e9e d&#8217;une technologie LED durable et \u00e9conome en \u00e9nergie<\/li>\n<li>Technologie de gradation avanc\u00e9e : Ajustez l&#8217;intensit\u00e9 de 10 % \u00e0 100 % sur tous les modes<\/li>\n<li>2 modes de vision nocturne : Les modes LED rouge et vert am\u00e9liorent votre vision nocturne pour des activit\u00e9s telles que le camping, la p\u00eache et la randonn\u00e9e apr\u00e8s la tomb\u00e9e de la nuit<\/li>\n<li>Construction durable : Id\u00e9ale pour une utilisation durable, cette torche mains libres l\u00e9g\u00e8re est r\u00e9sistante \u00e0 l&#8217;eau selon la norme IPX4 et comporte une lentille incassable<\/li>\n<li>Lampe mains libres polyvalente : Cette torche compacte est \u00e9quip\u00e9e d&#8217;une sangle r\u00e9glable et d&#8217;une t\u00eate pivotante anti-\u00e9blouissement, vous permettant de faire face aux coupures de\u00a0 ourant, aux travaux de bricolage et bien plus encore<\/li>\n<li>Des heures d&#8217;autonomie :\u202f\u202fCette lampe de poche durable et efficace peut briller jusqu&#8217;\u00e0 40 heures en mode bas<\/li>\n<\/ul>\n","protected":false},"excerpt":{"rendered":"<p>Gardez les mains libres et profitez pleinement de chaque aventure gr\u00e2ce \u00e0 cette torche de randonn\u00e9e l\u00e9g\u00e8re et polyvalente. La torche Energizer HDL30 est \u00e0 la fois compacte et mains libres &#8211; id\u00e9ale pour les travaux de bricolage et autres projets n\u00e9cessitant deux mains. Elle vous \u00e9clairera lors de vos activit\u00e9s nocturnes, que ce soit en camping, en randonn\u00e9e ou en course \u00e0 pied. Cette torche de course \u00e0 LED de 400 lumens, dot\u00e9e d&#8217;une sangle r\u00e9glable et d&#8217;une t\u00eate pivotante anti\u00e9blouissement, \u00e9clairera m\u00eame les espaces les plus sombres, vous donnant une lumi\u00e8re suffisante l\u00e0 o\u00f9 vous en avez besoin. De plus, elle vous permet de r\u00e9gler l&#8217;intensit\u00e9 lumineuse de 100 % \u00e0 10 % sur tous les param\u00e8tres d&#8217;\u00e9clairage gr\u00e2ce \u00e0 la fonction de gradation avanc\u00e9e. Choisissez le mode d&#8217;\u00e9clairage id\u00e9al pour votre activit\u00e9 &#8211; haut, bas, vert, rouge ou gradation. Cette lampe de poche r\u00e9sistante \u00e0 l&#8217;eau et dot\u00e9e d&#8217;une lentille incassable pr\u00e9sente un design pratique et une construction durable, offrant un confort optimal et une grande polyvalence pour toute aventure \u00e0 l&#8217;int\u00e9rieur ou \u00e0 l&#8217;ext\u00e9rieur. Depuis plus de 120 ans, Energizer a ouvert la voie de l&#8217;\u00e9clairage portable en lan\u00e7ant la premi\u00e8re torche \u00e9tanche au monde en 1970. Energizer facilite l&#8217;\u00e9clairage de votre chemin.<\/p>\n","protected":false},"featured_media":0,"comment_status":"open","ping_status":"closed","template":"","meta":{"_acf_changed":false},"product_brand":[],"product_cat":[43],"product_tag":[],"class_list":{"0":"post-7459","1":"product","2":"type-product","3":"status-publish","5":"product_cat-hands-free","6":"pa_uses-outdoor","8":"first","9":"instock","10":"shipping-taxable","11":"product-type-simple"},"acf":[],"yoast_head":"<!-- This site is optimized with the Yoast SEO plugin v27.2 - https:\/\/yoast.com\/product\/yoast-seo-wordpress\/ -->\n<title>Energizer Headlight 30 400 lumens - France<\/title>\n<meta name=\"robots\" content=\"index, follow, max-snippet:-1, max-image-preview:large, max-video-preview:-1\" \/>\n<link rel=\"canonical\" href=\"https:\/\/energizer.com\/eu\/france\/product\/energizer-headlight-30-400-lumens\/\" \/>\n<meta property=\"og:locale\" content=\"en_US\" \/>\n<meta property=\"og:type\" content=\"article\" \/>\n<meta property=\"og:title\" content=\"Energizer Headlight 30 400 lumens - France\" \/>\n<meta property=\"og:description\" content=\"Gardez les mains libres et profitez pleinement de chaque aventure gr\u00e2ce \u00e0 cette torche de randonn\u00e9e l\u00e9g\u00e8re et polyvalente. La torche Energizer HDL30 est \u00e0 la fois compacte et mains libres - id\u00e9ale pour les travaux de bricolage et autres projets n\u00e9cessitant deux mains. Elle vous \u00e9clairera lors de vos activit\u00e9s nocturnes, que ce soit en camping, en randonn\u00e9e ou en course \u00e0 pied. Cette torche de course \u00e0 LED de 400 lumens, dot\u00e9e d&#039;une sangle r\u00e9glable et d&#039;une t\u00eate pivotante anti\u00e9blouissement, \u00e9clairera m\u00eame les espaces les plus sombres, vous donnant une lumi\u00e8re suffisante l\u00e0 o\u00f9 vous en avez besoin. De plus, elle vous permet de r\u00e9gler l&#039;intensit\u00e9 lumineuse de 100 % \u00e0 10 % sur tous les param\u00e8tres d&#039;\u00e9clairage gr\u00e2ce \u00e0 la fonction de gradation avanc\u00e9e. Choisissez le mode d&#039;\u00e9clairage id\u00e9al pour votre activit\u00e9 - haut, bas, vert, rouge ou gradation. Cette lampe de poche r\u00e9sistante \u00e0 l&#039;eau et dot\u00e9e d&#039;une lentille incassable pr\u00e9sente un design pratique et une construction durable, offrant un confort optimal et une grande polyvalence pour toute aventure \u00e0 l&#039;int\u00e9rieur ou \u00e0 l&#039;ext\u00e9rieur. Depuis plus de 120 ans, Energizer a ouvert la voie de l&#039;\u00e9clairage portable en lan\u00e7ant la premi\u00e8re torche \u00e9tanche au monde en 1970. Energizer facilite l&#039;\u00e9clairage de votre chemin.\" \/>\n<meta property=\"og:url\" content=\"https:\/\/energizer.com\/eu\/france\/product\/energizer-headlight-30-400-lumens\/\" \/>\n<meta property=\"og:site_name\" content=\"France\" \/>\n<meta property=\"article:modified_time\" content=\"2024-08-24T04:56:35+00:00\" \/>\n<meta name=\"twitter:card\" content=\"summary_large_image\" \/>\n<script type=\"application\/ld+json\" class=\"yoast-schema-graph\">{\"@context\":\"https:\/\/schema.org\",\"@graph\":[{\"@type\":\"WebPage\",\"@id\":\"https:\/\/energizer.com\/eu\/france\/product\/energizer-headlight-30-400-lumens\/\",\"url\":\"https:\/\/energizer.com\/eu\/france\/product\/energizer-headlight-30-400-lumens\/\",\"name\":\"Energizer Headlight 30 400 lumens - France\",\"isPartOf\":{\"@id\":\"https:\/\/energizer.com\/eu\/france\/#website\"},\"datePublished\":\"2024-06-03T05:16:46+00:00\",\"dateModified\":\"2024-08-24T04:56:35+00:00\",\"breadcrumb\":{\"@id\":\"https:\/\/energizer.com\/eu\/france\/product\/energizer-headlight-30-400-lumens\/#breadcrumb\"},\"inLanguage\":\"en-US\",\"potentialAction\":[{\"@type\":\"ReadAction\",\"target\":[\"https:\/\/energizer.com\/eu\/france\/product\/energizer-headlight-30-400-lumens\/\"]}]},{\"@type\":\"BreadcrumbList\",\"@id\":\"https:\/\/energizer.com\/eu\/france\/product\/energizer-headlight-30-400-lumens\/#breadcrumb\",\"itemListElement\":[{\"@type\":\"ListItem\",\"position\":1,\"name\":\"Home\",\"item\":\"https:\/\/energizer.com\/eu\/france\/\"},{\"@type\":\"ListItem\",\"position\":2,\"name\":\"Energizer Headlight 30 400 lumens\"}]},{\"@type\":\"WebSite\",\"@id\":\"https:\/\/energizer.com\/eu\/france\/#website\",\"url\":\"https:\/\/energizer.com\/eu\/france\/\",\"name\":\"Energizer France\",\"description\":\"\",\"publisher\":{\"@id\":\"https:\/\/energizer.com\/eu\/france\/#organization\"},\"potentialAction\":[{\"@type\":\"SearchAction\",\"target\":{\"@type\":\"EntryPoint\",\"urlTemplate\":\"https:\/\/energizer.com\/eu\/france\/?s={search_term_string}\"},\"query-input\":{\"@type\":\"PropertyValueSpecification\",\"valueRequired\":true,\"valueName\":\"search_term_string\"}}],\"inLanguage\":\"en-US\"},{\"@type\":\"Organization\",\"@id\":\"https:\/\/energizer.com\/eu\/france\/#organization\",\"name\":\"Energizer France\",\"url\":\"https:\/\/energizer.com\/eu\/france\/\",\"logo\":{\"@type\":\"ImageObject\",\"inLanguage\":\"en-US\",\"@id\":\"https:\/\/energizer.com\/eu\/france\/#\/schema\/logo\/image\/\",\"url\":\"https:\/\/energizer.com\/eu\/france\/wp-content\/uploads\/sites\/8\/2024\/04\/Energizer_brand.png\",\"contentUrl\":\"https:\/\/energizer.com\/eu\/france\/wp-content\/uploads\/sites\/8\/2024\/04\/Energizer_brand.png\",\"width\":267,\"height\":100,\"caption\":\"Energizer France\"},\"image\":{\"@id\":\"https:\/\/energizer.com\/eu\/france\/#\/schema\/logo\/image\/\"}}]}<\/script>\n<!-- \/ Yoast SEO plugin. -->","yoast_head_json":{"title":"Energizer Headlight 30 400 lumens - France","robots":{"index":"index","follow":"follow","max-snippet":"max-snippet:-1","max-image-preview":"max-image-preview:large","max-video-preview":"max-video-preview:-1"},"canonical":"https:\/\/energizer.com\/eu\/france\/product\/energizer-headlight-30-400-lumens\/","og_locale":"en_US","og_type":"article","og_title":"Energizer Headlight 30 400 lumens - France","og_description":"Gardez les mains libres et profitez pleinement de chaque aventure gr\u00e2ce \u00e0 cette torche de randonn\u00e9e l\u00e9g\u00e8re et polyvalente. La torche Energizer HDL30 est \u00e0 la fois compacte et mains libres - id\u00e9ale pour les travaux de bricolage et autres projets n\u00e9cessitant deux mains. Elle vous \u00e9clairera lors de vos activit\u00e9s nocturnes, que ce soit en camping, en randonn\u00e9e ou en course \u00e0 pied. Cette torche de course \u00e0 LED de 400 lumens, dot\u00e9e d'une sangle r\u00e9glable et d'une t\u00eate pivotante anti\u00e9blouissement, \u00e9clairera m\u00eame les espaces les plus sombres, vous donnant une lumi\u00e8re suffisante l\u00e0 o\u00f9 vous en avez besoin. De plus, elle vous permet de r\u00e9gler l'intensit\u00e9 lumineuse de 100 % \u00e0 10 % sur tous les param\u00e8tres d'\u00e9clairage gr\u00e2ce \u00e0 la fonction de gradation avanc\u00e9e. Choisissez le mode d'\u00e9clairage id\u00e9al pour votre activit\u00e9 - haut, bas, vert, rouge ou gradation. Cette lampe de poche r\u00e9sistante \u00e0 l'eau et dot\u00e9e d'une lentille incassable pr\u00e9sente un design pratique et une construction durable, offrant un confort optimal et une grande polyvalence pour toute aventure \u00e0 l'int\u00e9rieur ou \u00e0 l'ext\u00e9rieur. Depuis plus de 120 ans, Energizer a ouvert la voie de l'\u00e9clairage portable en lan\u00e7ant la premi\u00e8re torche \u00e9tanche au monde en 1970. Energizer facilite l'\u00e9clairage de votre chemin.","og_url":"https:\/\/energizer.com\/eu\/france\/product\/energizer-headlight-30-400-lumens\/","og_site_name":"France","article_modified_time":"2024-08-24T04:56:35+00:00","twitter_card":"summary_large_image","schema":{"@context":"https:\/\/schema.org","@graph":[{"@type":"WebPage","@id":"https:\/\/energizer.com\/eu\/france\/product\/energizer-headlight-30-400-lumens\/","url":"https:\/\/energizer.com\/eu\/france\/product\/energizer-headlight-30-400-lumens\/","name":"Energizer Headlight 30 400 lumens - France","isPartOf":{"@id":"https:\/\/energizer.com\/eu\/france\/#website"},"datePublished":"2024-06-03T05:16:46+00:00","dateModified":"2024-08-24T04:56:35+00:00","breadcrumb":{"@id":"https:\/\/energizer.com\/eu\/france\/product\/energizer-headlight-30-400-lumens\/#breadcrumb"},"inLanguage":"en-US","potentialAction":[{"@type":"ReadAction","target":["https:\/\/energizer.com\/eu\/france\/product\/energizer-headlight-30-400-lumens\/"]}]},{"@type":"BreadcrumbList","@id":"https:\/\/energizer.com\/eu\/france\/product\/energizer-headlight-30-400-lumens\/#breadcrumb","itemListElement":[{"@type":"ListItem","position":1,"name":"Home","item":"https:\/\/energizer.com\/eu\/france\/"},{"@type":"ListItem","position":2,"name":"Energizer Headlight 30 400 lumens"}]},{"@type":"WebSite","@id":"https:\/\/energizer.com\/eu\/france\/#website","url":"https:\/\/energizer.com\/eu\/france\/","name":"Energizer France","description":"","publisher":{"@id":"https:\/\/energizer.com\/eu\/france\/#organization"},"potentialAction":[{"@type":"SearchAction","target":{"@type":"EntryPoint","urlTemplate":"https:\/\/energizer.com\/eu\/france\/?s={search_term_string}"},"query-input":{"@type":"PropertyValueSpecification","valueRequired":true,"valueName":"search_term_string"}}],"inLanguage":"en-US"},{"@type":"Organization","@id":"https:\/\/energizer.com\/eu\/france\/#organization","name":"Energizer France","url":"https:\/\/energizer.com\/eu\/france\/","logo":{"@type":"ImageObject","inLanguage":"en-US","@id":"https:\/\/energizer.com\/eu\/france\/#\/schema\/logo\/image\/","url":"https:\/\/energizer.com\/eu\/france\/wp-content\/uploads\/sites\/8\/2024\/04\/Energizer_brand.png","contentUrl":"https:\/\/energizer.com\/eu\/france\/wp-content\/uploads\/sites\/8\/2024\/04\/Energizer_brand.png","width":267,"height":100,"caption":"Energizer France"},"image":{"@id":"https:\/\/energizer.com\/eu\/france\/#\/schema\/logo\/image\/"}}]}},"_links":{"self":[{"href":"https:\/\/energizer.com\/eu\/france\/wp-json\/wp\/v2\/product\/7459","targetHints":{"allow":["GET"]}}],"collection":[{"href":"https:\/\/energizer.com\/eu\/france\/wp-json\/wp\/v2\/product"}],"about":[{"href":"https:\/\/energizer.com\/eu\/france\/wp-json\/wp\/v2\/types\/product"}],"replies":[{"embeddable":true,"href":"https:\/\/energizer.com\/eu\/france\/wp-json\/wp\/v2\/comments?post=7459"}],"version-history":[{"count":5,"href":"https:\/\/energizer.com\/eu\/france\/wp-json\/wp\/v2\/product\/7459\/revisions"}],"predecessor-version":[{"id":9744,"href":"https:\/\/energizer.com\/eu\/france\/wp-json\/wp\/v2\/product\/7459\/revisions\/9744"}],"wp:attachment":[{"href":"https:\/\/energizer.com\/eu\/france\/wp-json\/wp\/v2\/media?parent=7459"}],"wp:term":[{"taxonomy":"product_brand","embeddable":true,"href":"https:\/\/energizer.com\/eu\/france\/wp-json\/wp\/v2\/product_brand?post=7459"},{"taxonomy":"product_cat","embeddable":true,"href":"https:\/\/energizer.com\/eu\/france\/wp-json\/wp\/v2\/product_cat?post=7459"},{"taxonomy":"product_tag","embeddable":true,"href":"https:\/\/energizer.com\/eu\/france\/wp-json\/wp\/v2\/product_tag?post=7459"}],"curies":[{"name":"wp","href":"https:\/\/api.w.org\/{rel}","templated":true}]}}