{"id":7460,"date":"2024-06-03T05:16:46","date_gmt":"2024-06-03T05:16:46","guid":{"rendered":"https:\/\/23b13e8ab3.nxcli.io\/france\/?post_type=product&#038;p=7460"},"modified":"2024-08-24T04:57:16","modified_gmt":"2024-08-24T04:57:16","slug":"energizer-headlight-50-500-lumens","status":"publish","type":"product","link":"https:\/\/energizer.com\/eu\/france\/product\/energizer-headlight-50-500-lumens\/","title":{"rendered":"Energizer Headlight 50 500 lumens"},"content":{"rendered":"<ul>\n<li>Torche frontale LED Energizer HDL50 avec 3 piles AAA Energizer<\/li>\n<li>La lampe frontale lumineuse offre une lumi\u00e8re mains libres et une grande autonomie<\/li>\n<li>La lampe frontale id\u00e9ale pour la maison, le travail et les activit\u00e9s de plein air<\/li>\n<li>\u00c9met 500 lumens avec un faisceau de 246 pieds pendant 2 heures<\/li>\n<li>\u00c9tanch\u00e9it\u00e9 IPX7 pour une utilisation dans toutes les conditions m\u00e9t\u00e9orologiques, lentille incassable et r\u00e9sistance aux chocs jusqu&#8217;\u00e0 1,5 m\u00e8tre<\/li>\n<li>Une t\u00eate pivotante pour diriger la lumi\u00e8re, et une mise au point num\u00e9rique brevet\u00e9e pour \u00e9largir ou r\u00e9tr\u00e9cir votre champ de vision<\/li>\n<li>Faites confiance \u00e0 la marque Energizer pour une puissance et des performances fiables dans toutes les situations<\/li>\n<\/ul>\n","protected":false},"excerpt":{"rendered":"<p>Lorsque vous avez besoin d&#8217;avoir les mains libres, la torche frontale Energizer HDL50 LED offre une lumi\u00e8re brillante avec un IRC \u00e9lev\u00e9 pour une d\u00e9finition claire des couleurs. Cette lampe frontale compacte est l\u00e9g\u00e8re, \u00e9tanche \u00e0 l&#8217;eau et \u00e0 la poussi\u00e8re, ce qui lui permet de vous accompagner partout &#8211; \u00e0 l&#8217;ext\u00e9rieur sous la pluie, sur un chantier ou simplement \u00e0 la cave. Parfaite pour la maison et le travail, cette torche lumineuse diffuse 500 lumens pendant 2 heures. Le mode LED vert pr\u00e9serve votre vision nocturne, tandis que la t\u00eate pivote pour \u00e9clairer l\u00e0 o\u00f9 c&#8217;est n\u00e9cessaire. La mise au point num\u00e9rique brevet\u00e9e vous permet d&#8217;\u00e9largir ou de r\u00e9tr\u00e9cir votre champ de vision d&#8217;une simple pression sur un bouton. Une sangle r\u00e9glable, un design anti-\u00e9blouissement et une lentille incassable vous pr\u00e9parent \u00e0 ce qui vous attend. Trois piles AAA sont fournies avec cette lampe torche de t\u00eate Energizer. Faites confiance \u00e0 Energizer pour obtenir les performances puissantes que nous promettons &#8211; les lampes Energizer sont test\u00e9es et respectent les normes ANSI strictes et fiables.<\/p>\n","protected":false},"featured_media":0,"comment_status":"open","ping_status":"closed","template":"","meta":{"_acf_changed":false},"product_brand":[],"product_cat":[43],"product_tag":[],"class_list":{"0":"post-7460","1":"product","2":"type-product","3":"status-publish","5":"product_cat-hands-free","6":"pa_uses-outdoor","8":"first","9":"instock","10":"shipping-taxable","11":"product-type-simple"},"acf":[],"yoast_head":"<!-- This site is optimized with the Yoast SEO plugin v27.2 - https:\/\/yoast.com\/product\/yoast-seo-wordpress\/ -->\n<title>Energizer Headlight 50 500 lumens - France<\/title>\n<meta name=\"robots\" content=\"index, follow, max-snippet:-1, max-image-preview:large, max-video-preview:-1\" \/>\n<link rel=\"canonical\" href=\"https:\/\/energizer.com\/eu\/france\/product\/energizer-headlight-50-500-lumens\/\" \/>\n<meta property=\"og:locale\" content=\"en_US\" \/>\n<meta property=\"og:type\" content=\"article\" \/>\n<meta property=\"og:title\" content=\"Energizer Headlight 50 500 lumens - France\" \/>\n<meta property=\"og:description\" content=\"Lorsque vous avez besoin d&#039;avoir les mains libres, la torche frontale Energizer HDL50 LED offre une lumi\u00e8re brillante avec un IRC \u00e9lev\u00e9 pour une d\u00e9finition claire des couleurs. Cette lampe frontale compacte est l\u00e9g\u00e8re, \u00e9tanche \u00e0 l&#039;eau et \u00e0 la poussi\u00e8re, ce qui lui permet de vous accompagner partout - \u00e0 l&#039;ext\u00e9rieur sous la pluie, sur un chantier ou simplement \u00e0 la cave. Parfaite pour la maison et le travail, cette torche lumineuse diffuse 500 lumens pendant 2 heures. Le mode LED vert pr\u00e9serve votre vision nocturne, tandis que la t\u00eate pivote pour \u00e9clairer l\u00e0 o\u00f9 c&#039;est n\u00e9cessaire. La mise au point num\u00e9rique brevet\u00e9e vous permet d&#039;\u00e9largir ou de r\u00e9tr\u00e9cir votre champ de vision d&#039;une simple pression sur un bouton. Une sangle r\u00e9glable, un design anti-\u00e9blouissement et une lentille incassable vous pr\u00e9parent \u00e0 ce qui vous attend. Trois piles AAA sont fournies avec cette lampe torche de t\u00eate Energizer. Faites confiance \u00e0 Energizer pour obtenir les performances puissantes que nous promettons - les lampes Energizer sont test\u00e9es et respectent les normes ANSI strictes et fiables.\" \/>\n<meta property=\"og:url\" content=\"https:\/\/energizer.com\/eu\/france\/product\/energizer-headlight-50-500-lumens\/\" \/>\n<meta property=\"og:site_name\" content=\"France\" \/>\n<meta property=\"article:modified_time\" content=\"2024-08-24T04:57:16+00:00\" \/>\n<meta name=\"twitter:card\" content=\"summary_large_image\" \/>\n<script type=\"application\/ld+json\" class=\"yoast-schema-graph\">{\"@context\":\"https:\/\/schema.org\",\"@graph\":[{\"@type\":\"WebPage\",\"@id\":\"https:\/\/energizer.com\/eu\/france\/product\/energizer-headlight-50-500-lumens\/\",\"url\":\"https:\/\/energizer.com\/eu\/france\/product\/energizer-headlight-50-500-lumens\/\",\"name\":\"Energizer Headlight 50 500 lumens - France\",\"isPartOf\":{\"@id\":\"https:\/\/energizer.com\/eu\/france\/#website\"},\"datePublished\":\"2024-06-03T05:16:46+00:00\",\"dateModified\":\"2024-08-24T04:57:16+00:00\",\"breadcrumb\":{\"@id\":\"https:\/\/energizer.com\/eu\/france\/product\/energizer-headlight-50-500-lumens\/#breadcrumb\"},\"inLanguage\":\"en-US\",\"potentialAction\":[{\"@type\":\"ReadAction\",\"target\":[\"https:\/\/energizer.com\/eu\/france\/product\/energizer-headlight-50-500-lumens\/\"]}]},{\"@type\":\"BreadcrumbList\",\"@id\":\"https:\/\/energizer.com\/eu\/france\/product\/energizer-headlight-50-500-lumens\/#breadcrumb\",\"itemListElement\":[{\"@type\":\"ListItem\",\"position\":1,\"name\":\"Home\",\"item\":\"https:\/\/energizer.com\/eu\/france\/\"},{\"@type\":\"ListItem\",\"position\":2,\"name\":\"Energizer Headlight 50 500 lumens\"}]},{\"@type\":\"WebSite\",\"@id\":\"https:\/\/energizer.com\/eu\/france\/#website\",\"url\":\"https:\/\/energizer.com\/eu\/france\/\",\"name\":\"Energizer France\",\"description\":\"\",\"publisher\":{\"@id\":\"https:\/\/energizer.com\/eu\/france\/#organization\"},\"potentialAction\":[{\"@type\":\"SearchAction\",\"target\":{\"@type\":\"EntryPoint\",\"urlTemplate\":\"https:\/\/energizer.com\/eu\/france\/?s={search_term_string}\"},\"query-input\":{\"@type\":\"PropertyValueSpecification\",\"valueRequired\":true,\"valueName\":\"search_term_string\"}}],\"inLanguage\":\"en-US\"},{\"@type\":\"Organization\",\"@id\":\"https:\/\/energizer.com\/eu\/france\/#organization\",\"name\":\"Energizer France\",\"url\":\"https:\/\/energizer.com\/eu\/france\/\",\"logo\":{\"@type\":\"ImageObject\",\"inLanguage\":\"en-US\",\"@id\":\"https:\/\/energizer.com\/eu\/france\/#\/schema\/logo\/image\/\",\"url\":\"https:\/\/energizer.com\/eu\/france\/wp-content\/uploads\/sites\/8\/2024\/04\/Energizer_brand.png\",\"contentUrl\":\"https:\/\/energizer.com\/eu\/france\/wp-content\/uploads\/sites\/8\/2024\/04\/Energizer_brand.png\",\"width\":267,\"height\":100,\"caption\":\"Energizer France\"},\"image\":{\"@id\":\"https:\/\/energizer.com\/eu\/france\/#\/schema\/logo\/image\/\"}}]}<\/script>\n<!-- \/ Yoast SEO plugin. -->","yoast_head_json":{"title":"Energizer Headlight 50 500 lumens - France","robots":{"index":"index","follow":"follow","max-snippet":"max-snippet:-1","max-image-preview":"max-image-preview:large","max-video-preview":"max-video-preview:-1"},"canonical":"https:\/\/energizer.com\/eu\/france\/product\/energizer-headlight-50-500-lumens\/","og_locale":"en_US","og_type":"article","og_title":"Energizer Headlight 50 500 lumens - France","og_description":"Lorsque vous avez besoin d'avoir les mains libres, la torche frontale Energizer HDL50 LED offre une lumi\u00e8re brillante avec un IRC \u00e9lev\u00e9 pour une d\u00e9finition claire des couleurs. Cette lampe frontale compacte est l\u00e9g\u00e8re, \u00e9tanche \u00e0 l'eau et \u00e0 la poussi\u00e8re, ce qui lui permet de vous accompagner partout - \u00e0 l'ext\u00e9rieur sous la pluie, sur un chantier ou simplement \u00e0 la cave. Parfaite pour la maison et le travail, cette torche lumineuse diffuse 500 lumens pendant 2 heures. Le mode LED vert pr\u00e9serve votre vision nocturne, tandis que la t\u00eate pivote pour \u00e9clairer l\u00e0 o\u00f9 c'est n\u00e9cessaire. La mise au point num\u00e9rique brevet\u00e9e vous permet d'\u00e9largir ou de r\u00e9tr\u00e9cir votre champ de vision d'une simple pression sur un bouton. Une sangle r\u00e9glable, un design anti-\u00e9blouissement et une lentille incassable vous pr\u00e9parent \u00e0 ce qui vous attend. Trois piles AAA sont fournies avec cette lampe torche de t\u00eate Energizer. Faites confiance \u00e0 Energizer pour obtenir les performances puissantes que nous promettons - les lampes Energizer sont test\u00e9es et respectent les normes ANSI strictes et fiables.","og_url":"https:\/\/energizer.com\/eu\/france\/product\/energizer-headlight-50-500-lumens\/","og_site_name":"France","article_modified_time":"2024-08-24T04:57:16+00:00","twitter_card":"summary_large_image","schema":{"@context":"https:\/\/schema.org","@graph":[{"@type":"WebPage","@id":"https:\/\/energizer.com\/eu\/france\/product\/energizer-headlight-50-500-lumens\/","url":"https:\/\/energizer.com\/eu\/france\/product\/energizer-headlight-50-500-lumens\/","name":"Energizer Headlight 50 500 lumens - France","isPartOf":{"@id":"https:\/\/energizer.com\/eu\/france\/#website"},"datePublished":"2024-06-03T05:16:46+00:00","dateModified":"2024-08-24T04:57:16+00:00","breadcrumb":{"@id":"https:\/\/energizer.com\/eu\/france\/product\/energizer-headlight-50-500-lumens\/#breadcrumb"},"inLanguage":"en-US","potentialAction":[{"@type":"ReadAction","target":["https:\/\/energizer.com\/eu\/france\/product\/energizer-headlight-50-500-lumens\/"]}]},{"@type":"BreadcrumbList","@id":"https:\/\/energizer.com\/eu\/france\/product\/energizer-headlight-50-500-lumens\/#breadcrumb","itemListElement":[{"@type":"ListItem","position":1,"name":"Home","item":"https:\/\/energizer.com\/eu\/france\/"},{"@type":"ListItem","position":2,"name":"Energizer Headlight 50 500 lumens"}]},{"@type":"WebSite","@id":"https:\/\/energizer.com\/eu\/france\/#website","url":"https:\/\/energizer.com\/eu\/france\/","name":"Energizer France","description":"","publisher":{"@id":"https:\/\/energizer.com\/eu\/france\/#organization"},"potentialAction":[{"@type":"SearchAction","target":{"@type":"EntryPoint","urlTemplate":"https:\/\/energizer.com\/eu\/france\/?s={search_term_string}"},"query-input":{"@type":"PropertyValueSpecification","valueRequired":true,"valueName":"search_term_string"}}],"inLanguage":"en-US"},{"@type":"Organization","@id":"https:\/\/energizer.com\/eu\/france\/#organization","name":"Energizer France","url":"https:\/\/energizer.com\/eu\/france\/","logo":{"@type":"ImageObject","inLanguage":"en-US","@id":"https:\/\/energizer.com\/eu\/france\/#\/schema\/logo\/image\/","url":"https:\/\/energizer.com\/eu\/france\/wp-content\/uploads\/sites\/8\/2024\/04\/Energizer_brand.png","contentUrl":"https:\/\/energizer.com\/eu\/france\/wp-content\/uploads\/sites\/8\/2024\/04\/Energizer_brand.png","width":267,"height":100,"caption":"Energizer France"},"image":{"@id":"https:\/\/energizer.com\/eu\/france\/#\/schema\/logo\/image\/"}}]}},"_links":{"self":[{"href":"https:\/\/energizer.com\/eu\/france\/wp-json\/wp\/v2\/product\/7460","targetHints":{"allow":["GET"]}}],"collection":[{"href":"https:\/\/energizer.com\/eu\/france\/wp-json\/wp\/v2\/product"}],"about":[{"href":"https:\/\/energizer.com\/eu\/france\/wp-json\/wp\/v2\/types\/product"}],"replies":[{"embeddable":true,"href":"https:\/\/energizer.com\/eu\/france\/wp-json\/wp\/v2\/comments?post=7460"}],"version-history":[{"count":5,"href":"https:\/\/energizer.com\/eu\/france\/wp-json\/wp\/v2\/product\/7460\/revisions"}],"predecessor-version":[{"id":9742,"href":"https:\/\/energizer.com\/eu\/france\/wp-json\/wp\/v2\/product\/7460\/revisions\/9742"}],"wp:attachment":[{"href":"https:\/\/energizer.com\/eu\/france\/wp-json\/wp\/v2\/media?parent=7460"}],"wp:term":[{"taxonomy":"product_brand","embeddable":true,"href":"https:\/\/energizer.com\/eu\/france\/wp-json\/wp\/v2\/product_brand?post=7460"},{"taxonomy":"product_cat","embeddable":true,"href":"https:\/\/energizer.com\/eu\/france\/wp-json\/wp\/v2\/product_cat?post=7460"},{"taxonomy":"product_tag","embeddable":true,"href":"https:\/\/energizer.com\/eu\/france\/wp-json\/wp\/v2\/product_tag?post=7460"}],"curies":[{"name":"wp","href":"https:\/\/api.w.org\/{rel}","templated":true}]}}