{"id":7496,"date":"2024-06-03T05:16:49","date_gmt":"2024-06-03T05:16:49","guid":{"rendered":"https:\/\/23b13e8ab3.nxcli.io\/france\/?post_type=product&#038;p=7496"},"modified":"2024-08-24T04:59:06","modified_gmt":"2024-08-24T04:59:06","slug":"energizer-power-bank-storage-lantern","status":"publish","type":"product","link":"https:\/\/energizer.com\/eu\/france\/product\/energizer-power-bank-storage-lantern\/","title":{"rendered":"Energizer Power Bank &#038; Storage Lantern"},"content":{"rendered":"<ul>\n<li>Lanterne de stockage et banque d&#8217;\u00e9nergie Energizer, avec 2 ports USB pour le chargement des appareils et une lampe \u00e0 palettes amovible dans le couvercle<\/li>\n<li>Lumi\u00e8re puissante : Cette lampe cubique de 1000 lumens permet d&#8217;\u00e9clairer une zone \u00e0 360\u00b0<\/li>\n<li>3 modes d&#8217;\u00e9clairage : R\u00e9glez l&#8217;intensit\u00e9 de haut en bas, avec la possibilit\u00e9 d&#8217;appuyer et de maintenir la gradation pour un \u00e9clairage personnalis\u00e9<\/li>\n<li>Construction durable et r\u00e9sistante aux intemp\u00e9ries : La conception IPX4 r\u00e9sistante aux intemp\u00e9ries supporte des chutes allant jusqu&#8217;\u00e0 un m\u00e8tre<\/li>\n<li>limentation hybride : autonomie impressionnante de 25 heures en mode faible avec des piles lithium-ion rechargeables et de 22 heures en mode faible avec des piles 3xAA<\/li>\n<li>Lanterne multi-usages : Lampe \u00e0 haute r\u00e9sistance avec banque d&#8217;\u00e9nergie pour la recharge en ext\u00e9rieur, lampe amovible pour les d\u00e9placements et compartiment de rangement<\/li>\n<li>Aspect neutre :\u202f\u202fCette lanterne Energizer est suffisamment \u00e9l\u00e9gante pour \u00eatre utilis\u00e9e dans la maison et le jardin, ainsi qu&#8217;en camping<\/li>\n<\/ul>\n","protected":false},"excerpt":{"rendered":"<p>Illuminez votre environnement gr\u00e2ce \u00e0 ce cube de stockage d&#8217;\u00e9nergie et de lumi\u00e8re haute performance et multi-usages. La lanterne Energizer Power Bank &amp; Storage Lantern offre la flexibilit\u00e9 d&#8217;une alimentation hybride pour que vous ayez toujours de l&#8217;\u00e9nergie et de la lumi\u00e8re quand vous en avez besoin. Sa lumi\u00e8re de 1 000 lumens offre un \u00e9clairage \u00e0 360\u00b0 &#8211; de faible \u00e0 fort avec la fonction de gradation par simple pression &#8211; et une luminosit\u00e9 exceptionnelle pendant 25 heures (avec la batterie lithium-ion en mode faible). Elle est rechargeable ou fonctionne sur piles, ce qui est parfait pour partir \u00e0 l&#8217;aventure ou se pr\u00e9parer \u00e0 des situations d&#8217;urgence \u00e0 la maison.<\/p>\n","protected":false},"featured_media":0,"comment_status":"open","ping_status":"closed","template":"","meta":{"_acf_changed":false},"product_brand":[],"product_cat":[44],"product_tag":[],"class_list":{"0":"post-7496","1":"product","2":"type-product","3":"status-publish","5":"product_cat-area","6":"pa_uses-outdoor","8":"first","9":"instock","10":"shipping-taxable","11":"product-type-simple"},"acf":[],"yoast_head":"<!-- This site is optimized with the Yoast SEO plugin v27.4 - https:\/\/yoast.com\/product\/yoast-seo-wordpress\/ -->\n<title>Energizer Power Bank &amp; Storage Lantern - France<\/title>\n<meta name=\"robots\" content=\"index, follow, max-snippet:-1, max-image-preview:large, max-video-preview:-1\" \/>\n<link rel=\"canonical\" href=\"https:\/\/energizer.com\/eu\/france\/product\/energizer-power-bank-storage-lantern\/\" \/>\n<meta property=\"og:locale\" content=\"en_US\" \/>\n<meta property=\"og:type\" content=\"article\" \/>\n<meta property=\"og:title\" content=\"Energizer Power Bank &amp; Storage Lantern - France\" \/>\n<meta property=\"og:description\" content=\"Illuminez votre environnement gr\u00e2ce \u00e0 ce cube de stockage d&#039;\u00e9nergie et de lumi\u00e8re haute performance et multi-usages. La lanterne Energizer Power Bank &amp; Storage Lantern offre la flexibilit\u00e9 d&#039;une alimentation hybride pour que vous ayez toujours de l&#039;\u00e9nergie et de la lumi\u00e8re quand vous en avez besoin. Sa lumi\u00e8re de 1 000 lumens offre un \u00e9clairage \u00e0 360\u00b0 - de faible \u00e0 fort avec la fonction de gradation par simple pression - et une luminosit\u00e9 exceptionnelle pendant 25 heures (avec la batterie lithium-ion en mode faible). Elle est rechargeable ou fonctionne sur piles, ce qui est parfait pour partir \u00e0 l&#039;aventure ou se pr\u00e9parer \u00e0 des situations d&#039;urgence \u00e0 la maison.\" \/>\n<meta property=\"og:url\" content=\"https:\/\/energizer.com\/eu\/france\/product\/energizer-power-bank-storage-lantern\/\" \/>\n<meta property=\"og:site_name\" content=\"France\" \/>\n<meta property=\"article:modified_time\" content=\"2024-08-24T04:59:06+00:00\" \/>\n<meta name=\"twitter:card\" content=\"summary_large_image\" \/>\n<script type=\"application\/ld+json\" class=\"yoast-schema-graph\">{\"@context\":\"https:\\\/\\\/schema.org\",\"@graph\":[{\"@type\":\"WebPage\",\"@id\":\"https:\\\/\\\/energizer.com\\\/eu\\\/france\\\/product\\\/energizer-power-bank-storage-lantern\\\/\",\"url\":\"https:\\\/\\\/energizer.com\\\/eu\\\/france\\\/product\\\/energizer-power-bank-storage-lantern\\\/\",\"name\":\"Energizer Power Bank & Storage Lantern - France\",\"isPartOf\":{\"@id\":\"https:\\\/\\\/energizer.com\\\/eu\\\/france\\\/#website\"},\"datePublished\":\"2024-06-03T05:16:49+00:00\",\"dateModified\":\"2024-08-24T04:59:06+00:00\",\"breadcrumb\":{\"@id\":\"https:\\\/\\\/energizer.com\\\/eu\\\/france\\\/product\\\/energizer-power-bank-storage-lantern\\\/#breadcrumb\"},\"inLanguage\":\"en-US\",\"potentialAction\":[{\"@type\":\"ReadAction\",\"target\":[\"https:\\\/\\\/energizer.com\\\/eu\\\/france\\\/product\\\/energizer-power-bank-storage-lantern\\\/\"]}]},{\"@type\":\"BreadcrumbList\",\"@id\":\"https:\\\/\\\/energizer.com\\\/eu\\\/france\\\/product\\\/energizer-power-bank-storage-lantern\\\/#breadcrumb\",\"itemListElement\":[{\"@type\":\"ListItem\",\"position\":1,\"name\":\"Home\",\"item\":\"https:\\\/\\\/energizer.com\\\/eu\\\/france\\\/\"},{\"@type\":\"ListItem\",\"position\":2,\"name\":\"Energizer Power Bank &#038; Storage Lantern\"}]},{\"@type\":\"WebSite\",\"@id\":\"https:\\\/\\\/energizer.com\\\/eu\\\/france\\\/#website\",\"url\":\"https:\\\/\\\/energizer.com\\\/eu\\\/france\\\/\",\"name\":\"Energizer France\",\"description\":\"\",\"publisher\":{\"@id\":\"https:\\\/\\\/energizer.com\\\/eu\\\/france\\\/#organization\"},\"potentialAction\":[{\"@type\":\"SearchAction\",\"target\":{\"@type\":\"EntryPoint\",\"urlTemplate\":\"https:\\\/\\\/energizer.com\\\/eu\\\/france\\\/?s={search_term_string}\"},\"query-input\":{\"@type\":\"PropertyValueSpecification\",\"valueRequired\":true,\"valueName\":\"search_term_string\"}}],\"inLanguage\":\"en-US\"},{\"@type\":\"Organization\",\"@id\":\"https:\\\/\\\/energizer.com\\\/eu\\\/france\\\/#organization\",\"name\":\"Energizer France\",\"url\":\"https:\\\/\\\/energizer.com\\\/eu\\\/france\\\/\",\"logo\":{\"@type\":\"ImageObject\",\"inLanguage\":\"en-US\",\"@id\":\"https:\\\/\\\/energizer.com\\\/eu\\\/france\\\/#\\\/schema\\\/logo\\\/image\\\/\",\"url\":\"https:\\\/\\\/energizer.com\\\/eu\\\/france\\\/wp-content\\\/uploads\\\/sites\\\/8\\\/2024\\\/04\\\/Energizer_brand.png\",\"contentUrl\":\"https:\\\/\\\/energizer.com\\\/eu\\\/france\\\/wp-content\\\/uploads\\\/sites\\\/8\\\/2024\\\/04\\\/Energizer_brand.png\",\"width\":267,\"height\":100,\"caption\":\"Energizer France\"},\"image\":{\"@id\":\"https:\\\/\\\/energizer.com\\\/eu\\\/france\\\/#\\\/schema\\\/logo\\\/image\\\/\"}}]}<\/script>\n<!-- \/ Yoast SEO plugin. -->","yoast_head_json":{"title":"Energizer Power Bank & Storage Lantern - France","robots":{"index":"index","follow":"follow","max-snippet":"max-snippet:-1","max-image-preview":"max-image-preview:large","max-video-preview":"max-video-preview:-1"},"canonical":"https:\/\/energizer.com\/eu\/france\/product\/energizer-power-bank-storage-lantern\/","og_locale":"en_US","og_type":"article","og_title":"Energizer Power Bank & Storage Lantern - France","og_description":"Illuminez votre environnement gr\u00e2ce \u00e0 ce cube de stockage d'\u00e9nergie et de lumi\u00e8re haute performance et multi-usages. La lanterne Energizer Power Bank &amp; Storage Lantern offre la flexibilit\u00e9 d'une alimentation hybride pour que vous ayez toujours de l'\u00e9nergie et de la lumi\u00e8re quand vous en avez besoin. Sa lumi\u00e8re de 1 000 lumens offre un \u00e9clairage \u00e0 360\u00b0 - de faible \u00e0 fort avec la fonction de gradation par simple pression - et une luminosit\u00e9 exceptionnelle pendant 25 heures (avec la batterie lithium-ion en mode faible). Elle est rechargeable ou fonctionne sur piles, ce qui est parfait pour partir \u00e0 l'aventure ou se pr\u00e9parer \u00e0 des situations d'urgence \u00e0 la maison.","og_url":"https:\/\/energizer.com\/eu\/france\/product\/energizer-power-bank-storage-lantern\/","og_site_name":"France","article_modified_time":"2024-08-24T04:59:06+00:00","twitter_card":"summary_large_image","schema":{"@context":"https:\/\/schema.org","@graph":[{"@type":"WebPage","@id":"https:\/\/energizer.com\/eu\/france\/product\/energizer-power-bank-storage-lantern\/","url":"https:\/\/energizer.com\/eu\/france\/product\/energizer-power-bank-storage-lantern\/","name":"Energizer Power Bank & Storage Lantern - France","isPartOf":{"@id":"https:\/\/energizer.com\/eu\/france\/#website"},"datePublished":"2024-06-03T05:16:49+00:00","dateModified":"2024-08-24T04:59:06+00:00","breadcrumb":{"@id":"https:\/\/energizer.com\/eu\/france\/product\/energizer-power-bank-storage-lantern\/#breadcrumb"},"inLanguage":"en-US","potentialAction":[{"@type":"ReadAction","target":["https:\/\/energizer.com\/eu\/france\/product\/energizer-power-bank-storage-lantern\/"]}]},{"@type":"BreadcrumbList","@id":"https:\/\/energizer.com\/eu\/france\/product\/energizer-power-bank-storage-lantern\/#breadcrumb","itemListElement":[{"@type":"ListItem","position":1,"name":"Home","item":"https:\/\/energizer.com\/eu\/france\/"},{"@type":"ListItem","position":2,"name":"Energizer Power Bank &#038; Storage Lantern"}]},{"@type":"WebSite","@id":"https:\/\/energizer.com\/eu\/france\/#website","url":"https:\/\/energizer.com\/eu\/france\/","name":"Energizer France","description":"","publisher":{"@id":"https:\/\/energizer.com\/eu\/france\/#organization"},"potentialAction":[{"@type":"SearchAction","target":{"@type":"EntryPoint","urlTemplate":"https:\/\/energizer.com\/eu\/france\/?s={search_term_string}"},"query-input":{"@type":"PropertyValueSpecification","valueRequired":true,"valueName":"search_term_string"}}],"inLanguage":"en-US"},{"@type":"Organization","@id":"https:\/\/energizer.com\/eu\/france\/#organization","name":"Energizer France","url":"https:\/\/energizer.com\/eu\/france\/","logo":{"@type":"ImageObject","inLanguage":"en-US","@id":"https:\/\/energizer.com\/eu\/france\/#\/schema\/logo\/image\/","url":"https:\/\/energizer.com\/eu\/france\/wp-content\/uploads\/sites\/8\/2024\/04\/Energizer_brand.png","contentUrl":"https:\/\/energizer.com\/eu\/france\/wp-content\/uploads\/sites\/8\/2024\/04\/Energizer_brand.png","width":267,"height":100,"caption":"Energizer France"},"image":{"@id":"https:\/\/energizer.com\/eu\/france\/#\/schema\/logo\/image\/"}}]}},"_links":{"self":[{"href":"https:\/\/energizer.com\/eu\/france\/wp-json\/wp\/v2\/product\/7496","targetHints":{"allow":["GET"]}}],"collection":[{"href":"https:\/\/energizer.com\/eu\/france\/wp-json\/wp\/v2\/product"}],"about":[{"href":"https:\/\/energizer.com\/eu\/france\/wp-json\/wp\/v2\/types\/product"}],"replies":[{"embeddable":true,"href":"https:\/\/energizer.com\/eu\/france\/wp-json\/wp\/v2\/comments?post=7496"}],"version-history":[{"count":4,"href":"https:\/\/energizer.com\/eu\/france\/wp-json\/wp\/v2\/product\/7496\/revisions"}],"predecessor-version":[{"id":8267,"href":"https:\/\/energizer.com\/eu\/france\/wp-json\/wp\/v2\/product\/7496\/revisions\/8267"}],"wp:attachment":[{"href":"https:\/\/energizer.com\/eu\/france\/wp-json\/wp\/v2\/media?parent=7496"}],"wp:term":[{"taxonomy":"product_brand","embeddable":true,"href":"https:\/\/energizer.com\/eu\/france\/wp-json\/wp\/v2\/product_brand?post=7496"},{"taxonomy":"product_cat","embeddable":true,"href":"https:\/\/energizer.com\/eu\/france\/wp-json\/wp\/v2\/product_cat?post=7496"},{"taxonomy":"product_tag","embeddable":true,"href":"https:\/\/energizer.com\/eu\/france\/wp-json\/wp\/v2\/product_tag?post=7496"}],"curies":[{"name":"wp","href":"https:\/\/api.w.org\/{rel}","templated":true}]}}