{"id":7498,"date":"2024-06-03T05:16:49","date_gmt":"2024-06-03T05:16:49","guid":{"rendered":"https:\/\/23b13e8ab3.nxcli.io\/france\/?post_type=product&#038;p=7498"},"modified":"2024-08-24T04:52:26","modified_gmt":"2024-08-24T04:52:26","slug":"energizer-hybrid-solar-handheld-flashlight","status":"publish","type":"product","link":"https:\/\/energizer.com\/eu\/france\/product\/energizer-hybrid-solar-handheld-flashlight\/","title":{"rendered":"Energizer Hybrid Solar Handheld Flashlight"},"content":{"rendered":"<ul>\n<li>Lampe de poche solaire hybride Energizer avec lentille incassable<\/li>\n<li>Technologie LED : Cette lampe de poche \u00e0 LED de 500 lumens fournit une lumi\u00e8re 12 fois plus brillante que la technologie LED standard, vous permettant de voir jusqu&#8217;\u00e0 400 m\u00e8tres*<br \/>\n*en mode haute luminosit\u00e9 avec batterie lithium-ion<\/li>\n<li>Alimentation hybride : Chargez la batterie lithium-ion rechargeable par USB ou panneau solaire ou alimentez votre lampe avec des batteries primaires de secours<\/li>\n<li>3 modes d&#8217;\u00e9clairage : Choisissez entre les modes haut, moyen et bas<\/li>\n<li>Heures d&#8217;autonomie : Cette torche Energizer fiable et durable peut briller jusqu&#8217;\u00e0 13 heures en mode faible*<br \/>\n*avec batterie lithium-ion<\/li>\n<li>Conception antiroulis : Avec un corps confortable et antid\u00e9rapant et un interrupteur \u00e0 bouton-poussoir pratique, cette torche puissante est facile \u00e0 tenir et \u00e0 utiliser<\/li>\n<li>Tr\u00e8s pratique : la torche LED est dot\u00e9e d&#8217;un bouton-poussoir qui brille dans l&#8217;obscurit\u00e9, d&#8217;une boucle de suspension pour le rangement ou l&#8217;utilisation mains libres et d&#8217;une prise de charge USB pour alimenter vos appareils<\/li>\n<\/ul>\n","protected":false},"excerpt":{"rendered":"<p>Illuminez votre environnement sans effort avec cette torche haute performance et lumineuse. La lampe de poche solaire hybride Energizer fournit de la lumi\u00e8re pendant 13 heures en mode bas* &#8211; id\u00e9ale pour partir \u00e0 l&#8217;aventure ou se pr\u00e9parer \u00e0 des situations d&#8217;urgence \u00e0 la maison. Votre lampe de poche Energizer peut \u00e9clairer les espaces les plus sombres, jusqu&#8217;\u00e0 400 m\u00e8tres en mode haut*. Choisissez le mode d&#8217;\u00e9clairage id\u00e9al pour votre activit\u00e9 : \u00e9lev\u00e9, moyen ou faible. Chargez la batterie lithium-ion rechargeable par USB ou par panneau solaire, ou alimentez votre lampe avec des batteries primaires de secours pour \u00e9clairer partout o\u00f9 vous en avez besoin. Vous pouvez \u00e9galement utiliser la sortie de charge USB pour alimenter votre t\u00e9l\u00e9phone ou tout autre appareil intelligent.<\/p>\n","protected":false},"featured_media":0,"comment_status":"open","ping_status":"closed","template":"","meta":{"_acf_changed":false},"product_brand":[],"product_cat":[97],"product_tag":[],"class_list":{"0":"post-7498","1":"product","2":"type-product","3":"status-publish","5":"product_cat-handheld","6":"pa_uses-outdoor","8":"first","9":"instock","10":"shipping-taxable","11":"product-type-simple"},"acf":[],"yoast_head":"<!-- This site is optimized with the Yoast SEO plugin v27.4 - https:\/\/yoast.com\/product\/yoast-seo-wordpress\/ -->\n<title>Energizer Hybrid Solar Handheld Flashlight - France<\/title>\n<meta name=\"robots\" content=\"index, follow, max-snippet:-1, max-image-preview:large, max-video-preview:-1\" \/>\n<link rel=\"canonical\" href=\"https:\/\/energizer.com\/eu\/france\/product\/energizer-hybrid-solar-handheld-flashlight\/\" \/>\n<meta property=\"og:locale\" content=\"en_US\" \/>\n<meta property=\"og:type\" content=\"article\" \/>\n<meta property=\"og:title\" content=\"Energizer Hybrid Solar Handheld Flashlight - France\" \/>\n<meta property=\"og:description\" content=\"Illuminez votre environnement sans effort avec cette torche haute performance et lumineuse. La lampe de poche solaire hybride Energizer fournit de la lumi\u00e8re pendant 13 heures en mode bas* - id\u00e9ale pour partir \u00e0 l&#039;aventure ou se pr\u00e9parer \u00e0 des situations d&#039;urgence \u00e0 la maison. Votre lampe de poche Energizer peut \u00e9clairer les espaces les plus sombres, jusqu&#039;\u00e0 400 m\u00e8tres en mode haut*. Choisissez le mode d&#039;\u00e9clairage id\u00e9al pour votre activit\u00e9 : \u00e9lev\u00e9, moyen ou faible. Chargez la batterie lithium-ion rechargeable par USB ou par panneau solaire, ou alimentez votre lampe avec des batteries primaires de secours pour \u00e9clairer partout o\u00f9 vous en avez besoin. Vous pouvez \u00e9galement utiliser la sortie de charge USB pour alimenter votre t\u00e9l\u00e9phone ou tout autre appareil intelligent.\" \/>\n<meta property=\"og:url\" content=\"https:\/\/energizer.com\/eu\/france\/product\/energizer-hybrid-solar-handheld-flashlight\/\" \/>\n<meta property=\"og:site_name\" content=\"France\" \/>\n<meta property=\"article:modified_time\" content=\"2024-08-24T04:52:26+00:00\" \/>\n<meta name=\"twitter:card\" content=\"summary_large_image\" \/>\n<script type=\"application\/ld+json\" class=\"yoast-schema-graph\">{\"@context\":\"https:\\\/\\\/schema.org\",\"@graph\":[{\"@type\":\"WebPage\",\"@id\":\"https:\\\/\\\/energizer.com\\\/eu\\\/france\\\/product\\\/energizer-hybrid-solar-handheld-flashlight\\\/\",\"url\":\"https:\\\/\\\/energizer.com\\\/eu\\\/france\\\/product\\\/energizer-hybrid-solar-handheld-flashlight\\\/\",\"name\":\"Energizer Hybrid Solar Handheld Flashlight - France\",\"isPartOf\":{\"@id\":\"https:\\\/\\\/energizer.com\\\/eu\\\/france\\\/#website\"},\"datePublished\":\"2024-06-03T05:16:49+00:00\",\"dateModified\":\"2024-08-24T04:52:26+00:00\",\"breadcrumb\":{\"@id\":\"https:\\\/\\\/energizer.com\\\/eu\\\/france\\\/product\\\/energizer-hybrid-solar-handheld-flashlight\\\/#breadcrumb\"},\"inLanguage\":\"en-US\",\"potentialAction\":[{\"@type\":\"ReadAction\",\"target\":[\"https:\\\/\\\/energizer.com\\\/eu\\\/france\\\/product\\\/energizer-hybrid-solar-handheld-flashlight\\\/\"]}]},{\"@type\":\"BreadcrumbList\",\"@id\":\"https:\\\/\\\/energizer.com\\\/eu\\\/france\\\/product\\\/energizer-hybrid-solar-handheld-flashlight\\\/#breadcrumb\",\"itemListElement\":[{\"@type\":\"ListItem\",\"position\":1,\"name\":\"Home\",\"item\":\"https:\\\/\\\/energizer.com\\\/eu\\\/france\\\/\"},{\"@type\":\"ListItem\",\"position\":2,\"name\":\"Energizer Hybrid Solar Handheld Flashlight\"}]},{\"@type\":\"WebSite\",\"@id\":\"https:\\\/\\\/energizer.com\\\/eu\\\/france\\\/#website\",\"url\":\"https:\\\/\\\/energizer.com\\\/eu\\\/france\\\/\",\"name\":\"Energizer France\",\"description\":\"\",\"publisher\":{\"@id\":\"https:\\\/\\\/energizer.com\\\/eu\\\/france\\\/#organization\"},\"potentialAction\":[{\"@type\":\"SearchAction\",\"target\":{\"@type\":\"EntryPoint\",\"urlTemplate\":\"https:\\\/\\\/energizer.com\\\/eu\\\/france\\\/?s={search_term_string}\"},\"query-input\":{\"@type\":\"PropertyValueSpecification\",\"valueRequired\":true,\"valueName\":\"search_term_string\"}}],\"inLanguage\":\"en-US\"},{\"@type\":\"Organization\",\"@id\":\"https:\\\/\\\/energizer.com\\\/eu\\\/france\\\/#organization\",\"name\":\"Energizer France\",\"url\":\"https:\\\/\\\/energizer.com\\\/eu\\\/france\\\/\",\"logo\":{\"@type\":\"ImageObject\",\"inLanguage\":\"en-US\",\"@id\":\"https:\\\/\\\/energizer.com\\\/eu\\\/france\\\/#\\\/schema\\\/logo\\\/image\\\/\",\"url\":\"https:\\\/\\\/energizer.com\\\/eu\\\/france\\\/wp-content\\\/uploads\\\/sites\\\/8\\\/2024\\\/04\\\/Energizer_brand.png\",\"contentUrl\":\"https:\\\/\\\/energizer.com\\\/eu\\\/france\\\/wp-content\\\/uploads\\\/sites\\\/8\\\/2024\\\/04\\\/Energizer_brand.png\",\"width\":267,\"height\":100,\"caption\":\"Energizer France\"},\"image\":{\"@id\":\"https:\\\/\\\/energizer.com\\\/eu\\\/france\\\/#\\\/schema\\\/logo\\\/image\\\/\"}}]}<\/script>\n<!-- \/ Yoast SEO plugin. -->","yoast_head_json":{"title":"Energizer Hybrid Solar Handheld Flashlight - France","robots":{"index":"index","follow":"follow","max-snippet":"max-snippet:-1","max-image-preview":"max-image-preview:large","max-video-preview":"max-video-preview:-1"},"canonical":"https:\/\/energizer.com\/eu\/france\/product\/energizer-hybrid-solar-handheld-flashlight\/","og_locale":"en_US","og_type":"article","og_title":"Energizer Hybrid Solar Handheld Flashlight - France","og_description":"Illuminez votre environnement sans effort avec cette torche haute performance et lumineuse. La lampe de poche solaire hybride Energizer fournit de la lumi\u00e8re pendant 13 heures en mode bas* - id\u00e9ale pour partir \u00e0 l'aventure ou se pr\u00e9parer \u00e0 des situations d'urgence \u00e0 la maison. Votre lampe de poche Energizer peut \u00e9clairer les espaces les plus sombres, jusqu'\u00e0 400 m\u00e8tres en mode haut*. Choisissez le mode d'\u00e9clairage id\u00e9al pour votre activit\u00e9 : \u00e9lev\u00e9, moyen ou faible. Chargez la batterie lithium-ion rechargeable par USB ou par panneau solaire, ou alimentez votre lampe avec des batteries primaires de secours pour \u00e9clairer partout o\u00f9 vous en avez besoin. Vous pouvez \u00e9galement utiliser la sortie de charge USB pour alimenter votre t\u00e9l\u00e9phone ou tout autre appareil intelligent.","og_url":"https:\/\/energizer.com\/eu\/france\/product\/energizer-hybrid-solar-handheld-flashlight\/","og_site_name":"France","article_modified_time":"2024-08-24T04:52:26+00:00","twitter_card":"summary_large_image","schema":{"@context":"https:\/\/schema.org","@graph":[{"@type":"WebPage","@id":"https:\/\/energizer.com\/eu\/france\/product\/energizer-hybrid-solar-handheld-flashlight\/","url":"https:\/\/energizer.com\/eu\/france\/product\/energizer-hybrid-solar-handheld-flashlight\/","name":"Energizer Hybrid Solar Handheld Flashlight - France","isPartOf":{"@id":"https:\/\/energizer.com\/eu\/france\/#website"},"datePublished":"2024-06-03T05:16:49+00:00","dateModified":"2024-08-24T04:52:26+00:00","breadcrumb":{"@id":"https:\/\/energizer.com\/eu\/france\/product\/energizer-hybrid-solar-handheld-flashlight\/#breadcrumb"},"inLanguage":"en-US","potentialAction":[{"@type":"ReadAction","target":["https:\/\/energizer.com\/eu\/france\/product\/energizer-hybrid-solar-handheld-flashlight\/"]}]},{"@type":"BreadcrumbList","@id":"https:\/\/energizer.com\/eu\/france\/product\/energizer-hybrid-solar-handheld-flashlight\/#breadcrumb","itemListElement":[{"@type":"ListItem","position":1,"name":"Home","item":"https:\/\/energizer.com\/eu\/france\/"},{"@type":"ListItem","position":2,"name":"Energizer Hybrid Solar Handheld Flashlight"}]},{"@type":"WebSite","@id":"https:\/\/energizer.com\/eu\/france\/#website","url":"https:\/\/energizer.com\/eu\/france\/","name":"Energizer France","description":"","publisher":{"@id":"https:\/\/energizer.com\/eu\/france\/#organization"},"potentialAction":[{"@type":"SearchAction","target":{"@type":"EntryPoint","urlTemplate":"https:\/\/energizer.com\/eu\/france\/?s={search_term_string}"},"query-input":{"@type":"PropertyValueSpecification","valueRequired":true,"valueName":"search_term_string"}}],"inLanguage":"en-US"},{"@type":"Organization","@id":"https:\/\/energizer.com\/eu\/france\/#organization","name":"Energizer France","url":"https:\/\/energizer.com\/eu\/france\/","logo":{"@type":"ImageObject","inLanguage":"en-US","@id":"https:\/\/energizer.com\/eu\/france\/#\/schema\/logo\/image\/","url":"https:\/\/energizer.com\/eu\/france\/wp-content\/uploads\/sites\/8\/2024\/04\/Energizer_brand.png","contentUrl":"https:\/\/energizer.com\/eu\/france\/wp-content\/uploads\/sites\/8\/2024\/04\/Energizer_brand.png","width":267,"height":100,"caption":"Energizer France"},"image":{"@id":"https:\/\/energizer.com\/eu\/france\/#\/schema\/logo\/image\/"}}]}},"_links":{"self":[{"href":"https:\/\/energizer.com\/eu\/france\/wp-json\/wp\/v2\/product\/7498","targetHints":{"allow":["GET"]}}],"collection":[{"href":"https:\/\/energizer.com\/eu\/france\/wp-json\/wp\/v2\/product"}],"about":[{"href":"https:\/\/energizer.com\/eu\/france\/wp-json\/wp\/v2\/types\/product"}],"replies":[{"embeddable":true,"href":"https:\/\/energizer.com\/eu\/france\/wp-json\/wp\/v2\/comments?post=7498"}],"version-history":[{"count":4,"href":"https:\/\/energizer.com\/eu\/france\/wp-json\/wp\/v2\/product\/7498\/revisions"}],"predecessor-version":[{"id":9711,"href":"https:\/\/energizer.com\/eu\/france\/wp-json\/wp\/v2\/product\/7498\/revisions\/9711"}],"wp:attachment":[{"href":"https:\/\/energizer.com\/eu\/france\/wp-json\/wp\/v2\/media?parent=7498"}],"wp:term":[{"taxonomy":"product_brand","embeddable":true,"href":"https:\/\/energizer.com\/eu\/france\/wp-json\/wp\/v2\/product_brand?post=7498"},{"taxonomy":"product_cat","embeddable":true,"href":"https:\/\/energizer.com\/eu\/france\/wp-json\/wp\/v2\/product_cat?post=7498"},{"taxonomy":"product_tag","embeddable":true,"href":"https:\/\/energizer.com\/eu\/france\/wp-json\/wp\/v2\/product_tag?post=7498"}],"curies":[{"name":"wp","href":"https:\/\/api.w.org\/{rel}","templated":true}]}}