{"id":7510,"date":"2024-06-03T05:16:50","date_gmt":"2024-06-03T05:16:50","guid":{"rendered":"https:\/\/23b13e8ab3.nxcli.io\/france\/?post_type=product&#038;p=7510"},"modified":"2024-08-24T04:51:27","modified_gmt":"2024-08-24T04:51:27","slug":"energizer-hard-case-project-plus-4aa-torch","status":"publish","type":"product","link":"https:\/\/energizer.com\/eu\/france\/product\/energizer-hard-case-project-plus-4aa-torch\/","title":{"rendered":"Energizer Hard Case Project Plus 4AA Torch"},"content":{"rendered":"<ul>\n<li>Plus compact pour faciliter l&#8217;utilisation dans toutes les t\u00e2ches professionnelles<\/li>\n<li>Fabriqu\u00e9 en plastique ABS robuste<\/li>\n<li>Am\u00e9lioration de la luminosit\u00e9 et de la r\u00e9sistance aux chocs pour une meilleure durabilit\u00e9<\/li>\n<li>2 modes d&#8217;\u00e9clairage pour plus de commodit\u00e9 : Flood ou Spot+Flood et faisceau r\u00e9glable\/gradation pour un rendement personnalis\u00e9 et une dur\u00e9e de vie prolong\u00e9e<br \/>\nR\u00e9sistant aux intemp\u00e9ries<\/li>\n<li>Tr\u00e8s durable et robuste &#8211; R\u00e9siste \u00e0 une chute de 7 m\u00e8tres<\/li>\n<li>4 piles alcalines AA incluses<\/li>\n<\/ul>\n","protected":false},"excerpt":{"rendered":"<p>Pour les t\u00e2ches les plus exigeantes, ne cherchez pas plus loin que la lampe Energizer HARDCASE PROFESSIONAL PROJECTPLUS. Avec une construction de qualit\u00e9 et une technologie LED avanc\u00e9e, cette lampe est con\u00e7ue pour r\u00e9pondre aux t\u00e2ches les plus difficiles. Con\u00e7ue pour les professionnels, elle r\u00e9siste \u00e0 toutes les chutes, que ce soit d&#8217;une \u00e9chelle ou d&#8217;un immeuble de deux \u00e9tages. Dot\u00e9e d&#8217;une lumi\u00e8re brillante et uniforme et d&#8217;une distance de rayonnement \u00e9tendue, cette lampe est con\u00e7ue pour offrir une excellente combinaison de luminosit\u00e9 et d&#8217;autonomie. Le grand interrupteur \u00e0 bouton-poussoir et la poign\u00e9e ergonomique permettent une utilisation facile, m\u00eame avec des gants, tandis que les modes d&#8217;\u00e9clairage r\u00e9glables permettent \u00e0 l&#8217;utilisateur de d\u00e9cider de l&#8217;\u00e9quilibre exact entre la luminosit\u00e9 et l&#8217;autonomie.<\/p>\n","protected":false},"featured_media":0,"comment_status":"open","ping_status":"closed","template":"","meta":{"_acf_changed":false},"product_brand":[],"product_cat":[97],"product_tag":[],"class_list":{"0":"post-7510","1":"product","2":"type-product","3":"status-publish","5":"product_cat-handheld","6":"pa_uses-work","8":"first","9":"instock","10":"shipping-taxable","11":"product-type-simple"},"acf":[],"yoast_head":"<!-- This site is optimized with the Yoast SEO plugin v27.4 - https:\/\/yoast.com\/product\/yoast-seo-wordpress\/ -->\n<title>Energizer Hard Case Project Plus 4AA Torch - France<\/title>\n<meta name=\"robots\" content=\"index, follow, max-snippet:-1, max-image-preview:large, max-video-preview:-1\" \/>\n<link rel=\"canonical\" href=\"https:\/\/energizer.com\/eu\/france\/product\/energizer-hard-case-project-plus-4aa-torch\/\" \/>\n<meta property=\"og:locale\" content=\"en_US\" \/>\n<meta property=\"og:type\" content=\"article\" \/>\n<meta property=\"og:title\" content=\"Energizer Hard Case Project Plus 4AA Torch - France\" \/>\n<meta property=\"og:description\" content=\"Pour les t\u00e2ches les plus exigeantes, ne cherchez pas plus loin que la lampe Energizer HARDCASE PROFESSIONAL PROJECTPLUS. Avec une construction de qualit\u00e9 et une technologie LED avanc\u00e9e, cette lampe est con\u00e7ue pour r\u00e9pondre aux t\u00e2ches les plus difficiles. Con\u00e7ue pour les professionnels, elle r\u00e9siste \u00e0 toutes les chutes, que ce soit d&#039;une \u00e9chelle ou d&#039;un immeuble de deux \u00e9tages. Dot\u00e9e d&#039;une lumi\u00e8re brillante et uniforme et d&#039;une distance de rayonnement \u00e9tendue, cette lampe est con\u00e7ue pour offrir une excellente combinaison de luminosit\u00e9 et d&#039;autonomie. Le grand interrupteur \u00e0 bouton-poussoir et la poign\u00e9e ergonomique permettent une utilisation facile, m\u00eame avec des gants, tandis que les modes d&#039;\u00e9clairage r\u00e9glables permettent \u00e0 l&#039;utilisateur de d\u00e9cider de l&#039;\u00e9quilibre exact entre la luminosit\u00e9 et l&#039;autonomie.\" \/>\n<meta property=\"og:url\" content=\"https:\/\/energizer.com\/eu\/france\/product\/energizer-hard-case-project-plus-4aa-torch\/\" \/>\n<meta property=\"og:site_name\" content=\"France\" \/>\n<meta property=\"article:modified_time\" content=\"2024-08-24T04:51:27+00:00\" \/>\n<meta name=\"twitter:card\" content=\"summary_large_image\" \/>\n<script type=\"application\/ld+json\" class=\"yoast-schema-graph\">{\"@context\":\"https:\\\/\\\/schema.org\",\"@graph\":[{\"@type\":\"WebPage\",\"@id\":\"https:\\\/\\\/energizer.com\\\/eu\\\/france\\\/product\\\/energizer-hard-case-project-plus-4aa-torch\\\/\",\"url\":\"https:\\\/\\\/energizer.com\\\/eu\\\/france\\\/product\\\/energizer-hard-case-project-plus-4aa-torch\\\/\",\"name\":\"Energizer Hard Case Project Plus 4AA Torch - France\",\"isPartOf\":{\"@id\":\"https:\\\/\\\/energizer.com\\\/eu\\\/france\\\/#website\"},\"datePublished\":\"2024-06-03T05:16:50+00:00\",\"dateModified\":\"2024-08-24T04:51:27+00:00\",\"breadcrumb\":{\"@id\":\"https:\\\/\\\/energizer.com\\\/eu\\\/france\\\/product\\\/energizer-hard-case-project-plus-4aa-torch\\\/#breadcrumb\"},\"inLanguage\":\"en-US\",\"potentialAction\":[{\"@type\":\"ReadAction\",\"target\":[\"https:\\\/\\\/energizer.com\\\/eu\\\/france\\\/product\\\/energizer-hard-case-project-plus-4aa-torch\\\/\"]}]},{\"@type\":\"BreadcrumbList\",\"@id\":\"https:\\\/\\\/energizer.com\\\/eu\\\/france\\\/product\\\/energizer-hard-case-project-plus-4aa-torch\\\/#breadcrumb\",\"itemListElement\":[{\"@type\":\"ListItem\",\"position\":1,\"name\":\"Home\",\"item\":\"https:\\\/\\\/energizer.com\\\/eu\\\/france\\\/\"},{\"@type\":\"ListItem\",\"position\":2,\"name\":\"Energizer Hard Case Project Plus 4AA Torch\"}]},{\"@type\":\"WebSite\",\"@id\":\"https:\\\/\\\/energizer.com\\\/eu\\\/france\\\/#website\",\"url\":\"https:\\\/\\\/energizer.com\\\/eu\\\/france\\\/\",\"name\":\"Energizer France\",\"description\":\"\",\"publisher\":{\"@id\":\"https:\\\/\\\/energizer.com\\\/eu\\\/france\\\/#organization\"},\"potentialAction\":[{\"@type\":\"SearchAction\",\"target\":{\"@type\":\"EntryPoint\",\"urlTemplate\":\"https:\\\/\\\/energizer.com\\\/eu\\\/france\\\/?s={search_term_string}\"},\"query-input\":{\"@type\":\"PropertyValueSpecification\",\"valueRequired\":true,\"valueName\":\"search_term_string\"}}],\"inLanguage\":\"en-US\"},{\"@type\":\"Organization\",\"@id\":\"https:\\\/\\\/energizer.com\\\/eu\\\/france\\\/#organization\",\"name\":\"Energizer France\",\"url\":\"https:\\\/\\\/energizer.com\\\/eu\\\/france\\\/\",\"logo\":{\"@type\":\"ImageObject\",\"inLanguage\":\"en-US\",\"@id\":\"https:\\\/\\\/energizer.com\\\/eu\\\/france\\\/#\\\/schema\\\/logo\\\/image\\\/\",\"url\":\"https:\\\/\\\/energizer.com\\\/eu\\\/france\\\/wp-content\\\/uploads\\\/sites\\\/8\\\/2024\\\/04\\\/Energizer_brand.png\",\"contentUrl\":\"https:\\\/\\\/energizer.com\\\/eu\\\/france\\\/wp-content\\\/uploads\\\/sites\\\/8\\\/2024\\\/04\\\/Energizer_brand.png\",\"width\":267,\"height\":100,\"caption\":\"Energizer France\"},\"image\":{\"@id\":\"https:\\\/\\\/energizer.com\\\/eu\\\/france\\\/#\\\/schema\\\/logo\\\/image\\\/\"}}]}<\/script>\n<!-- \/ Yoast SEO plugin. -->","yoast_head_json":{"title":"Energizer Hard Case Project Plus 4AA Torch - France","robots":{"index":"index","follow":"follow","max-snippet":"max-snippet:-1","max-image-preview":"max-image-preview:large","max-video-preview":"max-video-preview:-1"},"canonical":"https:\/\/energizer.com\/eu\/france\/product\/energizer-hard-case-project-plus-4aa-torch\/","og_locale":"en_US","og_type":"article","og_title":"Energizer Hard Case Project Plus 4AA Torch - France","og_description":"Pour les t\u00e2ches les plus exigeantes, ne cherchez pas plus loin que la lampe Energizer HARDCASE PROFESSIONAL PROJECTPLUS. Avec une construction de qualit\u00e9 et une technologie LED avanc\u00e9e, cette lampe est con\u00e7ue pour r\u00e9pondre aux t\u00e2ches les plus difficiles. Con\u00e7ue pour les professionnels, elle r\u00e9siste \u00e0 toutes les chutes, que ce soit d'une \u00e9chelle ou d'un immeuble de deux \u00e9tages. Dot\u00e9e d'une lumi\u00e8re brillante et uniforme et d'une distance de rayonnement \u00e9tendue, cette lampe est con\u00e7ue pour offrir une excellente combinaison de luminosit\u00e9 et d'autonomie. Le grand interrupteur \u00e0 bouton-poussoir et la poign\u00e9e ergonomique permettent une utilisation facile, m\u00eame avec des gants, tandis que les modes d'\u00e9clairage r\u00e9glables permettent \u00e0 l'utilisateur de d\u00e9cider de l'\u00e9quilibre exact entre la luminosit\u00e9 et l'autonomie.","og_url":"https:\/\/energizer.com\/eu\/france\/product\/energizer-hard-case-project-plus-4aa-torch\/","og_site_name":"France","article_modified_time":"2024-08-24T04:51:27+00:00","twitter_card":"summary_large_image","schema":{"@context":"https:\/\/schema.org","@graph":[{"@type":"WebPage","@id":"https:\/\/energizer.com\/eu\/france\/product\/energizer-hard-case-project-plus-4aa-torch\/","url":"https:\/\/energizer.com\/eu\/france\/product\/energizer-hard-case-project-plus-4aa-torch\/","name":"Energizer Hard Case Project Plus 4AA Torch - France","isPartOf":{"@id":"https:\/\/energizer.com\/eu\/france\/#website"},"datePublished":"2024-06-03T05:16:50+00:00","dateModified":"2024-08-24T04:51:27+00:00","breadcrumb":{"@id":"https:\/\/energizer.com\/eu\/france\/product\/energizer-hard-case-project-plus-4aa-torch\/#breadcrumb"},"inLanguage":"en-US","potentialAction":[{"@type":"ReadAction","target":["https:\/\/energizer.com\/eu\/france\/product\/energizer-hard-case-project-plus-4aa-torch\/"]}]},{"@type":"BreadcrumbList","@id":"https:\/\/energizer.com\/eu\/france\/product\/energizer-hard-case-project-plus-4aa-torch\/#breadcrumb","itemListElement":[{"@type":"ListItem","position":1,"name":"Home","item":"https:\/\/energizer.com\/eu\/france\/"},{"@type":"ListItem","position":2,"name":"Energizer Hard Case Project Plus 4AA Torch"}]},{"@type":"WebSite","@id":"https:\/\/energizer.com\/eu\/france\/#website","url":"https:\/\/energizer.com\/eu\/france\/","name":"Energizer France","description":"","publisher":{"@id":"https:\/\/energizer.com\/eu\/france\/#organization"},"potentialAction":[{"@type":"SearchAction","target":{"@type":"EntryPoint","urlTemplate":"https:\/\/energizer.com\/eu\/france\/?s={search_term_string}"},"query-input":{"@type":"PropertyValueSpecification","valueRequired":true,"valueName":"search_term_string"}}],"inLanguage":"en-US"},{"@type":"Organization","@id":"https:\/\/energizer.com\/eu\/france\/#organization","name":"Energizer France","url":"https:\/\/energizer.com\/eu\/france\/","logo":{"@type":"ImageObject","inLanguage":"en-US","@id":"https:\/\/energizer.com\/eu\/france\/#\/schema\/logo\/image\/","url":"https:\/\/energizer.com\/eu\/france\/wp-content\/uploads\/sites\/8\/2024\/04\/Energizer_brand.png","contentUrl":"https:\/\/energizer.com\/eu\/france\/wp-content\/uploads\/sites\/8\/2024\/04\/Energizer_brand.png","width":267,"height":100,"caption":"Energizer France"},"image":{"@id":"https:\/\/energizer.com\/eu\/france\/#\/schema\/logo\/image\/"}}]}},"_links":{"self":[{"href":"https:\/\/energizer.com\/eu\/france\/wp-json\/wp\/v2\/product\/7510","targetHints":{"allow":["GET"]}}],"collection":[{"href":"https:\/\/energizer.com\/eu\/france\/wp-json\/wp\/v2\/product"}],"about":[{"href":"https:\/\/energizer.com\/eu\/france\/wp-json\/wp\/v2\/types\/product"}],"replies":[{"embeddable":true,"href":"https:\/\/energizer.com\/eu\/france\/wp-json\/wp\/v2\/comments?post=7510"}],"version-history":[{"count":3,"href":"https:\/\/energizer.com\/eu\/france\/wp-json\/wp\/v2\/product\/7510\/revisions"}],"predecessor-version":[{"id":8137,"href":"https:\/\/energizer.com\/eu\/france\/wp-json\/wp\/v2\/product\/7510\/revisions\/8137"}],"wp:attachment":[{"href":"https:\/\/energizer.com\/eu\/france\/wp-json\/wp\/v2\/media?parent=7510"}],"wp:term":[{"taxonomy":"product_brand","embeddable":true,"href":"https:\/\/energizer.com\/eu\/france\/wp-json\/wp\/v2\/product_brand?post=7510"},{"taxonomy":"product_cat","embeddable":true,"href":"https:\/\/energizer.com\/eu\/france\/wp-json\/wp\/v2\/product_cat?post=7510"},{"taxonomy":"product_tag","embeddable":true,"href":"https:\/\/energizer.com\/eu\/france\/wp-json\/wp\/v2\/product_tag?post=7510"}],"curies":[{"name":"wp","href":"https:\/\/api.w.org\/{rel}","templated":true}]}}