{"id":7512,"date":"2024-06-03T05:16:50","date_gmt":"2024-06-03T05:16:50","guid":{"rendered":"https:\/\/23b13e8ab3.nxcli.io\/france\/?post_type=product&#038;p=7512"},"modified":"2024-08-24T04:55:56","modified_gmt":"2024-08-24T04:55:56","slug":"energizer-head-torch-vision-hd-headlight","status":"publish","type":"product","link":"https:\/\/energizer.com\/eu\/france\/product\/energizer-head-torch-vision-hd-headlight\/","title":{"rendered":"Energizer Head Torch, Vision HD Headlight"},"content":{"rendered":"<ul>\n<li>Lampe frontale Energizer Vision HD avec 3 LED blanches, comprend 3 piles alcalines AAA<\/li>\n<li>Technologie LED : Cette puissante lampe frontale de 300 lumens a une port\u00e9e impressionnante de 55 m\u00e8tres<br \/>\nTechnologie de gradation intelligente : Ajustez l&#8217;intensit\u00e9 de 10 % \u00e0 100 % sur tous les modes, y compris High, Spot et Wide<\/li>\n<li>Construction durable : Id\u00e9ale pour une utilisation prolong\u00e9e, cette lampe frontale durable r\u00e9siste au test de chute d&#8217;un m\u00e8tre, avec une lentille incassable et un bo\u00eetier r\u00e9sistant \u00e0 l&#8217;eau IPX4<\/li>\n<li>Lampe mains libres polyvalente : La torche mains libres compacte et facile \u00e0 utiliser est id\u00e9ale pour les coupures de courant, le bricolage et bien plus encore<\/li>\n<li>Allumage rapide : \u00e9teignez votre lampe frontale d&#8217;ext\u00e9rieur facilement sans avoir \u00e0 passer par tous les modes<\/li>\n<li>Puissance fiable : faites confiance \u00e0 Energizer pour obtenir les performances puissantes que nous promettons &#8211; toutes les lampes Energizer sont test\u00e9es et respectent les normes ANSI strictes et fiables<\/li>\n<\/ul>\n","protected":false},"excerpt":{"rendered":"<p>Gardez les mains libres et profitez pleinement de chaque aventure gr\u00e2ce \u00e0 cette lampe frontale l\u00e9g\u00e8re et polyvalente. La lampe frontale Energizer Vision HD est \u00e0 la fois compacte et mains libres &#8211; id\u00e9ale pour le bricolage et les activit\u00e9s n\u00e9cessitant les deux mains.<br \/>\nElle \u00e9clairera votre chemin lors de vos escapades \u00e0 la nuit tomb\u00e9e, que vous soyez en camping, en randonn\u00e9e ou en train de courir. Cette lampe frontale \u00e0 LED de 300 lumens \u00e9clairera m\u00eame les espaces les plus sombres, jusqu&#8217;\u00e0 55 m\u00e8tres en mode haut, vous donnant une lumi\u00e8re suffisante l\u00e0 o\u00f9 vous en avez besoin.<\/p>\n","protected":false},"featured_media":0,"comment_status":"open","ping_status":"closed","template":"","meta":{"_acf_changed":false},"product_brand":[],"product_cat":[43],"product_tag":[],"class_list":{"0":"post-7512","1":"product","2":"type-product","3":"status-publish","5":"product_cat-hands-free","6":"pa_uses-work","8":"first","9":"instock","10":"shipping-taxable","11":"product-type-simple"},"acf":[],"yoast_head":"<!-- This site is optimized with the Yoast SEO plugin v27.2 - https:\/\/yoast.com\/product\/yoast-seo-wordpress\/ -->\n<title>Energizer Head Torch, Vision HD Headlight - France<\/title>\n<meta name=\"robots\" content=\"index, follow, max-snippet:-1, max-image-preview:large, max-video-preview:-1\" \/>\n<link rel=\"canonical\" href=\"https:\/\/energizer.com\/eu\/france\/product\/energizer-head-torch-vision-hd-headlight\/\" \/>\n<meta property=\"og:locale\" content=\"en_US\" \/>\n<meta property=\"og:type\" content=\"article\" \/>\n<meta property=\"og:title\" content=\"Energizer Head Torch, Vision HD Headlight - France\" \/>\n<meta property=\"og:description\" content=\"Gardez les mains libres et profitez pleinement de chaque aventure gr\u00e2ce \u00e0 cette lampe frontale l\u00e9g\u00e8re et polyvalente. La lampe frontale Energizer Vision HD est \u00e0 la fois compacte et mains libres - id\u00e9ale pour le bricolage et les activit\u00e9s n\u00e9cessitant les deux mains. Elle \u00e9clairera votre chemin lors de vos escapades \u00e0 la nuit tomb\u00e9e, que vous soyez en camping, en randonn\u00e9e ou en train de courir. Cette lampe frontale \u00e0 LED de 300 lumens \u00e9clairera m\u00eame les espaces les plus sombres, jusqu&#039;\u00e0 55 m\u00e8tres en mode haut, vous donnant une lumi\u00e8re suffisante l\u00e0 o\u00f9 vous en avez besoin.\" \/>\n<meta property=\"og:url\" content=\"https:\/\/energizer.com\/eu\/france\/product\/energizer-head-torch-vision-hd-headlight\/\" \/>\n<meta property=\"og:site_name\" content=\"France\" \/>\n<meta property=\"article:modified_time\" content=\"2024-08-24T04:55:56+00:00\" \/>\n<meta name=\"twitter:card\" content=\"summary_large_image\" \/>\n<script type=\"application\/ld+json\" class=\"yoast-schema-graph\">{\"@context\":\"https:\/\/schema.org\",\"@graph\":[{\"@type\":\"WebPage\",\"@id\":\"https:\/\/energizer.com\/eu\/france\/product\/energizer-head-torch-vision-hd-headlight\/\",\"url\":\"https:\/\/energizer.com\/eu\/france\/product\/energizer-head-torch-vision-hd-headlight\/\",\"name\":\"Energizer Head Torch, Vision HD Headlight - France\",\"isPartOf\":{\"@id\":\"https:\/\/energizer.com\/eu\/france\/#website\"},\"datePublished\":\"2024-06-03T05:16:50+00:00\",\"dateModified\":\"2024-08-24T04:55:56+00:00\",\"breadcrumb\":{\"@id\":\"https:\/\/energizer.com\/eu\/france\/product\/energizer-head-torch-vision-hd-headlight\/#breadcrumb\"},\"inLanguage\":\"en-US\",\"potentialAction\":[{\"@type\":\"ReadAction\",\"target\":[\"https:\/\/energizer.com\/eu\/france\/product\/energizer-head-torch-vision-hd-headlight\/\"]}]},{\"@type\":\"BreadcrumbList\",\"@id\":\"https:\/\/energizer.com\/eu\/france\/product\/energizer-head-torch-vision-hd-headlight\/#breadcrumb\",\"itemListElement\":[{\"@type\":\"ListItem\",\"position\":1,\"name\":\"Home\",\"item\":\"https:\/\/energizer.com\/eu\/france\/\"},{\"@type\":\"ListItem\",\"position\":2,\"name\":\"Energizer Head Torch, Vision HD Headlight\"}]},{\"@type\":\"WebSite\",\"@id\":\"https:\/\/energizer.com\/eu\/france\/#website\",\"url\":\"https:\/\/energizer.com\/eu\/france\/\",\"name\":\"Energizer France\",\"description\":\"\",\"publisher\":{\"@id\":\"https:\/\/energizer.com\/eu\/france\/#organization\"},\"potentialAction\":[{\"@type\":\"SearchAction\",\"target\":{\"@type\":\"EntryPoint\",\"urlTemplate\":\"https:\/\/energizer.com\/eu\/france\/?s={search_term_string}\"},\"query-input\":{\"@type\":\"PropertyValueSpecification\",\"valueRequired\":true,\"valueName\":\"search_term_string\"}}],\"inLanguage\":\"en-US\"},{\"@type\":\"Organization\",\"@id\":\"https:\/\/energizer.com\/eu\/france\/#organization\",\"name\":\"Energizer France\",\"url\":\"https:\/\/energizer.com\/eu\/france\/\",\"logo\":{\"@type\":\"ImageObject\",\"inLanguage\":\"en-US\",\"@id\":\"https:\/\/energizer.com\/eu\/france\/#\/schema\/logo\/image\/\",\"url\":\"https:\/\/energizer.com\/eu\/france\/wp-content\/uploads\/sites\/8\/2024\/04\/Energizer_brand.png\",\"contentUrl\":\"https:\/\/energizer.com\/eu\/france\/wp-content\/uploads\/sites\/8\/2024\/04\/Energizer_brand.png\",\"width\":267,\"height\":100,\"caption\":\"Energizer France\"},\"image\":{\"@id\":\"https:\/\/energizer.com\/eu\/france\/#\/schema\/logo\/image\/\"}}]}<\/script>\n<!-- \/ Yoast SEO plugin. -->","yoast_head_json":{"title":"Energizer Head Torch, Vision HD Headlight - France","robots":{"index":"index","follow":"follow","max-snippet":"max-snippet:-1","max-image-preview":"max-image-preview:large","max-video-preview":"max-video-preview:-1"},"canonical":"https:\/\/energizer.com\/eu\/france\/product\/energizer-head-torch-vision-hd-headlight\/","og_locale":"en_US","og_type":"article","og_title":"Energizer Head Torch, Vision HD Headlight - France","og_description":"Gardez les mains libres et profitez pleinement de chaque aventure gr\u00e2ce \u00e0 cette lampe frontale l\u00e9g\u00e8re et polyvalente. La lampe frontale Energizer Vision HD est \u00e0 la fois compacte et mains libres - id\u00e9ale pour le bricolage et les activit\u00e9s n\u00e9cessitant les deux mains. Elle \u00e9clairera votre chemin lors de vos escapades \u00e0 la nuit tomb\u00e9e, que vous soyez en camping, en randonn\u00e9e ou en train de courir. Cette lampe frontale \u00e0 LED de 300 lumens \u00e9clairera m\u00eame les espaces les plus sombres, jusqu'\u00e0 55 m\u00e8tres en mode haut, vous donnant une lumi\u00e8re suffisante l\u00e0 o\u00f9 vous en avez besoin.","og_url":"https:\/\/energizer.com\/eu\/france\/product\/energizer-head-torch-vision-hd-headlight\/","og_site_name":"France","article_modified_time":"2024-08-24T04:55:56+00:00","twitter_card":"summary_large_image","schema":{"@context":"https:\/\/schema.org","@graph":[{"@type":"WebPage","@id":"https:\/\/energizer.com\/eu\/france\/product\/energizer-head-torch-vision-hd-headlight\/","url":"https:\/\/energizer.com\/eu\/france\/product\/energizer-head-torch-vision-hd-headlight\/","name":"Energizer Head Torch, Vision HD Headlight - France","isPartOf":{"@id":"https:\/\/energizer.com\/eu\/france\/#website"},"datePublished":"2024-06-03T05:16:50+00:00","dateModified":"2024-08-24T04:55:56+00:00","breadcrumb":{"@id":"https:\/\/energizer.com\/eu\/france\/product\/energizer-head-torch-vision-hd-headlight\/#breadcrumb"},"inLanguage":"en-US","potentialAction":[{"@type":"ReadAction","target":["https:\/\/energizer.com\/eu\/france\/product\/energizer-head-torch-vision-hd-headlight\/"]}]},{"@type":"BreadcrumbList","@id":"https:\/\/energizer.com\/eu\/france\/product\/energizer-head-torch-vision-hd-headlight\/#breadcrumb","itemListElement":[{"@type":"ListItem","position":1,"name":"Home","item":"https:\/\/energizer.com\/eu\/france\/"},{"@type":"ListItem","position":2,"name":"Energizer Head Torch, Vision HD Headlight"}]},{"@type":"WebSite","@id":"https:\/\/energizer.com\/eu\/france\/#website","url":"https:\/\/energizer.com\/eu\/france\/","name":"Energizer France","description":"","publisher":{"@id":"https:\/\/energizer.com\/eu\/france\/#organization"},"potentialAction":[{"@type":"SearchAction","target":{"@type":"EntryPoint","urlTemplate":"https:\/\/energizer.com\/eu\/france\/?s={search_term_string}"},"query-input":{"@type":"PropertyValueSpecification","valueRequired":true,"valueName":"search_term_string"}}],"inLanguage":"en-US"},{"@type":"Organization","@id":"https:\/\/energizer.com\/eu\/france\/#organization","name":"Energizer France","url":"https:\/\/energizer.com\/eu\/france\/","logo":{"@type":"ImageObject","inLanguage":"en-US","@id":"https:\/\/energizer.com\/eu\/france\/#\/schema\/logo\/image\/","url":"https:\/\/energizer.com\/eu\/france\/wp-content\/uploads\/sites\/8\/2024\/04\/Energizer_brand.png","contentUrl":"https:\/\/energizer.com\/eu\/france\/wp-content\/uploads\/sites\/8\/2024\/04\/Energizer_brand.png","width":267,"height":100,"caption":"Energizer France"},"image":{"@id":"https:\/\/energizer.com\/eu\/france\/#\/schema\/logo\/image\/"}}]}},"_links":{"self":[{"href":"https:\/\/energizer.com\/eu\/france\/wp-json\/wp\/v2\/product\/7512","targetHints":{"allow":["GET"]}}],"collection":[{"href":"https:\/\/energizer.com\/eu\/france\/wp-json\/wp\/v2\/product"}],"about":[{"href":"https:\/\/energizer.com\/eu\/france\/wp-json\/wp\/v2\/types\/product"}],"replies":[{"embeddable":true,"href":"https:\/\/energizer.com\/eu\/france\/wp-json\/wp\/v2\/comments?post=7512"}],"version-history":[{"count":4,"href":"https:\/\/energizer.com\/eu\/france\/wp-json\/wp\/v2\/product\/7512\/revisions"}],"predecessor-version":[{"id":8204,"href":"https:\/\/energizer.com\/eu\/france\/wp-json\/wp\/v2\/product\/7512\/revisions\/8204"}],"wp:attachment":[{"href":"https:\/\/energizer.com\/eu\/france\/wp-json\/wp\/v2\/media?parent=7512"}],"wp:term":[{"taxonomy":"product_brand","embeddable":true,"href":"https:\/\/energizer.com\/eu\/france\/wp-json\/wp\/v2\/product_brand?post=7512"},{"taxonomy":"product_cat","embeddable":true,"href":"https:\/\/energizer.com\/eu\/france\/wp-json\/wp\/v2\/product_cat?post=7512"},{"taxonomy":"product_tag","embeddable":true,"href":"https:\/\/energizer.com\/eu\/france\/wp-json\/wp\/v2\/product_tag?post=7512"}],"curies":[{"name":"wp","href":"https:\/\/api.w.org\/{rel}","templated":true}]}}