{"id":7514,"date":"2024-06-03T05:16:50","date_gmt":"2024-06-03T05:16:50","guid":{"rendered":"https:\/\/23b13e8ab3.nxcli.io\/france\/?post_type=product&#038;p=7514"},"modified":"2024-08-24T04:56:01","modified_gmt":"2024-08-24T04:56:01","slug":"energizer-hardcase-magnet-400-headlight","status":"publish","type":"product","link":"https:\/\/energizer.com\/eu\/france\/product\/energizer-hardcase-magnet-400-headlight\/","title":{"rendered":"Energizer Hardcase MAGNET 400 Headlight"},"content":{"rendered":"<ul>\n<li>Cette lampe frontale magn\u00e9tique durable et polyvalente fonctionne avec 3 piles Energizer MAX AAA (incluses)<\/li>\n<li>Portez-la comme une lampe frontale ou d\u00e9tachez l&#8217;unit\u00e9 d&#8217;\u00e9clairage et fixez-la sur des surfaces magn\u00e9tiques<\/li>\n<li>D\u00e9livre jusqu&#8217;\u00e0 400 lumens de lumi\u00e8re, soit 5 fois plus que la technologie LED standard, avec une distance de rayonnement allant jusqu&#8217;\u00e0 60 m\u00e8tres<\/li>\n<li>La sangle antid\u00e9rapante et la bande r\u00e9glable s&#8217;adaptent aux casques standard et aux casques de s\u00e9curit\u00e9<\/li>\n<li>Le corps robuste peut r\u00e9sister \u00e0 des chutes successives jusqu&#8217;\u00e0 7 m\u00e8tres de haut<\/li>\n<li>Choix entre 2 modes d&#8217;\u00e9clairage : spot pour un \u00e9clairage cibl\u00e9, ou flood pour un \u00e9clairage large et homog\u00e8ne<\/li>\n<li>Pr\u00eate \u00e0 affronter toutes les conditions m\u00e9t\u00e9orologiques : R\u00e9sistante \u00e0 l&#8217;eau selon la norme IPX4<\/li>\n<\/ul>\n","protected":false},"excerpt":{"rendered":"<p>D\u00e9couvrez la puissance lumineuse multifonctionnelle et polyvalente de la lampe frontale magn\u00e9tique Energizer Hard Case Professional. Avec jusqu&#8217;\u00e0 400 lumens de lumi\u00e8re (5 fois plus lumineux que la technologie LED standard) et une distance de faisceau pouvant atteindre 60 m\u00e8tres, cette lampe frontale est pr\u00eate pour n&#8217;importe quel travail, que ce soit sous terre ou sous le capot d&#8217;une voiture. Portez-la pour b\u00e9n\u00e9ficier d&#8217;un \u00e9clairage mains libres ou d\u00e9tachez la lampe frontale magn\u00e9tique pour l&#8217;installer instantan\u00e9ment l\u00e0 o\u00f9 vous avez besoin de plus de lumi\u00e8re. Avec une r\u00e9sistance aux intemp\u00e9ries IPX4, cette lampe frontale durable est con\u00e7ue pour r\u00e9sister aux \u00e9l\u00e9ments. De plus, sa r\u00e9sistance aux chocs lui permet de r\u00e9sister \u00e0 des chutes de 7 m\u00e8tres, ce qui vous permet d&#8217;obtenir la lumi\u00e8re dont vous avez besoin, m\u00eame dans les conditions de travail les plus difficiles.<\/p>\n","protected":false},"featured_media":0,"comment_status":"open","ping_status":"closed","template":"","meta":{"_acf_changed":false},"product_brand":[],"product_cat":[43],"product_tag":[],"class_list":{"0":"post-7514","1":"product","2":"type-product","3":"status-publish","5":"product_cat-hands-free","6":"pa_uses-work","8":"first","9":"instock","10":"shipping-taxable","11":"product-type-simple"},"acf":[],"yoast_head":"<!-- This site is optimized with the Yoast SEO plugin v27.2 - https:\/\/yoast.com\/product\/yoast-seo-wordpress\/ -->\n<title>Energizer Hardcase MAGNET 400 Headlight - France<\/title>\n<meta name=\"robots\" content=\"index, follow, max-snippet:-1, max-image-preview:large, max-video-preview:-1\" \/>\n<link rel=\"canonical\" href=\"https:\/\/energizer.com\/eu\/france\/product\/energizer-hardcase-magnet-400-headlight\/\" \/>\n<meta property=\"og:locale\" content=\"en_US\" \/>\n<meta property=\"og:type\" content=\"article\" \/>\n<meta property=\"og:title\" content=\"Energizer Hardcase MAGNET 400 Headlight - France\" \/>\n<meta property=\"og:description\" content=\"D\u00e9couvrez la puissance lumineuse multifonctionnelle et polyvalente de la lampe frontale magn\u00e9tique Energizer Hard Case Professional. Avec jusqu&#039;\u00e0 400 lumens de lumi\u00e8re (5 fois plus lumineux que la technologie LED standard) et une distance de faisceau pouvant atteindre 60 m\u00e8tres, cette lampe frontale est pr\u00eate pour n&#039;importe quel travail, que ce soit sous terre ou sous le capot d&#039;une voiture. Portez-la pour b\u00e9n\u00e9ficier d&#039;un \u00e9clairage mains libres ou d\u00e9tachez la lampe frontale magn\u00e9tique pour l&#039;installer instantan\u00e9ment l\u00e0 o\u00f9 vous avez besoin de plus de lumi\u00e8re. Avec une r\u00e9sistance aux intemp\u00e9ries IPX4, cette lampe frontale durable est con\u00e7ue pour r\u00e9sister aux \u00e9l\u00e9ments. De plus, sa r\u00e9sistance aux chocs lui permet de r\u00e9sister \u00e0 des chutes de 7 m\u00e8tres, ce qui vous permet d&#039;obtenir la lumi\u00e8re dont vous avez besoin, m\u00eame dans les conditions de travail les plus difficiles.\" \/>\n<meta property=\"og:url\" content=\"https:\/\/energizer.com\/eu\/france\/product\/energizer-hardcase-magnet-400-headlight\/\" \/>\n<meta property=\"og:site_name\" content=\"France\" \/>\n<meta property=\"article:modified_time\" content=\"2024-08-24T04:56:01+00:00\" \/>\n<meta name=\"twitter:card\" content=\"summary_large_image\" \/>\n<script type=\"application\/ld+json\" class=\"yoast-schema-graph\">{\"@context\":\"https:\/\/schema.org\",\"@graph\":[{\"@type\":\"WebPage\",\"@id\":\"https:\/\/energizer.com\/eu\/france\/product\/energizer-hardcase-magnet-400-headlight\/\",\"url\":\"https:\/\/energizer.com\/eu\/france\/product\/energizer-hardcase-magnet-400-headlight\/\",\"name\":\"Energizer Hardcase MAGNET 400 Headlight - France\",\"isPartOf\":{\"@id\":\"https:\/\/energizer.com\/eu\/france\/#website\"},\"datePublished\":\"2024-06-03T05:16:50+00:00\",\"dateModified\":\"2024-08-24T04:56:01+00:00\",\"breadcrumb\":{\"@id\":\"https:\/\/energizer.com\/eu\/france\/product\/energizer-hardcase-magnet-400-headlight\/#breadcrumb\"},\"inLanguage\":\"en-US\",\"potentialAction\":[{\"@type\":\"ReadAction\",\"target\":[\"https:\/\/energizer.com\/eu\/france\/product\/energizer-hardcase-magnet-400-headlight\/\"]}]},{\"@type\":\"BreadcrumbList\",\"@id\":\"https:\/\/energizer.com\/eu\/france\/product\/energizer-hardcase-magnet-400-headlight\/#breadcrumb\",\"itemListElement\":[{\"@type\":\"ListItem\",\"position\":1,\"name\":\"Home\",\"item\":\"https:\/\/energizer.com\/eu\/france\/\"},{\"@type\":\"ListItem\",\"position\":2,\"name\":\"Energizer Hardcase MAGNET 400 Headlight\"}]},{\"@type\":\"WebSite\",\"@id\":\"https:\/\/energizer.com\/eu\/france\/#website\",\"url\":\"https:\/\/energizer.com\/eu\/france\/\",\"name\":\"Energizer France\",\"description\":\"\",\"publisher\":{\"@id\":\"https:\/\/energizer.com\/eu\/france\/#organization\"},\"potentialAction\":[{\"@type\":\"SearchAction\",\"target\":{\"@type\":\"EntryPoint\",\"urlTemplate\":\"https:\/\/energizer.com\/eu\/france\/?s={search_term_string}\"},\"query-input\":{\"@type\":\"PropertyValueSpecification\",\"valueRequired\":true,\"valueName\":\"search_term_string\"}}],\"inLanguage\":\"en-US\"},{\"@type\":\"Organization\",\"@id\":\"https:\/\/energizer.com\/eu\/france\/#organization\",\"name\":\"Energizer France\",\"url\":\"https:\/\/energizer.com\/eu\/france\/\",\"logo\":{\"@type\":\"ImageObject\",\"inLanguage\":\"en-US\",\"@id\":\"https:\/\/energizer.com\/eu\/france\/#\/schema\/logo\/image\/\",\"url\":\"https:\/\/energizer.com\/eu\/france\/wp-content\/uploads\/sites\/8\/2024\/04\/Energizer_brand.png\",\"contentUrl\":\"https:\/\/energizer.com\/eu\/france\/wp-content\/uploads\/sites\/8\/2024\/04\/Energizer_brand.png\",\"width\":267,\"height\":100,\"caption\":\"Energizer France\"},\"image\":{\"@id\":\"https:\/\/energizer.com\/eu\/france\/#\/schema\/logo\/image\/\"}}]}<\/script>\n<!-- \/ Yoast SEO plugin. -->","yoast_head_json":{"title":"Energizer Hardcase MAGNET 400 Headlight - France","robots":{"index":"index","follow":"follow","max-snippet":"max-snippet:-1","max-image-preview":"max-image-preview:large","max-video-preview":"max-video-preview:-1"},"canonical":"https:\/\/energizer.com\/eu\/france\/product\/energizer-hardcase-magnet-400-headlight\/","og_locale":"en_US","og_type":"article","og_title":"Energizer Hardcase MAGNET 400 Headlight - France","og_description":"D\u00e9couvrez la puissance lumineuse multifonctionnelle et polyvalente de la lampe frontale magn\u00e9tique Energizer Hard Case Professional. Avec jusqu'\u00e0 400 lumens de lumi\u00e8re (5 fois plus lumineux que la technologie LED standard) et une distance de faisceau pouvant atteindre 60 m\u00e8tres, cette lampe frontale est pr\u00eate pour n'importe quel travail, que ce soit sous terre ou sous le capot d'une voiture. Portez-la pour b\u00e9n\u00e9ficier d'un \u00e9clairage mains libres ou d\u00e9tachez la lampe frontale magn\u00e9tique pour l'installer instantan\u00e9ment l\u00e0 o\u00f9 vous avez besoin de plus de lumi\u00e8re. Avec une r\u00e9sistance aux intemp\u00e9ries IPX4, cette lampe frontale durable est con\u00e7ue pour r\u00e9sister aux \u00e9l\u00e9ments. De plus, sa r\u00e9sistance aux chocs lui permet de r\u00e9sister \u00e0 des chutes de 7 m\u00e8tres, ce qui vous permet d'obtenir la lumi\u00e8re dont vous avez besoin, m\u00eame dans les conditions de travail les plus difficiles.","og_url":"https:\/\/energizer.com\/eu\/france\/product\/energizer-hardcase-magnet-400-headlight\/","og_site_name":"France","article_modified_time":"2024-08-24T04:56:01+00:00","twitter_card":"summary_large_image","schema":{"@context":"https:\/\/schema.org","@graph":[{"@type":"WebPage","@id":"https:\/\/energizer.com\/eu\/france\/product\/energizer-hardcase-magnet-400-headlight\/","url":"https:\/\/energizer.com\/eu\/france\/product\/energizer-hardcase-magnet-400-headlight\/","name":"Energizer Hardcase MAGNET 400 Headlight - France","isPartOf":{"@id":"https:\/\/energizer.com\/eu\/france\/#website"},"datePublished":"2024-06-03T05:16:50+00:00","dateModified":"2024-08-24T04:56:01+00:00","breadcrumb":{"@id":"https:\/\/energizer.com\/eu\/france\/product\/energizer-hardcase-magnet-400-headlight\/#breadcrumb"},"inLanguage":"en-US","potentialAction":[{"@type":"ReadAction","target":["https:\/\/energizer.com\/eu\/france\/product\/energizer-hardcase-magnet-400-headlight\/"]}]},{"@type":"BreadcrumbList","@id":"https:\/\/energizer.com\/eu\/france\/product\/energizer-hardcase-magnet-400-headlight\/#breadcrumb","itemListElement":[{"@type":"ListItem","position":1,"name":"Home","item":"https:\/\/energizer.com\/eu\/france\/"},{"@type":"ListItem","position":2,"name":"Energizer Hardcase MAGNET 400 Headlight"}]},{"@type":"WebSite","@id":"https:\/\/energizer.com\/eu\/france\/#website","url":"https:\/\/energizer.com\/eu\/france\/","name":"Energizer France","description":"","publisher":{"@id":"https:\/\/energizer.com\/eu\/france\/#organization"},"potentialAction":[{"@type":"SearchAction","target":{"@type":"EntryPoint","urlTemplate":"https:\/\/energizer.com\/eu\/france\/?s={search_term_string}"},"query-input":{"@type":"PropertyValueSpecification","valueRequired":true,"valueName":"search_term_string"}}],"inLanguage":"en-US"},{"@type":"Organization","@id":"https:\/\/energizer.com\/eu\/france\/#organization","name":"Energizer France","url":"https:\/\/energizer.com\/eu\/france\/","logo":{"@type":"ImageObject","inLanguage":"en-US","@id":"https:\/\/energizer.com\/eu\/france\/#\/schema\/logo\/image\/","url":"https:\/\/energizer.com\/eu\/france\/wp-content\/uploads\/sites\/8\/2024\/04\/Energizer_brand.png","contentUrl":"https:\/\/energizer.com\/eu\/france\/wp-content\/uploads\/sites\/8\/2024\/04\/Energizer_brand.png","width":267,"height":100,"caption":"Energizer France"},"image":{"@id":"https:\/\/energizer.com\/eu\/france\/#\/schema\/logo\/image\/"}}]}},"_links":{"self":[{"href":"https:\/\/energizer.com\/eu\/france\/wp-json\/wp\/v2\/product\/7514","targetHints":{"allow":["GET"]}}],"collection":[{"href":"https:\/\/energizer.com\/eu\/france\/wp-json\/wp\/v2\/product"}],"about":[{"href":"https:\/\/energizer.com\/eu\/france\/wp-json\/wp\/v2\/types\/product"}],"replies":[{"embeddable":true,"href":"https:\/\/energizer.com\/eu\/france\/wp-json\/wp\/v2\/comments?post=7514"}],"version-history":[{"count":4,"href":"https:\/\/energizer.com\/eu\/france\/wp-json\/wp\/v2\/product\/7514\/revisions"}],"predecessor-version":[{"id":9691,"href":"https:\/\/energizer.com\/eu\/france\/wp-json\/wp\/v2\/product\/7514\/revisions\/9691"}],"wp:attachment":[{"href":"https:\/\/energizer.com\/eu\/france\/wp-json\/wp\/v2\/media?parent=7514"}],"wp:term":[{"taxonomy":"product_brand","embeddable":true,"href":"https:\/\/energizer.com\/eu\/france\/wp-json\/wp\/v2\/product_brand?post=7514"},{"taxonomy":"product_cat","embeddable":true,"href":"https:\/\/energizer.com\/eu\/france\/wp-json\/wp\/v2\/product_cat?post=7514"},{"taxonomy":"product_tag","embeddable":true,"href":"https:\/\/energizer.com\/eu\/france\/wp-json\/wp\/v2\/product_tag?post=7514"}],"curies":[{"name":"wp","href":"https:\/\/api.w.org\/{rel}","templated":true}]}}