{"id":7518,"date":"2024-06-03T05:16:50","date_gmt":"2024-06-03T05:16:50","guid":{"rendered":"https:\/\/23b13e8ab3.nxcli.io\/france\/?post_type=product&#038;p=7518"},"modified":"2024-08-24T04:56:08","modified_gmt":"2024-08-24T04:56:08","slug":"energizer-atex-3aaa-120-headlight","status":"publish","type":"product","link":"https:\/\/energizer.com\/eu\/france\/product\/energizer-atex-3aaa-120-headlight\/","title":{"rendered":"Energizer ATEX 3AAA  120  Headlight"},"content":{"rendered":"<ul>\n<li>Portatif \u00e0 s\u00e9curit\u00e9 intrins\u00e8que (ATEX)<\/li>\n<li>Plage de fonctionnement de -20\u00b0C \u00e0 40\u00b0C<\/li>\n<li>Division I, classes I, II et III<\/li>\n<li>S\u00e9curit\u00e9 intrins\u00e8que IECEx IA<\/li>\n<li>EN60529 niveau de protection IP67<\/li>\n<\/ul>\n","protected":false},"excerpt":{"rendered":"<p>Approuv\u00e9e par les agences de s\u00e9curit\u00e9 internationales, la lampe frontale LED Energizer Atex \u00e0 s\u00e9curit\u00e9 intrins\u00e8que est capable de fonctionner dans les conditions les plus difficiles. Con\u00e7ue pour les m\u00e9tiers de l&#8217;industrie, cette lampe haute performance est certifi\u00e9e IP67 et r\u00e9siste \u00e0 des chutes de plus d&#8217;un m\u00e8tre. Elle est con\u00e7ue pour r\u00e9sister aux conditions difficiles du chantier et constitue une solution d&#8217;\u00e9clairage mains libres fiable. La lampe pivote en douceur pour diriger le faisceau exactement l\u00e0 o\u00f9 il est n\u00e9cessaire. Le bandeau r\u00e9glable se fixe solidement \u00e0 l&#8217;\u00e9quipement de s\u00e9curit\u00e9. La technologie LED fournit un \u00e9clairage constant de 150 lumens pendant une dur\u00e9e de 5 heures pour vous permettre de rester actif plus longtemps.<\/p>\n","protected":false},"featured_media":0,"comment_status":"open","ping_status":"closed","template":"","meta":{"_acf_changed":false},"product_brand":[],"product_cat":[43],"product_tag":[],"class_list":{"0":"post-7518","1":"product","2":"type-product","3":"status-publish","5":"product_cat-hands-free","6":"pa_uses-work","8":"first","9":"instock","10":"shipping-taxable","11":"product-type-simple"},"acf":[],"yoast_head":"<!-- This site is optimized with the Yoast SEO plugin v27.2 - https:\/\/yoast.com\/product\/yoast-seo-wordpress\/ -->\n<title>Energizer ATEX 3AAA 120 Headlight - France<\/title>\n<meta name=\"robots\" content=\"index, follow, max-snippet:-1, max-image-preview:large, max-video-preview:-1\" \/>\n<link rel=\"canonical\" href=\"https:\/\/energizer.com\/eu\/france\/product\/energizer-atex-3aaa-120-headlight\/\" \/>\n<meta property=\"og:locale\" content=\"en_US\" \/>\n<meta property=\"og:type\" content=\"article\" \/>\n<meta property=\"og:title\" content=\"Energizer ATEX 3AAA 120 Headlight - France\" \/>\n<meta property=\"og:description\" content=\"Approuv\u00e9e par les agences de s\u00e9curit\u00e9 internationales, la lampe frontale LED Energizer Atex \u00e0 s\u00e9curit\u00e9 intrins\u00e8que est capable de fonctionner dans les conditions les plus difficiles. Con\u00e7ue pour les m\u00e9tiers de l&#039;industrie, cette lampe haute performance est certifi\u00e9e IP67 et r\u00e9siste \u00e0 des chutes de plus d&#039;un m\u00e8tre. Elle est con\u00e7ue pour r\u00e9sister aux conditions difficiles du chantier et constitue une solution d&#039;\u00e9clairage mains libres fiable. La lampe pivote en douceur pour diriger le faisceau exactement l\u00e0 o\u00f9 il est n\u00e9cessaire. Le bandeau r\u00e9glable se fixe solidement \u00e0 l&#039;\u00e9quipement de s\u00e9curit\u00e9. La technologie LED fournit un \u00e9clairage constant de 150 lumens pendant une dur\u00e9e de 5 heures pour vous permettre de rester actif plus longtemps.\" \/>\n<meta property=\"og:url\" content=\"https:\/\/energizer.com\/eu\/france\/product\/energizer-atex-3aaa-120-headlight\/\" \/>\n<meta property=\"og:site_name\" content=\"France\" \/>\n<meta property=\"article:modified_time\" content=\"2024-08-24T04:56:08+00:00\" \/>\n<meta name=\"twitter:card\" content=\"summary_large_image\" \/>\n<script type=\"application\/ld+json\" class=\"yoast-schema-graph\">{\"@context\":\"https:\/\/schema.org\",\"@graph\":[{\"@type\":\"WebPage\",\"@id\":\"https:\/\/energizer.com\/eu\/france\/product\/energizer-atex-3aaa-120-headlight\/\",\"url\":\"https:\/\/energizer.com\/eu\/france\/product\/energizer-atex-3aaa-120-headlight\/\",\"name\":\"Energizer ATEX 3AAA 120 Headlight - France\",\"isPartOf\":{\"@id\":\"https:\/\/energizer.com\/eu\/france\/#website\"},\"datePublished\":\"2024-06-03T05:16:50+00:00\",\"dateModified\":\"2024-08-24T04:56:08+00:00\",\"breadcrumb\":{\"@id\":\"https:\/\/energizer.com\/eu\/france\/product\/energizer-atex-3aaa-120-headlight\/#breadcrumb\"},\"inLanguage\":\"en-US\",\"potentialAction\":[{\"@type\":\"ReadAction\",\"target\":[\"https:\/\/energizer.com\/eu\/france\/product\/energizer-atex-3aaa-120-headlight\/\"]}]},{\"@type\":\"BreadcrumbList\",\"@id\":\"https:\/\/energizer.com\/eu\/france\/product\/energizer-atex-3aaa-120-headlight\/#breadcrumb\",\"itemListElement\":[{\"@type\":\"ListItem\",\"position\":1,\"name\":\"Home\",\"item\":\"https:\/\/energizer.com\/eu\/france\/\"},{\"@type\":\"ListItem\",\"position\":2,\"name\":\"Energizer ATEX 3AAA 120 Headlight\"}]},{\"@type\":\"WebSite\",\"@id\":\"https:\/\/energizer.com\/eu\/france\/#website\",\"url\":\"https:\/\/energizer.com\/eu\/france\/\",\"name\":\"Energizer France\",\"description\":\"\",\"publisher\":{\"@id\":\"https:\/\/energizer.com\/eu\/france\/#organization\"},\"potentialAction\":[{\"@type\":\"SearchAction\",\"target\":{\"@type\":\"EntryPoint\",\"urlTemplate\":\"https:\/\/energizer.com\/eu\/france\/?s={search_term_string}\"},\"query-input\":{\"@type\":\"PropertyValueSpecification\",\"valueRequired\":true,\"valueName\":\"search_term_string\"}}],\"inLanguage\":\"en-US\"},{\"@type\":\"Organization\",\"@id\":\"https:\/\/energizer.com\/eu\/france\/#organization\",\"name\":\"Energizer France\",\"url\":\"https:\/\/energizer.com\/eu\/france\/\",\"logo\":{\"@type\":\"ImageObject\",\"inLanguage\":\"en-US\",\"@id\":\"https:\/\/energizer.com\/eu\/france\/#\/schema\/logo\/image\/\",\"url\":\"https:\/\/energizer.com\/eu\/france\/wp-content\/uploads\/sites\/8\/2024\/04\/Energizer_brand.png\",\"contentUrl\":\"https:\/\/energizer.com\/eu\/france\/wp-content\/uploads\/sites\/8\/2024\/04\/Energizer_brand.png\",\"width\":267,\"height\":100,\"caption\":\"Energizer France\"},\"image\":{\"@id\":\"https:\/\/energizer.com\/eu\/france\/#\/schema\/logo\/image\/\"}}]}<\/script>\n<!-- \/ Yoast SEO plugin. -->","yoast_head_json":{"title":"Energizer ATEX 3AAA 120 Headlight - France","robots":{"index":"index","follow":"follow","max-snippet":"max-snippet:-1","max-image-preview":"max-image-preview:large","max-video-preview":"max-video-preview:-1"},"canonical":"https:\/\/energizer.com\/eu\/france\/product\/energizer-atex-3aaa-120-headlight\/","og_locale":"en_US","og_type":"article","og_title":"Energizer ATEX 3AAA 120 Headlight - France","og_description":"Approuv\u00e9e par les agences de s\u00e9curit\u00e9 internationales, la lampe frontale LED Energizer Atex \u00e0 s\u00e9curit\u00e9 intrins\u00e8que est capable de fonctionner dans les conditions les plus difficiles. Con\u00e7ue pour les m\u00e9tiers de l'industrie, cette lampe haute performance est certifi\u00e9e IP67 et r\u00e9siste \u00e0 des chutes de plus d'un m\u00e8tre. Elle est con\u00e7ue pour r\u00e9sister aux conditions difficiles du chantier et constitue une solution d'\u00e9clairage mains libres fiable. La lampe pivote en douceur pour diriger le faisceau exactement l\u00e0 o\u00f9 il est n\u00e9cessaire. Le bandeau r\u00e9glable se fixe solidement \u00e0 l'\u00e9quipement de s\u00e9curit\u00e9. La technologie LED fournit un \u00e9clairage constant de 150 lumens pendant une dur\u00e9e de 5 heures pour vous permettre de rester actif plus longtemps.","og_url":"https:\/\/energizer.com\/eu\/france\/product\/energizer-atex-3aaa-120-headlight\/","og_site_name":"France","article_modified_time":"2024-08-24T04:56:08+00:00","twitter_card":"summary_large_image","schema":{"@context":"https:\/\/schema.org","@graph":[{"@type":"WebPage","@id":"https:\/\/energizer.com\/eu\/france\/product\/energizer-atex-3aaa-120-headlight\/","url":"https:\/\/energizer.com\/eu\/france\/product\/energizer-atex-3aaa-120-headlight\/","name":"Energizer ATEX 3AAA 120 Headlight - France","isPartOf":{"@id":"https:\/\/energizer.com\/eu\/france\/#website"},"datePublished":"2024-06-03T05:16:50+00:00","dateModified":"2024-08-24T04:56:08+00:00","breadcrumb":{"@id":"https:\/\/energizer.com\/eu\/france\/product\/energizer-atex-3aaa-120-headlight\/#breadcrumb"},"inLanguage":"en-US","potentialAction":[{"@type":"ReadAction","target":["https:\/\/energizer.com\/eu\/france\/product\/energizer-atex-3aaa-120-headlight\/"]}]},{"@type":"BreadcrumbList","@id":"https:\/\/energizer.com\/eu\/france\/product\/energizer-atex-3aaa-120-headlight\/#breadcrumb","itemListElement":[{"@type":"ListItem","position":1,"name":"Home","item":"https:\/\/energizer.com\/eu\/france\/"},{"@type":"ListItem","position":2,"name":"Energizer ATEX 3AAA 120 Headlight"}]},{"@type":"WebSite","@id":"https:\/\/energizer.com\/eu\/france\/#website","url":"https:\/\/energizer.com\/eu\/france\/","name":"Energizer France","description":"","publisher":{"@id":"https:\/\/energizer.com\/eu\/france\/#organization"},"potentialAction":[{"@type":"SearchAction","target":{"@type":"EntryPoint","urlTemplate":"https:\/\/energizer.com\/eu\/france\/?s={search_term_string}"},"query-input":{"@type":"PropertyValueSpecification","valueRequired":true,"valueName":"search_term_string"}}],"inLanguage":"en-US"},{"@type":"Organization","@id":"https:\/\/energizer.com\/eu\/france\/#organization","name":"Energizer France","url":"https:\/\/energizer.com\/eu\/france\/","logo":{"@type":"ImageObject","inLanguage":"en-US","@id":"https:\/\/energizer.com\/eu\/france\/#\/schema\/logo\/image\/","url":"https:\/\/energizer.com\/eu\/france\/wp-content\/uploads\/sites\/8\/2024\/04\/Energizer_brand.png","contentUrl":"https:\/\/energizer.com\/eu\/france\/wp-content\/uploads\/sites\/8\/2024\/04\/Energizer_brand.png","width":267,"height":100,"caption":"Energizer France"},"image":{"@id":"https:\/\/energizer.com\/eu\/france\/#\/schema\/logo\/image\/"}}]}},"_links":{"self":[{"href":"https:\/\/energizer.com\/eu\/france\/wp-json\/wp\/v2\/product\/7518","targetHints":{"allow":["GET"]}}],"collection":[{"href":"https:\/\/energizer.com\/eu\/france\/wp-json\/wp\/v2\/product"}],"about":[{"href":"https:\/\/energizer.com\/eu\/france\/wp-json\/wp\/v2\/types\/product"}],"replies":[{"embeddable":true,"href":"https:\/\/energizer.com\/eu\/france\/wp-json\/wp\/v2\/comments?post=7518"}],"version-history":[{"count":4,"href":"https:\/\/energizer.com\/eu\/france\/wp-json\/wp\/v2\/product\/7518\/revisions"}],"predecessor-version":[{"id":8211,"href":"https:\/\/energizer.com\/eu\/france\/wp-json\/wp\/v2\/product\/7518\/revisions\/8211"}],"wp:attachment":[{"href":"https:\/\/energizer.com\/eu\/france\/wp-json\/wp\/v2\/media?parent=7518"}],"wp:term":[{"taxonomy":"product_brand","embeddable":true,"href":"https:\/\/energizer.com\/eu\/france\/wp-json\/wp\/v2\/product_brand?post=7518"},{"taxonomy":"product_cat","embeddable":true,"href":"https:\/\/energizer.com\/eu\/france\/wp-json\/wp\/v2\/product_cat?post=7518"},{"taxonomy":"product_tag","embeddable":true,"href":"https:\/\/energizer.com\/eu\/france\/wp-json\/wp\/v2\/product_tag?post=7518"}],"curies":[{"name":"wp","href":"https:\/\/api.w.org\/{rel}","templated":true}]}}